{"id":15187,"date":"2016-11-29T10:03:29","date_gmt":"2016-11-29T13:03:29","guid":{"rendered":"https:\/\/www.ip.usp.br\/site\/?page_id=15187"},"modified":"2018-08-15T16:38:11","modified_gmt":"2018-08-15T19:38:11","slug":"maria-helena-leite-hunziker","status":"publish","type":"page","link":"https:\/\/www.ip.usp.br\/site\/maria-helena-leite-hunziker\/","title":{"rendered":"Maria Helena Leite Hunziker"},"content":{"rendered":"<p>&nbsp;<\/p>\n<table style=\"border-collapse: collapse; width: 100%;\" border=\"0\">\n<tbody>\n<tr>\n<td style=\"width: 8.2306%;\"><img decoding=\"async\" class=\"alignnone wp-image-19516\" src=\"https:\/\/www.ip.usp.br\/site\/wp-content\/uploads\/Docentes\/maria_helena_hunziker.png\" alt=\"\" width=\"100\" height=\"146\" \/><\/td>\n<td style=\"width: 91.7694%; text-align: right;\">Departamento de Psicologia Experimental<br \/>\nLinhas de Pesquisa: Variabilidade Comportamental Aprendida. Drogas e Comportamento. Desamparo Aprendido.<br \/>\nControle Aversivo. Depress\u00e3o Experimental. Depress\u00e3o Animal. An\u00e1lise do Comprotamento: psicofarmacologia,<br \/>\ndrogas e comportamento. Antidepressivos. Homeopatia. Fitoterapia. Criatividade.<br \/>\nTelefone: 55 11-3091-1911\u00a0|\u00a0<a href=\"mailto:hunziker@usp.br\">tatuhelena@gmail.com<\/a>\u00a0|\u00a0<a href=\"mailto:hunziker@usp.br\">hunziker@usp.br<\/a>\u00a0| <a href=\"http:\/\/lattes.cnpq.br\/4360836633189310\"><em>Lattes<\/em><\/a><\/td>\n<\/tr>\n<\/tbody>\n<\/table>\n<p style=\"text-align: right;\">\n<hr \/>\n<p>Licenciada, Bacharel e Psic\u00f3loga pela Pontif\u00edcia Universidade Cat\u00f3lica de Campinas (1973 e 1974), Mestre, Doutora e Livre-Docente em Psicologia Experimental pela Universidade de S\u00e3o Paulo (1978, 1982 e 2003, respectivamente). P\u00f3s-Doutorado no Reed College &#8211; USA (1993-1994) e na Universidad de Sevilla &#8211; Espanha (1999). Foi docente na Cl\u00ednica do Comportamento (Campinas), na Faculdade de Psicologia da PUC-S\u00e3o Paulo e na Faculdade de Ci\u00eancias M\u00e9dicas da UNICAMP (Departamento de Farmacologia). Atualmente \u00e9 Professora Associada 3 na Universidade de S\u00e3o Paulo (Instituto de Psicologia &#8211; Departamento de Psicologia Experimental), onde exerceu cargo de Coordenadora do Programa de P\u00f3s-Gradua\u00e7\u00e3o em Psicologia &#8211; \u00e1rea de concentra\u00e7\u00e3o Psicologia Experimental (1994-1997) e de Chefe do Departamento (2004-2008). \u00c9 orientadora nos Programas de P\u00f3s-Gradua\u00e7\u00e3o em Psicologia Experimental (PSE) e em Neuroci\u00eancias e Comportamento (NeC), e Pesquisadora do CNPq. Coordena o Laborat\u00f3rio de An\u00e1lise Biocomportamental da USP onde desenvolve pesquisa b\u00e1sica utilizando prioritariamente animais como sujeitos. Suas principais linhas de investiga\u00e7\u00e3o sobre o comportamento abrangem os temas ?desamparo aprendido? e ?variabilidade operante?, inserindo-se nas grandes \u00e1reas denominadas Controle Aversivo e An\u00e1lise Biocomportamental.<\/p>\n<h3>Laborat\u00f3rio<\/h3>\n<p>Laborat\u00f3rio de An\u00e1lise Biocomportamental<br \/>\nO Laborat\u00f3rio de An\u00e1lise Biocomportamental enfoca suas pesquisas no universo das rela\u00e7\u00f5es funcionais entre organismo e ambiente, priorizando os processos operantes e respondentes. Est\u00edmulos do ambiente externo s\u00e3o manipulados isoladamente ou em conjunto com vari\u00e1veis farmacol\u00f3gicas (drogas de a\u00e7\u00e3o central) e\/ou fisiol\u00f3gicas (sexo dos sujeitos, estados hormonais, entre outros). Duas linhas de investiga\u00e7\u00e3o s\u00e3o a base das pesquisas realizadas nesse laborat\u00f3rio: na \u00e1rea do controle aversivo, estuda-se o desamparo aprendido, tratado como um modelo experimental de depress\u00e3o; com refor\u00e7amento positivo, estuda-se a aprendizagem da variabilidade comportamental, \u00e1rea relacionada ao estudo da criatividade. Ambas as linhas s\u00e3o desenvolvidas com animais (ratos) e humanos. O laborat\u00f3rio est\u00e1 totalmente informatizado, contando com seis caixas de condicionamento operante, tr\u00eas caixas de alterna\u00e7\u00e3o (&#8220;shuttlebox&#8221;) para os experimentos com animais e dez microcomputadores para controle e registro geral, com animais e humanos. Maiores informa\u00e7\u00f5es no site <a href=\"http:\/\/www.usp.br\/labc%20\" target=\"_blank\" rel=\"noopener\">www.usp.br\/labc <\/a>.<\/p>\n<h3>Publica\u00e7\u00f5es selecionadas<\/h3>\n<ul>\n<li>Hunziker, M.H.L.(2005). O desamparo aprendido revisitado: estudos com animais. Psicologia: Teoria e Pesquisa, 21, 131-139.<\/li>\n<li>Barba, L.S. &amp; Hunziker, M.H.L. (2002). Variabilidade comportamental produzida por dois esquemas de refor\u00e7amento. Acta Comportamentalia, 10, 5-22.<\/li>\n<li>Hunziker, M.H.L., Lee, V.P.Q., Ferreira, C.C., Silva, A.P. &amp; Caramori, F.C. (2002). Variabilidade Comportamental em humanos: efeitos de regras e conting\u00eancias. Psicologia: Teoria e Pesquisa, 18, 139-147.<\/li>\n<li>Hunziker, M.H.L. &amp; P\u00e9rez-Acosta, A.M. (2001). Modelos animales en\u00a0psicopatologia: Una contribuci\u00f3n o una ilusi\u00f3n?. Avances en Psicologia\u00a0Latinoamericana, 19, 37-50.<\/li>\n<li>Hunziker, M.H.L.;Saldana, R.L.; Neuringer, A. (1996). Behavioral variability in SHR and WKY rats as a function of rearing environment and reinforcement contingency. Journal of the Experimental Analysis of Behavior, 65, 129-44.<\/li>\n<\/ul>\n","protected":false},"excerpt":{"rendered":"<p>&nbsp; Departamento de Psicologia Experimental Linhas de Pesquisa: Variabilidade Comportamental Aprendida. Drogas e Comportamento. Desamparo Aprendido. Controle Aversivo. Depress\u00e3o Experimental. Depress\u00e3o Animal. An\u00e1lise do Comprotamento: psicofarmacologia, drogas e comportamento. Antidepressivos. Homeopatia. Fitoterapia. Criatividade. Telefone: 55 11-3091-1911\u00a0|\u00a0tatuhelena@gmail.com\u00a0|\u00a0hunziker@usp.br\u00a0| Lattes Licenciada, Bacharel e Psic\u00f3loga pela Pontif\u00edcia Universidade Cat\u00f3lica de Campinas (1973 e 1974), Mestre, Doutora e Livre-Docente em [&hellip;]<\/p>\n","protected":false},"author":2,"featured_media":0,"parent":0,"menu_order":0,"comment_status":"closed","ping_status":"closed","template":"","meta":{"_acf_changed":false,"footnotes":""},"categories":[395,458],"tags":[],"class_list":["post-15187","page","type-page","status-publish","hentry","category-institucional","category-servidores-docentes"],"acf":[],"jetpack_sharing_enabled":true,"_links":{"self":[{"href":"https:\/\/www.ip.usp.br\/site\/wp-json\/wp\/v2\/pages\/15187","targetHints":{"allow":["GET"]}}],"collection":[{"href":"https:\/\/www.ip.usp.br\/site\/wp-json\/wp\/v2\/pages"}],"about":[{"href":"https:\/\/www.ip.usp.br\/site\/wp-json\/wp\/v2\/types\/page"}],"author":[{"embeddable":true,"href":"https:\/\/www.ip.usp.br\/site\/wp-json\/wp\/v2\/users\/2"}],"replies":[{"embeddable":true,"href":"https:\/\/www.ip.usp.br\/site\/wp-json\/wp\/v2\/comments?post=15187"}],"version-history":[{"count":10,"href":"https:\/\/www.ip.usp.br\/site\/wp-json\/wp\/v2\/pages\/15187\/revisions"}],"predecessor-version":[{"id":20224,"href":"https:\/\/www.ip.usp.br\/site\/wp-json\/wp\/v2\/pages\/15187\/revisions\/20224"}],"wp:attachment":[{"href":"https:\/\/www.ip.usp.br\/site\/wp-json\/wp\/v2\/media?parent=15187"}],"wp:term":[{"taxonomy":"category","embeddable":true,"href":"https:\/\/www.ip.usp.br\/site\/wp-json\/wp\/v2\/categories?post=15187"},{"taxonomy":"post_tag","embeddable":true,"href":"https:\/\/www.ip.usp.br\/site\/wp-json\/wp\/v2\/tags?post=15187"}],"curies":[{"name":"wp","href":"https:\/\/api.w.org\/{rel}","templated":true}]}}