{"id":15206,"date":"2016-11-29T11:08:36","date_gmt":"2016-11-29T14:08:36","guid":{"rendered":"https:\/\/www.ip.usp.br\/site\/?page_id=15206"},"modified":"2024-02-01T15:22:41","modified_gmt":"2024-02-01T18:22:41","slug":"danilo-silva-guimaraes","status":"publish","type":"page","link":"https:\/\/www.ip.usp.br\/site\/danilo-silva-guimaraes\/","title":{"rendered":"Danilo Silva Guimar\u00e3es"},"content":{"rendered":"<table style=\"border-collapse: collapse; width: 100%;\" border=\"0\">\n<tbody>\n<tr>\n<td style=\"width: 10.4323%; vertical-align: bottom;\"><img fetchpriority=\"high\" decoding=\"async\" class=\"alignnone size-full wp-image-45287\" src=\"https:\/\/www.ip.usp.br\/site\/wp-content\/uploads\/2024\/02\/danilo-guimaraes-2024.jpg\" alt=\"\" width=\"425\" height=\"425\" srcset=\"https:\/\/www.ip.usp.br\/site\/wp-content\/uploads\/2024\/02\/danilo-guimaraes-2024.jpg 425w, https:\/\/www.ip.usp.br\/site\/wp-content\/uploads\/2024\/02\/danilo-guimaraes-2024-300x300.jpg 300w, https:\/\/www.ip.usp.br\/site\/wp-content\/uploads\/2024\/02\/danilo-guimaraes-2024-150x150.jpg 150w\" sizes=\"(max-width: 425px) 100vw, 425px\" \/><\/td>\n<td style=\"width: 0.734214%; text-align: left; vertical-align: bottom;\"><\/td>\n<td style=\"width: 90.3332%; vertical-align: bottom; text-align: right;\"><strong>Departamento de Psicologia Experimental<\/strong><br \/>\n<strong>Linhas de Pesquisa<\/strong>: Hist\u00f3ria e Filosofia da Psicologia; Problemas Te\u00f3ricos e Metodol\u00f3gicos da Pesquisa Psicol\u00f3gica;<br \/>\nConstrutivismo Semi\u00f3tico-Cultural; Psicologia Ind\u00edgena.<br \/>\n<strong>Telefone<\/strong>: 55 11-3091-1912| <a href=\"mailto:danilosg@usp.br\">danilosg@usp.br<\/a> | <em><a href=\"http:\/\/buscatextual.cnpq.br\/buscatextual\/visualizacv.do?id=K4730139T1\">Lattes<\/a><\/em>\u00a0| <a href=\"https:\/\/uspdigital.usp.br\/tycho\/CurriculoLattesMostrar?codpub=07A3EF7F20B0\">USP Digital<\/a> |\u00a0<a href=\"http:\/\/redeindigena.ip.usp.br\" target=\"_blank\" rel=\"noopener\">Site<\/a><\/td>\n<\/tr>\n<\/tbody>\n<\/table>\n<hr \/>\n<p style=\"text-align: justify;\"><span class=\"article_separator\">Danilo Silva Guimar\u00e3es \u00e9 ind\u00edgena de ancestralidade Tikmu\u2019un (Maxakali). Psic\u00f3logo, Livre-docente na \u00e1rea de Hist\u00f3ria e Filosofia da Psicologia, do departamento de Psicologia Experimental do Instituto de Psicologia da Universidade de S\u00e3o Paulo. Coordena o servi\u00e7o Rede de Aten\u00e7\u00e3o \u00e0 Pessoa Ind\u00edgena, que abriga a Casa de Culturas Ind\u00edgenas da USP. \u00c9 proponente da no\u00e7\u00e3o de Multiplica\u00e7\u00e3o Dial\u00f3gica, sobre a qual publicou o livro<em> Dialogical Multiplication: Principles for an Indigenous Psychology<\/em>, em 2019, pela editora Springer. O livro foi traduzido e publicado na l\u00edngua alem\u00e3 em 2023. Fala sobre temas relacionados \u00e0 interculturalidade, sa\u00fade e bem-viver.<br \/>\n<span style=\"color: #ffffff;\">.<\/span><\/span><\/p>\n<h3 style=\"text-align: justify;\">Disciplinas<\/h3>\n<h4>Gradua\u00e7\u00e3o<\/h4>\n<p style=\"padding-left: 40px;\">PSE1140 \u2013 <a href=\"https:\/\/uspdigital.usp.br\/jupiterweb\/obterDisciplina?nomdis=&amp;sgldis=PSE1140\" target=\"_blank\" rel=\"noopener\">Hist\u00f3ria e Filosofia da Psicologia<\/a><br \/>\nPSE1848 \u2013 <a href=\"https:\/\/uspdigital.usp.br\/jupiterweb\/obterDisciplina?nomdis=&amp;sgldis=PSE1848\" target=\"_blank\" rel=\"noopener\">A Diversidade do Conhecimento em Psicologia: Aspectos Hist\u00f3ricos e Epistemol\u00f3gicos<\/a><br \/>\nPSE3552 \u2013 <a href=\"https:\/\/uspdigital.usp.br\/jupiterweb\/obterDisciplina?nomdis=&amp;sgldis=PSE3552\" target=\"_blank\" rel=\"noopener\">A coloniza\u00e7\u00e3o da experi\u00eancia psicol\u00f3gica<\/a><br \/>\nPSE3256 \u2013 <a href=\"https:\/\/uspdigital.usp.br\/jupiterweb\/obterDisciplina?sgldis=PSE3256&amp;verdis=1\" target=\"_blank\" rel=\"noopener\">Introdu\u00e7\u00e3o \u00e0 Psicologia Ind\u00edgena<\/a><br \/>\n<span style=\"color: #ffffff;\">.<\/span><\/p>\n<h4>P\u00f3s-Gradua\u00e7\u00e3o<\/h4>\n<p style=\"padding-left: 40px;\">PSE5977 \u2013 Reflex\u00f5es Te\u00f3rico-Metodol\u00f3gicas Acerca de Problemas da Pesquisa Psicol\u00f3gica<br \/>\nPSE5974 \u2013 Introdu\u00e7\u00e3o \u00e0 Psicologia Dial\u00f3gica<br \/>\nPSE5964 \u2013 Introdu\u00e7\u00e3o \u00e0 Psicologia Ind\u00edgena<br \/>\nPSE5950 \u2013 A Constru\u00e7\u00e3o Cultural do Sentido<br \/>\nPSE5932 \u2013 Psicologia e Povos Ind\u00edgenas: Aspectos \u00c9ticos, Te\u00f3ricos e Metodol\u00f3gicos<\/p>\n<p style=\"padding-left: 40px;\"><span style=\"color: #ffffff;\">.<\/span><\/p>\n<h3>Projetos<\/h3>\n<h4>Pesquisa<\/h4>\n<p style=\"padding-left: 40px;\">Concep\u00e7\u00f5es, pr\u00e1ticas e ambientes para a sa\u00fade e o bem-viver emergentes no contexto da rede de aten\u00e7\u00e3o \u00e0 pessoa ind\u00edgena do IPUSP (processo FAPESP n. 22\/04906-3) <a href=\"https:\/\/bv.fapesp.br\/pt\/auxilios\/113642\/rede-de-atencao-a-pessoa-indigena-concepcoes-praticas-e-ambientes-para-a-saude-e-o-bem-viver\/\" target=\"_blank\" rel=\"noopener\">https:\/\/bv.fapesp.br\/pt\/auxilios\/113642\/rede-de-atencao-a-pessoa-indigena-concepcoes-praticas-e-ambientes-para-a-saude-e-o-bem-viver\/<\/a><\/p>\n<h4><span style=\"color: #ffffff;\">.<br \/>\n<\/span>Extens\u00e3o<\/h4>\n<p style=\"padding-left: 40px;\">Divulga\u00e7\u00e3o cient\u00edfica das a\u00e7\u00f5es da Rede de Aten\u00e7\u00e3o \u00e0 Pessoa Ind\u00edgena do IPUSP (Edital PUB, 2023) &#8211;\u00a0<a href=\"https:\/\/redeindigena.ip.usp.br\/\" target=\"_blank\" rel=\"noopener\">Portal da Rede Ind\u00edgena<\/a><\/p>\n<p style=\"padding-left: 40px;\"><span style=\"color: #ffffff;\">.<\/span><\/p>\n<h3>Laborat\u00f3rios<\/h3>\n<p style=\"padding-left: 40px;\"><a href=\"https:\/\/www.ip.usp.br\/site\/laboratorio-de-interacao-verbal-e-construcao-de-conhecimento-livcc\/\" target=\"_blank\" rel=\"noopener\">Laborat\u00f3rio de Intera\u00e7\u00e3o Verbal e Constru\u00e7\u00e3o de Conhecimento<\/a><\/p>\n<p style=\"padding-left: 40px;\"><span style=\"color: #ffffff;\">.<\/span><\/p>\n<p><strong>PUBLICA\u00c7\u00d5ES DE 2023<\/strong><\/p>\n<p><strong>Livros publicados\/organizados ou edi\u00e7\u00f5es<\/strong><\/p>\n<p style=\"padding-left: 40px;\">1.\u00a0\u00a0\u00a0\u00a0\u00a0 VAS, D. ; SILVA GUIMAR\u00c3ES, DANILO. Milit\u00e2ncia enquanto Convite ao Di\u00e1logo: o Caso da Milit\u00e2ncia Monodissidente. <strong>Psicologia: ci\u00eancia e profiss\u00e3o (online)<\/strong>, v. 43, p. 1-17, 2023.<\/p>\n<p style=\"padding-left: 40px;\">2.\u00a0\u00a0\u00a0\u00a0\u00a0 ALMEIDA, M. N. ; CAIXETA, C. C. ; SILVA, N. S. ; MORAIS, N. M. ; SANTOS, P. D. ; GONCALVES, L. P. ; ACHATZ, R. W. ; SILVA GUIMAR\u00c3ES, DANILO ; CHAUDHARY, N. . Challenges and Concerns in Assisting Indigenous People with Suicide Attempts. <strong>Integrative psychological and behavioral science<\/strong>, v. online, p. X, 2023.<\/p>\n<p>&nbsp;<\/p>\n<p><strong>Artigos completos publicados em peri\u00f3dicos<\/strong><\/p>\n<p style=\"padding-left: 40px;\">1.\u00a0\u00a0\u00a0\u00a0\u00a0 SILVA GUIMARAES, D.. <strong>Dialogische Multiplikation: Grunds\u00e4tze f\u00fcr eine indigene Psychologie<\/strong>. 1. ed. Cham, Su\u00ed\u00e7a: Springer, 2023. v. 1. 181p .<\/p>\n<p>&nbsp;<\/p>\n<p><strong>Cap\u00edtulos de livros publicados<\/strong><\/p>\n<p style=\"padding-left: 40px;\">1.\u00a0\u00a0\u00a0\u00a0\u00a0 NIGRO, K. F. ; SILVA GUIMAR\u00c3ES, DANILO . Creativity as Resistance for Survival: The Anticolonial Indigenous Rap Group \u2018Oz Guarani\u2019. In: Neves-Pereira, M.S., Pinheiro, M.A.. (Org.). <strong>Dialogical Approach to Creativity. Palgrave Studies in Creativity and Culture<\/strong>. `1ed.Cham, Su\u00ed\u00e7a: Palgrave Macmillan, 2023, v. 1, p. 59-79.<\/p>\n<p style=\"padding-left: 40px;\">2.\u00a0\u00a0\u00a0\u00a0\u00a0 SANTOS, P. D. ; SILVA GUIMARAES, D. . Habitar fronteiras no cuidado \u00e0 vida: uma perspectiva situada entre os terreiros afro-brasileiros e o servi\u00e7o da Rede Ind\u00edgena. In: Fabio Scorsolini-Comin; Jos\u00e9 Francisco Miguel Henriques Bairr\u00e3o. (Org.). <strong>Etnopsicologia e Sa\u00fade<\/strong>. 1ed.S\u00e3o Carlos, SP: Pedro &amp; Jo\u00e3o Editores, 2023, v. 1, p. 161-198.<\/p>\n<p style=\"padding-left: 40px;\">3.\u00a0\u00a0\u00a0\u00a0\u00a0 RESENDE, B. D. ; CASTRO, M. T. M. ; GONCALVES, L. P. ; LIRA, P. G. R. ; MORETTI, C. M. ; Silva Guimaraes, D. . Kyringu\u00e9 nhemboe nhev\u00e3nga r\u00eagua: aprendendo e ensinando a brincar com outras crian\u00e7as. In: Lucianna Ribeiro de Lima; Liliane dos Guimar\u00e3es Alvim Nunes; Silvia Maria Cintra da Silva; Marilene Proen\u00e7a Rebello de Souza. (Org.). <strong>Pr\u00e1ticas Cr\u00edticas em Psicologia Escolar e Educacional: experi\u00eancias vividas no ch\u00e3o da escola e suas complexidades<\/strong>. 1ed.S\u00e3o Paulo: Pimenta Cultural, 2023, v. 1, p. 304-333.<\/p>\n<p style=\"padding-left: 40px;\">4.\u00a0\u00a0\u00a0\u00a0\u00a0 SILVA, P. M. F. ; ACHATZ, R. W. ; Silva Guimaraes, D. . Protagonismo ind\u00edgena na promo\u00e7\u00e3o de di\u00e1logos com a universidade e a luta pelo territ\u00f3rio tradicional. In: Bernardo Parodi Svartman; Gustavo Martineli Massola,. (Org.). <strong>Comunidade, territ\u00f3rio e enraizamento: di\u00e1logos entre a Psicologia Social Comunit\u00e1ria e a Psicologia Ambiental Latino-Americanas<\/strong>. 1ed.Curitiba\/PR: CRV, 2023, v. 1, p. 67-78.<\/p>\n<p style=\"padding-left: 40px;\">5.\u00a0\u00a0\u00a0\u00a0\u00a0 SILVA GUIMARAES, D.. Indigenous Psychology. In: Zumbach J., Bernstein D., Narciss S., Marsico G.. (Org.). <strong>International Handbook of Psychology Learning and Teaching<\/strong>. 1ed.Cham, Su\u00ed\u00e7a: Springer, 2023, v. 1, p. 1-22.<\/p>\n<p>&nbsp;<\/p>\n<p>&nbsp;<\/p>\n","protected":false},"excerpt":{"rendered":"<p>Departamento de Psicologia Experimental Linhas de Pesquisa: Hist\u00f3ria e Filosofia da Psicologia; Problemas Te\u00f3ricos e Metodol\u00f3gicos da Pesquisa Psicol\u00f3gica; Construtivismo Semi\u00f3tico-Cultural; Psicologia Ind\u00edgena. Telefone: 55 11-3091-1912| danilosg@usp.br | Lattes\u00a0| USP Digital |\u00a0Site Danilo Silva Guimar\u00e3es \u00e9 ind\u00edgena de ancestralidade Tikmu\u2019un (Maxakali). Psic\u00f3logo, Livre-docente na \u00e1rea de Hist\u00f3ria e Filosofia da Psicologia, do departamento de Psicologia [&hellip;]<\/p>\n","protected":false},"author":2,"featured_media":0,"parent":0,"menu_order":0,"comment_status":"closed","ping_status":"closed","template":"","meta":{"_acf_changed":false,"footnotes":""},"categories":[395,458],"tags":[],"class_list":["post-15206","page","type-page","status-publish","hentry","category-institucional","category-servidores-docentes"],"acf":[],"jetpack_sharing_enabled":true,"_links":{"self":[{"href":"https:\/\/www.ip.usp.br\/site\/wp-json\/wp\/v2\/pages\/15206","targetHints":{"allow":["GET"]}}],"collection":[{"href":"https:\/\/www.ip.usp.br\/site\/wp-json\/wp\/v2\/pages"}],"about":[{"href":"https:\/\/www.ip.usp.br\/site\/wp-json\/wp\/v2\/types\/page"}],"author":[{"embeddable":true,"href":"https:\/\/www.ip.usp.br\/site\/wp-json\/wp\/v2\/users\/2"}],"replies":[{"embeddable":true,"href":"https:\/\/www.ip.usp.br\/site\/wp-json\/wp\/v2\/comments?post=15206"}],"version-history":[{"count":38,"href":"https:\/\/www.ip.usp.br\/site\/wp-json\/wp\/v2\/pages\/15206\/revisions"}],"predecessor-version":[{"id":45300,"href":"https:\/\/www.ip.usp.br\/site\/wp-json\/wp\/v2\/pages\/15206\/revisions\/45300"}],"wp:attachment":[{"href":"https:\/\/www.ip.usp.br\/site\/wp-json\/wp\/v2\/media?parent=15206"}],"wp:term":[{"taxonomy":"category","embeddable":true,"href":"https:\/\/www.ip.usp.br\/site\/wp-json\/wp\/v2\/categories?post=15206"},{"taxonomy":"post_tag","embeddable":true,"href":"https:\/\/www.ip.usp.br\/site\/wp-json\/wp\/v2\/tags?post=15206"}],"curies":[{"name":"wp","href":"https:\/\/api.w.org\/{rel}","templated":true}]}}