{"id":15262,"date":"2016-11-29T12:19:05","date_gmt":"2016-11-29T15:19:05","guid":{"rendered":"https:\/\/www.ip.usp.br\/site\/?page_id=15262"},"modified":"2024-08-26T17:57:30","modified_gmt":"2024-08-26T20:57:30","slug":"maria-julia-kovacs","status":"publish","type":"page","link":"https:\/\/www.ip.usp.br\/site\/maria-julia-kovacs\/","title":{"rendered":"Maria J\u00falia Kov\u00e1cs"},"content":{"rendered":"<table style=\"border-collapse: collapse;width: 100%;height: 156px\" border=\"0\">\n<tbody>\n<tr style=\"height: 156px\">\n<td style=\"width: 13.0401%;height: 156px\">\n<h5><img decoding=\"async\" class=\"alignnone wp-image-48065 size-thumbnail\" src=\"https:\/\/www.ip.usp.br\/site\/wp-content\/uploads\/2024\/08\/Maria-Julia-2-300x300-1-150x150.jpg\" alt=\"\" width=\"150\" height=\"150\" srcset=\"https:\/\/www.ip.usp.br\/site\/wp-content\/uploads\/2024\/08\/Maria-Julia-2-300x300-1-150x150.jpg 150w, https:\/\/www.ip.usp.br\/site\/wp-content\/uploads\/2024\/08\/Maria-Julia-2-300x300-1.jpg 198w\" sizes=\"(max-width: 150px) 100vw, 150px\" \/><\/h5>\n<\/td>\n<td style=\"width: 0.839631%;height: 156px\"><\/td>\n<td style=\"width: 87.1858%;text-align: left;height: 156px\">\n<h5>Departamento de Psicologia da Aprendizagem do Desenvolvimento e da Personalidade<\/h5>\n<h5>Linhas de Pesquisa: Desenvolvimento Humano e Tanatologia. Quest\u00e3o da Morte nas Institui\u00e7\u00f5es de Sa\u00fade e Educa\u00e7\u00e3o.<\/h5>\n<h5>Telefones: 55 11-3091-4355\/4185 | <a href=\"mailto:mjkoarag@usp.br\">mjkoarag@usp.br<\/a>\u00a0| <a href=\"http:\/\/lattes.cnpq.br\/3630610578226144\"><em>Lattes<\/em><\/a> | <a href=\"https:\/\/scholar.google.com.br\/scholar?q=Maria+J%C3%BAlia+Kov%C3%A1cs&amp;btnG=&amp;hl=pt-BR&amp;as_sdt=0%2C5\" target=\"_blank\" rel=\"noopener\">Google Acad\u00eamico<\/a><\/h5>\n<\/td>\n<\/tr>\n<\/tbody>\n<\/table>\n<hr \/>\n<h5 style=\"line-height: 1.6;text-align: justify\">Fez gradua\u00e7\u00e3o em Psicologia na Pontif\u00edcia Universidade Cat\u00f3lica de S\u00e3o Paulo (1975), mestrado em Psicologia Escolar e do Desenvolvimento Humano pela Universidade de S\u00e3o Paulo (1985) e doutorado em Psicologia Escolar e do Desenvolvimento Humano pela Universidade de S\u00e3o Paulo (1989). Atualmente \u00e9 professora livre docente do Instituto de Psicologia da Universidade de S\u00e3o Paulo. Os temas de estudo e pesquisa s\u00e3o: morte, luto, bio\u00e9tica, forma\u00e7\u00e3o de profissionais de sa\u00fade e educa\u00e7\u00e3o. Concluiu livre doc\u00eancia em 2002 com a tese: Educa\u00e7\u00e3o para a Morte: desafio na forma\u00e7\u00e3o de profissionais de sa\u00fade e educa\u00e7\u00e3o. Coordena o Laborat\u00f3rio de Estudos sobre a Morte do Instituto de Psicologia da USP.<\/h5>\n<h4 style=\"line-height: 1.6\"><span style=\"color: #333399\">Desenvolvimento Humano e Tanatologia<\/span><\/h4>\n<h5 style=\"text-align: justify;line-height: 1.6\">Os meus projetos de pesquisa e doc\u00eancia t\u00eam rela\u00e7\u00e3o com a \u00e1rea de tanatologia, estudo da quest\u00e3o da morte no processo de desenvolvimento do ser humano. Ministro disciplinas na gradua\u00e7\u00e3o e p\u00f3s-gradua\u00e7\u00e3o abordando temas como representa\u00e7\u00f5es e atitudes frente \u00e0 morte, conceito e viv\u00eancia de morte em crian\u00e7as, adolescentes, adultos e idosos, experi\u00eancias de perda\/morte, separa\u00e7\u00e3o e o processo de luto, comportamentos autodestrutivos e o suic\u00eddio, o paciente &#8220;terminal&#8221; e a quest\u00e3o da morte, o psic\u00f3logo e o trabalho como problema da morte na forma\u00e7\u00e3o do psic\u00f3logo, bio\u00e9tica nas quest\u00f5es da vida e da morte. Atualmente tenho desenvolvido pesquisas na \u00e1rea de psico-oncologia, cuidados \u00e0 pacientes gravemente enfermos e com profissionais de sa\u00fade que cuidam desses pacientes. Coordeno atualmente o <a href=\"https:\/\/www.ip.usp.br\/portal\/index.php?option=com_content&amp;view=article&amp;id=1280%3Alaboratorio-de-estudos-sobre-a-morte-lem&amp;catid=354%3Alaboratorio-de-estudos-sobre-a-morte&amp;Itemid=195&amp;lang=pt\">Laborat\u00f3rio de Estudos Sobre a Morte &#8211; LEM<\/a>. O Laborat\u00f3rio tem como um de seus objetivos a produ\u00e7\u00e3o de filmes did\u00e1ticos sobre o tema da morte.<\/h5>\n<h4><\/h4>\n<h4 style=\"text-align: justify;line-height: 1.6\"><span style=\"color: #333399\">Disciplinas<br \/>\n<\/span><span style=\"color: #333399\">Gradua\u00e7\u00e3o<\/span><\/h4>\n<ul style=\"line-height: 1.6\">\n<li>\n<h5 style=\"line-height: 1.6\">A\u00e7\u00f5es Comunit\u00e1rias<\/h5>\n<\/li>\n<li>\n<h5 style=\"line-height: 1.6\">Aconselhamento Psicol\u00f3gico<\/h5>\n<\/li>\n<li>\n<h5 style=\"line-height: 1.6\">Est\u00e1gio Supervisionado<\/h5>\n<\/li>\n<li>\n<h5 style=\"line-height: 1.6\">Fundamentos Fenomenol\u00f3gico-Existenciais do Aconselhamento Psicol\u00f3gico<\/h5>\n<\/li>\n<li>\n<h5 style=\"line-height: 1.6\">Pr\u00e1tica de Pesquisa em Psicologia<\/h5>\n<\/li>\n<li>\n<h5 style=\"line-height: 1.6\">Psicologia da Morte<\/h5>\n<\/li>\n<li>\n<h5 style=\"line-height: 1.6\">Trabalho de Pesquisa em Psicologia<\/h5>\n<\/li>\n<\/ul>\n<h4><\/h4>\n<h4 style=\"line-height: 1.6\"><span style=\"color: #333399\">P\u00f3s-Gradua\u00e7\u00e3o<\/span><\/h4>\n<h5 style=\"line-height: 1.6\">A quest\u00e3o da morte nas institui\u00e7\u00f5es de sa\u00fade e educa\u00e7\u00e3o<\/h5>\n<h4><\/h4>\n<h4 style=\"line-height: 1.6\"><span style=\"color: #333399\">Extens\u00e3o<\/span><\/h4>\n<h5 style=\"line-height: 1.6\">Profissionais de sa\u00fade e educa\u00e7\u00e3o: A morte na pr\u00e1tica do seu cotidiano.<\/h5>\n<h4><\/h4>\n<h4 style=\"line-height: 1.6\"><span style=\"color: #333399\">Laborat\u00f3rio<\/span><\/h4>\n<h5 style=\"line-height: 1.6\">O estudo do tema morte sempre foi importante na Psicologia, principalmente numa \u00e9poca em que h\u00e1 uma proibi\u00e7\u00e3o para falar do assunto e a nega\u00e7\u00e3o da morte est\u00e1 muito presente. Para maiores informa\u00e7\u00f5es acesse o site: <strong><a href=\"http:\/\/www.lemipusp.com.br\/\">http:\/\/www.lemipusp.com.br\/<\/a><\/strong><\/h5>\n<h4><\/h4>\n<h4 style=\"line-height: 1.6\"><span style=\"color: #333399\">Projetos<\/span><\/h4>\n<h5 style=\"line-height: 1.6\">A quest\u00e3o da morte nas institui\u00e7\u00f5es de sa\u00fade e educa\u00e7\u00e3o. Do interdito \u00e0 possibilidade de comunica\u00e7\u00e3o para profissionais de sa\u00fade e educa\u00e7\u00e3o<\/h5>\n<h4><\/h4>\n<h4 style=\"line-height: 1.6\"><span style=\"color: #333399\">Publica\u00e7\u00f5es selecionadas<\/span><\/h4>\n<h5 style=\"line-height: 1.6\">KOV\u00c1CS, M.J., org. Morte e desenvolvimento humano. S\u00e3o Paulo, Casa do Psic\u00f3logo, 1992.<br \/>\nBROMBERG, M.H.P.; KOV\u00c1CS, M.J.; CARVALHO, M.M.M.J. Vida e morte: la\u00e7os da exist\u00eancia. S\u00e3o Paulo, Casa do Psic\u00f3logo, 1996.<br \/>\nESSLINGER, I. KOV\u00c1CS, M.J. Adolesc\u00eancia: vida ou morte. S\u00e3o Paulo, Editora \u00c1tica, 1999.<br \/>\nKOV\u00c1CS, M.J. Educa\u00e7\u00e3o para a morte. temas e reflex\u00f5es. S\u00e3o Paulo, Casa do Psic\u00f3logo, 2003.<br \/>\nKOV\u00c1CS, M.J. Educa\u00e7\u00e3o para a morte. desafios na forma\u00e7\u00e3o dos profissionais de sa\u00fade e educa\u00e7\u00e3o. S\u00e3o Paulo, Casa do Psic\u00f3logo, 2003.<\/h5>\n","protected":false},"excerpt":{"rendered":"<p>Departamento de Psicologia da Aprendizagem do Desenvolvimento e da Personalidade Linhas de Pesquisa: Desenvolvimento Humano e Tanatologia. Quest\u00e3o da Morte nas Institui\u00e7\u00f5es de Sa\u00fade e Educa\u00e7\u00e3o. Telefones: 55 11-3091-4355\/4185 | mjkoarag@usp.br\u00a0| Lattes | Google Acad\u00eamico Fez gradua\u00e7\u00e3o em Psicologia na Pontif\u00edcia Universidade Cat\u00f3lica de S\u00e3o Paulo (1975), mestrado em Psicologia Escolar e do Desenvolvimento Humano [&hellip;]<\/p>\n","protected":false},"author":2,"featured_media":0,"parent":0,"menu_order":0,"comment_status":"closed","ping_status":"closed","template":"","meta":{"_acf_changed":false,"footnotes":""},"categories":[395,458],"tags":[],"class_list":["post-15262","page","type-page","status-publish","hentry","category-institucional","category-servidores-docentes"],"acf":[],"jetpack_sharing_enabled":true,"_links":{"self":[{"href":"https:\/\/www.ip.usp.br\/site\/wp-json\/wp\/v2\/pages\/15262","targetHints":{"allow":["GET"]}}],"collection":[{"href":"https:\/\/www.ip.usp.br\/site\/wp-json\/wp\/v2\/pages"}],"about":[{"href":"https:\/\/www.ip.usp.br\/site\/wp-json\/wp\/v2\/types\/page"}],"author":[{"embeddable":true,"href":"https:\/\/www.ip.usp.br\/site\/wp-json\/wp\/v2\/users\/2"}],"replies":[{"embeddable":true,"href":"https:\/\/www.ip.usp.br\/site\/wp-json\/wp\/v2\/comments?post=15262"}],"version-history":[{"count":28,"href":"https:\/\/www.ip.usp.br\/site\/wp-json\/wp\/v2\/pages\/15262\/revisions"}],"predecessor-version":[{"id":48073,"href":"https:\/\/www.ip.usp.br\/site\/wp-json\/wp\/v2\/pages\/15262\/revisions\/48073"}],"wp:attachment":[{"href":"https:\/\/www.ip.usp.br\/site\/wp-json\/wp\/v2\/media?parent=15262"}],"wp:term":[{"taxonomy":"category","embeddable":true,"href":"https:\/\/www.ip.usp.br\/site\/wp-json\/wp\/v2\/categories?post=15262"},{"taxonomy":"post_tag","embeddable":true,"href":"https:\/\/www.ip.usp.br\/site\/wp-json\/wp\/v2\/tags?post=15262"}],"curies":[{"name":"wp","href":"https:\/\/api.w.org\/{rel}","templated":true}]}}