{"id":15286,"date":"2016-11-29T12:33:10","date_gmt":"2016-11-29T15:33:10","guid":{"rendered":"https:\/\/www.ip.usp.br\/site\/?page_id=15286"},"modified":"2025-03-24T07:50:43","modified_gmt":"2025-03-24T10:50:43","slug":"paula-debert","status":"publish","type":"page","link":"https:\/\/www.ip.usp.br\/site\/paula-debert\/","title":{"rendered":"Paula Debert"},"content":{"rendered":"<table style=\"border-collapse: collapse;width: 100%\" border=\"0\">\n<tbody>\n<tr>\n<td style=\"width: 12.0047%\"><img decoding=\"async\" class=\"alignleft size-full wp-image-21164\" src=\"https:\/\/www.ip.usp.br\/site\/wp-content\/uploads\/2018\/08\/paula-debert-e1535548123367.jpg\" alt=\"\" width=\"100\" height=\"130\" \/><\/td>\n<td style=\"width: 87.9953%;text-align: left\">Departamento de Psicologia Experimental<br \/>\nLinhas de Pesquisa:\u00a0An\u00e1lise Experimental de Comportamentos Complexos<br \/>\nTelefone: 55 11-3091-4175\/4215 |\u00a0<a href=\"mailto:pdebert@usp.br\">pdebert@usp.br<\/a> |\u00a0<em><a href=\"http:\/\/lattes.cnpq.br\/0016773086984120\">Lattes<\/a><\/em><\/td>\n<\/tr>\n<\/tbody>\n<\/table>\n<hr \/>\n<div><\/div>\n<div class=\"m_1217172182407620921m_-4238368199637046388MsoListParagraphCxSpFirst\">Professora do Departamento de Psicologia Experimental do Instituto de Psicologia da Universidade de S\u00e3o Paulo. Tem experi\u00eancia na \u00e1rea de Psicologia com \u00eanfase em An\u00e1lise Experimental do Comportamento. Desenvolve pesquisa sobre comportamentos complexos, linguagem e cogni\u00e7\u00e3o.\u00a0Coordenadora do Laborat\u00f3rio de An\u00e1lise de Comportamentos Complexos Humanos (LAECC). <u><\/u><u><\/u>Pesquisadora do Instituto Nacional de Ci\u00eancia e Tecnologia sobre Comportamento, Cogni\u00e7\u00e3o e Ensino.<\/div>\n<h3>Disciplinas<\/h3>\n<h4>Gradua\u00e7\u00e3o<\/h4>\n<p>An\u00e1lise Experimental do Comportamento I<br \/>\nAn\u00e1lise Experimental do Comportamento II<br \/>\nAn\u00e1lise Experimental do Comportamento III<br \/>\nTreino em Pesquisa I, II, III<\/p>\n<h4>P\u00f3s-Gradua\u00e7\u00e3o<\/h4>\n<p>Controle de Est\u00edmulos<br \/>\nComportamento e Aprendizagem<br \/>\nMetodologia de Pesquisa em An\u00e1lise Experimental do Comportamento<\/p>\n<h3>Grupos de Pesquisa<\/h3>\n<p><a href=\"http:\/\/www.ufscar.br\/ecce\/\" target=\"_blank\" rel=\"noopener\">Instituto Nacional de Ciencia e Tecnologia sobre Comportamento, Cogni\u00e7\u00e3o e Ensino<\/a><\/p>\n<h3>Projetos<\/h3>\n<p>Rela\u00e7\u00f5es condicionais emergentes.<br \/>\nControle Metodol\u00f3gico da Observa\u00e7\u00e3o em Tarefas Go\/No Go.<br \/>\nAquisi\u00e7\u00e3o de rela\u00e7\u00f5es condicionais em humanos e animais.<\/p>\n<h3><a href=\"http:\/\/lattes.cnpq.br\/0016773086984120\" target=\"_blank\" rel=\"noopener\">Publica\u00e7\u00f5es Selecionadas<\/a><\/h3>\n","protected":false},"excerpt":{"rendered":"<p>Departamento de Psicologia Experimental Linhas de Pesquisa:\u00a0An\u00e1lise Experimental de Comportamentos Complexos Telefone: 55 11-3091-4175\/4215 |\u00a0pdebert@usp.br |\u00a0Lattes Professora do Departamento de Psicologia Experimental do Instituto de Psicologia da Universidade de S\u00e3o Paulo. Tem experi\u00eancia na \u00e1rea de Psicologia com \u00eanfase em An\u00e1lise Experimental do Comportamento. Desenvolve pesquisa sobre comportamentos complexos, linguagem e cogni\u00e7\u00e3o.\u00a0Coordenadora do Laborat\u00f3rio de [&hellip;]<\/p>\n","protected":false},"author":2,"featured_media":0,"parent":0,"menu_order":0,"comment_status":"closed","ping_status":"closed","template":"","meta":{"_acf_changed":false,"footnotes":""},"categories":[395,458],"tags":[],"class_list":["post-15286","page","type-page","status-publish","hentry","category-institucional","category-servidores-docentes"],"acf":[],"jetpack_sharing_enabled":true,"_links":{"self":[{"href":"https:\/\/www.ip.usp.br\/site\/wp-json\/wp\/v2\/pages\/15286","targetHints":{"allow":["GET"]}}],"collection":[{"href":"https:\/\/www.ip.usp.br\/site\/wp-json\/wp\/v2\/pages"}],"about":[{"href":"https:\/\/www.ip.usp.br\/site\/wp-json\/wp\/v2\/types\/page"}],"author":[{"embeddable":true,"href":"https:\/\/www.ip.usp.br\/site\/wp-json\/wp\/v2\/users\/2"}],"replies":[{"embeddable":true,"href":"https:\/\/www.ip.usp.br\/site\/wp-json\/wp\/v2\/comments?post=15286"}],"version-history":[{"count":16,"href":"https:\/\/www.ip.usp.br\/site\/wp-json\/wp\/v2\/pages\/15286\/revisions"}],"predecessor-version":[{"id":50324,"href":"https:\/\/www.ip.usp.br\/site\/wp-json\/wp\/v2\/pages\/15286\/revisions\/50324"}],"wp:attachment":[{"href":"https:\/\/www.ip.usp.br\/site\/wp-json\/wp\/v2\/media?parent=15286"}],"wp:term":[{"taxonomy":"category","embeddable":true,"href":"https:\/\/www.ip.usp.br\/site\/wp-json\/wp\/v2\/categories?post=15286"},{"taxonomy":"post_tag","embeddable":true,"href":"https:\/\/www.ip.usp.br\/site\/wp-json\/wp\/v2\/tags?post=15286"}],"curies":[{"name":"wp","href":"https:\/\/api.w.org\/{rel}","templated":true}]}}