{"id":15360,"date":"2016-11-29T14:05:35","date_gmt":"2016-11-29T17:05:35","guid":{"rendered":"https:\/\/www.ip.usp.br\/site\/?page_id=15360"},"modified":"2018-09-04T12:00:11","modified_gmt":"2018-09-04T15:00:11","slug":"maria-luisa-sandoval-schmidt","status":"publish","type":"page","link":"https:\/\/www.ip.usp.br\/site\/maria-luisa-sandoval-schmidt\/","title":{"rendered":"Maria Luisa Sandoval Schmidt"},"content":{"rendered":"<table style=\"border-collapse: collapse;width: 100%\" border=\"0\">\n<tbody>\n<tr>\n<td style=\"width: 8.73822%\"><img decoding=\"async\" class=\"alignleft size-full wp-image-22125\" src=\"https:\/\/www.ip.usp.br\/site\/wp-content\/uploads\/2018\/08\/MARIA-LUIZA-SCMHIDT-e1535548939672.png\" alt=\"\" width=\"100\" height=\"145\" \/><\/td>\n<td style=\"width: 91.2618%;text-align: left\">&nbsp;<\/p>\n<p>Departamento de Psicologia da Aprendizagem do Desenvolvimento e da Personalidade<br \/>\nLinhas de Pesquisa: Sa\u00fade e Desenvolvimento Humano e Institui\u00e7\u00f5es Educacionais e Forma\u00e7\u00e3o do Indiv\u00edduo.<br \/>\nTelefone: 55 11-3091-914475 |\u00a0<a href=\"mailto:maluschmidt@terra.com.br\" target=\"_blank\" rel=\"noopener\">maluschmidt@terra.com.br<\/a> | <a href=\"http:\/\/lattes.cnpq.br\/0754153713899691\"><em>Lattes<\/em><\/a> |\u00a0<a href=\"https:\/\/scholar.google.com.br\/scholar?q=Maria+Luisa+Sandoval+Schmidt&amp;btnG=&amp;hl=pt-BR&amp;as_sdt=0%2C5\" target=\"_blank\" rel=\"noopener\">Google Acad\u00eamico<\/a><\/td>\n<\/tr>\n<\/tbody>\n<\/table>\n<hr \/>\n<p>Possui gradua\u00e7\u00e3o em Psicologia pela Universidade de S\u00e3o Paulo (1975), mestrado em Psicologia Escolar e do Desenvolvimento Humano pela Universidade de S\u00e3o Paulo (1984), doutorado em Psicologia Escolar e do Desenvolvimento Humano pela Universidade de S\u00e3o Paulo (1990) e livre doc\u00eancia pelo Instituto de Psicologia da USP. Em 2013 prestou concurso para Professor Titular junto ao Instituto de Psicologia da Universidade de S\u00e3o Paulo, tendo sido aprovada. Atualmente \u00e9 professora titular da Universidade de S\u00e3o Paulo em regime integral com dedica\u00e7\u00e3o exclusiva. Tem experi\u00eancia na \u00e1rea de Psicologia, atuando principalmente nos seguintes temas: pesquisa qualitativa (participante, etnogr\u00e1fica e interventiva), pol\u00edticas p\u00fablicas de sa\u00fade, metodologia com relatos orais e mem\u00f3ria coletiva e institucional.<\/p>\n<p style=\"text-align: justify\">Na linha Sa\u00fade e Desenvolvimento Humano venho me dedicando a pesquisas emp\u00edricas e te\u00f3ricas sobre pr\u00e1ticas de atendimento e organiza\u00e7\u00e3o de servi\u00e7o em institui\u00e7\u00f5es de sa\u00fade da rede p\u00fablica nas esferas da sa\u00fade mental e da aten\u00e7\u00e3o prim\u00e1ria em sa\u00fade. Este estudos est\u00e3o voltados, principalmente, para a compreens\u00e3o e aprecia\u00e7\u00e3o das pol\u00edticas p\u00fablicas de sa\u00fade na cidade de S\u00e3o Paulo, considerando dimens\u00f5es hist\u00f3ricas, pol\u00edticas e aspectos de sua implementa\u00e7\u00e3o no plano concreto das pr\u00e1ticas cotidianas de atendimento. A metodologia combina pesquisa interventiva e etnografia.<\/p>\n<p style=\"text-align: justify\">Na linha Institui\u00e7\u00f5es Educacionais e Forma\u00e7\u00e3o do Indiv\u00edduo venho trabalhando, fundamentalmente, os temas te\u00f3rico-metodol\u00f3gicos da pesquisa participante, com \u00eanfase nos relatos orais e na etnografia. A id\u00e9ia central destas investiga\u00e7\u00f5es \u00e9 a da forma\u00e7\u00e3o de comunidades interpretativas na pr\u00e1tica das pesquisas participantes, concebidas como prop\u00edcias \u00e0 elabora\u00e7\u00e3o de conhecimentos articulados da ci\u00eancia, do saber popular e do senso comum. Interdisciplinaridade, mem\u00f3ria institucional e mem\u00f3ria coletiva, din\u00e2mica cultural e experi\u00eancia s\u00e3o algumas das esferas em torno das quais a reflex\u00e3o te\u00f3rico-metodol\u00f3gica se realiza.<\/p>\n<h3 style=\"text-align: justify\">Disciplinas<\/h3>\n<h4>Gradua\u00e7\u00e3o<strong><br \/>\n<\/strong><\/h4>\n<p>PSA1709 &#8211; Aconselhamento Psicol\u00f3gico<br \/>\nPSA2812 &#8211; Fundamentos Fenomenol\u00f3gico-existenciais do Aconselhamento Psicol\u00f3gico<br \/>\n4701241 &#8211; Psicologia e Sa\u00fade<\/p>\n<h4>P\u00f3s-Gradua\u00e7\u00e3o<\/h4>\n<p>PSA5706 &#8211; Experi\u00eancia e comunica\u00e7\u00e3o oral<br \/>\nPSA5768 &#8211; A norma e o ps\u00edquico: determinantes da sa\u00fade mental e da educa\u00e7\u00e3o<br \/>\nPSA5857 &#8211; Fundamentos te\u00f3rico-metodol\u00f3gicos da pr\u00e1tica de pesquisa de campo em ci\u00eancias humanas numa perspectiva interdisciplinar<\/p>\n<h3>Extens\u00e3o<\/h3>\n<p>Processos de trabalho e formas de cuidado.<\/p>\n<h3>Grupo de Pesquisa<\/h3>\n<p>GT ANPEPP &#8211; Pr\u00e1ticas psicol\u00f3gicas em institui\u00e7\u00e3o: aten\u00e7\u00e3o, desconstru\u00e7\u00e3o e inven\u00e7\u00e3o<a href=\"http:\/\/dgp.cnpq.br\/buscaoperacional\/detalhepesq.jsp?pesq=0754153713899691\" target=\"_blank\" rel=\"noopener\"><br \/>\n<\/a><\/p>\n<h3>Laborat\u00f3rio<\/h3>\n<p><a href=\"https:\/\/imaginaipusp.wordpress.com\/\">Laborat\u00f3rio de Estudos do Imagin\u00e1rio (LABI\/PSA\/IPUSP)<\/a><\/p>\n<h3>Projetos<\/h3>\n<p style=\"text-align: justify\"><i>Itiner\u00e1rios de cuidado e desamparo: pol\u00edticas p\u00fablicas de sa\u00fade mental e acesso aos servi\u00e7os na cidade de S\u00e3o Paulo. <\/i>Bolsa produtividade do CNPq. Realizado entre 2007 e 2010;<br \/>\n<i>Trabalho, sa\u00fade, forma\u00e7\u00e3o e pesquisa no PSF: estudo numa Unidade B\u00e1sica de Sa\u00fade (UBS) da zona oeste de S\u00e3o Paulo.<\/i> Aux\u00edlio regular da FAPESP. Conduzido entre 2008 e 2010;<br \/>\n<i>Aten\u00e7\u00e3o b\u00e1sica e sa\u00fade mental na cidade de S\u00e3o Paulo: estudo num N\u00facleo de Apoio \u00e0 Sa\u00fade da Fam\u00edlia (NASF). <\/i>Renova\u00e7\u00e3o da bolsa produtividade do CNPq para o per\u00edodo 2010\/2013;<br \/>\n<i>Pol\u00edticas p\u00fablicas de sa\u00fade para enfrentamento das dificuldades no campo da sa\u00fade em rela\u00e7\u00e3o com a educa\u00e7\u00e3o: an\u00e1lise das propostas da esfera municipal de S\u00e3o Paulo, <\/i>trata-se de sub-projeto de uma ampla pesquisa chamada &#8220;Desenvolvimento humano, escolariza\u00e7\u00e3o da crian\u00e7a e do adolescente e processos institucionais: contribui\u00e7\u00f5es da psicologia&#8221; que vem sendo realizada como parte do Programa Nacional de Coopera\u00e7\u00e3o Acad\u00eamica &#8211; A\u00e7\u00e3o Novas Fronteiras (PROCAD &#8211; NF) -Edital PROCAD &#8211; NF n. 21\/2009 do qual participam o Programa de P\u00f3s-Gradua\u00e7\u00e3o em Psicologia Escolar e do Desenvolvimento Humano do PSA\/IPUSP, as Universidades Estadual de Maring\u00e1 e Federal de Rond\u00f4nia por meio de seus Programas de P\u00f3s-Gradua\u00e7\u00e3o em Psicologia. Per\u00edodo de 2010\/2013.<\/p>\n<h3>Publica\u00e7\u00f5es selecionadas<\/h3>\n<h4 style=\"text-align: justify\">Artigos<\/h4>\n<p style=\"text-align: justify\">Schmidt, M. L. S. (2008) \u00a0Pesquisa participante e forma\u00e7\u00e3o \u00e9tica do pesquisador na \u00e1rea de sa\u00fade. \u00a0<i>Ci\u00eancia &amp; sa\u00fade coletiva. \u00a0<\/i>Associa\u00e7\u00e3o Brasileira de P\u00f3s-Gradua\u00e7\u00e3o em Sa\u00fade Coletiva (ABRASCO), v. 13, n. 2, mar\u00e7o\/abril 2008: 391 &#8211; 398.<br \/>\nSchmidt, M. L. S. e Neves, T. F. S. (2010) \u00a0O trabalho do agente comunit\u00e1rio de sa\u00fade e a pol\u00edtica de aten\u00e7\u00e3o b\u00e1sica em S\u00e3o Paulo, Brasil. <i>Cadernos de psicologia social do trabalho, <\/i>v.13, n. 2, julho\/dezembro 2010: 225 &#8211; 240.<br \/>\nSchmidt, M. L. S. (2011) \u00a0Avalia\u00e7\u00e3o acad\u00eamica, ideologia e poder. \u00a0<i>Psicologia USP. <\/i>Instituto de Psicologia da Universidade de S\u00e3o Paulo, v. 22, n. 2, 2011: 315 &#8211; 334. Schmidt, M. L. S. \u00a0Utopia, teoria e a\u00e7\u00e3o: leitura das propostas grupais na Abordagem Centrada na Pessoa. \u00a0<i>Psicologia: ci\u00eancia e profiss\u00e3o. \u00a0<\/i>Conselho Federal de Psicologia, ano 31, n. 3, 2011: 628 \u2013639.<\/p>\n<h4>Cap\u00edtulos de Livros<\/h4>\n<p style=\"text-align: justify\">Schmidt, M. L. S. \u00a0Sa\u00fade mental e pr\u00e1ticas psicol\u00f3gicas: especialidade, especificidade e multiprofissionalidade. IN: Breschigliari, J. O. e Rocha, M. C. <i>SAP &#8211; Servi\u00e7o de Aconselhamento Psicol\u00f3gico: 40 anos de hist\u00f3ria. <\/i>S\u00e3o paulo: SAP\/IPUSP, 2009. 69 &#8211; 81.<br \/>\nSchmidt, M. L. S. \u00a0O nome, a taxonomia e o campo do aconselhamento psicol\u00f3gico. IN: Morato, H. T. P., Barreto, C. L. B. T. e Nunes, A. P. (orgs.) \u00a0<i>Aconselhamento psicol\u00f3gico numa perspectiva fenomenol\u00f3gica existencial. \u00a0<\/i>Rio de Janeiro: Guanabara Koogan, 2009. 1 &#8211; 21.<\/p>\n","protected":false},"excerpt":{"rendered":"<p>&nbsp; Departamento de Psicologia da Aprendizagem do Desenvolvimento e da Personalidade Linhas de Pesquisa: Sa\u00fade e Desenvolvimento Humano e Institui\u00e7\u00f5es Educacionais e Forma\u00e7\u00e3o do Indiv\u00edduo. Telefone: 55 11-3091-914475 |\u00a0maluschmidt@terra.com.br | Lattes |\u00a0Google Acad\u00eamico Possui gradua\u00e7\u00e3o em Psicologia pela Universidade de S\u00e3o Paulo (1975), mestrado em Psicologia Escolar e do Desenvolvimento Humano pela Universidade de S\u00e3o [&hellip;]<\/p>\n","protected":false},"author":2,"featured_media":0,"parent":0,"menu_order":0,"comment_status":"closed","ping_status":"closed","template":"","meta":{"_acf_changed":false,"footnotes":""},"categories":[395,458],"tags":[],"class_list":["post-15360","page","type-page","status-publish","hentry","category-institucional","category-servidores-docentes"],"acf":[],"jetpack_sharing_enabled":true,"_links":{"self":[{"href":"https:\/\/www.ip.usp.br\/site\/wp-json\/wp\/v2\/pages\/15360","targetHints":{"allow":["GET"]}}],"collection":[{"href":"https:\/\/www.ip.usp.br\/site\/wp-json\/wp\/v2\/pages"}],"about":[{"href":"https:\/\/www.ip.usp.br\/site\/wp-json\/wp\/v2\/types\/page"}],"author":[{"embeddable":true,"href":"https:\/\/www.ip.usp.br\/site\/wp-json\/wp\/v2\/users\/2"}],"replies":[{"embeddable":true,"href":"https:\/\/www.ip.usp.br\/site\/wp-json\/wp\/v2\/comments?post=15360"}],"version-history":[{"count":20,"href":"https:\/\/www.ip.usp.br\/site\/wp-json\/wp\/v2\/pages\/15360\/revisions"}],"predecessor-version":[{"id":22127,"href":"https:\/\/www.ip.usp.br\/site\/wp-json\/wp\/v2\/pages\/15360\/revisions\/22127"}],"wp:attachment":[{"href":"https:\/\/www.ip.usp.br\/site\/wp-json\/wp\/v2\/media?parent=15360"}],"wp:term":[{"taxonomy":"category","embeddable":true,"href":"https:\/\/www.ip.usp.br\/site\/wp-json\/wp\/v2\/categories?post=15360"},{"taxonomy":"post_tag","embeddable":true,"href":"https:\/\/www.ip.usp.br\/site\/wp-json\/wp\/v2\/tags?post=15360"}],"curies":[{"name":"wp","href":"https:\/\/api.w.org\/{rel}","templated":true}]}}