{"id":15425,"date":"2016-11-30T06:40:27","date_gmt":"2016-11-30T09:40:27","guid":{"rendered":"https:\/\/www.ip.usp.br\/site\/?page_id=15425"},"modified":"2022-11-07T12:56:45","modified_gmt":"2022-11-07T15:56:45","slug":"nelson-da-silva-junior","status":"publish","type":"page","link":"https:\/\/www.ip.usp.br\/site\/nelson-da-silva-junior\/","title":{"rendered":"Nelson da Silva J\u00fanior"},"content":{"rendered":"<table style=\"border-collapse: collapse;width: 100%\" border=\"0\">\n<tbody>\n<tr>\n<td style=\"width: 8.07825%\"><img fetchpriority=\"high\" decoding=\"async\" class=\"alignnone size-medium wp-image-40936\" src=\"https:\/\/www.ip.usp.br\/site\/wp-content\/uploads\/2022\/11\/Nelson-da-Silva-Junior-300x300.jpg\" alt=\"\" width=\"300\" height=\"300\" srcset=\"https:\/\/www.ip.usp.br\/site\/wp-content\/uploads\/2022\/11\/Nelson-da-Silva-Junior-300x300.jpg 300w, https:\/\/www.ip.usp.br\/site\/wp-content\/uploads\/2022\/11\/Nelson-da-Silva-Junior-1024x1024.jpg 1024w, https:\/\/www.ip.usp.br\/site\/wp-content\/uploads\/2022\/11\/Nelson-da-Silva-Junior-150x150.jpg 150w, https:\/\/www.ip.usp.br\/site\/wp-content\/uploads\/2022\/11\/Nelson-da-Silva-Junior-768x768.jpg 768w, https:\/\/www.ip.usp.br\/site\/wp-content\/uploads\/2022\/11\/Nelson-da-Silva-Junior-1536x1536.jpg 1536w, https:\/\/www.ip.usp.br\/site\/wp-content\/uploads\/2022\/11\/Nelson-da-Silva-Junior.jpg 1566w\" sizes=\"(max-width: 300px) 100vw, 300px\" \/><\/td>\n<td style=\"width: 0.734214%\"><\/td>\n<td style=\"width: 91.4793%;text-align: left\">Departamento de Psicologia Social e do Trabalho<br \/>\nLinhas de Pesquisa: Epistemologia e Psicologia Social. Processos Psicossociais B\u00e1sicos: as rela\u00e7\u00f5es individuo-grupo.<br \/>\nTelefone: 55 11-3091-4148 |\u00a0<a href=\"mailto:nesj@terra.com.br\">nesj@terra.com.br<\/a>\u00a0| <a href=\"http:\/\/lattes.cnpq.br\/7806979856235285\"><em>Lattes<\/em><\/a><\/td>\n<\/tr>\n<\/tbody>\n<\/table>\n<hr \/>\n<p style=\"text-align: justify\">Possui gradua\u00e7\u00e3o em Psicologia pela Universidade de S\u00e3o Paulo (1985); Mestrado em Processus et Dysfonctionnements &#8211; Universit\u00e9 Paris VII &#8211; Denis Diderot (1992); Doutorado em Psychopathologie Fondamentale et Psychanalyse &#8211; Universit\u00e9 de Paris VII &#8211; Denis Diderot (1996) , P\u00f3s-Doutorado &#8211; Universit\u00e9 de Paris VII &#8211; Denis Diderot (1997); P\u00f3s-Doutorado &#8211; Universidade Federal de S\u00e3o Paulo (1999). e Livre-Doc\u00eancia pela Universidade de S\u00e3o Paulo (2006); Atualmente \u00e9 Professor Associado do Instituto de Psicologia da Universidade de S\u00e3o Paulo. Tem experi\u00eancia na \u00e1rea de Psicologia, com \u00eanfase em Psicologia Social e Psican\u00e1lise, atuando principalmente nos seguintes temas: negatividade, metapsicologia, subjetividade, Psican\u00e1lise e metodologia.<\/p>\n<p style=\"text-align: justify\">Meu campo de interesse \u00e9 aquele de uma teoria da linguagem pautada pela negatividade inerente \u00e0 cl\u00ednica e \u00e0 teoria psicanal\u00edtica.\u00a0 A Psican\u00e1lise possui uma Teoria da Cultura pr\u00f3pria, essencialmente cr\u00edtica, e n\u00e3o inteiramente assimil\u00e1vel \u00e0s exig\u00eancias de uma Epistemologia enquanto discurso sobre o saber necess\u00e1rio,\u00a0 o que implica um debate intenso com teorias sobre o sujeito e sobre o campo social que tomam a soberania de si fundada sobre a raz\u00e3o como um pressuposto inquestion\u00e1vel. Assim, tenho realizado\u00a0 pesquisas te\u00f3ricas e emp\u00edricas sobre discursos que tomam o sujeito e o campo social como seu objeto, tais como: corporeidade e modifica\u00e7\u00f5es corporais na contemporaneidade, identidade de g\u00eanero e processos de exclus\u00e3o, literatura, cultura capitalista e teoria da ci\u00eancia. No interior da Psican\u00e1lise, meus interesses se concentram nas teorias de Sigmund Freud e de Jacques Lacan.<\/p>\n<h3 style=\"text-align: justify\">Disciplinas<\/h3>\n<h4 style=\"text-align: justify\">Gradua\u00e7\u00e3o<strong><br \/>\n<\/strong><\/h4>\n<ul style=\"text-align: justify\">\n<li>PST1462 &#8211; Linguagem e Pensamento<\/li>\n<\/ul>\n<h4 style=\"text-align: justify\">\u00a0P\u00f3s-Gradua\u00e7\u00e3o<strong><br \/>\n<\/strong><\/h4>\n<ul style=\"text-align: justify\">\n<li>PST5888 Sof\u00edstica, Performatividade e Enuncia\u00e7\u00e3o: Aproxima\u00e7\u00f5es Conceituais entre Barbara Cassin, Judith Butler e Jacques Lacan.<\/li>\n<\/ul>\n<ul style=\"text-align: justify\">\n<li>PST5799 A vulnerabilidade das pr\u00e1ticas da moralidade. Nega\u00e7\u00e3o e negatividade: da filosofia \u00e0 psicologia social.<\/li>\n<\/ul>\n<ul style=\"text-align: justify\">\n<li>PST 5820 Epistemologia dos discursos em psican\u00e1lise e psicologia social: a quest\u00e3o da hermen\u00eautica e sua \u00e9tica<\/li>\n<li>PST 5835 As hermen\u00eauticas abertas na Psicologia Social, na Psican\u00e1lise e na Literatura<\/li>\n<\/ul>\n<ul style=\"text-align: justify\">\n<li>PST 5850 Marcas corporais: do la\u00e7o social contempor\u00e2neo aos avatares da inscri\u00e7\u00e3o subjetiva<\/li>\n<\/ul>\n<h3 style=\"text-align: justify\">Extens\u00e3o<\/h3>\n<p style=\"text-align: justify\">Encontros cient\u00edficos abertos \u00e0 comunidade:<\/p>\n<h4 style=\"text-align: justify\">2015<\/h4>\n<ul style=\"text-align: justify\">\n<li>Encontro anual da SIPP \u2013 Soci\u00e9t\u00e9 Internationale de Philosophie et Psychanalyse: Psican\u00e1lise e as formas do Pol\u00edtico. 23 a 27 de novembro de 2015. Universidade de S\u00e3o Paulo, Universidade Federal de Minas Gerais\u00a0 e Centro de Arte Contenpor\u00e2nea de Inhotim.<\/li>\n<li>Col\u00f3quio do Latesfip \u2013 Laborat\u00f3rio de Teoria Social, Filosofia e Psican\u00e1lise da USP A Gest\u00e3o Neoliberal do Sofrimento. 1, 2 e 3\u00a0\u00a0 de outubro de 2015 Instituto de Psicologia da USP.<\/li>\n<li>I Col\u00f3quio Internacional IPUSP &#8211; Paris Diderot: Os Estados-Limite na Contemporaneidade, uma Perspectiva Psicanal\u00edtica&#8221;, dias 06 e 07 de agosto de 2015, Instituto de Psicologia da USP.<\/li>\n<\/ul>\n<h4 style=\"text-align: justify\">2013<\/h4>\n<ul style=\"text-align: justify\">\n<li>III Col\u00f3quio do Latesfip \u2013 Laborat\u00f3rio de Teoria Social, Filosofia e Psican\u00e1lise da USP Patologias do Social.\u00a0 9, 10 e 11 de maio\u00a0 de 2013 Instituto de Psicologia da USP<\/li>\n<\/ul>\n<h4 style=\"text-align: justify\">2012<\/h4>\n<ul style=\"text-align: justify\">\n<li>Col\u00f3quio internacional Cl\u00ednica, pol\u00edtica e sublima\u00e7\u00e3o: a responsabilidade do pesquisador<\/li>\n<\/ul>\n<h4 style=\"text-align: justify\">2010<\/h4>\n<ul style=\"text-align: justify\">\n<li>II Col\u00f3quio Internacional Pr\u00e1ticas e usos do corpo na modernidade, uma atividade realizada em articula\u00e7\u00e3o projeto de pesquisa internacional\u00a0\u00a0 \u201cEstudo Comparativo Internacional das Marcas Corporais Auto-Infligidas \u00e0 luz do La\u00e7o Social Contempor\u00e2neo\u201d (CAPES COFECUB 609\/08).<\/li>\n<\/ul>\n<h4 style=\"text-align: justify\">2009<\/h4>\n<ul style=\"text-align: justify\">\n<li>Col\u00f3quio Internacional Sublima\u00e7\u00e3o e Processos culturais: do recurso \u00e0 for\u00e7a.<\/li>\n<\/ul>\n<h4 style=\"text-align: justify\">2008<\/h4>\n<ul style=\"text-align: justify\">\n<li>Col\u00f3quio Raz\u00e3o, Loucura e Cria\u00e7\u00e3o<\/li>\n<\/ul>\n<h3 style=\"text-align: justify\">Laborat\u00f3rios<\/h3>\n<h4 style=\"text-align: justify\">Laborat\u00f3rio de Teoria Social, Filosofia e Psican\u00e1lise (LATESFIP)<\/h4>\n<p style=\"text-align: justify\">O Laborat\u00f3rio de Teoria Social, Filosofia e Psican\u00e1lise \u00e9 um Laborat\u00f3rio cient\u00edfico (Centro de pesquisa) interdepartamental vinculado ao Departamento de Filosofia e ao Instituto de Psicologia da Universidade de S\u00e3o Paulo (USP). O LATESFIP tem por objetivo fornecer o suporte acad\u00eamico para o desenvolvimento de pesquisas interdepartamentais e divulga\u00e7\u00e3o cient\u00edfica na \u00e1rea de articula\u00e7\u00e3o entre psican\u00e1lise, filosofia e teoria social. Desta forma, o Laborat\u00f3rio visa colaborar com a efetiva\u00e7\u00e3o do ideal de interdisciplinaridade que guia esta Universidade no campo das ci\u00eancias humanas criando estruturas que levam em conta o potencial de pesquisa em uma \u00e1rea de longa tradi\u00e7\u00e3o no cen\u00e1rio acad\u00eamico brasileiro e uspiano. Por outro lado, ele visa criar um campo de desenvolvimento e de discuss\u00f5es capaz de colaborar para o fortalecimento de trabalhos dos Programas de P\u00f3s-Gradua\u00e7\u00e3o dos Departamento de Filosofia e Instituto de Psicologia desta Universidade que tenham como foco algum dos aspectos das articula\u00e7\u00f5es entre filosofia, psican\u00e1lise e teoria social. Possui rela\u00e7\u00f5es de intensas trocas acad\u00eamicas com v\u00e1rias universidades do exterior e \u00e9 afiliado \u00e0 Sociedade Internacional de Filosofia e Psican\u00e1lise.\u00a0Coordena\u00e7\u00e3o:\u00a0Christian Ingo Lenz Dunker (IP-USP-PSC), Vladimir Safatle (FFLCH-USP) e Nelson da Silva Junior (IP-USP-PST)<\/p>\n<h4 style=\"text-align: justify\">Laborat\u00f3rio de Epistemologia Gen\u00e9tica e Reabilita\u00e7\u00e3o Psicossocial<\/h4>\n<p style=\"text-align: justify\">Criado em 1968 pela Profa. Zelia Ramozzi-Chiarottino, nosso laborat\u00f3rio tem dois objetivos complementares: (1) A constru\u00e7\u00e3o de modelos sint\u00e1tico-sem\u00e2nticos (derivados da epistemologia gen\u00e9tica, fundamentados na Filosofia das Ci\u00eancias de Gilles Gaston Granger, articulados aos conceitos fundamentais da Psican\u00e1lise) que visam explicar o discurso e, portanto, o comportamento psicossocial, tanto em seus aspectos cognitivos, formais (sint\u00e1ticos) quanto em seus conte\u00fados valorativos e afetivos (sem\u00e2nticos). (2) Investigar a pertin\u00eancia cl\u00ednica de tais modelos, ou seja, \u00e0 investiga\u00e7\u00e3o pr\u00e1tica no sentido de criar t\u00e9cnicas para diagn\u00f3stico e estrat\u00e9gias para o tratamento das psicopatologias \u00e0s quais esses mesmos modelos se referem. Mant\u00e9m coopera\u00e7\u00e3o com v\u00e1rios centros de pesquisa: Laboratoire Recherches Psychanalytiques\/ Universit\u00e9 Paris VII; Laboratoire de Psychopathologie et clinique psychanalytique da Universit\u00e9 Rennes II.\u00a0Coordena\u00e7\u00e3o: Z\u00e9lia Ramozzi-Chiarottino e Nelson da Silva Junior<\/p>\n<h3 style=\"text-align: justify\">Projetos<\/h3>\n<ul>\n<li style=\"text-align: justify\">Corpo, g\u00eanero e normas nos discursos da psican\u00e1lise, da psiquiatria e das pol\u00edticas p\u00fablicas na fran\u00e7a e no brasil: o paradigma transidentit\u00e1rio.\u00a0Institui\u00e7\u00f5es envolvidas: IPUSP, UNESP Julio de Mesquita Filho, UNESP, Universit\u00e9 Paris VII- Laboratoire, Genres Normes et Sexuallit\u00e9, Universit\u00e9 Charles de Gaulle \u2013 Lille 3<\/li>\n<li style=\"text-align: justify\">Coordenador respons\u00e1vel pela equipe brasileira do Projeto \u201cESTUDO COMPARATIVO INTERNACIONAL DAS MARCAS CORPORAIS AUTO-INFLIGIDAS \u00c0 LUZ DO LA\u00c7O SOCIAL CONTEMPOR\u00c2NEO\u201d pelo Per\u00edodo de 2008-2012 financiado pela CAPES COFECUB processo 609\/08.<\/li>\n<li style=\"text-align: justify\">\u201cSublima\u00e7\u00e3o e processos culturais\u201d . Lideres do projeto: Nelson da Silva Junior (PST) \/ Daniel Kupermann (PSC), Ana Loffredo (PSA), Sophie de Mijolla Mellor ( Universit\u00e9 Paris VII)<\/li>\n<\/ul>\n<h3 style=\"text-align: justify\">Publica\u00e7\u00f5es selecionadas<\/h3>\n<p style=\"text-align: justify\">SILVA JUNIOR. N. &amp; Gaspard, J.L. Trauma e narra\u00e7\u00e3o : modelos e suas consequ\u00eancias cl\u00ednicas de Freud \u00e0 Lacan. \u201cCadernos de Psicanalise SPCRJ\u201d Rio de Janeiro 2015.<br \/>\nGaspard, J.-L., Hamon R., SILVA JUNIOR N., Doucet, C.;\u00a0 Marques corporelles, tatouages et solutions subjectives \u00e0 l\u2019adolescence. Neuropsychiatr Enfance Adolesc (2014), <a>http:\/\/dx.doi.org\/10.1016\/j.neurenf.2014.01.016<br \/>\n<\/a>SILVA JUNIOR, N., Souffrances dans la culture: une nouvelle architecture du masochisme In: La souffrance de l&#8217;\u00eatre.1 ed.Toulouse : \u00c9ditions \u00e9r\u00e8s, 2014, v.1, p. 29-44.<br \/>\nSILVA JUNIOR, N., Fernando Pessoa y el malestar en la Identificaci\u00f3n In: Abordajes Psicoanal\u00edticos A Inquietudes sobre la Subjectividad II.1 ed.Cali : Universidad de San Buenaventura, 2013, v.2, p. 25-35.<br \/>\nSILVA JUNIOR, N., Le sacrifice du corps comme prise de parole et son calcul pour l&#8217;identit\u00e9 In: Corps ab\u00eem\u00e9s.1 ed.Quebec : Les Presses de l&#8217;Universit\u00e9 Laval, 2013, v.1, p. 41-49.<br \/>\nSILVA JUNIOR, N. . Sublimation et vie \u00e9conomique. In: Sophie de Mijolla-Mellor. (Org.). Trait\u00e9 de la sublimation. 1 ed. Paris: Presses Universitaires de France, 2012, v. 1, p. 438-457.<br \/>\nSILVA JUNIOR, N., GASPARD, J. A iatrog\u00eanese da sublima\u00e7\u00e3o em tr\u00eas tempos da cultura. Revista Brasileira de Psican\u00e1lise (Impresso). , v.45, p.75 &#8211; 87, 2011.<br \/>\nSILVA JUNIOR, N. Corps et narration dans la modernit\u00e9. In Gaspard, J.-L. &amp; Doucet, C. Pratiques et usages du corps dans la modernit\u00e9. \u00c9ditions \u00c9r\u00e9s Toulouse, 2008 p\u00e1gs. 65-84.<br \/>\nSILVA JUNIOR, N.. \u201cWho is there?\u201d Metaf\u00edsica e descontru\u00e7\u00e3o do int\u00e9rprete segundo a situa\u00e7\u00e3o psicanal\u00edtica.S\u00e3o Paulo: Discurso. Revista do Departamento de Filosofia da USP. N\u00ba 36, 2006. 127-149.<br \/>\nSILVA JUNIOR, N. . A sombra da Sublima\u00e7\u00e3o. O imperialismo da imagem e os destinos pulsionais na contemporaneidade. Psyche (S\u00e3o Paulo), S\u00e3o Paulo, v. VII, n. 1, p. 29-39, 2003.<br \/>\nSILVA JUNIOR, N. Metodologia Psicopatol\u00f3gica e \u00c9tica em Psican\u00e1lise: o princ\u00edpio da alteridade herm\u00e9tica. Revista Latinoamericana de Psicopatologia Fundamental, S\u00e3o Paulo, v. 3, n. 2, p. 45-73, 1999. ISSN\/ISBN: 14154714.<br \/>\nSILVA JUNIOR, N., Um abismo fonte do olhar. A pr\u00e9-perspectiva em Odilon Morais e a abertura da situa\u00e7\u00e3o anal\u00edtica. Percurso n\u00b0 23. Revista de Psican\u00e1lise. S\u00e3o Paulo: 1999.<br \/>\nSILVA JUNIOR, N. . Modelos de subjetividade em Fernando Pessoa e Freud. Da catarse \u00e0 abertura de um passado imprevis\u00edvel.. In: Pereira. M.E.C.. (Org.). Leitura da Psican\u00e1lise. Est\u00e9ticas da Exclus\u00e3o.. 1 ed. Campinas: Mercado de Letras\/ Associa\u00e7\u00e3o Brasileira de Leitura, 1998, v. 1, p. 119-146.<\/p>\n<h4 style=\"text-align: justify\">Livros<\/h4>\n<p style=\"text-align: justify\">AMBRA, P. &amp; SILVA JUNIOR, N. Histeria e G\u00eanero. Sexo como desencontro. S\u00e3o Paulo. N Versos, 2014.<br \/>\nSILVA JUNIOR, N. Linguagens e Pensamento. A L\u00f3gica na Raz\u00e3o e na Desraz\u00e3o. Cole\u00e7\u00e3o Clinica Psicanal\u00edtica. S\u00e3o Paulo Casa do Psic\u00f3logo, 2007.<br \/>\nSILVA JUNIOR, N. Le Fictionnel en Psychanalyse. Une \u00e9tude \u00e0 partir de l&#8217;oeuvre de Fernando Pessoa. Villeneuve d&#8217;Ascq: Presses Universitaires du Septentrion, 1999. v. 1. 452 p., ISBN: 2284013104.<br \/>\nSILVA JUNIOR, N. (Org.) ; MALTAGLIATI, P. (Org.) ; TURRA, M. V. (Org.) ; SACCO, H. I. (Org.). Relazione Terapeuta\/Paziente. La chiave del Processo di Cura.. 1. ed. Lucca: Kentron Edizioni, 1999. v. 1. 71 p.<\/p>\n","protected":false},"excerpt":{"rendered":"<p>Departamento de Psicologia Social e do Trabalho Linhas de Pesquisa: Epistemologia e Psicologia Social. Processos Psicossociais B\u00e1sicos: as rela\u00e7\u00f5es individuo-grupo. Telefone: 55 11-3091-4148 |\u00a0nesj@terra.com.br\u00a0| Lattes Possui gradua\u00e7\u00e3o em Psicologia pela Universidade de S\u00e3o Paulo (1985); Mestrado em Processus et Dysfonctionnements &#8211; Universit\u00e9 Paris VII &#8211; Denis Diderot (1992); Doutorado em Psychopathologie Fondamentale et Psychanalyse &#8211; [&hellip;]<\/p>\n","protected":false},"author":2,"featured_media":0,"parent":0,"menu_order":0,"comment_status":"closed","ping_status":"closed","template":"","meta":{"_acf_changed":false,"footnotes":""},"categories":[395,458],"tags":[],"class_list":["post-15425","page","type-page","status-publish","hentry","category-institucional","category-servidores-docentes"],"acf":[],"jetpack_sharing_enabled":true,"_links":{"self":[{"href":"https:\/\/www.ip.usp.br\/site\/wp-json\/wp\/v2\/pages\/15425","targetHints":{"allow":["GET"]}}],"collection":[{"href":"https:\/\/www.ip.usp.br\/site\/wp-json\/wp\/v2\/pages"}],"about":[{"href":"https:\/\/www.ip.usp.br\/site\/wp-json\/wp\/v2\/types\/page"}],"author":[{"embeddable":true,"href":"https:\/\/www.ip.usp.br\/site\/wp-json\/wp\/v2\/users\/2"}],"replies":[{"embeddable":true,"href":"https:\/\/www.ip.usp.br\/site\/wp-json\/wp\/v2\/comments?post=15425"}],"version-history":[{"count":14,"href":"https:\/\/www.ip.usp.br\/site\/wp-json\/wp\/v2\/pages\/15425\/revisions"}],"predecessor-version":[{"id":40939,"href":"https:\/\/www.ip.usp.br\/site\/wp-json\/wp\/v2\/pages\/15425\/revisions\/40939"}],"wp:attachment":[{"href":"https:\/\/www.ip.usp.br\/site\/wp-json\/wp\/v2\/media?parent=15425"}],"wp:term":[{"taxonomy":"category","embeddable":true,"href":"https:\/\/www.ip.usp.br\/site\/wp-json\/wp\/v2\/categories?post=15425"},{"taxonomy":"post_tag","embeddable":true,"href":"https:\/\/www.ip.usp.br\/site\/wp-json\/wp\/v2\/tags?post=15425"}],"curies":[{"name":"wp","href":"https:\/\/api.w.org\/{rel}","templated":true}]}}