{"id":15506,"date":"2016-11-30T08:25:38","date_gmt":"2016-11-30T11:25:38","guid":{"rendered":"https:\/\/www.ip.usp.br\/site\/?page_id=15506"},"modified":"2024-08-28T08:25:15","modified_gmt":"2024-08-28T11:25:15","slug":"mariana-prioli-cordeiro","status":"publish","type":"page","link":"https:\/\/www.ip.usp.br\/site\/mariana-prioli-cordeiro\/","title":{"rendered":"Mariana Prioli Cordeiro"},"content":{"rendered":"<table style=\"border-collapse: collapse;width: 100%\" border=\"0\">\n<tbody>\n<tr>\n<td style=\"width: 19.8638%;vertical-align: bottom\"><img decoding=\"async\" class=\"alignnone wp-image-37982 size-full\" src=\"https:\/\/www.ip.usp.br\/site\/wp-content\/uploads\/2022\/02\/Mariana-Prioli-Cordeiro.jpg\" alt=\"\" width=\"184\" height=\"184\" srcset=\"https:\/\/www.ip.usp.br\/site\/wp-content\/uploads\/2022\/02\/Mariana-Prioli-Cordeiro.jpg 184w, https:\/\/www.ip.usp.br\/site\/wp-content\/uploads\/2022\/02\/Mariana-Prioli-Cordeiro-150x150.jpg 150w\" sizes=\"(max-width: 184px) 100vw, 184px\" \/><\/td>\n<td style=\"width: 1.01729%;text-align: left;vertical-align: bottom\"><\/td>\n<td style=\"width: 80.1496%;text-align: left;vertical-align: bottom;line-height: 1.6\">\n<h5>Departamento de Psicologia Social e do Trabalho<\/h5>\n<h5>Linhas de Pesquisa: Psicologia Social, Sa\u00fade Coletiva e Pol\u00edtica.<\/h5>\n<h5>Telefone: 55 11-3091-1967 |\u00a0<a href=\"mailto:mpriolicordeiro@usp.br\">mpriolicordeiro@usp.br<\/a>\u00a0| <em><a href=\"http:\/\/lattes.cnpq.br\/7500316933889808\">Lattes<\/a><\/em><\/h5>\n<\/td>\n<\/tr>\n<\/tbody>\n<\/table>\n<hr \/>\n<h5 style=\"text-align: justify;line-height: 1.6\">Nos \u00faltimos anos, tenho me dedicado a pesquisar a diversidade de teorias, m\u00e9todos e pr\u00e1ticas que comp\u00f5em o campo da Psicologia Social brasileira. Mais especificamente, tenho desenvolvido reflex\u00f5es sobre as diferentes concep\u00e7\u00f5es de sociedade que embasam os estudos psicossociais, sobre as diferentes defini\u00e7\u00f5es do compromisso social da profiss\u00e3o e sobre formas criativas e inventivas de transformar essa abstrata no\u00e7\u00e3o em pr\u00e1ticas concretas de interven\u00e7\u00e3o. Esse interesse desembocou no meu atual objeto de investiga\u00e7\u00e3o: o trabalho de psic\u00f3logas(os) sociais no campo das pol\u00edticas p\u00fablicas \u2013 em especial, no Sistema \u00danico de Assist\u00eancia Social (SUAS). Tamb\u00e9m me interessam temas como movimentos sociais e inclus\u00e3o de pessoas com defici\u00eancia. Minhas pesquisas t\u00eam sido norteadas pela postura construcionista e pela chamada \u201cteoria ator-rede\u201d.<br \/>\n<span style=\"color: #ffffff\">.<\/span><\/h5>\n<h4 style=\"text-align: justify\">Disciplinas<\/h4>\n<ul>\n<li style=\"text-align: justify;line-height: 1.6\">\n<h5>Psicologia das Rela\u00e7\u00f5es Humanas II<\/h5>\n<\/li>\n<li style=\"text-align: justify\">\n<h5>Psicologia Social e do Trabalho<\/h5>\n<\/li>\n<li style=\"text-align: justify\">\n<h5>Introdu\u00e7\u00e3o \u00e0 Psicologia<\/h5>\n<\/li>\n<li style=\"text-align: justify\">\n<h5>Trabalho e Cotidiano: aproxima\u00e7\u00f5es te\u00f3ricas e metodol\u00f3gicas<\/h5>\n<\/li>\n<\/ul>\n<h4 style=\"text-align: justify\">Laborat\u00f3rio<\/h4>\n<h5 style=\"text-align: justify\">Centro de Psicologia Aplicada ao Trabalho (CPAT) do IPUSP<\/h5>\n<h4><span style=\"color: #ffffff\">.<\/span><br \/>\nProjetos<\/h4>\n<h5 style=\"text-align: justify;line-height: 1.6\"><em>A atua\u00e7\u00e3o de psic\u00f3logas(os) no SUAS: construindo novas pr\u00e1ticas de pesquisa e interven\u00e7\u00e3o<\/em><br \/>\nDescri\u00e7\u00e3o: Nas \u00faltimas d\u00e9cadas, as pol\u00edticas p\u00fablicas de assist\u00eancia social passaram por importantes transforma\u00e7\u00f5es e se tornaram um importante campo de atua\u00e7\u00e3o da Psicologia. Nele, milhares de psic\u00f3logas(os) s\u00e3o convocadas(os) a intervir nas rela\u00e7\u00f5es que as(os) usu\u00e1rias(os) do Sistema \u00danico da Assist\u00eancia Social (SUAS) estabelecem com seus familiares, com sua comunidade, com os servi\u00e7os p\u00fablicos presentes em seu territ\u00f3rio. S\u00e3o convocadas(os) a fortalecer v\u00ednculos, criar espa\u00e7os de conviv\u00eancia, articular redes, produzir sujeitos aut\u00f4nomos. Diante disto, nesta pesquisa, busco discutir o modo como essas(es) profissionais v\u00eam vivenciando a entrada nesse \u201cnovo\u201d campo de interven\u00e7\u00e3o. Mais especificamente, busco descrever e analisar discursos de psic\u00f3logas(os) que atuam nos servi\u00e7os da Assist\u00eancia Social sobre a inser\u00e7\u00e3o da Psicologia no SUAS, enfocando o papel dessas(es) profissionais; as dificuldades, conflitos e contradi\u00e7\u00f5es que permeiam o trabalho na \u00e1rea; bem como modelos de forma\u00e7\u00e3o que contemplem as especificidades da atua\u00e7\u00e3o em pol\u00edticas sociais.<br \/>\n<span style=\"color: #ffffff\">.<\/span><\/h5>\n<h4>Publica\u00e7\u00f5es selecionadas<\/h4>\n<h5 style=\"text-align: justify;line-height: 1.6\">CORDEIRO, M. P.; SPINK, M. J. P. A multiplicidade da Psicologia Social brasileira. <em>Athenea Digital<\/em>, v. 14, p. 289-300, 2014.<br \/>\nSPINK, M. J. P.; BRIGAGAO, J. I. M.; NASCIMENTO, V. L. V.; CORDEIRO, M. P. (Orgs.). <em>A produ\u00e7\u00e3o de informa\u00e7\u00e3o na pesquisa social:<\/em> compartilhando ferramentas. Rio de Janeiro: Centro Edelstein de Pesquisas Sociais, 2014.<br \/>\nCORDEIRO, M. P. Psicologias Sociais Cientificista e Cr\u00edtica: um debate que continua. <em>Psicologia: Ci\u00eancia e Profiss\u00e3o<\/em>, v. 33, p. 716-729, 2013.<br \/>\nCORDEIRO, M. P. Psicologia Social ou Psicologia das Associa\u00e7\u00f5es: A perspectiva latouriana de sociedade. <em>Psico<\/em>, v. 41, p. 303-309, 2010.<br \/>\nCORDEIRO, M. P. <em>Nada Sobre N\u00f3s Sem N\u00f3s:<\/em> Vida Independente, Milit\u00e2ncia e Defici\u00eancia. S\u00e3o Paulo: Annablume\/ Fapesp, 2011.<\/h5>\n","protected":false},"excerpt":{"rendered":"<p>Departamento de Psicologia Social e do Trabalho Linhas de Pesquisa: Psicologia Social, Sa\u00fade Coletiva e Pol\u00edtica. Telefone: 55 11-3091-1967 |\u00a0mpriolicordeiro@usp.br\u00a0| Lattes Nos \u00faltimos anos, tenho me dedicado a pesquisar a diversidade de teorias, m\u00e9todos e pr\u00e1ticas que comp\u00f5em o campo da Psicologia Social brasileira. Mais especificamente, tenho desenvolvido reflex\u00f5es sobre as diferentes concep\u00e7\u00f5es de sociedade [&hellip;]<\/p>\n","protected":false},"author":2,"featured_media":0,"parent":0,"menu_order":0,"comment_status":"closed","ping_status":"closed","template":"","meta":{"_acf_changed":false,"footnotes":""},"categories":[395,458],"tags":[],"class_list":["post-15506","page","type-page","status-publish","hentry","category-institucional","category-servidores-docentes"],"acf":[],"jetpack_sharing_enabled":true,"_links":{"self":[{"href":"https:\/\/www.ip.usp.br\/site\/wp-json\/wp\/v2\/pages\/15506","targetHints":{"allow":["GET"]}}],"collection":[{"href":"https:\/\/www.ip.usp.br\/site\/wp-json\/wp\/v2\/pages"}],"about":[{"href":"https:\/\/www.ip.usp.br\/site\/wp-json\/wp\/v2\/types\/page"}],"author":[{"embeddable":true,"href":"https:\/\/www.ip.usp.br\/site\/wp-json\/wp\/v2\/users\/2"}],"replies":[{"embeddable":true,"href":"https:\/\/www.ip.usp.br\/site\/wp-json\/wp\/v2\/comments?post=15506"}],"version-history":[{"count":18,"href":"https:\/\/www.ip.usp.br\/site\/wp-json\/wp\/v2\/pages\/15506\/revisions"}],"predecessor-version":[{"id":48129,"href":"https:\/\/www.ip.usp.br\/site\/wp-json\/wp\/v2\/pages\/15506\/revisions\/48129"}],"wp:attachment":[{"href":"https:\/\/www.ip.usp.br\/site\/wp-json\/wp\/v2\/media?parent=15506"}],"wp:term":[{"taxonomy":"category","embeddable":true,"href":"https:\/\/www.ip.usp.br\/site\/wp-json\/wp\/v2\/categories?post=15506"},{"taxonomy":"post_tag","embeddable":true,"href":"https:\/\/www.ip.usp.br\/site\/wp-json\/wp\/v2\/tags?post=15506"}],"curies":[{"name":"wp","href":"https:\/\/api.w.org\/{rel}","templated":true}]}}