{"id":15529,"date":"2016-11-30T11:34:02","date_gmt":"2016-11-30T14:34:02","guid":{"rendered":"https:\/\/www.ip.usp.br\/site\/?page_id=15529"},"modified":"2021-08-05T08:11:28","modified_gmt":"2021-08-05T11:11:28","slug":"marlene-guirado","status":"publish","type":"page","link":"https:\/\/www.ip.usp.br\/site\/marlene-guirado\/","title":{"rendered":"Marlene Guirado"},"content":{"rendered":"<table style=\"border-collapse: collapse; width: 100%;\" border=\"0\">\n<tbody>\n<tr>\n<td style=\"width: 11.8564%;\"><img decoding=\"async\" class=\"alignleft wp-image-20835 size-full\" src=\"https:\/\/www.ip.usp.br\/site\/wp-content\/uploads\/2018\/08\/marlene-Guirado-e1535549591606.jpg\" alt=\"\" width=\"100\" height=\"120\" \/><\/td>\n<td style=\"width: 88.1436%; text-align: right;\">Departamento de Psicologia da Aprendizagem, do Desenvolvimento e da Personalidade<br \/>\nLinhas de Pesquisa: Desenvolvimento Social e da Personalidade. Psican\u00e1lise. An\u00e1lise Institucional. Psicologia do Desenvolvimento Humano.<br \/>\nTelefone: 55 11-2648-0224 | <a href=\"mailto:mguirado@usp.br\">mguirado@usp.br<\/a> | <a href=\"http:\/\/lattes.cnpq.br\/4761259872890239\"><em>Lattes<\/em><\/a> | <a href=\"https:\/\/scholar.google.com.br\/scholar?q=Marlene+Guirado&amp;btnG=&amp;hl=pt-BR&amp;as_sdt=0%2C5\" target=\"_blank\" rel=\"noopener\">Google Acad\u00eamico<\/a><\/td>\n<\/tr>\n<\/tbody>\n<\/table>\n<hr \/>\n<h3>An\u00e1lise de Discurso<\/h3>\n<p style=\"text-align: justify;\">H\u00e1 alguns anos, venho me dedicando ao estudo da constitui\u00e7\u00e3o de subjetividades nas pr\u00e1ticas institucionais bem como \u00e0 fundamenta\u00e7\u00e3o de um recorte te\u00f3rico-metodol\u00f3gico espec\u00edfico para tanto. Partindo dos termos institui\u00e7\u00e3o, discurso, sujeito e an\u00e1lise, busco relacionar, pontualmente, campos conceituais distintos como a psican\u00e1lise, a an\u00e1lise de institui\u00e7\u00f5es concretas e do discurso, para configurar uma proposta de an\u00e1lise e interven\u00e7\u00e3o em psicologia. Isto, na pesquisa, em institui\u00e7\u00f5es de sa\u00fade, educa\u00e7\u00e3o, e outras institui\u00e7\u00f5es sociais que t\u00eam sido terreno das pr\u00e1ticas psicol\u00f3gicas; inclusive a cl\u00ednica psicanal\u00edtica. Essa produ\u00e7\u00e3o, na fronteira entre institui\u00e7\u00f5es do conhecimento e do exerc\u00edcio profissional, resultou num m\u00e9todo que, por ora, denomino An\u00e1lise Institucional do Discurso.<\/p>\n<h3>Disciplinas<\/h3>\n<h4>Gradua\u00e7\u00e3o<\/h4>\n<ul>\n<li>PSA3012 &#8211; Freud e Foucault: interlocu\u00e7\u00f5es pertinentes;<\/li>\n<li>PSA3812 &#8211; Michel Foucault: Rela\u00e7\u00f5es de Poder e Subjetividade;<\/li>\n<li><a href=\"http:\/\/sistemas2.usp.br\/jupiterweb\/obterDisciplina?sgldis=PSA1710&amp;nomdis=\" target=\"_blank\" rel=\"noopener\">PSA1710<\/a> &#8211; Psicologia Institucional.<\/li>\n<\/ul>\n<h4>P\u00f3s-Gradua\u00e7\u00e3o<a href=\"https:\/\/sistemas.usp.br\/fenixweb\/fexDisciplina?sgldis=PSA5874\" target=\"_blank\" rel=\"noopener\"><br \/>\n<\/a><\/h4>\n<ul>\n<li><a href=\"https:\/\/sistemas.usp.br\/fenixweb\/fexDisciplina?sgldis=PSA5874\" target=\"_blank\" rel=\"noopener\">PSA5874<\/a> &#8211; An\u00e1lise de discurso como m\u00e9todo de pesquisa em psicologia<\/li>\n<\/ul>\n<h3>Grupos de Pesquisa<\/h3>\n<p>An\u00e1lise Institucional do Discurso como m\u00e9todo de pesquisa em Psicologia<br \/>\nInven\u00e7\u00f5es e Redescri\u00e7\u00f5es Anal\u00edticas (IRA): grupo de pesquisa e de semin\u00e1rios cl\u00ednicos voltado \u00e0 psican\u00e1lise e \u00e0 an\u00e1lise do discurso na cl\u00ednica<\/p>\n<h3>Laborat\u00f3rios<\/h3>\n<p>Laborat\u00f3rio de Psican\u00e1lise e An\u00e1lise do Discurso (LAPSI)<\/p>\n<h3>Projetos<\/h3>\n<h4>Em andamento<\/h4>\n<p>Pesquisa sobre Institui\u00e7\u00f5es-Abrigo: sobre a subjetividade constitu\u00edda em condi\u00e7\u00f5es de acolhimento institucional.<\/p>\n<h4>Conclu\u00eddo<\/h4>\n<p>O sujeito nas pesquisas com a an\u00e1lise institucional do discurso. Ementa: Estudo da constitui\u00e7\u00e3o do indiv\u00edduo mediada por institui\u00e7\u00f5es educacionais como a fam\u00edlia, a escola e os meios de comunica\u00e7\u00e3o. Engloba pesquisas sobre a forma\u00e7\u00e3o da consci\u00eancia, modos de subjetiva\u00e7\u00e3o, determina\u00e7\u00f5es ideol\u00f3gicas e mem\u00f3ria institucional.<\/p>\n<h3>Publica\u00e7\u00f5es selecionadas<\/h3>\n<p>GUIRADO, M. A an\u00e1lise institucional do discurso como anal\u00edtica da subjetividade. S\u00e3o Paulo: Annablume, 2010.<br \/>\nGUIRADO, M. Institutional Analysis of Discourse &#8211; An analitytic of subjectivity. Saarbrucken:VDM &#8211; Verlag Dr. Muller, 2010.<br \/>\nGUIRADO, M. e LERNER, R. (organizadores). Psicologia, Pesquisa e Cl\u00ednica \u2013por uma An\u00e1lise Institucional do Discurso. S\u00e3o Paulo, FAPESP\/Annablume, 2007.<br \/>\nGUIRADO, M. A Cl\u00ednica Psicanal\u00edtica na Sombra do Discurso. S\u00e3o Paulo, Casa do Psic\u00f3logo, 2000.<br \/>\nGUIRADO, M. Psicologia Institucional. S\u00e3o Paulo, EPU, 2004 (segunda edi\u00e7\u00e3o revista e ampliada).<br \/>\nGUIRADO, M. Institui\u00e7\u00e3o e Rela\u00e7\u00f5es Afetivas: o v\u00ednculo com o abandono. S\u00e3o Paulo, Casa do Psic\u00f3logo, 2004 (segunda edi\u00e7\u00e3o revista e ampliada).<br \/>\nGUIRADO, M. Psican\u00e1lise e An\u00e1lise do Discurso: matrizes institucionais do sujeito ps\u00edquico. S\u00e3o Paulo, EPU, 2006 (segunda edi\u00e7\u00e3o revista e ampliada).<br \/>\nGUIRADO, M. e LERNER, R. (organizadores). Psicologia, Pesquisa e Cl\u00ednica \u2013por uma An\u00e1lise Institucional do Discurso. S\u00e3o Paulo, FAPESP\/Annablume, 2006.<\/p>\n","protected":false},"excerpt":{"rendered":"<p>Departamento de Psicologia da Aprendizagem, do Desenvolvimento e da Personalidade Linhas de Pesquisa: Desenvolvimento Social e da Personalidade. Psican\u00e1lise. An\u00e1lise Institucional. Psicologia do Desenvolvimento Humano. Telefone: 55 11-2648-0224 | mguirado@usp.br | Lattes | Google Acad\u00eamico An\u00e1lise de Discurso H\u00e1 alguns anos, venho me dedicando ao estudo da constitui\u00e7\u00e3o de subjetividades nas pr\u00e1ticas institucionais bem como [&hellip;]<\/p>\n","protected":false},"author":2,"featured_media":0,"parent":0,"menu_order":0,"comment_status":"closed","ping_status":"closed","template":"","meta":{"_acf_changed":false,"footnotes":""},"categories":[395,458],"tags":[],"class_list":["post-15529","page","type-page","status-publish","hentry","category-institucional","category-servidores-docentes"],"acf":[],"jetpack_sharing_enabled":true,"_links":{"self":[{"href":"https:\/\/www.ip.usp.br\/site\/wp-json\/wp\/v2\/pages\/15529","targetHints":{"allow":["GET"]}}],"collection":[{"href":"https:\/\/www.ip.usp.br\/site\/wp-json\/wp\/v2\/pages"}],"about":[{"href":"https:\/\/www.ip.usp.br\/site\/wp-json\/wp\/v2\/types\/page"}],"author":[{"embeddable":true,"href":"https:\/\/www.ip.usp.br\/site\/wp-json\/wp\/v2\/users\/2"}],"replies":[{"embeddable":true,"href":"https:\/\/www.ip.usp.br\/site\/wp-json\/wp\/v2\/comments?post=15529"}],"version-history":[{"count":11,"href":"https:\/\/www.ip.usp.br\/site\/wp-json\/wp\/v2\/pages\/15529\/revisions"}],"predecessor-version":[{"id":36551,"href":"https:\/\/www.ip.usp.br\/site\/wp-json\/wp\/v2\/pages\/15529\/revisions\/36551"}],"wp:attachment":[{"href":"https:\/\/www.ip.usp.br\/site\/wp-json\/wp\/v2\/media?parent=15529"}],"wp:term":[{"taxonomy":"category","embeddable":true,"href":"https:\/\/www.ip.usp.br\/site\/wp-json\/wp\/v2\/categories?post=15529"},{"taxonomy":"post_tag","embeddable":true,"href":"https:\/\/www.ip.usp.br\/site\/wp-json\/wp\/v2\/tags?post=15529"}],"curies":[{"name":"wp","href":"https:\/\/api.w.org\/{rel}","templated":true}]}}