{"id":1553,"date":"2010-04-07T22:09:27","date_gmt":"2010-04-07T22:09:27","guid":{"rendered":"https:\/\/www.ip.usp.br\/site\/?p=1553"},"modified":"2025-04-11T11:23:39","modified_gmt":"2025-04-11T14:23:39","slug":"docentes-6","status":"publish","type":"page","link":"https:\/\/www.ip.usp.br\/site\/docentes-6\/","title":{"rendered":"Orientadores e Docentes"},"content":{"rendered":"<p>O programa no ano de 2024 com 24 professores (3 titulares, 9 associados, 3 doutores, 7 aposentados), e 03 colaboradores.<\/p>\n<p>Todos s\u00e3o formados em psicologia.<\/p>\n<p>Todos dedicam-se a:<\/p>\n<p>Pesquisa (com e sem financiamento);<\/p>\n<p>Orienta\u00e7\u00e3o: mestrado, inicia\u00e7\u00e3o cient\u00edfica, sendo que 13 professores tamb\u00e9m orientam P\u00f3s-doutorados; ensino (oferecendo disciplinas, com regularidade, na p\u00f3s-gradua\u00e7\u00e3o e na gradua\u00e7\u00e3o);<\/p>\n<p>atividades de cultura e projetos de extens\u00e3o, desenvolvimento de material did\u00e1tico-instrucional e de forma\u00e7\u00e3o em geral.<\/p>\n<p>A maioria dos professores do programa tem regime de dedica\u00e7\u00e3o integral, sendo apenas dois dos 24 docentes, com regime parcial (de 20hrs).<\/p>\n<p>Todos os professores permanentes s\u00e3o docentes do Instituto de Psicologia da USP.<\/p>\n<p>Seis, dos 24 professores do programa, atuam tamb\u00e9m noutro programa de p\u00f3s-gradua\u00e7\u00e3o da Universidade de S\u00e3o Paulo, de car\u00e1ter interunidades ou Mestrado Profissional.<\/p>\n<p>Lista dos 24 Professores<\/p>\n<p>&nbsp;<\/p>\n<p><em>Titulares<\/em><\/p>\n<p>Maria Isabel da Silva Leme; Maria Thereza Costa Coelho de Souza; Marilene Proen\u00e7a Rebello de Souza<\/p>\n<p>&nbsp;<\/p>\n<p><em>Associados<\/em><\/p>\n<p>Adriana Marcondes Machado; Antonio de Padua Serafim; Helena Rinaldi Rosa; Leopoldo Fulgencio; Lineu Norio Kohatsu; Luciana Maria Caetano; Marie Claire Sekkel; Paulo Cesar Endo; Rog\u00e9rio Lerner<\/p>\n<p>&nbsp;<\/p>\n<p><em>Doutores<\/em><\/p>\n<p>Fraulein Vidigal de Paula; Lais Maria Silva Chofhi; Pedro Fernando da Silva<\/p>\n<p>&nbsp;<\/p>\n<p><em>Colaboradores<\/em><\/p>\n<p>Betania Alves Veiga Dell`Agli; Miriam Debieux; M\u00e1rcia Helena da Silva Melo<\/p>\n<p>&nbsp;<\/p>\n<p><em>Aposentados com Projeto Senior<\/em><\/p>\n<p>Ana Maria Loffredo; Henriette Tognetti Penha Morato; Maria Cristina Machado Kupfer; Maria J\u00falia Kov\u00e1cs; Marlene Guirado; Jos\u00e9 L\u00e9on Crochik; Tania Vaisberg<\/p>\n","protected":false},"excerpt":{"rendered":"<p>O programa no ano de 2024 com 24 professores (3 titulares, 9 associados, 3 doutores, 7 aposentados), e 03 colaboradores. Todos s\u00e3o formados em psicologia. Todos dedicam-se a: Pesquisa (com e sem financiamento); Orienta\u00e7\u00e3o: mestrado, inicia\u00e7\u00e3o cient\u00edfica, sendo que 13 professores tamb\u00e9m orientam P\u00f3s-doutorados; ensino (oferecendo disciplinas, com regularidade, na p\u00f3s-gradua\u00e7\u00e3o e na gradua\u00e7\u00e3o); atividades [&hellip;]<\/p>\n","protected":false},"author":2,"featured_media":0,"parent":0,"menu_order":30,"comment_status":"open","ping_status":"open","template":"","meta":{"_acf_changed":false,"footnotes":""},"categories":[141],"tags":[],"class_list":["post-1553","page","type-page","status-publish","hentry","category-pos-graduacao-ensino-programa"],"acf":[],"jetpack_sharing_enabled":true,"_links":{"self":[{"href":"https:\/\/www.ip.usp.br\/site\/wp-json\/wp\/v2\/pages\/1553","targetHints":{"allow":["GET"]}}],"collection":[{"href":"https:\/\/www.ip.usp.br\/site\/wp-json\/wp\/v2\/pages"}],"about":[{"href":"https:\/\/www.ip.usp.br\/site\/wp-json\/wp\/v2\/types\/page"}],"author":[{"embeddable":true,"href":"https:\/\/www.ip.usp.br\/site\/wp-json\/wp\/v2\/users\/2"}],"replies":[{"embeddable":true,"href":"https:\/\/www.ip.usp.br\/site\/wp-json\/wp\/v2\/comments?post=1553"}],"version-history":[{"count":12,"href":"https:\/\/www.ip.usp.br\/site\/wp-json\/wp\/v2\/pages\/1553\/revisions"}],"predecessor-version":[{"id":50907,"href":"https:\/\/www.ip.usp.br\/site\/wp-json\/wp\/v2\/pages\/1553\/revisions\/50907"}],"wp:attachment":[{"href":"https:\/\/www.ip.usp.br\/site\/wp-json\/wp\/v2\/media?parent=1553"}],"wp:term":[{"taxonomy":"category","embeddable":true,"href":"https:\/\/www.ip.usp.br\/site\/wp-json\/wp\/v2\/categories?post=1553"},{"taxonomy":"post_tag","embeddable":true,"href":"https:\/\/www.ip.usp.br\/site\/wp-json\/wp\/v2\/tags?post=1553"}],"curies":[{"name":"wp","href":"https:\/\/api.w.org\/{rel}","templated":true}]}}