{"id":15548,"date":"2016-11-30T12:20:57","date_gmt":"2016-11-30T15:20:57","guid":{"rendered":"https:\/\/www.ip.usp.br\/site\/?page_id=15548"},"modified":"2018-09-04T14:19:36","modified_gmt":"2018-09-04T17:19:36","slug":"miriam-garcia-mijares","status":"publish","type":"page","link":"https:\/\/www.ip.usp.br\/site\/miriam-garcia-mijares\/","title":{"rendered":"Miriam Garcia Mijares"},"content":{"rendered":"<table style=\"border-collapse: collapse;width: 100%\" border=\"0\">\n<tbody>\n<tr>\n<td style=\"width: 8.15809%\"><img decoding=\"async\" class=\"alignleft wp-image-20841 size-full\" src=\"https:\/\/www.ip.usp.br\/site\/wp-content\/uploads\/2018\/08\/miriam-mijares-e1535549530894.jpg\" alt=\"\" width=\"100\" height=\"120\" \/><\/td>\n<td style=\"width: 91.8419%;text-align: left\">Departamento de Psicologia Experimental<br \/>\nLinhas de Pesquisa:\u00a0Farmacologia Comportamental. modelos animais de transtornos comportamentais. Controle de Est\u00edmulos.<br \/>\nTelefones: 55 11-3091-4176\/1905 |\u00a0<a href=\"mailto:mgarciam@usp.br\">mgarciam@usp.br<\/a>\u00a0| <a href=\"http:\/\/lattes.cnpq.br\/7653437611275971\"><em>Lattes<\/em><\/a><\/td>\n<\/tr>\n<\/tbody>\n<\/table>\n<hr \/>\n<p>Possui gradua\u00e7\u00e3o em Psicologia &#8211; Universidad Cat\u00f3lica Andr\u00e9s Bello (1995), mestrado em Psicologia (Neuroci\u00eancias e Comportamento) pela Universidade de S\u00e3o Paulo (2000) e doutorado em Psicologia (Neuroci\u00eancias e Comportamento) pela Universidade de S\u00e3o Paulo (2005). Atualmente \u00e9 Professora Doutora do Departamento de Psicologia Experimental do Instituto de Psicologia da Universidade de S\u00e3o Paulo. Tem experi\u00eancia na \u00e1rea de Psicologia, com \u00eanfase em An\u00e1lise Experimental do Comportamento, atuando principalmente nos seguintes temas: depend\u00eancia, controle de est\u00edmulo, modelos experimentais do comportamento e cogni\u00e7\u00e3o e intera\u00e7\u00e3o operante-respondente.<\/p>\n<p style=\"text-align: justify\">No Laborat\u00f3rio de Psicofarmacologia estudamos o efeito de drogas de a\u00e7\u00e3o central sobre o comportamento e pesquisamos modelos animais de uso e abuso de drogas.\u00a0V\u00e1rias das nossas pesquisas t\u00eam se focado na an\u00e1lise das vari\u00e1veis que determinam o comportamento de consumo volunt\u00e1rio de \u00e1lcool por ratos. Por exemplo, estamos desenvolvendo experimentos que pretendem investigar vari\u00e1veis do ambiente respons\u00e1veis pela escolha de ratos por \u00e1lcool. Em outros experimentos pesquisamos o controle de est\u00edmulos discriminativos e refor\u00e7adores condicionados sobre o consumo dessa droga. Tamb\u00e9m esta em andamento um projeto de pesquisa que pretende examinar diferen\u00e7as na express\u00e3o de de genes de resposta imediata resultantes da administra\u00e7\u00e3o ativa (auto-administra\u00e7\u00e3o) versus passiva (hetero-administra\u00e7\u00e3o) de \u00e1lcool. Paralelamente aos estudos de auto-administra\u00e7\u00e3o de \u00e1lcool, estamos iniciando uma s\u00e9rie de experimentos que t\u00eam como finalidade desenvolver procedimentos de treino de discrimina\u00e7\u00e3o simples em que cheiros s\u00e3o usados como est\u00edmulos discriminativos. Espera-se que os dados obtidos\u00a0 nesses experimentos\u00a0 abram novas possibilidades para o estudo de processos complexos de controle de est\u00edmulo sobre o comportamento de ratos.<\/p>\n<h3 style=\"text-align: justify\">Disciplinas<\/h3>\n<h4 style=\"text-align: justify\">Gradua\u00e7\u00e3o<\/h4>\n<ul>\n<li>An\u00e1lise Experimental do Comportamento I<\/li>\n<li>An\u00e1lise Experimental do Comportamento II<\/li>\n<li>Psicofarmacologia<\/li>\n<li>Treino em pesquisa<\/li>\n<\/ul>\n<h4>P\u00f3s-Gradua\u00e7\u00e3o<\/h4>\n<ul>\n<li>Regula\u00e7\u00e3o do Comportamento por Agente Qu\u00edmicos, Modelos , Semin\u00e1rios em pesquisa<\/li>\n<\/ul>\n<h3>Projetos<\/h3>\n<p>1. Envolvimento das vias seroton\u00e9rgicas na etiologia dos sintomas man\u00edacos: avalia\u00e7\u00e3o em ratos com les\u00e3o eletrol\u00edtica do n\u00facleo mediano da rafe<\/p>\n<p>2. Auto-administra\u00e7\u00e3o de etanol por ratos: influ\u00eancia de (a) est\u00edmulos discriminativos e refor\u00e7adores condicionados e (b) atraso do refor\u00e7o<\/p>\n<p>3. An\u00e1lise de tratamentos farmacol\u00f3gicos sobre o comportamento de escolha por etanol de ratos criados em ambiente enriquecido<\/p>\n<p>4. Treino discriminativo com est\u00edmulos olfativos em ratos<\/p>\n<p>5. MOMENTUM COMPORTAMENTAL E RESIST\u00caNCIA DO COMPORTAMENTO \u00c0 MUDAN\u00c7A: EFEITOS DO EMPREGO DE ETANOL COMO EVENTO PERTURBADOR<\/p>\n<p>6. Controle de est\u00edmulos adquirido por procedimentos operantes e respondentes sobre a resposta de auto-administra\u00e7\u00e3o de drogas.<\/p>\n<h3>Publica\u00e7\u00f5es<\/h3>\n<p style=\"text-align: justify\">Libardi, FG; Garcia-Mijares, M (no prelo). An\u00e1lise Comportamental do modelo animal de reca\u00edda do uso de drogas &#8220;cue-induced&#8221;. Acta Comportamentalia.<br \/>\nKameyama, M\u00e1rcia ; Siqueira, Fernanda A. ; Garcia-Mijares, Miriam ; Silva, Luiz F. ; Silva, Maria T. A. . Indatraline: Synthesis and Effect on the Motor Activity of Wistar Rats. Molecules (Basel. Online) , v. 16, p. 9421-9438, 2011.<br \/>\nVELASCO, S. M. ; GARCIA-MIJARES, M. ; Tomanari, G.Y. . Fundamentos Metodol\u00f3gicos da Pesquisa em An\u00e1lise Experimental do Comportamento. Psicologia em pesquisa (UFJF), v. 4, p. 150-155, 2010.<br \/>\nDe Almeida, Stella Pereira ; Garcia-Mijares, Miriam ; Silva, Maria Teresa Araujo . Patterns of Ecstasy Use and Associated Harm: Results of a Brazilian Online Survey. Substance Use &amp; Misuse , v. 44, p. 2014-2027, 2009.<br \/>\nGARCIA-MIJARES, M. ; BERNARDES, A ; SILVA, M . Diethylpropion produces psychostimulant and reward effects. Pharmacology, Biochemistry and Behavior , v. 91, p. 621-628, 2009.<br \/>\nTOSCANO, C ; KAMEYAMA, M ; GARCIA-MIJARES, M. ; SILVA, M ; SANTAREM, E . Relationship between ethanol and sucrose self-administration and schedule-induced polydipsia. Pharmacology, Biochemistry and Behavior , v. 90, p. 586-589, 2008.<br \/>\nSILVA, M. T. A. ; GON\u00c7ALVES, F. L. ; GARCIA-MIJARES, M. . Neural events in the reinforcement contingency. Behavior Analyst , v. 30, p. 17-30, 2007.<br \/>\nGARCIA-MIJARES, M. ; SILVA, M. T. A. . Depend\u00eancia de drogas. Psicologia USP, v. 17, p. 213-240, 2006.<br \/>\nGRANADO, L. C. ; PALAEZ, F. J. R. ; GARCIA-MIJARES, M. . Estudo no contexto brasileiro de tr\u00eas question\u00e1rios para avaliar aracnofobia. Avalia\u00e7\u00e3o Psicol\u00f3gica, v. 4, p. 45-53, 2005.<br \/>\nGARCIA-MIJARES, M. ; DELUCIA, R. ; SILVA, M. T. A. . Fencamfamine-induced changes in the parameters of the matching law and the effect of previous exposure to the drug. Behavioural Pharmacology , v. 15, n. 8, p. 577-584, 2004<\/p>\n","protected":false},"excerpt":{"rendered":"<p>Departamento de Psicologia Experimental Linhas de Pesquisa:\u00a0Farmacologia Comportamental. modelos animais de transtornos comportamentais. Controle de Est\u00edmulos. Telefones: 55 11-3091-4176\/1905 |\u00a0mgarciam@usp.br\u00a0| Lattes Possui gradua\u00e7\u00e3o em Psicologia &#8211; Universidad Cat\u00f3lica Andr\u00e9s Bello (1995), mestrado em Psicologia (Neuroci\u00eancias e Comportamento) pela Universidade de S\u00e3o Paulo (2000) e doutorado em Psicologia (Neuroci\u00eancias e Comportamento) pela Universidade de S\u00e3o Paulo [&hellip;]<\/p>\n","protected":false},"author":2,"featured_media":0,"parent":0,"menu_order":0,"comment_status":"closed","ping_status":"closed","template":"","meta":{"_acf_changed":false,"footnotes":""},"categories":[395,458],"tags":[],"class_list":["post-15548","page","type-page","status-publish","hentry","category-institucional","category-servidores-docentes"],"acf":[],"jetpack_sharing_enabled":true,"_links":{"self":[{"href":"https:\/\/www.ip.usp.br\/site\/wp-json\/wp\/v2\/pages\/15548","targetHints":{"allow":["GET"]}}],"collection":[{"href":"https:\/\/www.ip.usp.br\/site\/wp-json\/wp\/v2\/pages"}],"about":[{"href":"https:\/\/www.ip.usp.br\/site\/wp-json\/wp\/v2\/types\/page"}],"author":[{"embeddable":true,"href":"https:\/\/www.ip.usp.br\/site\/wp-json\/wp\/v2\/users\/2"}],"replies":[{"embeddable":true,"href":"https:\/\/www.ip.usp.br\/site\/wp-json\/wp\/v2\/comments?post=15548"}],"version-history":[{"count":11,"href":"https:\/\/www.ip.usp.br\/site\/wp-json\/wp\/v2\/pages\/15548\/revisions"}],"predecessor-version":[{"id":23300,"href":"https:\/\/www.ip.usp.br\/site\/wp-json\/wp\/v2\/pages\/15548\/revisions\/23300"}],"wp:attachment":[{"href":"https:\/\/www.ip.usp.br\/site\/wp-json\/wp\/v2\/media?parent=15548"}],"wp:term":[{"taxonomy":"category","embeddable":true,"href":"https:\/\/www.ip.usp.br\/site\/wp-json\/wp\/v2\/categories?post=15548"},{"taxonomy":"post_tag","embeddable":true,"href":"https:\/\/www.ip.usp.br\/site\/wp-json\/wp\/v2\/tags?post=15548"}],"curies":[{"name":"wp","href":"https:\/\/api.w.org\/{rel}","templated":true}]}}