{"id":15584,"date":"2016-12-01T06:33:14","date_gmt":"2016-12-01T09:33:14","guid":{"rendered":"https:\/\/www.ip.usp.br\/site\/?page_id=15584"},"modified":"2021-08-03T09:08:39","modified_gmt":"2021-08-03T12:08:39","slug":"leia-priszkulnik","status":"publish","type":"page","link":"https:\/\/www.ip.usp.br\/site\/leia-priszkulnik\/","title":{"rendered":"L\u00e9ia Priszkulnik"},"content":{"rendered":"<table style=\"border-collapse: collapse; width: 100%;\" border=\"0\">\n<tbody>\n<tr>\n<td style=\"width: 91.4793%; text-align: left;\"><img decoding=\"async\" class=\"alignleft wp-image-21530 size-full\" src=\"https:\/\/www.ip.usp.br\/site\/wp-content\/uploads\/2018\/08\/L\u00c9IA-PRISZKULNIK-e1535743547812.jpg\" alt=\"\" width=\"100\" height=\"128\" \/>Departamento de Psicologia Cl\u00ednica<br \/>\nLinha de Pesquisa: Investiga\u00e7\u00f5es em Psican\u00e1lise<br \/>\nTelefone: 55 11-3091-1945 |\u00a0<a href=\"mailto:leiapris@usp.br\" target=\"_blank\" rel=\"noopener\">leiapris@usp.br<\/a>\u00a0| <a href=\"http:\/\/lattes.cnpq.br\/2536413979002571\" target=\"_blank\" rel=\"noopener\"><em>Lattes<\/em><\/a><br \/>\nSala 15 \/ Bloco F<\/td>\n<\/tr>\n<\/tbody>\n<\/table>\n<hr \/>\n<p style=\"text-align: justify;\">Concluiu o Mestrado em Psicologia Cl\u00ednica em 1986 e o Doutorado em Psicologia Cl\u00ednica em 1993, ambos pela Universidade de S\u00e3o Paulo. \u00c9 Professora Doutora do Departamento de Psicologia Cl\u00ednica do Instituto de Psicologia da USP, tendo ingressado em 1978. \u00c9 docente, orientadora e pesquisadora na Gradua\u00e7\u00e3o e na P\u00f3s-Gradua\u00e7\u00e3o.<\/p>\n<p>Atualmente, coordena projetos de pesquisa e \u00e9 l\u00edder do Grupo de Pesquisa \u201cA Cl\u00ednica Psicanal\u00edtica: Corpo e Linguagem\u201d (CNPq). Atua na \u00e1rea da Psicologia Cl\u00ednica, com \u00eanfase na Psican\u00e1lise de Freud e de Lacan. No curr\u00edculo LATTES os termos mais freq\u00fcentes na contextualiza\u00e7\u00e3o da produ\u00e7\u00e3o cient\u00edfica, tecnol\u00f3gica e art\u00edstico-cultural s\u00e3o: Psican\u00e1lise, crian\u00e7a, cl\u00ednica psicanal\u00edtica, Freud, Lacan, psican\u00e1lise da crian\u00e7a, tratamento, psican\u00e1lise lacaniana, pr\u00e1tica cl\u00ednica e teoria freudiana.<\/p>\n<p>Meus projetos de pesquisa est\u00e3o inseridos na linha de pesquisa \u201cInvestiga\u00e7\u00f5es em Psican\u00e1lise\u201d. O m\u00e9todo utilizado para o estudo e a pesquisa \u00e9 o psicanal\u00edtico, com uma an\u00e1lise cr\u00edtica da Psican\u00e1lise em seu corpo te\u00f3rico e em sua aplica\u00e7\u00e3o pr\u00e1tica, segundo a Psican\u00e1lise francesa de orienta\u00e7\u00e3o freud-lacaniana: A Psican\u00e1lise e as demandas contempor\u00e2neas: o psicanalista e a sa\u00fade p\u00fablica e A Psican\u00e1lise e a crian\u00e7a: a inf\u00e2ncia e os sintomas atuais<\/p>\n","protected":false},"excerpt":{"rendered":"<p>Departamento de Psicologia Cl\u00ednica Linha de Pesquisa: Investiga\u00e7\u00f5es em Psican\u00e1lise Telefone: 55 11-3091-1945 |\u00a0leiapris@usp.br\u00a0| Lattes Sala 15 \/ Bloco F Concluiu o Mestrado em Psicologia Cl\u00ednica em 1986 e o Doutorado em Psicologia Cl\u00ednica em 1993, ambos pela Universidade de S\u00e3o Paulo. \u00c9 Professora Doutora do Departamento de Psicologia Cl\u00ednica do Instituto de Psicologia da [&hellip;]<\/p>\n","protected":false},"author":2,"featured_media":0,"parent":0,"menu_order":0,"comment_status":"closed","ping_status":"closed","template":"","meta":{"_acf_changed":false,"footnotes":""},"categories":[395,458],"tags":[],"class_list":["post-15584","page","type-page","status-publish","hentry","category-institucional","category-servidores-docentes"],"acf":[],"jetpack_sharing_enabled":true,"_links":{"self":[{"href":"https:\/\/www.ip.usp.br\/site\/wp-json\/wp\/v2\/pages\/15584","targetHints":{"allow":["GET"]}}],"collection":[{"href":"https:\/\/www.ip.usp.br\/site\/wp-json\/wp\/v2\/pages"}],"about":[{"href":"https:\/\/www.ip.usp.br\/site\/wp-json\/wp\/v2\/types\/page"}],"author":[{"embeddable":true,"href":"https:\/\/www.ip.usp.br\/site\/wp-json\/wp\/v2\/users\/2"}],"replies":[{"embeddable":true,"href":"https:\/\/www.ip.usp.br\/site\/wp-json\/wp\/v2\/comments?post=15584"}],"version-history":[{"count":12,"href":"https:\/\/www.ip.usp.br\/site\/wp-json\/wp\/v2\/pages\/15584\/revisions"}],"predecessor-version":[{"id":36488,"href":"https:\/\/www.ip.usp.br\/site\/wp-json\/wp\/v2\/pages\/15584\/revisions\/36488"}],"wp:attachment":[{"href":"https:\/\/www.ip.usp.br\/site\/wp-json\/wp\/v2\/media?parent=15584"}],"wp:term":[{"taxonomy":"category","embeddable":true,"href":"https:\/\/www.ip.usp.br\/site\/wp-json\/wp\/v2\/categories?post=15584"},{"taxonomy":"post_tag","embeddable":true,"href":"https:\/\/www.ip.usp.br\/site\/wp-json\/wp\/v2\/tags?post=15584"}],"curies":[{"name":"wp","href":"https:\/\/api.w.org\/{rel}","templated":true}]}}