{"id":15608,"date":"2016-12-01T07:39:12","date_gmt":"2016-12-01T10:39:12","guid":{"rendered":"https:\/\/www.ip.usp.br\/site\/?page_id=15608"},"modified":"2025-05-27T16:51:42","modified_gmt":"2025-05-27T19:51:42","slug":"lineu-norio-kohatsu","status":"publish","type":"page","link":"https:\/\/www.ip.usp.br\/site\/lineu-norio-kohatsu\/","title":{"rendered":"Lineu Norio Kohatsu"},"content":{"rendered":"<p>&nbsp;<\/p>\n<table style=\"border-collapse: collapse; width: 100%;\">\n<tbody>\n<tr>\n<td style=\"width: 88.9392%;\"><\/td>\n<td style=\"width: 3.42143%;\"><\/td>\n<td style=\"width: 3.78349%;\"><a href=\"https:\/\/www.ip.usp.br\/site\/lineu-norio-kohatsu-2\/\"><img decoding=\"async\" class=\"alignnone size-full wp-image-19626\" src=\"https:\/\/www.ip.usp.br\/site\/wp-content\/uploads\/2018\/08\/us.gif\" alt=\"\" width=\"20\" height=\"14\" \/><\/a><\/td>\n<td style=\"width: 3.8559%;\"><a href=\"https:\/\/www.ip.usp.br\/site\/lineu-norio-kohatsu-3\/\"><img decoding=\"async\" class=\"alignnone size-full wp-image-19623\" src=\"https:\/\/www.ip.usp.br\/site\/wp-content\/uploads\/2018\/08\/es.gif\" alt=\"\" width=\"20\" height=\"14\" \/><\/a><\/td>\n<\/tr>\n<\/tbody>\n<\/table>\n<table style=\"border-collapse: collapse; width: 100%;\" border=\"0\">\n<tbody>\n<tr>\n<td style=\"width: 9.31835%;\"><img decoding=\"async\" class=\"alignleft wp-image-29879 size-full\" src=\"https:\/\/www.ip.usp.br\/site\/wp-content\/uploads\/2019\/12\/LINEU-Copia-e1734527893308.png\" alt=\"\" width=\"172\" height=\"214\" \/><\/td>\n<td style=\"width: 90.6817%; text-align: right;\"><strong>Departamento de Psicologia da Aprendizagem, do Desenvolvimento e da Personalidade<\/strong><br \/>\n<strong style=\"font-family: inherit; font-size: inherit;\">Programa de P\u00f3s-Gradua\u00e7\u00e3o em Psicologia Escolar e do Desenvolvimento Humano<br \/>\n<\/strong><strong style=\"font-family: inherit; font-size: inherit;\">Linha de Pesquisa:<\/strong><span style=\"font-family: inherit; font-size: inherit;\"> Psicologia, Institui\u00e7\u00f5es e Sociedade: Media\u00e7\u00f5es do Desenvolvimento Humano<br \/>\n<\/span><strong style=\"font-family: inherit; font-size: inherit;\">Pesquisas:\u00a0<\/strong><span style=\"font-family: inherit; font-size: inherit;\">Educa\u00e7\u00e3o escolar de estudantes de origem migrante<\/span><span style=\"font-family: inherit; font-size: inherit;\"><br \/>\n<\/span><a href=\"mailto:lineu@usp.br\">lineu@usp.br<\/a>\u00a0| <em><a href=\"http:\/\/lattes.cnpq.br\/7570692812404966\">Lattes<\/a> <\/em>| <a href=\"https:\/\/scholar.google.com.br\/scholar?q=Lineu+Norio+Kohatsu&amp;btnG=&amp;hl=pt-BR&amp;as_sdt=0%2C5\" target=\"_blank\" rel=\"noopener noreferrer\">Google Acad\u00eamico<\/a><\/td>\n<\/tr>\n<\/tbody>\n<\/table>\n<hr \/>\n<p>Gradua\u00e7\u00e3o em Psicologia pela Pontif\u00edcia Universidade Cat\u00f3lica de S\u00e3o Paulo, especializa\u00e7\u00e3o em Dist\u00farbios do Desenvolvimento pela Universidade Presbiteriana Mackenzie, mestrado e doutorado no Programa de P\u00f3s-Gradua\u00e7\u00e3o em Psicologia Escolar e do Desenvolvimento Humano \u2013 IPUSP. P\u00f3s-doutorado na Universidade do Porto, Portugal. Professor Associado do Instituto de Psicologia da Universidade de S\u00e3o Paulo. Desenvolve pesquisas sobre a inclus\u00e3o escolar de estudantes de origem migrante e sobre o uso da fotografia e do v\u00eddeo em pesquisa de psicologia.<\/p>\n","protected":false},"excerpt":{"rendered":"<p>&nbsp; Departamento de Psicologia da Aprendizagem, do Desenvolvimento e da Personalidade Programa de P\u00f3s-Gradua\u00e7\u00e3o em Psicologia Escolar e do Desenvolvimento Humano Linha de Pesquisa: Psicologia, Institui\u00e7\u00f5es e Sociedade: Media\u00e7\u00f5es do Desenvolvimento Humano Pesquisas:\u00a0Educa\u00e7\u00e3o escolar de estudantes de origem migrante lineu@usp.br\u00a0| Lattes | Google Acad\u00eamico Gradua\u00e7\u00e3o em Psicologia pela Pontif\u00edcia Universidade Cat\u00f3lica de S\u00e3o Paulo, especializa\u00e7\u00e3o [&hellip;]<\/p>\n","protected":false},"author":2,"featured_media":0,"parent":0,"menu_order":0,"comment_status":"closed","ping_status":"closed","template":"","meta":{"_acf_changed":false,"footnotes":""},"categories":[395,458],"tags":[],"class_list":["post-15608","page","type-page","status-publish","hentry","category-institucional","category-servidores-docentes"],"acf":[],"jetpack_sharing_enabled":true,"_links":{"self":[{"href":"https:\/\/www.ip.usp.br\/site\/wp-json\/wp\/v2\/pages\/15608","targetHints":{"allow":["GET"]}}],"collection":[{"href":"https:\/\/www.ip.usp.br\/site\/wp-json\/wp\/v2\/pages"}],"about":[{"href":"https:\/\/www.ip.usp.br\/site\/wp-json\/wp\/v2\/types\/page"}],"author":[{"embeddable":true,"href":"https:\/\/www.ip.usp.br\/site\/wp-json\/wp\/v2\/users\/2"}],"replies":[{"embeddable":true,"href":"https:\/\/www.ip.usp.br\/site\/wp-json\/wp\/v2\/comments?post=15608"}],"version-history":[{"count":11,"href":"https:\/\/www.ip.usp.br\/site\/wp-json\/wp\/v2\/pages\/15608\/revisions"}],"predecessor-version":[{"id":51979,"href":"https:\/\/www.ip.usp.br\/site\/wp-json\/wp\/v2\/pages\/15608\/revisions\/51979"}],"wp:attachment":[{"href":"https:\/\/www.ip.usp.br\/site\/wp-json\/wp\/v2\/media?parent=15608"}],"wp:term":[{"taxonomy":"category","embeddable":true,"href":"https:\/\/www.ip.usp.br\/site\/wp-json\/wp\/v2\/categories?post=15608"},{"taxonomy":"post_tag","embeddable":true,"href":"https:\/\/www.ip.usp.br\/site\/wp-json\/wp\/v2\/tags?post=15608"}],"curies":[{"name":"wp","href":"https:\/\/api.w.org\/{rel}","templated":true}]}}