{"id":15641,"date":"2016-12-01T09:54:03","date_gmt":"2016-12-01T12:54:03","guid":{"rendered":"https:\/\/www.ip.usp.br\/site\/?page_id=15641"},"modified":"2024-08-27T15:48:06","modified_gmt":"2024-08-27T18:48:06","slug":"irai-cristina-boccato-alves","status":"publish","type":"page","link":"https:\/\/www.ip.usp.br\/site\/irai-cristina-boccato-alves\/","title":{"rendered":"Irai Cristina Boccato Alves"},"content":{"rendered":"<table style=\"border-collapse: collapse;width: 100%\" border=\"0\">\n<tbody>\n<tr>\n<td style=\"width: 14.7201%\">\n<h5><img decoding=\"async\" class=\"alignnone wp-image-40895 size-thumbnail\" src=\"https:\/\/www.ip.usp.br\/site\/wp-content\/uploads\/2022\/11\/IraiCBAlves-150x150.jpg\" alt=\"\" width=\"150\" height=\"150\" \/><\/h5>\n<\/td>\n<td style=\"width: 85.2799%;text-align: left\">\n<h5><strong>Departamento de Psicologia da Aprendizagem, do Desenvolvimento e da Personalidade<\/strong><\/h5>\n<h5><strong>Linhas de Pesquisa<\/strong>: Avalia\u00e7\u00e3o Psicol\u00f3gica. Caracter\u00edsticas do Desenho da Figura Humana em diversos contextos.<\/h5>\n<h5><strong>Telefone<\/strong>:\u00a055 11-2648-0214 |\u00a0<a href=\"mailto:iraicba@usp.br\">iraicba@usp.br<\/a>\u00a0| <em><a href=\"http:\/\/lattes.cnpq.br\/4535137099031680\">Lattes<\/a>\u00a0<\/em>| <a href=\"https:\/\/scholar.google.com.br\/scholar?q=Ira%C3%AD+Cristina+Boccato+Alves&amp;btnG=&amp;hl=pt-BR&amp;as_sdt=0%2C5\" target=\"_blank\" rel=\"noopener\">Google Acad\u00eamico<\/a><\/h5>\n<\/td>\n<\/tr>\n<\/tbody>\n<\/table>\n<p>&nbsp;<\/p>\n","protected":false},"excerpt":{"rendered":"<p>Departamento de Psicologia da Aprendizagem, do Desenvolvimento e da Personalidade Linhas de Pesquisa: Avalia\u00e7\u00e3o Psicol\u00f3gica. Caracter\u00edsticas do Desenho da Figura Humana em diversos contextos. Telefone:\u00a055 11-2648-0214 |\u00a0iraicba@usp.br\u00a0| Lattes\u00a0| Google Acad\u00eamico &nbsp;<\/p>\n","protected":false},"author":2,"featured_media":0,"parent":0,"menu_order":0,"comment_status":"closed","ping_status":"closed","template":"","meta":{"_acf_changed":false,"footnotes":""},"categories":[395,458],"tags":[],"class_list":["post-15641","page","type-page","status-publish","hentry","category-institucional","category-servidores-docentes"],"acf":[],"jetpack_sharing_enabled":true,"_links":{"self":[{"href":"https:\/\/www.ip.usp.br\/site\/wp-json\/wp\/v2\/pages\/15641","targetHints":{"allow":["GET"]}}],"collection":[{"href":"https:\/\/www.ip.usp.br\/site\/wp-json\/wp\/v2\/pages"}],"about":[{"href":"https:\/\/www.ip.usp.br\/site\/wp-json\/wp\/v2\/types\/page"}],"author":[{"embeddable":true,"href":"https:\/\/www.ip.usp.br\/site\/wp-json\/wp\/v2\/users\/2"}],"replies":[{"embeddable":true,"href":"https:\/\/www.ip.usp.br\/site\/wp-json\/wp\/v2\/comments?post=15641"}],"version-history":[{"count":16,"href":"https:\/\/www.ip.usp.br\/site\/wp-json\/wp\/v2\/pages\/15641\/revisions"}],"predecessor-version":[{"id":48097,"href":"https:\/\/www.ip.usp.br\/site\/wp-json\/wp\/v2\/pages\/15641\/revisions\/48097"}],"wp:attachment":[{"href":"https:\/\/www.ip.usp.br\/site\/wp-json\/wp\/v2\/media?parent=15641"}],"wp:term":[{"taxonomy":"category","embeddable":true,"href":"https:\/\/www.ip.usp.br\/site\/wp-json\/wp\/v2\/categories?post=15641"},{"taxonomy":"post_tag","embeddable":true,"href":"https:\/\/www.ip.usp.br\/site\/wp-json\/wp\/v2\/tags?post=15641"}],"curies":[{"name":"wp","href":"https:\/\/api.w.org\/{rel}","templated":true}]}}