{"id":15694,"date":"2016-12-01T12:22:16","date_gmt":"2016-12-01T15:22:16","guid":{"rendered":"https:\/\/www.ip.usp.br\/site\/?page_id=15694"},"modified":"2022-11-08T10:59:15","modified_gmt":"2022-11-08T13:59:15","slug":"emma-otta","status":"publish","type":"page","link":"https:\/\/www.ip.usp.br\/site\/emma-otta\/","title":{"rendered":"Emma Otta"},"content":{"rendered":"<table style=\"border-collapse: collapse;width: 99.9273%;height: 133px\" border=\"0\">\n<tbody>\n<tr style=\"height: 133px\">\n<td style=\"width: 12.2305%;height: 133px\"><img decoding=\"async\" class=\"alignnone wp-image-40861 \" src=\"https:\/\/www.ip.usp.br\/site\/wp-content\/uploads\/2022\/11\/emma-otta-2-150x150.jpg\" alt=\"\" width=\"170\" height=\"170\" srcset=\"https:\/\/www.ip.usp.br\/site\/wp-content\/uploads\/2022\/11\/emma-otta-2-150x150.jpg 150w, https:\/\/www.ip.usp.br\/site\/wp-content\/uploads\/2022\/11\/emma-otta-2-300x300.jpg 300w, https:\/\/www.ip.usp.br\/site\/wp-content\/uploads\/2022\/11\/emma-otta-2.jpg 492w\" sizes=\"(max-width: 170px) 100vw, 170px\" \/><span style=\"color: #ffffff;font-family: inherit;font-size: inherit\">.<\/span><\/td>\n<td style=\"width: 1.16707%;text-align: left\"><\/td>\n<td style=\"width: 86.6022%;height: 133px;text-align: right\"><strong>Departamento de Psicologia Experimental<\/strong><br \/>\n<strong>Linhas de Pesquisa<\/strong>: Etologia. Etologia Humana. Psicologia Evolucionista. Psicologia Comparativa e Animal.<br \/>\n<strong>Telefone<\/strong>: 55 11\u00a03818-4448\/1934\u00a0| Fax: 55 11-3091-4357 | <a href=\"mailto:emmaotta@gmail.com\">emmaotta@gmail.com<\/a>\u00a0\/ <a href=\"mailto:emmaotta@usp.br\">emmaotta@usp.br<\/a>\u00a0| <a href=\"http:\/\/buscatextual.cnpq.br\/buscatextual\/visualizacv.do?id=K4787017Y6\"><em>Lattes<\/em>\u00a0<\/a><\/td>\n<\/tr>\n<\/tbody>\n<\/table>\n<hr \/>\n<p style=\"text-align: justify\">Doutorou-se em 1984 no Programa de P\u00f3s-Gradua\u00e7\u00e3o em Psicologia Experimental da USP. \u00c9 professora titular do Departamento de Psicologia Experimental do Instituto de Psicologia Experimental, contratada pela Universidade de S\u00e3o Paulo desde 1981. Atua na linha de pesquisa Comportamento Animal e Etologia do Programa de P\u00f3s-Gradua\u00e7\u00e3o em Psicologia Experimental. Coordena o Grupo de Pesquisa Comportamento e Evolu\u00e7\u00e3o do Diret\u00f3rio de Grupos de Pesquisa do CNPq e \u00e9 membro do Grupo de Trabalho da <a href=\"http:\/\/www.anpepp.org.br\/\">ANPEPP<\/a>, Psicologia Evolucionista.<\/p>\n<p>Tem especial interesse na an\u00e1lise das rela\u00e7\u00f5es entre natureza e cultura. Acumulam-se indicadores filogen\u00e9ticos e ontogen\u00e9ticos do processo adaptativo de evolu\u00e7\u00e3o que tornou o ser humano biologicamente cultural. Ao mesmo tempo, ainda n\u00e3o foram suficientemente exploradas as implica\u00e7\u00f5es destas concep\u00e7\u00f5es para a Psicologia. A hist\u00f3ria da dicotomia inato versus adquirido nas ci\u00eancias do comportamento \u00e9 longa e controversa, o que reflete a complexidade da intera\u00e7\u00e3o de efeitos e a necessidade de investimento reflexivo sistem\u00e1tico para supera\u00e7\u00e3o da dicotomia e para que sejam feitos progressos conceituais e metodol\u00f3gicos. A heran\u00e7a de padr\u00f5es comportamentais tem sido severamente subestimada na psicologia. O interesse da docente centra-se na aplica\u00e7\u00e3o da perspectiva evolucionista \u00e0 an\u00e1lise de temas como arquitetura da mente, integra\u00e7\u00e3o entre raz\u00e3o emo\u00e7\u00e3o, vincula\u00e7\u00e3o afetiva e sexualidade.<\/p>\n<div>\n<div>\n<h3>Disciplinas<\/h3>\n<\/div>\n<\/div>\n<div class=\"row content\">\n<div class=\"col-md-10 col-md-offset-1\">\n<h4>Gradua\u00e7\u00e3o<\/h4>\n<ul>\n<li><a href=\"https:\/\/sistemas2.usp.br\/jupiterweb\/obterDisciplina?sgldis=pse1444&amp;nomdis=\">PSE1444 \u2013 Motiva\u00e7\u00e3o e Emo\u00e7\u00e3o<\/a><\/li>\n<li><a href=\"https:\/\/sistemas2.usp.br\/jupiterweb\/obterDisciplina?sgldis=PSE5142&amp;verdis=2\">PSE5142 \u2013 Motiva\u00e7\u00e3o em Sala de Aula<\/a><\/li>\n<\/ul>\n<h4>P\u00f3s-Gradua\u00e7\u00e3o<\/h4>\n<ul>\n<li><a href=\"https:\/\/sistemas.usp.br\/fenixweb\/fexDisciplina?sgldis=PSE5778\">PSE5778 \u2013 Comportamento Humano: Origens Evolutivas<\/a><\/li>\n<li><a href=\"https:\/\/sistemas.usp.br\/fenixweb\/fexDisciplina?sgldis=PSE5834\">PSE5834 \u2013 Semin\u00e1rios de Pesquisa em Etologia<\/a><\/li>\n<\/ul>\n<p><a href=\"http:\/\/moodle.redealuno.usp.br\/moodle\/\">Moodle<\/a> para os alunos inscritos na disciplina<\/p>\n<h3>Projetos<\/h3>\n<ul>\n<li>1980-Atual: Comportamento animal: motiva\u00e7\u00e3o e ontog\u00eanese<\/li>\n<li>1986-Atual: O papel das emo\u00e7\u00f5es: ontog\u00eanese de movimentos expressivos<\/li>\n<li>1996-Atual: Evolu\u00e7\u00e3o humana: Natureza e cultura<\/li>\n<li>1997-Atual: Enfoque etol\u00f3gico \u00e0 ontog\u00eanese do comportamento social da crian\u00e7a. Estudo de depress\u00e3o p\u00f3s-parto com fator de risco para o desenvolvimento (2006-atual)<\/li>\n<li>2010-Atual: Terapia Assistida com Animais para Crian\u00e7as com Autismo (coordenadora)<\/li>\n<\/ul>\n<h3>Grupos de Pesquisa<\/h3>\n<p>ANPEPP &#8211;\u00a0 Psicologia Evolucionista (GT48)<\/p>\n<h3>Laborat\u00f3rios<\/h3>\n<ul>\n<li><a href=\"https:\/\/www.ip.usp.br\/portal\/index.php?option=com_content&amp;view=article&amp;id=2687%3Alaboratorio-de-psicologia-comparativa-e-etologia-setor-comunicacao-nao-verbal-e-desenvolvimento&amp;catid=401%3Alaboratorio-de-psicologia-comparativa-e-etologia-setor-comunicacao-nao-verbal-e-desenvolvimento&amp;Itemid=92&amp;lang=pt\">Laborat\u00f3rio de Psicologia Comparativa e Etologia &#8211; Setor Comunica\u00e7\u00e3o N\u00e3o-Verbal e Desenvolvimento<\/a><\/li>\n<li><a href=\"https:\/\/www.ip.usp.br\/portal\/index.php?option=com_content&amp;view=article&amp;id=2363%3Alab-de-obs-e-registro-do-comportamento-humano&amp;catid=366%3Alab-de-obs-e-registro-do-comportamento-humano&amp;Itemid=92&amp;lang=pt\">Laborat\u00f3rio de Observa\u00e7\u00e3o e Registro do Comportamento Humano<\/a><\/li>\n<\/ul>\n<h3>Publica\u00e7\u00f5es<\/h3>\n<p><a href=\"https:\/\/www.ip.usp.br\/portal\/index.php?option=com_content&amp;view=article&amp;id=3306%3Apublicacoes&amp;catid=196%3Adocentes-emma-otta&amp;Itemid=92&amp;lang=pt\">Clique aqui para ver <strong>Publica\u00e7\u00f5es por Ano<\/strong><\/a><\/p>\n<h4>Comportamento Animal e Endocrinologia Comportamental<\/h4>\n<ul>\n<li><a class=\"jce_file\" href=\"https:\/\/www.ip.usp.br\/portal\/images\/stories\/Chelini_Palme_Emma_Social_stress_2011.pdf\">Chelini MO, Palme R, Otta E. (2011) Social stress and reproductive success in the female Syrian hamster: endocrine and behavioral correlates. Physiology and Behavior, 104(5), 948-54.<\/a><\/li>\n<li><a class=\"jce_file\" href=\"https:\/\/www.ip.usp.br\/portal\/images\/stories\/Chelini_Oliveira_Otta_validacao_de_um_radioimunoensaio.pdf\">Chelini, M. M. ; Oliveira, C. A. de ; Otta, E. (2011). Valida\u00e7\u00e3o de um radioimunoensaio para a quantifica\u00e7\u00e3o de metab\u00f3litos fecais de testosterona em hamster S\u00edrio (Mesocricetus auratus). Pesquisa Veterin\u00e1ria Brasileira (Impresso), v. 31, p. 459-463.<\/a><\/li>\n<li><a class=\"jce_file\" href=\"https:\/\/www.ip.usp.br\/portal\/images\/stories\/CheliniOtta_Yamakita_Palme_sex_differences_2010.pdf\">Chelini, M. M. ; Otta, E. ; Yamakita, C. ; Palme, R. (2010). Sex differences in the excretion of fecal glucocorticoid metabolites in the Syrian hamster. Journal of Comparative Physiology. B, Biochemical, Systemic, and Environmental Physiology, p. 1432-136x.<\/a><\/li>\n<li><a class=\"jce_file\" href=\"https:\/\/www.ip.usp.br\/portal\/images\/stories\/Chelini_Souza_Otta_Breeding_system_2011.pdf\">Chelini, M. O. M. ; Souza, N. L. ; OTTA, E. . Breeding system can affect the offspring sex ratio in Syrian hamsters. Laboratory Animals (London) , v. 45, p. 55-57, 2011.<\/a><\/li>\n<\/ul>\n<h4>Emo\u00e7\u00e3o e Comunica\u00e7\u00e3o<\/h4>\n<ul>\n<li><a class=\"jce_file\" href=\"https:\/\/www.ip.usp.br\/portal\/images\/stories\/Oliva_Otta_Ribeiro_Bussab_Razao_emocao_2006.pdf\">Oliva, A. D., Otta, E., Ribeiro, F. L., Bussab, V. S., Lopes, F. A., Yamamoto, M. E. &amp; R. . Moura, M. L. S. (2006). Raz\u00e3o, emo\u00e7\u00e3o e a\u00e7\u00e3o em cena: a mente humana. Psicologia. Teoria e Pesquisa, v. 22, p. 53-62, 2006.<\/a><\/li>\n<li><a class=\"jce_file\" href=\"https:\/\/www.ip.usp.br\/portal\/images\/stories\/Souza_Verderane_Taira_Otta_emotional_and_sexual_2006.pdf\">Souza, A. A. L., Verderane, M. P., Taira, J. T. &amp; Otta, E. (2006). Emotional and sexual jealousy as a function of sex and sexual orientation in a Brazilian sample. Psychological Reports, 98, 529-535.<\/a><\/li>\n<\/ul>\n<h4>Comportamento Reprodutivo e Parental<\/h4>\n<ul>\n<li><a class=\"jce_file\" href=\"https:\/\/www.ip.usp.br\/portal\/images\/stories\/Viegas_Silva_Cecchini_Felipe_Otta_depressao_ps-parto_2008.pdf\">Viegas, L. M., Silva, G. A., Cecchini, M., Felipe, R., Otta, E. &amp; Bussab, V. S. R. (2008). Depress\u00e3o p\u00f3s-parto, hist\u00f3rico reprodutivo materno e apoio social. Boletim do Instituto de Sa\u00fade, 46, 9-11.<\/a><\/li>\n<li><a class=\"jce_file\" href=\"https:\/\/www.ip.usp.br\/portal\/images\/stories\/Fonseca_Silva_Otta_relao_entre_depresso_2010.pdf\">Fonseca, V. R. ; Silva, G. A. ; Otta, E. (2010). Rela\u00e7\u00e3o entre depress\u00e3o p\u00f3s-parto e disponibilidade emocional materna. Cadernos de Sa\u00fade P\u00fablica (ENSP. Impresso), v. 26, p. 738-746.<\/a><\/li>\n<\/ul>\n<h4>Desenvolvimento e Comportamento L\u00fadico<\/h4>\n<ul>\n<li><a class=\"jce_file\" href=\"https:\/\/www.ip.usp.br\/portal\/images\/stories\/Morais_Otta_diferenas_culturais_e_de_genero_2008.pdf\">Morais, M. L. S. E. &amp; Otta, E. (2008). Diferen\u00e7as culturais e de g\u00eanero em conflitos de pr\u00e9-escolares. Psicologia. Reflex\u00e3o e Cr\u00edtica, 21 (2), p. 221-232.<\/a><\/li>\n<li><a class=\"jce_file\" href=\"https:\/\/www.ip.usp.br\/portal\/images\/stories\/Gosso_Morais_Otta_pretend_play_of_brazilian_2007.pdf\">Gosso, Y., Morais, M. L. S. &amp; Otta, E. (2007). Pretend play of Brazilian children: A window into different cultural worlds. Journal of Cross-Cultural Psychology, 38, 539-558, 2007.<\/a><\/li>\n<li><a class=\"jce_file\" href=\"https:\/\/www.ip.usp.br\/portal\/images\/stories\/Gosso_Morais_Otta_Pivos_utilizados_nas_brincadeiras_2006.pdf\">Gosso, Y., Morais, M. L. S. &amp; Otta, E. (2006). Piv\u00f4s utilizados nas brincadeiras de faz-de-conta de crian\u00e7as brasileiras de cinco grupos culturais. Estudos de Psicologia (Natal), 11 (1), 17-24.<\/a><\/li>\n<\/ul>\n<\/div>\n<\/div>\n","protected":false},"excerpt":{"rendered":"<p>. Departamento de Psicologia Experimental Linhas de Pesquisa: Etologia. Etologia Humana. Psicologia Evolucionista. Psicologia Comparativa e Animal. Telefone: 55 11\u00a03818-4448\/1934\u00a0| Fax: 55 11-3091-4357 | emmaotta@gmail.com\u00a0\/ emmaotta@usp.br\u00a0| Lattes\u00a0 Doutorou-se em 1984 no Programa de P\u00f3s-Gradua\u00e7\u00e3o em Psicologia Experimental da USP. \u00c9 professora titular do Departamento de Psicologia Experimental do Instituto de Psicologia Experimental, contratada pela Universidade [&hellip;]<\/p>\n","protected":false},"author":2,"featured_media":0,"parent":0,"menu_order":0,"comment_status":"closed","ping_status":"closed","template":"","meta":{"_acf_changed":false,"footnotes":""},"categories":[395,458],"tags":[],"class_list":["post-15694","page","type-page","status-publish","hentry","category-institucional","category-servidores-docentes"],"acf":[],"jetpack_sharing_enabled":true,"_links":{"self":[{"href":"https:\/\/www.ip.usp.br\/site\/wp-json\/wp\/v2\/pages\/15694","targetHints":{"allow":["GET"]}}],"collection":[{"href":"https:\/\/www.ip.usp.br\/site\/wp-json\/wp\/v2\/pages"}],"about":[{"href":"https:\/\/www.ip.usp.br\/site\/wp-json\/wp\/v2\/types\/page"}],"author":[{"embeddable":true,"href":"https:\/\/www.ip.usp.br\/site\/wp-json\/wp\/v2\/users\/2"}],"replies":[{"embeddable":true,"href":"https:\/\/www.ip.usp.br\/site\/wp-json\/wp\/v2\/comments?post=15694"}],"version-history":[{"count":16,"href":"https:\/\/www.ip.usp.br\/site\/wp-json\/wp\/v2\/pages\/15694\/revisions"}],"predecessor-version":[{"id":41028,"href":"https:\/\/www.ip.usp.br\/site\/wp-json\/wp\/v2\/pages\/15694\/revisions\/41028"}],"wp:attachment":[{"href":"https:\/\/www.ip.usp.br\/site\/wp-json\/wp\/v2\/media?parent=15694"}],"wp:term":[{"taxonomy":"category","embeddable":true,"href":"https:\/\/www.ip.usp.br\/site\/wp-json\/wp\/v2\/categories?post=15694"},{"taxonomy":"post_tag","embeddable":true,"href":"https:\/\/www.ip.usp.br\/site\/wp-json\/wp\/v2\/tags?post=15694"}],"curies":[{"name":"wp","href":"https:\/\/api.w.org\/{rel}","templated":true}]}}