{"id":15772,"date":"2016-12-01T14:20:27","date_gmt":"2016-12-01T17:20:27","guid":{"rendered":"https:\/\/www.ip.usp.br\/site\/?page_id=15772"},"modified":"2022-11-08T11:04:01","modified_gmt":"2022-11-08T14:04:01","slug":"fraulein-vidigal-de-paula","status":"publish","type":"page","link":"https:\/\/www.ip.usp.br\/site\/fraulein-vidigal-de-paula\/","title":{"rendered":"Fraulein Vidigal de Paula"},"content":{"rendered":"<table style=\"border-collapse: collapse;width: 100%\" border=\"0\">\n<tbody>\n<tr>\n<td style=\"width: 12.7728%\"><img decoding=\"async\" class=\"alignleft wp-image-22966 size-thumbnail\" src=\"https:\/\/www.ip.usp.br\/site\/wp-content\/uploads\/2018\/09\/Fraulein1-150x150.jpg\" alt=\"\" width=\"150\" height=\"150\" \/><\/td>\n<td style=\"width: 87.2272%;text-align: right\"><strong>Departamento de Psicologia da Aprendizagem, do Desenvolvimento e da Personalidade<\/strong><br \/>\n<strong>Linhas de Pesquisa<\/strong>: Linhas de Pesquisa: Psicologia cognitiva. Psicologia da aprendizagem. Cogni\u00e7\u00e3o, cogni\u00e7\u00e3o social, metacogni\u00e7\u00e3o e linguagem; Desenvolvimento metalingu\u00edstico; Contextos, condi\u00e7\u00f5es e processos de aprendizagem, principalmente da leitura e da escrita.<br \/>\nProcessos de aprendizagem e ensino de leitura, escrita e de ci\u00eancias.<br \/>\n<strong>Telefone<\/strong>: 55 11-3091-4185 \/ Fax 55 11-3813-8895 |\u00a0<a href=\"mailto:fraulein@usp.br\">fraulein@usp.br<\/a>\u00a0| <a href=\"http:\/\/lattes.cnpq.br\/2233787525899622\"><em>Lattes<\/em><\/a><em>\u00a0<\/em>| <a href=\"https:\/\/scholar.google.com.br\/scholar?q=Fraulein+Vidigal+de+Paula&amp;btnG=&amp;hl=pt-BR&amp;as_sdt=0%2C5\" target=\"_blank\" rel=\"noopener noreferrer\">Google Acad\u00eamico<\/a> |<a href=\"http:\/\/orcid.org\/0000-0001-5767-9745\">Orcid<\/a> | <a href=\"https:\/\/www.scopus.com\/authid\/detail.uri?authorId=49650\">Scopus<\/a> | <a href=\"https:\/\/publons.com\/researcher\/2534172\/fraulein-vidigal-de-paula\/\">Research ID<\/a><\/td>\n<\/tr>\n<\/tbody>\n<\/table>\n<hr \/>\n<p>\u00c1reas e temas de trabalho: Psicologia cognitiva. Psicologia da aprendizagem. Cogni\u00e7\u00e3o, cogni\u00e7\u00e3o social, metacogni\u00e7\u00e3o e linguagem; Desenvolvimento metalingu\u00edstico; Contextos, condi\u00e7\u00f5es e processos de aprendizagem, principalmente da leitura e da escrita.<\/p>\n<p style=\"text-align: justify\">Atualmente, estou especialmente interessada em estudar e produzir conhecimento a respeito dos processos cognitivos envolvidos na aprendizagem e aperfei\u00e7oamento da linguagem escrita, suas rela\u00e7\u00f5es com o desenvolvimento da linguagem oral e as peculiaridades lingu\u00edsticas do idioma; aperfei\u00e7oar estrat\u00e9gias metodol\u00f3gicas para a investiga\u00e7\u00e3o desses temas e pensar sobre suas implica\u00e7\u00f5es educacionais. Meus principais temas de s\u00e3o: aprendizagem da escrita, conhecimento morfol\u00f3gico (constru\u00e7\u00e3o do sentido das palavras), aquisi\u00e7\u00e3o de vocabul\u00e1rio, desenvolvimento metalingu\u00edstico e metacognitivo, na educa\u00e7\u00e3o infantil e no ensino fundamental. Saber ler e escrever s\u00e3o habilidades de import\u00e2ncia central na sociedade contempor\u00e2nea, condi\u00e7\u00e3o para acesso a uma diversidade de conhecimentos e participa\u00e7\u00e3o em v\u00e1rias atividades cotidianas. No entanto, explicar como essas s\u00e3o adquiridas \u00e9 uma tarefa complexa que tem desafiado e gerado ampla gama de conhecimentos cient\u00edficos, no \u00e2mbito da psicologia cognitiva. Nesse sentido \u00e9 de suma import\u00e2ncia sistematizar, difundir e ampliar essa produ\u00e7\u00e3o, pois muitas s\u00e3o as quest\u00f5es e controv\u00e9rsias que permanecem em aberto convidando a novas pesquisas e descobertas. Tenho colaborado com pesquisadores de universidades do pa\u00eds e do exterior que compartilham dessas mesmas inquieta\u00e7\u00f5es. Participo como membro do GT Desenvolvimento Sociolingu\u00edstico e da Linguagem da ANPEPP.<\/p>\n<h3>Disciplinas<\/h3>\n<h4><strong>Gradua\u00e7\u00e3o<\/strong><\/h4>\n<p><a href=\"http:\/\/sistemas2.usp.br\/jupiterweb\/obterDisciplina?sgldis=PSA1200&amp;nomdis=\">PSA1200<\/a>\u00a0\u2013 Psicologia da Aprendizagem<br \/>\n<a href=\"http:\/\/sistemas2.usp.br\/jupiterweb\/obterDisciplina?sgldis=PSA2411&amp;nomdis=\">PSA2411<\/a>\u00a0\u2013 Pr\u00e1tica de Pesquisa em Psicologia I<br \/>\n<a href=\"http:\/\/sistemas2.usp.br\/jupiterweb\/obterDisciplina?sgldis=PSA2515&amp;nomdis=\">PSA2515<\/a>\u00a0\u2013 Pr\u00e1tica de Pesquisa em Psicologia II<br \/>\n<a href=\"http:\/\/sistemas2.usp.br\/jupiterweb\/obterDisciplina?sgldis=4701784&amp;nomdis=\">4701784<\/a>\u00a0\u2013 Trabalho de Pesquisa em Psicologia I<br \/>\n<a href=\"http:\/\/sistemas2.usp.br\/jupiterweb\/obterDisciplina?sgldis=4701885&amp;nomdis=\">4701885<\/a>\u00a0\u2013 Trabalho de pesquisa em Psicologia II<br \/>\n<a href=\"https:\/\/uspdigital.usp.br\/jupiterweb\/obterDisciplina?sgldis=4702893&amp;codcur=47011&amp;codhab=0\">4702893 1<\/a> \u2013 Est\u00e1gio Supervisionado I<br \/>\n<a href=\"https:\/\/uspdigital.usp.br\/jupiterweb\/obterDisciplina?sgldis=4703691&amp;codcur=47011&amp;codhab=0\">4703691 2<\/a> \u2013 A\u00e7\u00f5es Comunit\u00e1rias I<br \/>\n<a href=\"https:\/\/uspdigital.usp.br\/jupiterweb\/obterDisciplina?sgldis=4703792&amp;codcur=47011&amp;codhab=0\">4703792 2<\/a> \u2013 A\u00e7\u00f5es Comunit\u00e1rias II<\/p>\n<h4><strong>P\u00f3s-Gradua\u00e7\u00e3o<\/strong><\/h4>\n<p>PSA5896 \u2013 Linguagem escrita, aprendizagem e cultura<br \/>\nFLC6166 \u2013 Processos de Cogni\u00e7\u00e3o e de Linguagem: Di\u00e1logos Interdisciplinares<br \/>\nPSA5968 \u2013 Introdu\u00e7\u00e3o \u00e0 Neuropsicologia do Desenvolvimento<br \/>\nPSA5939 \u2013 Semin\u00e1rio Avan\u00e7ado de Pesquisa em Psicologia Cognitiva e Linguagem I<br \/>\nPSA5943 \u2013 Semin\u00e1rio Avan\u00e7ado de Pesquisa em Psicologia Cognitiva e Linguagem II<br \/>\nPSA5963 \u2013 Semin\u00e1rio Avan\u00e7ado de Pesquisa em Psicologia Cognitiva e Linguagem III<br \/>\nPSA5950 \u2013 Enfoques Te\u00f3rico-Metodol\u00f3gicos de Pesquisa em Psicologia<\/p>\n<h3>Projetos<\/h3>\n<h4><strong>Pesquisa<\/strong><\/h4>\n<p>&#8211; Impactos do aprendizado da leitura.<br \/>\n&#8211; Flu\u00eancia e compreens\u00e3o na leitura no ensino fundamental: qual o papel do processamento morfol\u00f3gico, lexical e da pros\u00f3dia?<br \/>\n&#8211; Investiga\u00e7\u00e3o do processo de auto regula\u00e7\u00e3o e o desenvolvimento de fun\u00e7\u00f5es executivas em portadores de TEA e em crian\u00e7as com desenvolvimento t\u00edpico.<\/p>\n<h4><strong>Extens\u00e3o e Divulga\u00e7\u00e3o Cient\u00edfica<\/strong><\/h4>\n<p>&#8211; Psicologia Cognitiva Aplicada a um Projeto de Educa\u00e7\u00e3o Popular<br \/>\n&#8211; Semin\u00e1rios Itinerantes: Psicologia para a Escola<br \/>\n&#8211; F\u00f3runs de \u00c9tica em Pesquisa na Psicologia<\/p>\n<h4><strong>Laborat\u00f3rio<\/strong><\/h4>\n<p><a href=\"https:\/\/www.ip.usp.br\/site\/laboratorio-de-estudos-sobre-desenvolvimento-e-aprendizagem-leda-lapp\/\"><strong>Laborat\u00f3rio de Estudos sobre o Desenvolvimento e a Aprendizagem (LEDA)<\/strong><\/a><\/p>\n","protected":false},"excerpt":{"rendered":"<p>Departamento de Psicologia da Aprendizagem, do Desenvolvimento e da Personalidade Linhas de Pesquisa: Linhas de Pesquisa: Psicologia cognitiva. Psicologia da aprendizagem. Cogni\u00e7\u00e3o, cogni\u00e7\u00e3o social, metacogni\u00e7\u00e3o e linguagem; Desenvolvimento metalingu\u00edstico; Contextos, condi\u00e7\u00f5es e processos de aprendizagem, principalmente da leitura e da escrita. Processos de aprendizagem e ensino de leitura, escrita e de ci\u00eancias. Telefone: 55 11-3091-4185 [&hellip;]<\/p>\n","protected":false},"author":2,"featured_media":0,"parent":0,"menu_order":0,"comment_status":"closed","ping_status":"closed","template":"","meta":{"_acf_changed":false,"footnotes":""},"categories":[395,458],"tags":[],"class_list":["post-15772","page","type-page","status-publish","hentry","category-institucional","category-servidores-docentes"],"acf":[],"jetpack_sharing_enabled":true,"_links":{"self":[{"href":"https:\/\/www.ip.usp.br\/site\/wp-json\/wp\/v2\/pages\/15772","targetHints":{"allow":["GET"]}}],"collection":[{"href":"https:\/\/www.ip.usp.br\/site\/wp-json\/wp\/v2\/pages"}],"about":[{"href":"https:\/\/www.ip.usp.br\/site\/wp-json\/wp\/v2\/types\/page"}],"author":[{"embeddable":true,"href":"https:\/\/www.ip.usp.br\/site\/wp-json\/wp\/v2\/users\/2"}],"replies":[{"embeddable":true,"href":"https:\/\/www.ip.usp.br\/site\/wp-json\/wp\/v2\/comments?post=15772"}],"version-history":[{"count":30,"href":"https:\/\/www.ip.usp.br\/site\/wp-json\/wp\/v2\/pages\/15772\/revisions"}],"predecessor-version":[{"id":41036,"href":"https:\/\/www.ip.usp.br\/site\/wp-json\/wp\/v2\/pages\/15772\/revisions\/41036"}],"wp:attachment":[{"href":"https:\/\/www.ip.usp.br\/site\/wp-json\/wp\/v2\/media?parent=15772"}],"wp:term":[{"taxonomy":"category","embeddable":true,"href":"https:\/\/www.ip.usp.br\/site\/wp-json\/wp\/v2\/categories?post=15772"},{"taxonomy":"post_tag","embeddable":true,"href":"https:\/\/www.ip.usp.br\/site\/wp-json\/wp\/v2\/tags?post=15772"}],"curies":[{"name":"wp","href":"https:\/\/api.w.org\/{rel}","templated":true}]}}