{"id":15803,"date":"2016-12-02T05:30:21","date_gmt":"2016-12-02T08:30:21","guid":{"rendered":"https:\/\/www.ip.usp.br\/site\/?page_id=15803"},"modified":"2022-11-08T11:13:38","modified_gmt":"2022-11-08T14:13:38","slug":"helena-rinaldi-rosa","status":"publish","type":"page","link":"https:\/\/www.ip.usp.br\/site\/helena-rinaldi-rosa\/","title":{"rendered":"Helena Rinaldi Rosa"},"content":{"rendered":"<table style=\"border-collapse: collapse;width: 100%\" border=\"0\">\n<tbody>\n<tr>\n<td style=\"width: 11.6477%\"><img decoding=\"async\" class=\"alignnone wp-image-25140 size-thumbnail\" src=\"https:\/\/www.ip.usp.br\/site\/wp-content\/uploads\/2018\/09\/helena-rinaldi-150x150.jpg\" alt=\"\" width=\"150\" height=\"150\" \/><\/td>\n<td style=\"width: 88.3523%;text-align: right\"><strong>Departamento de Psicologia da Aprendizagem, do Desenvolvimento e da Personalidade<\/strong><br \/>\n<strong>Linhas de Pesquisa<\/strong>: Fundamentos e Medidas da Psicologia\/Especialidade: Constru\u00e7\u00e3o e Validade de Testes,<br \/>\nEscalas e Outras Medidas Psicol\u00f3gicas. Tratamento e Preven\u00e7\u00e3o Psicol\u00f3gica: Interven\u00e7\u00e3o Terap\u00eautica e Psicologia da Sa\u00fade.<br \/>\n<strong>Telefone<\/strong>:\u00a055 11-2648-0210 |\u00a0<a href=\"mailto:hrinaldi@usp.br\">hrinaldi@usp.br<\/a>\u00a0| <a href=\"http:\/\/lattes.cnpq.br\/3525291475903148\"><em>Lattes<\/em><\/a> |<a href=\"https:\/\/scholar.google.com.br\/scholar?q=Helena+Rinaldi+Rosa&amp;btnG=&amp;hl=pt-BR&amp;as_sdt=0%2C5\" target=\"_blank\" rel=\"noopener\">Google Acad\u00eamico<\/a><\/td>\n<\/tr>\n<\/tbody>\n<\/table>\n<hr \/>\n<p style=\"text-align: justify\">Possui gradua\u00e7\u00e3o em Psicologia pela Universidade de S\u00e3o Paulo (1979), mestrado e doutorado em Psicologia Escolar e do Desenvolvimento Humano pela Universidade de S\u00e3o Paulo (2000 e 2006). Atualmente \u00e9 Professora Doutora do Instituto de Psicologia da Universidade de S\u00e3o Paulo, em Avalia\u00e7\u00e3o Psicol\u00f3gica. Tem experi\u00eancia na \u00e1rea de Psicologia, com \u00eanfase em Constru\u00e7\u00e3o e Validade de Testes, Escalas e Outras Medidas Psicol\u00f3gicas, atuando principalmente nos seguintes temas: teste R-2 teste n\u00e3o verbal de intelig\u00eancia, Desenho da Figura Humana, avalia\u00e7\u00e3o psicol\u00f3gica, psicodiagn\u00f3stico, triagem, psicoterapia, Psicologia da Sa\u00fade e atendimento psicol\u00f3gico. Coordenadora do Comit\u00ea de \u00c9tica em Pesquisa com Seres Humanos do IPUSP. Membro da Diretoria da Associa\u00e7\u00e3o de Psicologia de S\u00e3o Paulo, na fun\u00e7\u00e3o de Secret\u00e1ria Geral.<\/p>\n<h3 style=\"text-align: justify\">Disciplinas<\/h3>\n<h4 style=\"text-align: justify\">Gradua\u00e7\u00e3o<\/h4>\n<div class=\"layout-cell layout-cell-3 text-align-right\">\n<div class=\"layout-cell-pad-5 text-align-right\">Avalia\u00e7\u00e3o Individual das Fun\u00e7\u00f5es Intelectuais<\/div>\n<\/div>\n<div class=\"layout-cell layout-cell-9\">\n<div class=\"layout-cell-pad-5\">Introdu\u00e7\u00e3o \u00e0s T\u00e9cnicas de Exame Psicol\u00f3gico<br class=\"clear\" \/>Introdu\u00e7\u00e3o \u00e0s T\u00e9cnicas Projetivas Gr\u00e1ficas<br class=\"clear\" \/>Pesquisa em Avalia\u00e7\u00e3o Psicol\u00f3gica<br class=\"clear\" \/>Pr\u00e1tica de Pesquisa em Psicologia I<\/div>\n<\/div>\n<h4 style=\"text-align: justify\">P\u00f3s-gradua\u00e7\u00e3o<\/h4>\n<p style=\"text-align: justify\">PSA5917: Avalia\u00e7\u00e3o Psicol\u00f3gica Interventiva: Contextualiza\u00e7\u00e3o, Instrumentos e Atua\u00e7\u00e3o do Psic\u00f3logo<\/p>\n<h4 style=\"text-align: justify\">Projetos de pesquisa<\/h4>\n<p style=\"text-align: justify\">Teste do Desenho da Figura Humana: Estudos de Atualiza\u00e7\u00e3o<br \/>\nPretende-se estudar a validade dos Indicadores Emocionais propostos por Koppitz para o Desenho da Figura Humana, comparando um grupo controle a um grupo de crian\u00e7as com dificuldades emocionais; investigar o sistema de avalia\u00e7\u00e3o proposto por Koppitz e o DFH-III proposto por Solange Wechsler; e a precis\u00e3o de avaliadores, para estas duas propostas de avalia\u00e7\u00e3o do DFH.<\/p>\n<p style=\"text-align: justify\">Indicadores cognitivos e emocionais no desenho da figura humana<\/p>\n<div class=\"layout-cell layout-cell-9\">\n<div class=\"layout-cell-pad-5\">\n<p>Trata-se da elabora\u00e7\u00e3o da 4a vers\u00e3o do instrumento de avalia\u00e7\u00e3o do desenho infantil para identifica\u00e7\u00e3o do desenvolvimento cognitivo e caracter\u00edsticas emocionais<\/p>\n<\/div>\n<div class=\"layout-cell-pad-5\">Bateria de Avalia\u00e7\u00e3o Intelectual e Criativa-BAIC- Forma adulto; submetido para Chamada CNPq\/CAPES N\u00ba 07\/2011, coordenado por Solange Muglia Wechsler.<\/div>\n<\/div>\n","protected":false},"excerpt":{"rendered":"<p>Departamento de Psicologia da Aprendizagem, do Desenvolvimento e da Personalidade Linhas de Pesquisa: Fundamentos e Medidas da Psicologia\/Especialidade: Constru\u00e7\u00e3o e Validade de Testes, Escalas e Outras Medidas Psicol\u00f3gicas. Tratamento e Preven\u00e7\u00e3o Psicol\u00f3gica: Interven\u00e7\u00e3o Terap\u00eautica e Psicologia da Sa\u00fade. Telefone:\u00a055 11-2648-0210 |\u00a0hrinaldi@usp.br\u00a0| Lattes |Google Acad\u00eamico Possui gradua\u00e7\u00e3o em Psicologia pela Universidade de S\u00e3o Paulo (1979), mestrado [&hellip;]<\/p>\n","protected":false},"author":2,"featured_media":0,"parent":0,"menu_order":0,"comment_status":"closed","ping_status":"closed","template":"","meta":{"_acf_changed":false,"footnotes":""},"categories":[395,458],"tags":[],"class_list":["post-15803","page","type-page","status-publish","hentry","category-institucional","category-servidores-docentes"],"acf":[],"jetpack_sharing_enabled":true,"_links":{"self":[{"href":"https:\/\/www.ip.usp.br\/site\/wp-json\/wp\/v2\/pages\/15803","targetHints":{"allow":["GET"]}}],"collection":[{"href":"https:\/\/www.ip.usp.br\/site\/wp-json\/wp\/v2\/pages"}],"about":[{"href":"https:\/\/www.ip.usp.br\/site\/wp-json\/wp\/v2\/types\/page"}],"author":[{"embeddable":true,"href":"https:\/\/www.ip.usp.br\/site\/wp-json\/wp\/v2\/users\/2"}],"replies":[{"embeddable":true,"href":"https:\/\/www.ip.usp.br\/site\/wp-json\/wp\/v2\/comments?post=15803"}],"version-history":[{"count":18,"href":"https:\/\/www.ip.usp.br\/site\/wp-json\/wp\/v2\/pages\/15803\/revisions"}],"predecessor-version":[{"id":41045,"href":"https:\/\/www.ip.usp.br\/site\/wp-json\/wp\/v2\/pages\/15803\/revisions\/41045"}],"wp:attachment":[{"href":"https:\/\/www.ip.usp.br\/site\/wp-json\/wp\/v2\/media?parent=15803"}],"wp:term":[{"taxonomy":"category","embeddable":true,"href":"https:\/\/www.ip.usp.br\/site\/wp-json\/wp\/v2\/categories?post=15803"},{"taxonomy":"post_tag","embeddable":true,"href":"https:\/\/www.ip.usp.br\/site\/wp-json\/wp\/v2\/tags?post=15803"}],"curies":[{"name":"wp","href":"https:\/\/api.w.org\/{rel}","templated":true}]}}