{"id":16451,"date":"2016-12-08T06:39:07","date_gmt":"2016-12-08T09:39:07","guid":{"rendered":"https:\/\/www.ip.usp.br\/site\/?page_id=16451"},"modified":"2020-07-22T09:23:40","modified_gmt":"2020-07-22T12:23:40","slug":"atividades","status":"publish","type":"page","link":"https:\/\/www.ip.usp.br\/site\/atividades\/","title":{"rendered":"Atividades"},"content":{"rendered":"<p style=\"text-align: right;\">Av. Professor Mello de Moraes, 1721\u00a0\u2013 sala 19A, bloco\u00a0G<br \/>\nCidade Universit\u00e1ria \u2013 S\u00e3o Paulo, SP\u00a0\u00a0\u2013\u00a005508-030<br \/>\nTelefone:\u00a055 11-3091-4269 \u00a0<a href=\"mailto:lieppe.usp@gmail.com\">lieppe.usp@gmail.com<\/a><\/p>\n<p>O Laborat\u00f3rio realiza semin\u00e1rios de pesquisa, grupo de estudos, participa na organiza\u00e7\u00e3o de eventos cient\u00edficos na \u00e1rea de Psicologia Escolar e Educacional e implementa projetos coletivos de pesquisa, cujos temas tenham como refer\u00eancia a dimens\u00e3o educativa da Psicologia, bem como a dimens\u00e3o psicol\u00f3gica da educa\u00e7\u00e3o, naqueles aspectos que permitem a amplia\u00e7\u00e3o do saber sobre o homem, criando condi\u00e7\u00f5es para o desenvolvimento do indiv\u00edduo. Oferece atendimento psicol\u00f3gico a crian\u00e7as, adolescentes e adultos que passam por dificuldades em seu processo escolar e forma\u00e7\u00e3o para psic\u00f3logos\u00a0em n\u00edvel de Aperfei\u00e7oamento\u00a0e para estudantes do curso de gradua\u00e7\u00e3o\u00a0em Psicologia do IP, por meio do servi\u00e7o de Orienta\u00e7\u00e3o \u00e0 Queixa Escolar.<\/p>\n<p>&nbsp;<\/p>\n<h4><a href=\"https:\/\/orientacaoaqueixaescolar.ip.usp.br\" target=\"_blank\" rel=\"noopener noreferrer\">Portal da Orienta\u00e7\u00e3o \u00e0 Queixa Escolar &#8211; OQE &#8211; https:\/\/orientacaoaqueixaescolar.ip.usp.br<\/a><\/h4>\n<p>&nbsp;<\/p>\n<p>A OQE \u00e9 uma abordagem de atendimento psicol\u00f3gico a pessoas (crian\u00e7as e adolescentes em sua maioria) que est\u00e3o enfrentando dificuldades e sofrimentos na vida escolar. Integra saberes da Psicologia Escolar em uma perspectiva cr\u00edtica, atenta a determinantes hist\u00f3ricos e sociais que produzem esta demanda. Desenvolve-se no IPUSP desde 1998. Este site tem, por objetivos principais, disponibilizar amplamente conhecimentos e materiais produzidos no \u00e2mbito do Servi\u00e7o OQE e divulgar os referenciais te\u00f3ricos e t\u00e9cnicos por ele utilizados e constru\u00eddos.<\/p>\n<p>&nbsp;<\/p>\n<h4>Itiner\u00e1rios Vigotskianos<\/h4>\n<p>&nbsp;<\/p>\n<p>Compila\u00e7\u00e3o de trabalhos acad\u00eamicos que se inscrevem no \u00e2mbito da teoria s\u00f3cio hist\u00f3rica cultural e que utilizaram a obra de Vigotski (e\/ou de seu grupo de trabalho) como refer\u00eancia bibliogr\u00e1fica. A partir do site o leitor ter\u00e1 acesso a artigos, disserta\u00e7\u00f5es e teses &#8211; publicados no per\u00edodo de 1990 at\u00e9 o momento &#8211; e, na medida do poss\u00edvel, aos links dos textos, o que permitir\u00e1 ao leitor contato com o texto original. O acesso ao site pode ser feito pelo link <a href=\"http:\/\/www.geocities.ws\/jbmartin\/index\">http:\/\/www.geocities.ws\/jbmartin\/index<\/a><\/p>\n<p>&nbsp;<\/p>\n<h4>Linha do tempo de pol\u00edticas p\u00fablicas de educa\u00e7\u00e3o e sa\u00fade para o enfrentamento de problemas de escolariza\u00e7\u00e3o<\/h4>\n<p>&nbsp;<\/p>\n<p>Trata-se de instrumento virtual que visa apresentar de forma organizada cronologicamente as pol\u00edticas p\u00fablicas de Sa\u00fade e Educa\u00e7\u00e3o relacionadas ao enfrentamento das dificuldades identificadas no processo de escolariza\u00e7\u00e3o, articulando-as \u00e0s pesquisas realizadas na \u00e1rea e a elementos dos processos de implementa\u00e7\u00e3o destas pol\u00edticas. O marco hist\u00f3rico inicial \u00e9 a Constitui\u00e7\u00e3o de 1988. As informa\u00e7\u00f5es est\u00e3o organizadas de forma a permitir a compara\u00e7\u00e3o entre as esferas federal, estadual e municipal, e contem links que acessam:<\/p>\n<ol>\n<li>a \u00edntegra do texto das pol\u00edticas;<\/li>\n<li>pesquisas acad\u00eamicas que discutem tais pol\u00edticas em seu processo de implementa\u00e7\u00e3o e outros elementos a elas relacionados.<\/li>\n<\/ol>\n<p>&nbsp;<\/p>\n<p>Acesso: <a href=\"http:\/\/linhadotempopp.com.br\/\" target=\"_blank\" rel=\"noopener noreferrer\">http:\/\/linhadotempopp.com.br\/<\/a><\/p>\n<p style=\"padding-left: 80px;\">\n","protected":false},"excerpt":{"rendered":"<p>Av. Professor Mello de Moraes, 1721\u00a0\u2013 sala 19A, bloco\u00a0G Cidade Universit\u00e1ria \u2013 S\u00e3o Paulo, SP\u00a0\u00a0\u2013\u00a005508-030 Telefone:\u00a055 11-3091-4269 \u00a0lieppe.usp@gmail.com O Laborat\u00f3rio realiza semin\u00e1rios de pesquisa, grupo de estudos, participa na organiza\u00e7\u00e3o de eventos cient\u00edficos na \u00e1rea de Psicologia Escolar e Educacional e implementa projetos coletivos de pesquisa, cujos temas tenham como refer\u00eancia a dimens\u00e3o educativa da [&hellip;]<\/p>\n","protected":false},"author":2,"featured_media":0,"parent":0,"menu_order":0,"comment_status":"closed","ping_status":"closed","template":"","meta":{"_acf_changed":false,"footnotes":""},"categories":[401],"tags":[],"class_list":["post-16451","page","type-page","status-publish","hentry","category-laboratorios-2"],"acf":[],"jetpack_sharing_enabled":true,"_links":{"self":[{"href":"https:\/\/www.ip.usp.br\/site\/wp-json\/wp\/v2\/pages\/16451","targetHints":{"allow":["GET"]}}],"collection":[{"href":"https:\/\/www.ip.usp.br\/site\/wp-json\/wp\/v2\/pages"}],"about":[{"href":"https:\/\/www.ip.usp.br\/site\/wp-json\/wp\/v2\/types\/page"}],"author":[{"embeddable":true,"href":"https:\/\/www.ip.usp.br\/site\/wp-json\/wp\/v2\/users\/2"}],"replies":[{"embeddable":true,"href":"https:\/\/www.ip.usp.br\/site\/wp-json\/wp\/v2\/comments?post=16451"}],"version-history":[{"count":15,"href":"https:\/\/www.ip.usp.br\/site\/wp-json\/wp\/v2\/pages\/16451\/revisions"}],"predecessor-version":[{"id":33140,"href":"https:\/\/www.ip.usp.br\/site\/wp-json\/wp\/v2\/pages\/16451\/revisions\/33140"}],"wp:attachment":[{"href":"https:\/\/www.ip.usp.br\/site\/wp-json\/wp\/v2\/media?parent=16451"}],"wp:term":[{"taxonomy":"category","embeddable":true,"href":"https:\/\/www.ip.usp.br\/site\/wp-json\/wp\/v2\/categories?post=16451"},{"taxonomy":"post_tag","embeddable":true,"href":"https:\/\/www.ip.usp.br\/site\/wp-json\/wp\/v2\/tags?post=16451"}],"curies":[{"name":"wp","href":"https:\/\/api.w.org\/{rel}","templated":true}]}}