{"id":16479,"date":"2016-12-08T07:49:44","date_gmt":"2016-12-08T10:49:44","guid":{"rendered":"https:\/\/www.ip.usp.br\/site\/?page_id=16479"},"modified":"2020-07-22T09:18:29","modified_gmt":"2020-07-22T12:18:29","slug":"equipe-13","status":"publish","type":"page","link":"https:\/\/www.ip.usp.br\/site\/equipe-13\/","title":{"rendered":"Equipe"},"content":{"rendered":"<h3><\/h3>\n<h3>Coordena\u00e7\u00e3o<\/h3>\n<p>&nbsp;<\/p>\n<p>Profa. Dra. Marilene Proen\u00e7a Rebello de Souza \u2013 Docente do Departamento de Psicologia da Aprendizagem, do Desenvolvimento e da Personalidade do Instituto de Psicologia da Universidade de S\u00e3o Paulo<br \/>\n<a href=\"mailto:mprdsouz@usp.br\">mprdsouz@usp.br <\/a><\/p>\n<p>&nbsp;<\/p>\n<h3>Vice-coordena\u00e7\u00e3o<\/h3>\n<p>&nbsp;<\/p>\n<p>Profa. Dra. Elenita de Ricio Tanamachi \u2013 Docente Aposentada do Departamento de Psicologia da Universidade Estadual Paulista -Campus de Bauru<br \/>\n<a href=\"mailto:tanamachi@uol.com.br\">tanamachi@uol.com.br<\/a><\/p>\n<p>&nbsp;<\/p>\n<p>Profa. Dra. Flavia da Silva Ferreira Asbahr\u2013 Docente do Departamento de Psicologia da Universidade Estadual Paulista Julio de Mesquita Filho \u2013 Campus de Bauru<br \/>\n<a href=\"mailto:flaviasfa@yahoo.com.br\">flaviasfa@yahoo.com.br<\/a><\/p>\n<p>&nbsp;<\/p>\n<h3>Apoio T\u00e9cnico ao Ensino, Pesquisa e Extens\u00e3o<\/h3>\n<p>&nbsp;<\/p>\n<p>Ms. Beatriz de Paula Souza \u2013 Psic\u00f3loga do Departamento de Psicologia da Aprendizagem, do Desenvolvimento e da Personalidade<br \/>\n<a href=\"mailto:biapsico@uol.com.br\">biapsico@uol.com.br<\/a><\/p>\n<p>&nbsp;<\/p>\n<h3>Participantes<\/h3>\n<p>&nbsp;<\/p>\n<p>Profissionais da \u00e1rea da Psicologia e da Educa\u00e7\u00e3o<br \/>\nProfessores, alunos de curso de gradua\u00e7\u00e3o, extens\u00e3o, p\u00f3s-gradua\u00e7\u00e3o lato sensu e stricto sensu.<\/p>\n","protected":false},"excerpt":{"rendered":"<p>Coordena\u00e7\u00e3o &nbsp; Profa. Dra. Marilene Proen\u00e7a Rebello de Souza \u2013 Docente do Departamento de Psicologia da Aprendizagem, do Desenvolvimento e da Personalidade do Instituto de Psicologia da Universidade de S\u00e3o Paulo mprdsouz@usp.br &nbsp; Vice-coordena\u00e7\u00e3o &nbsp; Profa. Dra. Elenita de Ricio Tanamachi \u2013 Docente Aposentada do Departamento de Psicologia da Universidade Estadual Paulista -Campus de Bauru [&hellip;]<\/p>\n","protected":false},"author":2,"featured_media":0,"parent":0,"menu_order":0,"comment_status":"closed","ping_status":"closed","template":"","meta":{"_acf_changed":false,"footnotes":""},"categories":[401],"tags":[],"class_list":["post-16479","page","type-page","status-publish","hentry","category-laboratorios-2"],"acf":[],"jetpack_sharing_enabled":true,"_links":{"self":[{"href":"https:\/\/www.ip.usp.br\/site\/wp-json\/wp\/v2\/pages\/16479","targetHints":{"allow":["GET"]}}],"collection":[{"href":"https:\/\/www.ip.usp.br\/site\/wp-json\/wp\/v2\/pages"}],"about":[{"href":"https:\/\/www.ip.usp.br\/site\/wp-json\/wp\/v2\/types\/page"}],"author":[{"embeddable":true,"href":"https:\/\/www.ip.usp.br\/site\/wp-json\/wp\/v2\/users\/2"}],"replies":[{"embeddable":true,"href":"https:\/\/www.ip.usp.br\/site\/wp-json\/wp\/v2\/comments?post=16479"}],"version-history":[{"count":11,"href":"https:\/\/www.ip.usp.br\/site\/wp-json\/wp\/v2\/pages\/16479\/revisions"}],"predecessor-version":[{"id":33138,"href":"https:\/\/www.ip.usp.br\/site\/wp-json\/wp\/v2\/pages\/16479\/revisions\/33138"}],"wp:attachment":[{"href":"https:\/\/www.ip.usp.br\/site\/wp-json\/wp\/v2\/media?parent=16479"}],"wp:term":[{"taxonomy":"category","embeddable":true,"href":"https:\/\/www.ip.usp.br\/site\/wp-json\/wp\/v2\/categories?post=16479"},{"taxonomy":"post_tag","embeddable":true,"href":"https:\/\/www.ip.usp.br\/site\/wp-json\/wp\/v2\/tags?post=16479"}],"curies":[{"name":"wp","href":"https:\/\/api.w.org\/{rel}","templated":true}]}}