{"id":16560,"date":"2016-12-08T11:03:55","date_gmt":"2016-12-08T14:03:55","guid":{"rendered":"https:\/\/www.ip.usp.br\/site\/?page_id=16560"},"modified":"2020-12-03T09:53:34","modified_gmt":"2020-12-03T12:53:34","slug":"apresentacao-22","status":"publish","type":"page","link":"https:\/\/www.ip.usp.br\/site\/apresentacao-22\/","title":{"rendered":"Laborat\u00f3rio Chronos: Centro Human\u00edstico de Recupera\u00e7\u00e3o em Oncologia e Sa\u00fade"},"content":{"rendered":"<div><\/div>\n<div style=\"text-align: right;\">Av. Prof. Mello Moraes, 1721 \u2013 Bloco D<br \/>\nCidade Universit\u00e1ria \u2013 S\u00e3o Paulo, SP \u2013 05508-030<br \/>\nCoordena\u00e7\u00e3o: Avelino Luiz Rodrigues &amp;<br \/>\nElisa Maria Parahyba Campos Rodrigues<br \/>\nContato: <a href=\"mailto:elisa.ops@terra.com.br\">elisa.ops@terra.com.br<\/a>; <a href=\"mailto:avelinoluizr@usp.br\">avelinoluizr@usp.br<\/a><br \/>\nP\u00e1gina on-line: <a href=\"https:\/\/sites.usp.br\/laboratoriochronos\/\" target=\"_blank\" rel=\"noopener noreferrer\">https:\/\/sites.usp.br\/laboratoriochronos\/<\/a><\/div>\n<div><\/div>\n<h3><span style=\"text-align: justify;\">\u00a0Objetivos<\/span><\/h3>\n<p>&nbsp;<\/p>\n<div style=\"text-align: justify;\">\n<p>I \u2013 Promover estudos e pesquisas voltados \u00e0 produ\u00e7\u00e3o do conhecimento em suas diversas formas de pr\u00e1tica cl\u00ednica;<\/p>\n<p>II \u2013 Incentivar a pesquisa das diferentes possibilidades cl\u00ednicas da Psico-Oncologia, n\u00e3o s\u00f3 em rela\u00e7\u00e3o ao paciente portador de c\u00e2ncer como a seus familiares e em conson\u00e2ncia com o seu desenvolvimento cient\u00edfico, articulando-a com os estudos de outras \u00e1reas ligadas da produ\u00e7\u00e3o de sa\u00fade, n\u00e3o s\u00f3 f\u00edsica, como mental.<\/p>\n<p>III \u2013 Promover cursos, confer\u00eancias, semin\u00e1rios, treinamentos e reuni\u00f5es cient\u00edficas;<\/p>\n<p>IV \u2013 Coordenar e promover publica\u00e7\u00f5es cient\u00edficas de livros e revistas, al\u00e9m de manuais informativos, explicativos e voltados \u00e0 preven\u00e7\u00e3o do adoecer em geral e especificamente no caso das neoplasias. As atividades contidas neste par\u00e1grafo relacionam-se \u00e0 promo\u00e7\u00e3o da sa\u00fade ps\u00edquica de pacientes portadores de c\u00e2ncer, seus familiares e cuidadores, ligados \u00e0s diferentes \u00e1reas de sa\u00fade, e a outros tipos de servi\u00e7os de car\u00e1ter psicossocial em \u00e2mbito nacional ou internacional, inclusive atrav\u00e9s de conv\u00eanios, acordos e colabora\u00e7\u00f5es com outras pessoas ou entidades de direito p\u00fablico ou privado, sendo vedada qualquer atividade de car\u00e1ter pol\u00edtico ou religioso.<\/p>\n<p>&nbsp;<\/p>\n<h3>Atividades e Frentes de Atua\u00e7\u00e3o:<\/h3>\n<p>&nbsp;<\/p>\n<p>Reuni\u00f5es de supervis\u00e3o online semanais, das 12h \u00e0s 13h30, coordenadas pela Profa. Dra. Elisa Maria Parahyba Campos Rodrigues, \u00e0s ter\u00e7as-feiras, por\u00e9m, quando as atividades presenciais retornarem, as reuni\u00f5es voltar\u00e3o ao hor\u00e1rio regular de 10h \u00e0s 12h30, para melhor andamento da supervis\u00e3o e grupos de estudo.<\/p>\n<p><strong>Atendimentos cl\u00ednico, institucionais ou presta\u00e7\u00e3o de servi\u00e7os \u00e0 comunidade:<\/strong> Atendimentos online gratuitos a pacientes oncol\u00f3gicos e seus familiares (hor\u00e1rios variados), e devido a Covid-19 atendimentos gratuitos online a profissionais de sa\u00fade, de qualquer institui\u00e7\u00e3o, que de alguma forma est\u00e3o envolvidos com o Coronav\u00edrus (hor\u00e1rios variados) &#8211; (solicita\u00e7\u00f5es atrav\u00e9s de site e e-mail). Os atendimentos que eram realizados de forma presencial pelos participantes, passaram a ser realizados de forma remota, mas, assim que as atividades presenciais puderem ser retomadas, o planejamento \u00e9 que o atendimento retorne ao presencial, sendo necess\u00e1rio o uso da sala.<\/p>\n<p><strong>Cursos e eventos em andamento:<\/strong> XIII Jornada de Psicologia da Sa\u00fade, Psicossom\u00e1tica e Psico-Oncologia (Outubro\/2020).<\/p>\n<p>&nbsp;<\/p>\n<h3>Pesquisas<\/h3>\n<p>&nbsp;<\/p>\n<p><strong>Linhas de pesquisa<\/strong><\/p>\n<p><strong>P\u00f3s-graduandos<\/strong>: Natalia Pavani<\/p>\n<p><strong>Pesquisas em andamento (usp, cnpq, fapesp, mestrado, doutorado, posdoc, outras):<\/strong> \u201cEfeitos da Psicoterapia Centrada no Sentido de Vida para pacientes com c\u00e2ncer avan\u00e7ado\u201d (Natalia Pavani).<\/p>\n<p><strong>Parceiros e conv\u00eanios, grupos de pesquisa:<\/strong><\/p>\n<p>&nbsp;<\/p>\n<h3>Informa\u00e7\u00f5es adicionais<\/h3>\n<p>&nbsp;<\/p>\n<p>Publica\u00e7\u00f5es:<\/p>\n<p><strong>Livros publicados:<\/strong><\/p>\n<p>RODRIGUES, Avelino Luiz (Org.); <strong>Campos, Elisa Maria Parahyba<\/strong> (Org.) ; Vila\u00e7a, Anali P\u00f3voas Orico (Org.) ; Magalh\u00e3es, BARBARA SUBTIL DE PAULA (Org.) ; OLIVEIRA, WALTER LISBOA (Org.) . Psicologia da sa\u00fade ? hospitalar =: abordagem psicossom\u00e1tica. 1. ed. Barueri: Manole, 2019. v. 1. 472p<\/p>\n<p>MINERBO, M. ; <strong>Campos, Elisa Maria Parahyba<\/strong> . Atendimento Psicanal\u00edtico do Transtorno de P\u00e2nico. 1. ed. S\u00e3o Paulo: Zagodoni Editora, 2017. v. 1. 112p .<\/p>\n<p>&nbsp;<\/p>\n<p><strong>Cap\u00edtulos de livros:<\/strong><\/p>\n<p>&nbsp;<\/p>\n<p><span style=\"text-decoration: underline;\">RODRIGUES, Avelino Luiz<\/span> ;<strong> Campos, Elisa Maria Parahyba<\/strong> ; Pardini, Fernando . Mecanismo de forma\u00e7\u00e3o dos sintomas em psicossom\u00e1tica. In: Rodrigues, A.L. e outros. (Org.). Psicologia da sa\u00fade ? hospitalar =: abordagem psicossom\u00e1tica. 1ed.Barueri: Manole, 2019, v. 1, p. 2-23<\/p>\n<p><span style=\"text-decoration: underline;\"><strong>Campos, Elisa Maria Parahyba <\/strong><\/span>. A psico-oncologia: conceitua\u00e7\u00e3o, hist\u00f3rico e desenvolvimento. In: Rodrigues, A.L. e outros. (Org.). Psicologia da sa\u00fade ? hospitalar =: abordagem psicossom\u00e1tica. 1ed.Barueri: Manole, 2019, v. 1, p. 64-72<\/p>\n<p><span style=\"text-decoration: underline;\"><strong>Campos, Elisa Maria Parahyba <\/strong><\/span>; Vila\u00e7a, Anali P\u00f3voas Orico . Pr\u00e1ticas cl\u00ednicas em Psico-oncologia. In: Rodrigues, A.L. e outros. (Org.). Psicologia da sa\u00fade ? hospitalar =: abordagem psicossom\u00e1tica. 1ed.Barueri: Manole, 2019, v. 1, p. 90-99.<\/p>\n<p>Andrade, Mercia Aparecida Pereira de ; <strong>Campos, Elisa Maria Parahyba<\/strong>.\u00a0 Psicoterapia na abordagem psicodin\u00e2mica: possibilidade de atua\u00e7\u00e3o junto ao paciente oncol\u00f3gico. In: Rodrigues, A.L. e outros. (Org.). Psicologia da sa\u00fade ? hospitalar =: abordagem psicossom\u00e1tica. 1ed.Barueri: Manole, 2019, v. 1, p. 100-112.<\/p>\n<p>Vila\u00e7a, Anali P\u00f3voas Orico ; <strong>Campos, Elisa Maria Parahyba <\/strong>. T\u00e9cnicas cognitivas e comportamentais no cuidado ao paciente oncol\u00f3gico. In: Rodrigues, A.L. e outros. (Org.). Psicologia da sa\u00fade ? hospitalar =: abordagem psicossom\u00e1tica. 1ed.Barueri: Manole, 2019, v. 1, p. 113-125.<\/p>\n<p>Arrais, Rebecca Holanda ; <strong>Campos, Elisa Maria Parahyba <\/strong>. A fam\u00edlia como paciente na campo da PSICO-ONCOLOGIA. In: Rodrigues, A.L. e outros. (Org.). Psicologia da sa\u00fade ? hospitalar =: abordagem psicossom\u00e1tica. 1ed.Barueri: Manole, 2019, v. 1, p. 126-137.<\/p>\n<p>Santos, Ana Paula Alves Lima ; <strong>Campos, Elisa Maria Parahyba<\/strong> . O t\u00e9rmino do tratamento de c\u00e2ncer: enfrentando a remiss\u00e3o. In: Rodrigues, A.L. e outros. (Org.). Psicologia da sa\u00fade ? hospitalar =: abordagem psicossom\u00e1tica. 1ed.Barueri: Manole, 2019, v. 1, p. 138-148.<\/p>\n<p>GOMES, Andrea Boldrim Pinto ; Ronick ; <strong>Campos, Elisa Maria Parahyba<\/strong> ; RODRIGUES, A. L. . Arritimias cardi\u00e1cas e psicossom\u00e1tica. In: Rodrigues, A.L. e outros. (Org.). Psicologia da sa\u00fade ? hospitalar =: abordagem psicossom\u00e1tica. 1ed.Barueri: Manole, 2019, v. 1, p. 179-188.<\/p>\n<p>TAMAGNINI, Elisabete Joyce Galhardo ; <strong>Campos, Elisa Maria Parahyba<\/strong> . Aspectos psicossom\u00e1ticos e psicodinamicos no paciuente de transplante card\u00edaco: interfaces entre psican\u00e1lise e cardiologia. In: Rodrigues, A.L. e outros. (Org.). Psicologia da sa\u00fade ? hospitalar =: abordagem psicossom\u00e1tica. 1ed.Barueri: Manole, 2019, v. 1, p. 196-209.<\/p>\n<p>Vidotti, Tatiana Cristina ; <strong>Campos, Elisa Maria Parahyba<\/strong> . As repercuss\u00f5es ps\u00edquicas do adoecimento cr\u00f4nico na inf\u00e2ncia e na adolesc\u00eancia: o diabetes tipo 1. In: Rodrigues, A.L. e outros. (Org.). Psicologia da sa\u00fade ? hospitalar =: abordagem psicossom\u00e1tica. 1ed.Barueri: Manole, 2019, v. 1, p. 359-367.<\/p>\n<p>Yavo, Ivete de Souza ; <strong>Campos, Elisa Maria Parahyba<\/strong> . Cuidadores domiciliares: a invisibilidade do cuidado. In: Rodrigues, A.L. e outros. (Org.). Psicologia da sa\u00fade ? hospitalar =: abordagem psicossom\u00e1tica. 1ed.Barueri: Manole, 2019, v. 1, p. 423-434.<\/p>\n<p><span style=\"text-decoration: underline;\"><strong>CAMPOS, E. M. P<\/strong><\/span>.; Vila\u00e7a, Anali P\u00f3voas Orico ; Pinho, Camilla Maria Santos . T\u00c9CNICAS DE RELAXAMENTO E VISUALIZA\u00c7\u00c3O NA PR\u00c1TICA DA PSICOLOGIA HOSPITALAR. In: Alex da Silva Sousa; Daniele Rabelo Batista Castro; Rebecca Holanda Arrais. (Org.). Psicologia Hospitalar: debates contempor\u00e2neos. 1ed.PIAUI: FAM, 2018, v. 1, p. 165-178.<\/p>\n<p><span style=\"text-decoration: underline;\"><strong>Campos, Elisa Maria Parahyba<\/strong><\/span>; <span style=\"text-decoration: underline;\">RODRIGUES, Avelino Luiz<\/span> . P\u00e2nico do qu\u00ea? Reflex\u00f5es e manejo cl\u00ednico de um caso. In: Elisa Campos; Mariana Minerbo. (Org.). Atendimento Psicanal\u00edtico do Transtorno de P\u00e2nico. 1ed.S\u00e3o Paulo: Zagodoni Editora, 2017, v. 1, p. 45-60.<\/p>\n<p>MINERBO, M. ; <strong>Campos, Elisa Maria Parahyba<\/strong> . Apresenta\u00e7\u00e3o da Obra: Atendimento Psicanal\u00edtico do Transtorno do P\u00e2nico. In: Elisa Campos; Mariana Minerbo. (Org.). Atendimento Psicanal\u00edtico do Transtorno de P\u00e2nico. 1ed.S\u00e3o Paulo: Zagodoni Editora, 2017, v. 1, p. 9-12.<\/p>\n<p>MINERBO, M. ; <strong>Campos, Elisa Maria Parahyba<\/strong> . Considera\u00e7\u00f5es Finais: Atendimento Psicanal\u00edtico do Transtorno de P\u00e2nico. In: Elisa Campos; Mariana Minerbo. (Org.). Atendimento Psicanal\u00edtico do Transtorno de P\u00e2nico. 1ed.S\u00e3o Paulo: Zagodoni Editora, 2017, v. 1, p. 105-106.<\/p>\n<p><span style=\"text-decoration: underline;\"><strong>CAMPOS, E. M. P<\/strong><\/span>.. SUPORTE SOCIAL: DA TEORIA \u00c0 PR\u00c1TICA, GRUPOS DE AUTO-AJUDA. In: Vera L\u00facia Concei\u00e7\u00e3o de Gouveia Santos, Isabel Umbelina Ribeiro Cesaretti. (Org.). Assist\u00eancia em estomaterapia: cuidando do ostomizado. 2ed.Atheneu: S\u00e3o Paulo, 2015, v. 1, p. 291-325.<\/p>\n<p>&nbsp;<\/p>\n<p><strong>Artigos completos publicados:<\/strong><\/p>\n<p>&nbsp;<\/p>\n<p>Arrais, Rebecca Holanda ; GOMES, Isabel Cristina ; <strong>CAMPOS, E. M. P<\/strong>. . A monoparentalidade por op\u00e7\u00e3o e seus aspectos psicossociais: estudo de revis\u00e3o integrativa. REVISTA DA SPAGESP, v. 20, p. 39-53, 2019.<\/p>\n<p>Ronick ; <strong>Campos, Elisa Maria Parahyba<\/strong> . P\u00e2nico e desamparo em pacientes com cardioversor desfibrilador implant\u00e1vel. REVISTA DA SBPH (BELO HORIZONTE. IMPRESSO), v. 20, p. 97-121, 2017.<\/p>\n<p>YAVO, I.S. ; <strong>CAMPOS, E.M.P<\/strong>. . Cuidador e Cuidado: O Sujeito e Suas Rela\u00e7\u00f5es no Contexto da Assist\u00eancia Domiciliar. Psicologia: Teoria e Pr\u00e1tica (Impresso), v. 18, p. 20-32, 2016.<\/p>\n<p>Alarc\u00e3o, Gustavo Gil ; Nunes, Patricia ; Leite, Pedro Colli Badino de Souza ; <strong>Campos, Elisa Maria Parahyba<\/strong> . Associa\u00e7\u00e3o dos Membros Filiados como grupo de trabalho: transitoriedade e permanente constru\u00e7\u00e3o. Jornal de Psicanalise, v. 48, p. 205-215, 2015.<\/p>\n<p>&nbsp;<\/p>\n<\/div>\n","protected":false},"excerpt":{"rendered":"<p>Av. Prof. Mello Moraes, 1721 \u2013 Bloco D Cidade Universit\u00e1ria \u2013 S\u00e3o Paulo, SP \u2013 05508-030 Coordena\u00e7\u00e3o: Avelino Luiz Rodrigues &amp; Elisa Maria Parahyba Campos Rodrigues Contato: elisa.ops@terra.com.br; avelinoluizr@usp.br P\u00e1gina on-line: https:\/\/sites.usp.br\/laboratoriochronos\/ \u00a0Objetivos &nbsp; I \u2013 Promover estudos e pesquisas voltados \u00e0 produ\u00e7\u00e3o do conhecimento em suas diversas formas de pr\u00e1tica cl\u00ednica; II \u2013 Incentivar [&hellip;]<\/p>\n","protected":false},"author":2,"featured_media":0,"parent":0,"menu_order":0,"comment_status":"closed","ping_status":"closed","template":"","meta":{"_acf_changed":false,"footnotes":""},"categories":[480,401],"tags":[],"class_list":["post-16560","page","type-page","status-publish","hentry","category-departamento-de-psicologia-clinica","category-laboratorios-2"],"acf":[],"jetpack_sharing_enabled":true,"_links":{"self":[{"href":"https:\/\/www.ip.usp.br\/site\/wp-json\/wp\/v2\/pages\/16560","targetHints":{"allow":["GET"]}}],"collection":[{"href":"https:\/\/www.ip.usp.br\/site\/wp-json\/wp\/v2\/pages"}],"about":[{"href":"https:\/\/www.ip.usp.br\/site\/wp-json\/wp\/v2\/types\/page"}],"author":[{"embeddable":true,"href":"https:\/\/www.ip.usp.br\/site\/wp-json\/wp\/v2\/users\/2"}],"replies":[{"embeddable":true,"href":"https:\/\/www.ip.usp.br\/site\/wp-json\/wp\/v2\/comments?post=16560"}],"version-history":[{"count":25,"href":"https:\/\/www.ip.usp.br\/site\/wp-json\/wp\/v2\/pages\/16560\/revisions"}],"predecessor-version":[{"id":34480,"href":"https:\/\/www.ip.usp.br\/site\/wp-json\/wp\/v2\/pages\/16560\/revisions\/34480"}],"wp:attachment":[{"href":"https:\/\/www.ip.usp.br\/site\/wp-json\/wp\/v2\/media?parent=16560"}],"wp:term":[{"taxonomy":"category","embeddable":true,"href":"https:\/\/www.ip.usp.br\/site\/wp-json\/wp\/v2\/categories?post=16560"},{"taxonomy":"post_tag","embeddable":true,"href":"https:\/\/www.ip.usp.br\/site\/wp-json\/wp\/v2\/tags?post=16560"}],"curies":[{"name":"wp","href":"https:\/\/api.w.org\/{rel}","templated":true}]}}