{"id":16794,"date":"2016-12-09T12:23:26","date_gmt":"2016-12-09T15:23:26","guid":{"rendered":"https:\/\/www.ip.usp.br\/site\/?page_id=16794"},"modified":"2025-06-10T17:57:19","modified_gmt":"2025-06-10T20:57:19","slug":"laboratorio-de-memoria-e-historia-oral-simone-weil-2","status":"publish","type":"page","link":"https:\/\/www.ip.usp.br\/site\/laboratorio-de-memoria-e-historia-oral-simone-weil-2\/","title":{"rendered":"Laborat\u00f3rio de Mem\u00f3ria e Hist\u00f3ria Oral &#8220;Simone Weil&#8221;"},"content":{"rendered":"<div>\n<h5 style=\"text-align: right;line-height: 1.6\">Av. Prof. Mello Moraes, 1721, Bloco A<br \/>\nCidade Universit\u00e1ria, S\u00e3o Paulo, SP\u00a0\u2013\u00a0CEP: 05508-030<br \/>\nTelefones: 55 11-3091-4184\/4004<\/h5>\n<hr \/>\n<h5 style=\"text-align: justify;line-height: 1.6\">O Laborat\u00f3rio prop\u00f5e reunir em torno desse eixo de investiga\u00e7\u00e3o estudiosos pertencentes a v\u00e1rias institui\u00e7\u00f5es de ensino e pesquisa desta e de outras Universidades. Os n\u00edveis b\u00e1sicos dessa leitura interdisciplinar, com troca de informa\u00e7\u00f5es e pontos de vista, s\u00e3o:<\/h5>\n<ul>\n<li>\n<h5 style=\"text-align: justify;line-height: 1.6\">o da revis\u00e3o cr\u00edtica de alguns temas inerentes \u00e0 rela\u00e7\u00e3o entre mem\u00f3ria e hist\u00f3ria de vida;<\/h5>\n<\/li>\n<li>\n<h5 style=\"text-align: justify;line-height: 1.6\">o de uma reflex\u00e3o mais aturada e sistem\u00e1tica em torno de quest\u00f5es conceituais como a intera\u00e7\u00e3o entre o espa\u00e7o vivido e a mem\u00f3ria, o tempo escavado pelas lembran\u00e7as e re-significa\u00e7\u00e3o do quotidiano.<\/h5>\n<\/li>\n<\/ul>\n<p>&nbsp;<\/p>\n<\/div>\n<h5 style=\"text-align: justify;line-height: 1.6\">1a Coordenadora: Profa. Dra. Ecl\u00e9a Bosi<\/h5>\n","protected":false},"excerpt":{"rendered":"<p>Av. Prof. Mello Moraes, 1721, Bloco A Cidade Universit\u00e1ria, S\u00e3o Paulo, SP\u00a0\u2013\u00a0CEP: 05508-030 Telefones: 55 11-3091-4184\/4004 O Laborat\u00f3rio prop\u00f5e reunir em torno desse eixo de investiga\u00e7\u00e3o estudiosos pertencentes a v\u00e1rias institui\u00e7\u00f5es de ensino e pesquisa desta e de outras Universidades. Os n\u00edveis b\u00e1sicos dessa leitura interdisciplinar, com troca de informa\u00e7\u00f5es e pontos de vista, s\u00e3o: [&hellip;]<\/p>\n","protected":false},"author":2,"featured_media":0,"parent":0,"menu_order":0,"comment_status":"closed","ping_status":"closed","template":"","meta":{"_acf_changed":false,"footnotes":""},"categories":[401],"tags":[],"class_list":["post-16794","page","type-page","status-publish","hentry","category-laboratorios-2"],"acf":[],"jetpack_sharing_enabled":true,"_links":{"self":[{"href":"https:\/\/www.ip.usp.br\/site\/wp-json\/wp\/v2\/pages\/16794","targetHints":{"allow":["GET"]}}],"collection":[{"href":"https:\/\/www.ip.usp.br\/site\/wp-json\/wp\/v2\/pages"}],"about":[{"href":"https:\/\/www.ip.usp.br\/site\/wp-json\/wp\/v2\/types\/page"}],"author":[{"embeddable":true,"href":"https:\/\/www.ip.usp.br\/site\/wp-json\/wp\/v2\/users\/2"}],"replies":[{"embeddable":true,"href":"https:\/\/www.ip.usp.br\/site\/wp-json\/wp\/v2\/comments?post=16794"}],"version-history":[{"count":6,"href":"https:\/\/www.ip.usp.br\/site\/wp-json\/wp\/v2\/pages\/16794\/revisions"}],"predecessor-version":[{"id":52227,"href":"https:\/\/www.ip.usp.br\/site\/wp-json\/wp\/v2\/pages\/16794\/revisions\/52227"}],"wp:attachment":[{"href":"https:\/\/www.ip.usp.br\/site\/wp-json\/wp\/v2\/media?parent=16794"}],"wp:term":[{"taxonomy":"category","embeddable":true,"href":"https:\/\/www.ip.usp.br\/site\/wp-json\/wp\/v2\/categories?post=16794"},{"taxonomy":"post_tag","embeddable":true,"href":"https:\/\/www.ip.usp.br\/site\/wp-json\/wp\/v2\/tags?post=16794"}],"curies":[{"name":"wp","href":"https:\/\/api.w.org\/{rel}","templated":true}]}}