{"id":16799,"date":"2016-12-09T12:33:06","date_gmt":"2016-12-09T15:33:06","guid":{"rendered":"https:\/\/www.ip.usp.br\/site\/?page_id=16799"},"modified":"2026-03-12T18:13:39","modified_gmt":"2026-03-12T21:13:39","slug":"nucleo-de-estudos-para-a-prevencao-da-aids-nepaids","status":"publish","type":"page","link":"https:\/\/www.ip.usp.br\/site\/nucleo-de-estudos-para-a-prevencao-da-aids-nepaids\/","title":{"rendered":"N\u00facleo de Estudos para a Preven\u00e7\u00e3o da AIDS (NEPAIDS)"},"content":{"rendered":"<p style=\"text-align: right;\">Av. Professor Mello Moraes, 1721 \u2013 Bloco A<br \/>\nCidade Universit\u00e1ria \u2013 S\u00e3o Paulo, SP \u2013 05508-030<br \/>\nTelefones: <a href=\"http:\/\/+551130914362\">+55 11 3091-4362<\/a><br \/>\nE-mail: <a href=\"mailto: pstip@usp.br\">pstip@usp.br<\/a> |Site: <a href=\"https:\/\/sites.usp.br\/nepaids\">https:\/\/sites.usp.br\/nepaids<\/a><\/p>\n<p>O N\u00facleo de Estudos para a Preven\u00e7\u00e3o da AIDS congrega pesquisadores, professores, alunos de gradua\u00e7\u00e3o e p\u00f3s, servidores p\u00fablicos e de ONG\u2019s para analisar as tend\u00eancias da epidemia e produzir pesquisas e tecnologias inovadoras de preven\u00e7\u00e3o da infec\u00e7\u00e3o pelo HIV ou do adoecimento pela AIDS.<\/p>\n<p>Reunido desde 1991, o grupo tem se dedicado \u00e0 pesquisas informadas por abordagens de direitos humanos em sa\u00fade e pelo quadro da vulnerabilidade, entendida em seus aspectos sociais, program\u00e1ticos e individuais. As atividades de debates e dissemina\u00e7\u00e3o de informa\u00e7\u00f5es atualizadas t\u00eam o compromisso de promover a autonomia cidad\u00e3 de seus participantes, estimular o debate sobre a \u00e9tica e a promo\u00e7\u00e3o dos Direitos Humanos. Sem perder de vista a constru\u00e7\u00e3o simb\u00f3lica da aids, \u00e9 preocupa\u00e7\u00e3o central combater o processo de estigmatiza\u00e7\u00e3o e estimular o respeito democr\u00e1tico \u00e0s diferentes cren\u00e7as e orienta\u00e7\u00f5es sexuais, facilitando a elabora\u00e7\u00e3o de pol\u00edticas p\u00fablicas no \u00e2mbito do Estado Laico e apoiando respostas pessoais no contexto da vida cotidiana, em tempos de AIDS.<\/p>\n<p>O N\u00facleo se dedica a estudos epidemiol\u00f3gicos, \u00e0 pesquisa social e reflex\u00e3o humanista, ao desenvolvimento de abordagens psicossociais no cuidado integral e na preven\u00e7\u00e3o, de novas tecnologias de comunica\u00e7\u00e3o, assist\u00eancia, educa\u00e7\u00e3o e promo\u00e7\u00e3o da sa\u00fade. Seus projetos t\u00eam focalizado jovens (em escolas e espa\u00e7os comunit\u00e1rios e territoriais diversos), portadores do HIV\/AIDS (jovens, homens e mulheres adultos e idosos), pessoas que vivem encarceradas, em comunidades pobres, discriminados pela cor da pele ou pela orienta\u00e7\u00e3o sexual.<\/p>\n<p>O NEPAIDS articula professores e pesquisadores da USP (Sa\u00fade Publica, Medicina, Psicologia, ECA, Ci\u00eancias Sociais, EACH, FFLCRP, IME), outras universidades p\u00fablicas (UFSCAR, UNIFESP, UNFba, UFRJ, UERJ, UFRGS, UFMT) e universidades privadas (Tuiuti, Santa Casa-SP) em colabora\u00e7\u00e3o com pesquisadores em diversos centros internacionais, Minist\u00e9rio e Secretarias da Sa\u00fade e Educa\u00e7\u00e3o, FAPESP e CNPq, Funda\u00e7\u00f5es privadas. Editamos blog, sites e paginas no facebook, livros e material did\u00e1tico, al\u00e9m de suplementos especiais sobre a epidemia da Aids. Organizamos cursos de especializa\u00e7\u00e3o em metodologia de pesquisa e escrita cient\u00edfica, e especializa\u00e7\u00e3o em promo\u00e7\u00e3o da sa\u00fade e preven\u00e7\u00e3o do HIV\/Aids.<\/p>\n<p>&nbsp;<\/p>\n","protected":false},"excerpt":{"rendered":"<p>Av. Professor Mello Moraes, 1721 \u2013 Bloco A Cidade Universit\u00e1ria \u2013 S\u00e3o Paulo, SP \u2013 05508-030 Telefones: +55 11 3091-4362 E-mail: pstip@usp.br |Site: https:\/\/sites.usp.br\/nepaids O N\u00facleo de Estudos para a Preven\u00e7\u00e3o da AIDS congrega pesquisadores, professores, alunos de gradua\u00e7\u00e3o e p\u00f3s, servidores p\u00fablicos e de ONG\u2019s para analisar as tend\u00eancias da epidemia e produzir pesquisas [&hellip;]<\/p>\n","protected":false},"author":2,"featured_media":0,"parent":0,"menu_order":0,"comment_status":"closed","ping_status":"closed","template":"","meta":{"_acf_changed":false,"footnotes":""},"categories":[401],"tags":[],"class_list":["post-16799","page","type-page","status-publish","hentry","category-laboratorios-2"],"acf":[],"jetpack_sharing_enabled":true,"_links":{"self":[{"href":"https:\/\/www.ip.usp.br\/site\/wp-json\/wp\/v2\/pages\/16799","targetHints":{"allow":["GET"]}}],"collection":[{"href":"https:\/\/www.ip.usp.br\/site\/wp-json\/wp\/v2\/pages"}],"about":[{"href":"https:\/\/www.ip.usp.br\/site\/wp-json\/wp\/v2\/types\/page"}],"author":[{"embeddable":true,"href":"https:\/\/www.ip.usp.br\/site\/wp-json\/wp\/v2\/users\/2"}],"replies":[{"embeddable":true,"href":"https:\/\/www.ip.usp.br\/site\/wp-json\/wp\/v2\/comments?post=16799"}],"version-history":[{"count":16,"href":"https:\/\/www.ip.usp.br\/site\/wp-json\/wp\/v2\/pages\/16799\/revisions"}],"predecessor-version":[{"id":54764,"href":"https:\/\/www.ip.usp.br\/site\/wp-json\/wp\/v2\/pages\/16799\/revisions\/54764"}],"wp:attachment":[{"href":"https:\/\/www.ip.usp.br\/site\/wp-json\/wp\/v2\/media?parent=16799"}],"wp:term":[{"taxonomy":"category","embeddable":true,"href":"https:\/\/www.ip.usp.br\/site\/wp-json\/wp\/v2\/categories?post=16799"},{"taxonomy":"post_tag","embeddable":true,"href":"https:\/\/www.ip.usp.br\/site\/wp-json\/wp\/v2\/tags?post=16799"}],"curies":[{"name":"wp","href":"https:\/\/api.w.org\/{rel}","templated":true}]}}