{"id":17198,"date":"2016-12-16T12:12:35","date_gmt":"2016-12-16T15:12:35","guid":{"rendered":"https:\/\/www.ip.usp.br\/site\/?page_id=17198"},"modified":"2018-09-04T15:08:08","modified_gmt":"2018-09-04T18:08:08","slug":"emma-otta-2","status":"publish","type":"page","link":"https:\/\/www.ip.usp.br\/site\/emma-otta-2\/","title":{"rendered":"Emma Otta"},"content":{"rendered":"<p><a href=\"http:\/\/buscatextual.cnpq.br\/buscatextual\/visualizacv.do?id=K4787017Y6\"><em>Lattes<\/em><\/a><\/p>\n<h4><strong>Gest\u00e3o 2008 a 2012 &#8211; <a href=\"https:\/\/issuu.com\/psicologia_usp\/docs\/01_relatorio\">Relat\u00f3rio de Gest\u00e3o<\/a><\/strong><\/h4>\n<p>Graduou-se em Psicologia pela USP (1975) e obteve os t\u00edtulos de Mestre (1979) e Doutor (1984) pelo Programa de P\u00f3s-Gradua\u00e7\u00e3o em Psicologia Experimental do Instituto de Psicologia da USP. Em 1999 foi aprovada em concurso de Livre-Doc\u00eancia e em 2005 tornou-se Professora Titular junto ao Departamento de Psicologia Experimental.<\/p>\n<p>Sua gest\u00e3o foi marcada pela transpar\u00eancia, tendo inaugurado a apresenta\u00e7\u00e3o \u00e0 comunidade do IP de um plano inicial de metas e de um relat\u00f3rio final de atividades, que se encontra dispon\u00edvel no sitio do <a href=\"http:\/\/citrus.uspnet.usp.br\/centrodememoriaip\/\">Centro de Mem\u00f3ria<\/a>. Documentos de interesse da Unidade, como Planos de Metas enviados \u00e0 Reitoria e Relat\u00f3rio de Avalia\u00e7\u00e3o da Unidade por membros externos passaram a ser colocados no sitio do IP para consulta de todos. Criou um boletim informativo online ImPrensa visando a divulga\u00e7\u00e3o de pesquisas desenvolvidas na Unidade. Criou a Ouvidoria do IP em 2009.<\/p>\n<p>Durante a gest\u00e3o, foram comemorados os 50 anos do curso de gradua\u00e7\u00e3o em Psicologia na USP e os 40 anos de cria\u00e7\u00e3o do Instituto de Psicologia. O IP cresceu durante os quatro anos de gest\u00e3o (de 85 docentes e 149 funcion\u00e1rios em 2008 o quadro aumentou para 91 docentes e 166 funcion\u00e1rios em 2011). O organograma, que estava desatualizado, foi reformulado e o Centro de Atendimento Psicol\u00f3gico (CAP) passou a fazer parte do organograma. Al\u00e9m de melhorias na infraestrutura f\u00edsica e humaniza\u00e7\u00e3o do ambiente, foram inaugurados os Laborat\u00f3rios Did\u00e1ticos para a realiza\u00e7\u00e3o da parte pr\u00e1tica das disciplinas b\u00e1sicas do curso de gradua\u00e7\u00e3o (Anexo do Bloco G). A \u00e1rea constru\u00edda total passou de 12.806 m<sup>2<\/sup>\u00a0para 13.771 m<sup>2<\/sup>.<\/p>\n<p>Avan\u00e7os foram feitos na \u00e1rea de inform\u00e1tica, com aquisi\u00e7\u00e3o de novos equipamentos (aumento de 191%), amplia\u00e7\u00e3o da infra-estrura de rede (aumento de 74%), capacidade do website (aumento de 6775%, 2,4 Gb para 165 Gb). A realiza\u00e7\u00e3o de preg\u00f5es foi institu\u00edda como uma pr\u00e1tica na Unidade, permitindo uma economia que variou entre 15,9% e 39,3%.<\/p>\n<p>Terminou a gest\u00e3o com a satisfa\u00e7\u00e3o de receber a not\u00edcia que o Instituto de Psicologia da USP ocupa o primeiro lugar no ranking Iberoamericano Psicologia SIR 2011 de produ\u00e7\u00e3o cient\u00edfica. Foram analisadas 902 Institui\u00e7\u00f5es de Ensino Superior de 30 pa\u00edses.<\/p>\n<p>Participou de v\u00e1rias comiss\u00f5es da Reitoria. Foi eleita pelo Conselho Universit\u00e1rio para compor a Comiss\u00e3o de Atividades Acad\u00eamicas (CAA) em 2009 e reeleita nos anos subsequentes at\u00e9 o final do mandato. Foi eleita pelo CO para integrar a Comiss\u00e3o Permanente de Avalia\u00e7\u00e3o, em 2011. Foi membro da Comiss\u00e3o que elaborou a Proposta de Progress\u00e3o Horizontal da Carreira Docente e foi eleita pelo CO em 2011 para compor a Comiss\u00e3o Central de Avalia\u00e7\u00e3o Docente (CCAD), tendo sido eleita presidente pelos membros da CCAD. A partir de 2012 passou a integrar a Comiss\u00e3o de Claros Docentes da Universidade.<\/p>\n","protected":false},"excerpt":{"rendered":"<p>Lattes Gest\u00e3o 2008 a 2012 &#8211; Relat\u00f3rio de Gest\u00e3o Graduou-se em Psicologia pela USP (1975) e obteve os t\u00edtulos de Mestre (1979) e Doutor (1984) pelo Programa de P\u00f3s-Gradua\u00e7\u00e3o em Psicologia Experimental do Instituto de Psicologia da USP. Em 1999 foi aprovada em concurso de Livre-Doc\u00eancia e em 2005 tornou-se Professora Titular junto ao Departamento [&hellip;]<\/p>\n","protected":false},"author":2,"featured_media":0,"parent":0,"menu_order":0,"comment_status":"closed","ping_status":"closed","template":"","meta":{"_acf_changed":false,"footnotes":""},"categories":[464,395],"tags":[],"class_list":["post-17198","page","type-page","status-publish","hentry","category-colaboraram-conosco","category-institucional"],"acf":[],"jetpack_sharing_enabled":true,"_links":{"self":[{"href":"https:\/\/www.ip.usp.br\/site\/wp-json\/wp\/v2\/pages\/17198","targetHints":{"allow":["GET"]}}],"collection":[{"href":"https:\/\/www.ip.usp.br\/site\/wp-json\/wp\/v2\/pages"}],"about":[{"href":"https:\/\/www.ip.usp.br\/site\/wp-json\/wp\/v2\/types\/page"}],"author":[{"embeddable":true,"href":"https:\/\/www.ip.usp.br\/site\/wp-json\/wp\/v2\/users\/2"}],"replies":[{"embeddable":true,"href":"https:\/\/www.ip.usp.br\/site\/wp-json\/wp\/v2\/comments?post=17198"}],"version-history":[{"count":6,"href":"https:\/\/www.ip.usp.br\/site\/wp-json\/wp\/v2\/pages\/17198\/revisions"}],"predecessor-version":[{"id":23379,"href":"https:\/\/www.ip.usp.br\/site\/wp-json\/wp\/v2\/pages\/17198\/revisions\/23379"}],"wp:attachment":[{"href":"https:\/\/www.ip.usp.br\/site\/wp-json\/wp\/v2\/media?parent=17198"}],"wp:term":[{"taxonomy":"category","embeddable":true,"href":"https:\/\/www.ip.usp.br\/site\/wp-json\/wp\/v2\/categories?post=17198"},{"taxonomy":"post_tag","embeddable":true,"href":"https:\/\/www.ip.usp.br\/site\/wp-json\/wp\/v2\/tags?post=17198"}],"curies":[{"name":"wp","href":"https:\/\/api.w.org\/{rel}","templated":true}]}}