{"id":17203,"date":"2016-12-16T12:12:59","date_gmt":"2016-12-16T15:12:59","guid":{"rendered":"https:\/\/www.ip.usp.br\/site\/?page_id=17203"},"modified":"2019-12-04T17:19:35","modified_gmt":"2019-12-04T20:19:35","slug":"zelia-ramozzi-chiarottino-2","status":"publish","type":"page","link":"https:\/\/www.ip.usp.br\/site\/zelia-ramozzi-chiarottino-2\/","title":{"rendered":"Zelia Ramozzi Chiarottino"},"content":{"rendered":"<div>\n<p><a href=\"http:\/\/lattes.cnpq.br\/2160365073619685\"><em><img decoding=\"async\" class=\"alignleft wp-image-29893 size-thumbnail\" src=\"https:\/\/www.ip.usp.br\/site\/wp-content\/uploads\/2019\/12\/zelia-150x150.png\" alt=\"\" width=\"150\" height=\"150\" \/>Lattes<\/em><\/a><\/p>\n<h4><strong>Gest\u00e3o 1988 a 1992<\/strong><\/h4>\n<p>Graduou-se em Filosofia pela Faculdade de Filosofia Ci\u00eancias e Letras da Universidade de S\u00e3o Paulo em 1958. Obteve seu t\u00edtulo de Mestrado em Philosophie des Sciences na Universite D&#8217;Aix-Marseille I (Universite de Provence), Fran\u00e7a, com o trabalho \u2018Le concept de structure chez Piaget\u2019, em 1967. Neste mesmo ano iniciou sua atividade docente na USP. Obteve seu t\u00edtulo de doutorado na USP, com o trabalho \u2018Modelo e estrutura na obra de Jean Piaget\u2019, em 1973. Fez p\u00f3s-doutorado na Universita degli Studi La Sapienza, It\u00e1lia (1974\/75). Em 1982 foi aprovada no concurso de Livre-doc\u00eancia com a tese \u2018Em busca do sentido da obra de Jean Piaget &#8211; pequena colabora\u00e7\u00e3o para aqueles que se ocupam de reeduca\u00e7\u00e3o num pa\u00eds de contrastes\u2019. Em 1987, tornou-se professora titular junto ao Departamento de Psicologia Social e do Trabalho do Instituto de Psicologia da USP, por concurso de t\u00edtulos e provas. Foi professora visitante da Un. Lyons II, em 1990.<\/p>\n<p>Formaram-se sob sua orienta\u00e7\u00e3o 21 mestres e 30 doutores. As suas pesquisas e publica\u00e7\u00f5es tratam de Epistemologia e Psicologia. Foi bolsista de produtividade em pesquisa do CNPq e bolsista Senior da Un. de Gen\u00e8ve, em 1995. Em 1996 foi declarada principale \u00e9mule de l&#8217;\u00c9cole de Gen\u00e8ve au Br\u00e9sil et en Am\u00e9rique Latine., Fondation Archives Jean Piaget.<\/p>\n<\/div>\n","protected":false},"excerpt":{"rendered":"<p>Lattes Gest\u00e3o 1988 a 1992 Graduou-se em Filosofia pela Faculdade de Filosofia Ci\u00eancias e Letras da Universidade de S\u00e3o Paulo em 1958. Obteve seu t\u00edtulo de Mestrado em Philosophie des Sciences na Universite D&#8217;Aix-Marseille I (Universite de Provence), Fran\u00e7a, com o trabalho \u2018Le concept de structure chez Piaget\u2019, em 1967. Neste mesmo ano iniciou sua [&hellip;]<\/p>\n","protected":false},"author":2,"featured_media":0,"parent":0,"menu_order":0,"comment_status":"closed","ping_status":"closed","template":"","meta":{"_acf_changed":false,"footnotes":""},"categories":[464,395],"tags":[],"class_list":["post-17203","page","type-page","status-publish","hentry","category-colaboraram-conosco","category-institucional"],"acf":[],"jetpack_sharing_enabled":true,"_links":{"self":[{"href":"https:\/\/www.ip.usp.br\/site\/wp-json\/wp\/v2\/pages\/17203","targetHints":{"allow":["GET"]}}],"collection":[{"href":"https:\/\/www.ip.usp.br\/site\/wp-json\/wp\/v2\/pages"}],"about":[{"href":"https:\/\/www.ip.usp.br\/site\/wp-json\/wp\/v2\/types\/page"}],"author":[{"embeddable":true,"href":"https:\/\/www.ip.usp.br\/site\/wp-json\/wp\/v2\/users\/2"}],"replies":[{"embeddable":true,"href":"https:\/\/www.ip.usp.br\/site\/wp-json\/wp\/v2\/comments?post=17203"}],"version-history":[{"count":5,"href":"https:\/\/www.ip.usp.br\/site\/wp-json\/wp\/v2\/pages\/17203\/revisions"}],"predecessor-version":[{"id":29894,"href":"https:\/\/www.ip.usp.br\/site\/wp-json\/wp\/v2\/pages\/17203\/revisions\/29894"}],"wp:attachment":[{"href":"https:\/\/www.ip.usp.br\/site\/wp-json\/wp\/v2\/media?parent=17203"}],"wp:term":[{"taxonomy":"category","embeddable":true,"href":"https:\/\/www.ip.usp.br\/site\/wp-json\/wp\/v2\/categories?post=17203"},{"taxonomy":"post_tag","embeddable":true,"href":"https:\/\/www.ip.usp.br\/site\/wp-json\/wp\/v2\/tags?post=17203"}],"curies":[{"name":"wp","href":"https:\/\/api.w.org\/{rel}","templated":true}]}}