{"id":17226,"date":"2016-12-16T13:04:00","date_gmt":"2016-12-16T16:04:00","guid":{"rendered":"https:\/\/www.ip.usp.br\/site\/?page_id=17226"},"modified":"2018-10-05T13:50:21","modified_gmt":"2018-10-05T16:50:21","slug":"apresentacao-24","status":"publish","type":"page","link":"https:\/\/www.ip.usp.br\/site\/apresentacao-24\/","title":{"rendered":"Apresenta\u00e7\u00e3o &#8211; CPAT"},"content":{"rendered":"<div style=\"text-align: justify;\">\n<p style=\"text-align: right;\">Av. Prof. Mello Moraes, 1721 \u2013 Bloco D \u2013 sala 163<br \/>\n05508-030 \u2013 Cidade Universit\u00e1ria \u2013 S\u00e3o Paulo, SP \u2013 Brasil<br \/>\nTelefone: 55 11-3091-4188 \u00a0<a href=\"mailto:cpat@usp.br\">cpat@usp.br<\/a><\/p>\n<p>O Centro de Psicologia Aplicada ao Trabalho (CPAT), vinculado ao Departamento de Psicologia Social e do Trabalho (PST) do Instituto de Psicologia da Universidade de S\u00e3o Paulo (IPUSP), foi criado em 1985 e tem o objetivo de: a) possibilitar atividades de est\u00e1gio e atividades pr\u00e1ticas junto aos estudantes de gradua\u00e7\u00e3o em psicologia; b) propiciar um lugar de forma\u00e7\u00e3o e debate para estudantes de p\u00f3s-gradua\u00e7\u00e3o que se dedicam \u00e0s tem\u00e1ticas relativas ao mundo do trabalho; c) realizar projetos de extens\u00e3o \u00e0 comunidade; d) desenvolver pesquisas.<\/p>\n<p>Suas atividades focalizam temas do mundo do trabalho e os relacionados aos processos organizativos. Desemprego, o chamado \u201cmercado informal\u201d, pol\u00edticas p\u00fablicas de trabalho, gera\u00e7\u00e3o de renda, sa\u00fade do trabalhador, organiza\u00e7\u00e3o do processo de trabalho, rela\u00e7\u00f5es de poder no trabalho, reestrutura\u00e7\u00e3o produtiva, autogest\u00e3o, economia solid\u00e1ria, cooperativismo, inser\u00e7\u00e3o de pessoas com defici\u00eancia no mundo do trabalho, hist\u00f3rias e trajet\u00f3rias de trabalho, carreira, aposentadoria, g\u00eanero e trabalho, \u00f3cio e tempo livre, o fazer art\u00edstico e suas interfaces com o mundo do trabalho, dentre outros s\u00e3o temas que definem linhas de atua\u00e7\u00e3o e de pesquisa no CPAT. O enfoque adotado no trato desses temas privilegia a leitura da psicologia social e aproxima-se da psicologia pol\u00edtica e da psicologia comunit\u00e1ria, al\u00e9m de estabelecer interlocu\u00e7\u00f5es com outras \u00e1reas do conhecimento, especialmente de ci\u00eancias humanas.<\/p>\n<p>A defini\u00e7\u00e3o e constru\u00e7\u00e3o dos projetos de pesquisa e de extens\u00e3o do CPAT, realizados gratuitamente, priorizam o di\u00e1logo com diferentes organiza\u00e7\u00f5es e trabalhadores, considerando as diversas realidades locais em rela\u00e7\u00e3o ao mundo do trabalho e os processos hist\u00f3ricos de desigualdade social no Brasil.<\/p>\n<p>O CPAT tem participado de projetos de forma\u00e7\u00e3o, extens\u00e3o e pesquisa interdepartamentais e interinstitucionais relativos ao mundo do trabalho e aos processos organizativos, e suas interfaces com outras tem\u00e1ticas e \u00e1reas, al\u00e9m de estabelecer interc\u00e2mbios com profissionais e pesquisadores de outras cidades e estados brasileiros e outros pa\u00edses.<\/p>\n<\/div>\n","protected":false},"excerpt":{"rendered":"<p>Av. Prof. Mello Moraes, 1721 \u2013 Bloco D \u2013 sala 163 05508-030 \u2013 Cidade Universit\u00e1ria \u2013 S\u00e3o Paulo, SP \u2013 Brasil Telefone: 55 11-3091-4188 \u00a0cpat@usp.br O Centro de Psicologia Aplicada ao Trabalho (CPAT), vinculado ao Departamento de Psicologia Social e do Trabalho (PST) do Instituto de Psicologia da Universidade de S\u00e3o Paulo (IPUSP), foi criado [&hellip;]<\/p>\n","protected":false},"author":2,"featured_media":0,"parent":0,"menu_order":0,"comment_status":"closed","ping_status":"closed","template":"","meta":{"_acf_changed":false,"footnotes":""},"categories":[488],"tags":[],"class_list":["post-17226","page","type-page","status-publish","hentry","category-atendimento-psicologico"],"acf":[],"jetpack_sharing_enabled":true,"_links":{"self":[{"href":"https:\/\/www.ip.usp.br\/site\/wp-json\/wp\/v2\/pages\/17226","targetHints":{"allow":["GET"]}}],"collection":[{"href":"https:\/\/www.ip.usp.br\/site\/wp-json\/wp\/v2\/pages"}],"about":[{"href":"https:\/\/www.ip.usp.br\/site\/wp-json\/wp\/v2\/types\/page"}],"author":[{"embeddable":true,"href":"https:\/\/www.ip.usp.br\/site\/wp-json\/wp\/v2\/users\/2"}],"replies":[{"embeddable":true,"href":"https:\/\/www.ip.usp.br\/site\/wp-json\/wp\/v2\/comments?post=17226"}],"version-history":[{"count":6,"href":"https:\/\/www.ip.usp.br\/site\/wp-json\/wp\/v2\/pages\/17226\/revisions"}],"predecessor-version":[{"id":25556,"href":"https:\/\/www.ip.usp.br\/site\/wp-json\/wp\/v2\/pages\/17226\/revisions\/25556"}],"wp:attachment":[{"href":"https:\/\/www.ip.usp.br\/site\/wp-json\/wp\/v2\/media?parent=17226"}],"wp:term":[{"taxonomy":"category","embeddable":true,"href":"https:\/\/www.ip.usp.br\/site\/wp-json\/wp\/v2\/categories?post=17226"},{"taxonomy":"post_tag","embeddable":true,"href":"https:\/\/www.ip.usp.br\/site\/wp-json\/wp\/v2\/tags?post=17226"}],"curies":[{"name":"wp","href":"https:\/\/api.w.org\/{rel}","templated":true}]}}