{"id":17251,"date":"2016-12-16T13:08:33","date_gmt":"2016-12-16T16:08:33","guid":{"rendered":"https:\/\/www.ip.usp.br\/site\/?page_id=17251"},"modified":"2018-09-05T10:37:12","modified_gmt":"2018-09-05T13:37:12","slug":"servicos-a-comunidade-11","status":"publish","type":"page","link":"https:\/\/www.ip.usp.br\/site\/servicos-a-comunidade-11\/","title":{"rendered":"Servi\u00e7os \u00e0 comunidade"},"content":{"rendered":"<p>Sua equipe desenvolve projetos de extens\u00e3o universit\u00e1ria junto a diferentes p\u00fablicos, tais como: grupos e coletivos de trabalhadoras e trabalhadores, institui\u00e7\u00f5es p\u00fablicas, sindicatos, cooperativas e empreendimentos autogestion\u00e1rios, associa\u00e7\u00f5es de bairro, movimentos sociais, ONGs, empresas privadas, etc.<\/p>\n<p>Dentre as atividades de extens\u00e3o, destacam-se: realiza\u00e7\u00e3o de projetos de interven\u00e7\u00e3o junto a grupos, institui\u00e7\u00f5es e organiza\u00e7\u00f5es no campo do trabalho; desenvolvimento de assessorias e consultorias; supervis\u00f5es institucionais. Tais projetos de extens\u00e3o ocorrem em diferentes \u00e1reas da cidade de S\u00e3o Paulo e interior do estado.<\/p>\n<p>Entre sua linhas de atua\u00e7\u00e3o destacam-se as seguintes modalidades de assessorias e consultorias:<\/p>\n<p>I- <em>Entidades da sociedade civil e \u00f3rg\u00e3os p\u00fablicos<\/em> <em>que desenvolvem pol\u00edticas e a\u00e7\u00f5es voltadas ao combate ao desemprego<\/em>: an\u00e1lise das concep\u00e7\u00f5es e estrutura de projetos de combate ao desemprego; elabora\u00e7\u00e3o conjunta de projetos que visam combater o desemprego; cursos de forma\u00e7\u00e3o a equipes que desenvolvem projetos com esta finalidade; acompanhamento de projetos na \u00e1rea; avalia\u00e7\u00e3o (qualitativa) das repercuss\u00f5es psicossociais do desemprego;<\/p>\n<p>II- <em>Sindicatos, cooperativas, \u00f3rg\u00e3os p\u00fablicos e outras organiza\u00e7\u00f5es, em sa\u00fade do trabalhador<\/em>: semin\u00e1rios em sa\u00fade do trabalhador em uma perspectiva psicossocial, seja focalizando a organiza\u00e7\u00e3o do trabalho, seja a organiza\u00e7\u00e3o de trabalhadores no local de trabalho ou quest\u00f5es referentes \u00e0 sa\u00fade\/ sa\u00fade mental dos trabalhadores; estudos sobre o cotidiano de trabalho; avalia\u00e7\u00e3o psicossocial das condi\u00e7\u00f5es e da organiza\u00e7\u00e3o do trabalho e da sa\u00fade dos trabalhadores; desenvolvimento de projetos conjuntos de acompanhamento de pessoas que sofreram acidentes e doen\u00e7as de trabalho e ficaram desempregadas ou est\u00e3o afastadas, com foco nas quest\u00f5es de gera\u00e7\u00e3o de renda;<\/p>\n<p>III- <em>Organiza\u00e7\u00f5es p\u00fablicas e empresas privadas, em psicologia organizacional<\/em>: an\u00e1lise e pesquisa de clima organizacional; pesquisa e diagn\u00f3stico organizacional; desenvolvimento de gestores e equipes; desenvolvimento de carreira;<\/p>\n<p>IV- <em>Empresas, organiza\u00e7\u00f5es n\u00e3o governamentais e \u00f3rg\u00e3os p\u00fablicos, para contrata\u00e7\u00e3o de pessoas deficientes<\/em>: an\u00e1lise e interven\u00e7\u00e3o em empresas e organiza\u00e7\u00f5es para contrata\u00e7\u00e3o de pessoas deficientes, que contempla: an\u00e1lise organizacional; an\u00e1lise de cargos poss\u00edveis e acompanhamento da adapta\u00e7\u00e3o das empresas e das organiza\u00e7\u00f5es para receber as pessoas com defici\u00eancia;<\/p>\n<p>V- <em>Cooperativas e entidades formadoras de cooperativa<\/em>: acompanhamento de cooperativas no aperfei\u00e7oamento da autogest\u00e3o e na forma\u00e7\u00e3o de redes com outras cooperativas; divulga\u00e7\u00e3o e sensibiliza\u00e7\u00e3o para economia solid\u00e1ria e cooperativismo; acompanhamento de equipes de formadores em economia solid\u00e1ria;<\/p>\n<p>VI- <em>Processos organizativos comunit\u00e1rios<\/em>: an\u00e1lise de propostas e a\u00e7\u00f5es de associa\u00e7\u00f5es de bairro e movimentos sociais;<\/p>\n<p>VII-<em> Projetos voltados \u00e0s tem\u00e1ticas do \u00f3cio, tempo livre e aposentadoria<\/em>: realiza\u00e7\u00e3o de projetos voltados a grupos, coletivos, movimentos e organiza\u00e7\u00f5es que t\u00eam como foco atuar junto a pessoas aposentadas ou que visam \u00e0 aposentadoria; desenvolvimento de metodologia de interven\u00e7\u00e3o psicossocial voltada a aposentadas e a aposentados.<\/p>\n<p>Dentre suas atividades de extens\u00e3o, s\u00e3o realizadas ainda assessorias a estudantes de psicologia e de outras \u00e1reas do conhecimento (como estudantes de ci\u00eancias sociais, letras, jornalismo, economia, terapia ocupacional, administra\u00e7\u00e3o, contabilidade, pedagogia, direito, assist\u00eancia social, engenharia de produ\u00e7\u00e3o etc.), al\u00e9m de psic\u00f3logos e de outros profissionais de diferentes \u00e1reas que procuraram o Centro em busca de referenciais te\u00f3ricos e metodol\u00f3gicos em psicologia social do trabalho e das organiza\u00e7\u00f5es e sobre os temas: desemprego; \u201cmercado informal\u201d; economia solid\u00e1ria; cooperativismo; processos organizativos; inser\u00e7\u00e3o de pessoas deficientes no mundo do trabalho; pol\u00edtica p\u00fablica em sa\u00fade da fam\u00edlia e processos de trabalho em sa\u00fade; forma\u00e7\u00e3o em servi\u00e7o de sa\u00fade; sa\u00fade do trabalhador; pol\u00edtica p\u00fablica de assist\u00eancia social, processos de trabalho locais e participa\u00e7\u00e3o comunit\u00e1ria; organiza\u00e7\u00e3o pol\u00edtica de trabalhadores.<\/p>\n<p>Com o intuito de fortalecer a interlocu\u00e7\u00e3o universidade-comunidade, o CPAT promove eventos e cursos de extens\u00e3o universit\u00e1ria, voltados a p\u00fablicos diversos. Dos cursos de extens\u00e3o, destacam-se: inser\u00e7\u00e3o de pessoas com defici\u00eancia no mundo do trabalho; desemprego; sa\u00fade do trabalhador; temas contempor\u00e2neos em psicologia social do trabalho; envelhecimento, aposentadoria e trabalho; \u00f3cio e tempo livre.<\/p>\n<p>Participa tamb\u00e9m de eventos e cursos realizados por outras organiza\u00e7\u00f5es (\u00f3rg\u00e3os p\u00fablicos, sindicatos, entidades de fomento \u00e0 economia solid\u00e1ria, etc.) a respeito de temas da \u00e1rea, tais como oficinas, grupos de trabalho, encontros, semin\u00e1rios e congressos.<\/p>\n<p>Realiza pareceres, dossi\u00eas e relat\u00f3rios t\u00e9cnicos e cient\u00edficos na \u00e1rea.<\/p>\n<p>Elabora materiais did\u00e1ticos e de apoio voltados ao p\u00fablico, relativos ao campo da psicologia social do trabalho e aos temas do mundo do trabalho.<\/p>\n","protected":false},"excerpt":{"rendered":"<p>Sua equipe desenvolve projetos de extens\u00e3o universit\u00e1ria junto a diferentes p\u00fablicos, tais como: grupos e coletivos de trabalhadoras e trabalhadores, institui\u00e7\u00f5es p\u00fablicas, sindicatos, cooperativas e empreendimentos autogestion\u00e1rios, associa\u00e7\u00f5es de bairro, movimentos sociais, ONGs, empresas privadas, etc. Dentre as atividades de extens\u00e3o, destacam-se: realiza\u00e7\u00e3o de projetos de interven\u00e7\u00e3o junto a grupos, institui\u00e7\u00f5es e organiza\u00e7\u00f5es no campo [&hellip;]<\/p>\n","protected":false},"author":2,"featured_media":0,"parent":0,"menu_order":0,"comment_status":"closed","ping_status":"closed","template":"","meta":{"_acf_changed":false,"footnotes":""},"categories":[488],"tags":[],"class_list":["post-17251","page","type-page","status-publish","hentry","category-atendimento-psicologico"],"acf":[],"jetpack_sharing_enabled":true,"_links":{"self":[{"href":"https:\/\/www.ip.usp.br\/site\/wp-json\/wp\/v2\/pages\/17251","targetHints":{"allow":["GET"]}}],"collection":[{"href":"https:\/\/www.ip.usp.br\/site\/wp-json\/wp\/v2\/pages"}],"about":[{"href":"https:\/\/www.ip.usp.br\/site\/wp-json\/wp\/v2\/types\/page"}],"author":[{"embeddable":true,"href":"https:\/\/www.ip.usp.br\/site\/wp-json\/wp\/v2\/users\/2"}],"replies":[{"embeddable":true,"href":"https:\/\/www.ip.usp.br\/site\/wp-json\/wp\/v2\/comments?post=17251"}],"version-history":[{"count":4,"href":"https:\/\/www.ip.usp.br\/site\/wp-json\/wp\/v2\/pages\/17251\/revisions"}],"predecessor-version":[{"id":23553,"href":"https:\/\/www.ip.usp.br\/site\/wp-json\/wp\/v2\/pages\/17251\/revisions\/23553"}],"wp:attachment":[{"href":"https:\/\/www.ip.usp.br\/site\/wp-json\/wp\/v2\/media?parent=17251"}],"wp:term":[{"taxonomy":"category","embeddable":true,"href":"https:\/\/www.ip.usp.br\/site\/wp-json\/wp\/v2\/categories?post=17251"},{"taxonomy":"post_tag","embeddable":true,"href":"https:\/\/www.ip.usp.br\/site\/wp-json\/wp\/v2\/tags?post=17251"}],"curies":[{"name":"wp","href":"https:\/\/api.w.org\/{rel}","templated":true}]}}