{"id":17531,"date":"2017-01-17T17:18:46","date_gmt":"2017-01-17T20:18:46","guid":{"rendered":"https:\/\/www.ip.usp.br\/site\/?page_id=17531"},"modified":"2025-09-03T13:38:17","modified_gmt":"2025-09-03T16:38:17","slug":"ipcomunica-equipe","status":"publish","type":"page","link":"https:\/\/www.ip.usp.br\/site\/ipcomunica-equipe\/","title":{"rendered":"Quem somos"},"content":{"rendered":"<div class=\"row content\">\n<div class=\"col-md-10 col-md-offset-1\">\n<p style=\"text-align: right;\">Av. Prof. Mello Moraes, 1721, sala 17 \u2013 Cidade Universit\u00e1ria \u2013 S\u00e3o Paulo, SP<br \/>\nTelefone: 55 11-3091-4178 \u00a0\u00a0 <a href=\"mailto:ipcomunica@usp.br\">ipcomunica@usp.br<\/a>, <a href=\"mailto:contato.ip@usp.br\">contato.ip@usp.br<\/a>,\u00a0<a href=\"mailto:revistapsico.usp@usp.br\">psico.usp@usp.br<\/a><br \/>\n<a href=\"http:\/\/www.facebook.com\/IPUSP\">www.facebook.com\/IPUSP<\/a> \u00a0\u00a0 <a href=\"http:\/\/www.facebook.com.br\/revistapsico.usp\">www.facebook.com.br\/revistapsico.usp<\/a><\/p>\n<hr \/>\n<div>\n<p style=\"text-align: justify;\">O IP Comunica \u00e9 respons\u00e1vel por estruturar as atividades de comunica\u00e7\u00e3o no Instituto de Psicologia (IP Comunica) de modo que a sociedade conhe\u00e7a, participe e usufrua das ofertas de ensino, pesquisa e servi\u00e7os da unidade.<\/p>\n<p style=\"text-align: justify;\">Tal perspectiva condiz com o compromisso de a universidade incluir a popula\u00e7\u00e3o e a m\u00eddia no debate de temas de ci\u00eancia, tecnologia e inova\u00e7\u00e3o. Al\u00e9m disso, visa estabelecer o contato entre os docentes, alunos e funcion\u00e1rios do Instituto de Psicologia da USP e o p\u00fablico externo, para divulgar as atividades geradas dentro da unidade.<\/p>\n<p style=\"text-align: justify;\">Dentre suas atribui\u00e7\u00f5es est\u00e3o a difus\u00e3o de informa\u00e7\u00f5es para os meios de comunica\u00e7\u00e3o e comunidade em geral, o servi\u00e7o de assessoria de imprensa e a atualiza\u00e7\u00e3o da\u00a0<em>homepage<\/em>\u00a0e\u00a0<em>fan page<\/em>\u00a0no\u00a0<a href=\"https:\/\/www.facebook.com\/IPUSP\/\" target=\"_blank\" rel=\"noopener noreferrer\">Facebook do IPUSP<\/a>. Al\u00e9m disso, o IP Comunica realiza cobertura fotogr\u00e1fica e produ\u00e7\u00e3o de mat\u00e9rias sobre defesas de teses e disserta\u00e7\u00f5es, semin\u00e1rios, palestras, semanas acad\u00eamicas, encontros, trabalhos de pesquisa, de extens\u00e3o e demais eventos acad\u00eamicos.<\/p>\n<h3 style=\"text-align: justify;\">Equipe<\/h3>\n<p style=\"text-align: justify;\">Rodrigo Marinangeli de Vasconcellos<\/p>\n<h3 style=\"text-align: justify;\">Assessoria de Imprensa<\/h3>\n<p style=\"text-align: justify;\">O servi\u00e7o de assessoria de imprensa do IPUSP visa dar suporte a profissionais dos diferentes ve\u00edculos de comunica\u00e7\u00e3o \u2013 jornais impressos, emissoras de televis\u00e3o e r\u00e1dio, sites e empresas de assessoria de comunica\u00e7\u00e3o \u2013 a fim de manter em evid\u00eancia os avan\u00e7os das pesquisas da unidade. Esses profissionais procuram o Instituto de Psicologia para solicitar a indica\u00e7\u00e3o de professores, t\u00e9cnicos e pesquisadores de gradua\u00e7\u00e3o e p\u00f3s-gradua\u00e7\u00e3o para comentar os mais variados assuntos e situa\u00e7\u00f5es no cotidiano que envolvam a Psicologia e a unidade. Assim como os jornalistas contam com o servi\u00e7o de assessoria de imprensa do IP, o IP Comunica pode contar com esses profissionais no levantamento e na captura de mat\u00e9rias e entrevistas para o item do portal \u201cIP na M\u00eddia\u201d. Em m\u00e9dia, s\u00e3o 60 atendimentos mensais. A assessoria de Imprensa funciona como agente principal para a atualiza\u00e7\u00e3o de conte\u00fado do item \u201cIP na M\u00eddia\u201d do site do IP.<\/p>\n<h3 style=\"text-align: justify;\">Divulga\u00e7\u00e3o<\/h3>\n<p style=\"text-align: justify;\">As atividades de pesquisas cient\u00edficas, teses e disserta\u00e7\u00f5es defendidas, cursos e eventos realizados no Instituto por docentes, funcion\u00e1rios e alunos s\u00e3o divulgadas por email, distribui\u00e7\u00e3o de cartazes e folhetos, al\u00e9m da inser\u00e7\u00e3o no site do IP e de elabora\u00e7\u00e3o de releases eletr\u00f4nicos enviados para a m\u00eddia interna e externa \u00e0 USP e para profissionais cadastrados.<\/p>\n<h4 style=\"text-align: justify;\"><span style=\"color: #808080;\">Atualiza\u00e7\u00e3o da homepage do IP<\/span><\/h4>\n<p style=\"text-align: justify;\">Gest\u00e3o de conte\u00fado; produ\u00e7\u00e3o de mat\u00e9rias para a homepage e p\u00e1ginas de not\u00edcias, eventos e galerias de fotos; manuten\u00e7\u00e3o no banco de eventos. A atualiza\u00e7\u00e3o garante manter a qualidade das informa\u00e7\u00f5es;\u00a0dar visibilidade \u00e0s realiza\u00e7\u00f5es da unidade e a conex\u00e3o do site do IP com as redes sociais.<\/p>\n<p style=\"text-align: justify;\">O IP Comunica \u00e9 respons\u00e1vel pela atualiza\u00e7\u00e3o dos seguintes itens do portal do IP:<\/p>\n<ul style=\"text-align: justify;\">\n<li>Not\u00edcias<\/li>\n<li>IP na M\u00eddia<\/li>\n<li>Eventos e defesas<\/li>\n<li>Comunidade IPUSP<\/li>\n<li>Colaboraram Conosco<\/li>\n<li>Galeria de fotos<\/li>\n<li>Pr\u00eamios Recebidos<\/li>\n<\/ul>\n<h4 style=\"text-align: justify;\"><span style=\"color: #808080;\">E-mail institucional<\/span>:\u00a0<a href=\"mailto:ipcomunica@usp.br\">ipcomunica@usp.br<\/a><\/h4>\n<p style=\"text-align: justify;\">O\u00a0\u00a0<a href=\"mailto:ipcomunica@usp.br\">ipcomunica@usp.br<\/a>\u00a0\u00e9 um canal de comunica\u00e7\u00e3o do IP entre funcion\u00e1rios, estudantes e docentes do IPUSP e a sociedade. Por este e-mail, s\u00e3o difundidas as informa\u00e7\u00f5es acad\u00eamicas, administrativas, sociais e culturais que acontecem na USP \u00e0 comunidade interna e externa.<\/p>\n<ul style=\"text-align: justify;\">\n<li>Informa\u00e7\u00f5es acad\u00eamicas: inscri\u00e7\u00f5es para monitoria, prazos para inscri\u00e7\u00f5es de Programa de Inicia\u00e7\u00e3o Cient\u00edfica, bolsas de estudos e de pesquisa, Semana de Psicologia, palestras, encontros, confer\u00eancias, workshops, congressos etc.<\/li>\n<li>Informa\u00e7\u00f5es administrativas: elei\u00e7\u00f5es para representantes em comiss\u00f5es, comunicados do Departamento de Recursos Humanos da Reitoria, informa\u00e7\u00f5es da Prefeitura do Campus etc.<\/li>\n<li>Informa\u00e7\u00f5es sociais e culturais promovidos pela USP: campanhas de doa\u00e7\u00e3o de sangue, campanhas ambientais do IP e da USP, ciclos de cinemas do CINUSP, atividades do CEPEUSP, programa\u00e7\u00e3o da OSUSP, dos teatros da USP etc.<\/li>\n<\/ul>\n<h3 style=\"text-align: justify;\">Facebook: <a href=\"http:\/\/www.facebook.com\/IPUSP\">www.facebook.com\/IPUSP<\/a><\/h3>\n<p style=\"text-align: justify;\">Lan\u00e7ado em 14 de mar\u00e7o de 2014, o perfil do IPUSP no Facebook visa multiplicar informa\u00e7\u00f5es de interesse da unidade e monitorar a internet para localizar men\u00e7\u00f5es \u00e0 institui\u00e7\u00e3o, seus alunos e professores. Entre as m\u00eddias sociais, o Facebook tem se mostrado a ferramenta de maior alcance.<\/p>\n<h3 style=\"text-align: justify;\"><span style=\"color: #333333;\">Revista\u00a0psico.usp<\/span><\/h3>\n<p style=\"text-align: justify;\"><a href=\"https:\/\/www.ip.usp.br\/site\/quem-somos\/revistapsico.usp@usp.br\"><strong>psico.<\/strong>usp<\/a>\u00a0\u00e9 a revista sobre pesquisas do Instituto de Psicologia da USP. \u00c9 o novo canal de comunica\u00e7\u00e3o do IPUSP\u00a0com a sociedade. Visa principalmente a difus\u00e3o das pesquisas e trabalhos produzidos internamente ao p\u00fablico geral. Este \u00e9 um projeto de comunica\u00e7\u00e3o do Instituto de Psicologia que vai ao encontro do compromisso de a Universidade de S\u00e3o Paulo incluir a popula\u00e7\u00e3o e a m\u00eddia no debate de temas de ci\u00eancia, tecnologia e inova\u00e7\u00e3o.<\/p>\n<p style=\"text-align: justify;\">Para cada editoria (Sociedade, BIO, Sa\u00fade, Educa\u00e7\u00e3o, Arte&amp;Cultura), h\u00e1 uma mat\u00e9ria principal e duas notas (que fa\u00e7am refer\u00eancia ao tema da editoria); e, para a mat\u00e9ria de capa, h\u00e1 no m\u00ednimo cinco grandes textos envolvendo o tema. Al\u00e9m das editorias, a <strong>psico<\/strong>.usp conta com as se\u00e7\u00f5es:<\/p>\n<ul style=\"text-align: justify;\">\n<li>Mural do IP: abre a revista com as not\u00edcias mais recentes;<\/li>\n<li>Aconteceu no IP: duas notas para cada edi\u00e7\u00e3o;<\/li>\n<li>Lan\u00e7amentos de livros;<\/li>\n<li><em>Commentor<\/em>: a cada n\u00famero um colunista diferente fala sobre um tema de forma coloquial;<\/li>\n<li>Perfil: a cada n\u00famero \u00e9 apresentada a trajet\u00f3ria acad\u00eamica de um professor \u2013 em dois formatos: v\u00eddeo e texto;<\/li>\n<li>Psico-HQ: quadrinhos e ilustra\u00e7\u00f5es fornecidos pela comunidade do IP;<\/li>\n<li>Outro Olhar: registros feitos na unidade fornecidos pela comunidade do IP.<\/li>\n<\/ul>\n<p style=\"text-align: justify;\">A revista psico.usp foi reconhecida como publica\u00e7\u00e3o seriada pelo Instituto Brasileiro de Ci\u00eancia e Tecnologia \u2013 IBICT, que atribuiu ao peri\u00f3dico os n\u00fameros de ISSN (International Standard Serial Number) para publica\u00e7\u00e3o impressa (2447-7095) e online (2447-7109). O ISSN \u00e9 um n\u00famero de identifica\u00e7\u00e3o internacionalmente reconhecido, que serve como par\u00e2metro para o controle de qualidade de revistas cient\u00edficas e tamb\u00e9m pode participar dos crit\u00e9rios de indexa\u00e7\u00e3o em base de dados nacionais e internacionais.<\/p>\n<h3 style=\"text-align: justify;\">Cobertura de Eventos<\/h3>\n<p style=\"text-align: justify;\">O IP Comunica \u00e9 respons\u00e1vel por fazer a reportagem e cobertura fotogr\u00e1fica dos eventos que ocorrem no IP,\u00a0transformando-os em mat\u00e9rias jornal\u00edsticas\u00a0para a comunidade e a todos que acessam o site. Todas as\u00a0<a href=\"https:\/\/www.ip.usp.br\/site\/ip-comunica\/\">not\u00edcias<\/a>\u00a0s\u00e3o publicadas no\u00a0<a href=\"https:\/\/www.ip.usp.br\/site\/ip-comunica\/\">site do IPUSP<\/a>\u00a0e\u00a0da\u00a0<a href=\"https:\/\/www.ip.usp.br\/revistapsico.usp\">revista pisco.usp<\/a>\u00a0e no\u00a0<a href=\"http:\/\/www.facebook.com.br\/revistapsico.usp\">Facebook<\/a>\u00a0do IPUSP. A galeria de fotos do IPUSP est\u00e3o dispon\u00edveis no\u00a0<a href=\"http:\/\/www.facebook.com\/IPUSP\">Facebook<\/a>\u00a0do IPUSP.<\/p>\n<\/div>\n<\/div>\n<\/div>\n","protected":false},"excerpt":{"rendered":"<p>Av. Prof. Mello Moraes, 1721, sala 17 \u2013 Cidade Universit\u00e1ria \u2013 S\u00e3o Paulo, SP Telefone: 55 11-3091-4178 \u00a0\u00a0 ipcomunica@usp.br, contato.ip@usp.br,\u00a0psico.usp@usp.br www.facebook.com\/IPUSP \u00a0\u00a0 www.facebook.com.br\/revistapsico.usp O IP Comunica \u00e9 respons\u00e1vel por estruturar as atividades de comunica\u00e7\u00e3o no Instituto de Psicologia (IP Comunica) de modo que a sociedade conhe\u00e7a, participe e usufrua das ofertas de ensino, pesquisa e [&hellip;]<\/p>\n","protected":false},"author":2,"featured_media":0,"parent":0,"menu_order":0,"comment_status":"closed","ping_status":"closed","template":"","meta":{"_acf_changed":false,"footnotes":""},"categories":[396],"tags":[],"class_list":["post-17531","page","type-page","status-publish","hentry","category-ip-comunica"],"acf":[],"jetpack_sharing_enabled":true,"_links":{"self":[{"href":"https:\/\/www.ip.usp.br\/site\/wp-json\/wp\/v2\/pages\/17531","targetHints":{"allow":["GET"]}}],"collection":[{"href":"https:\/\/www.ip.usp.br\/site\/wp-json\/wp\/v2\/pages"}],"about":[{"href":"https:\/\/www.ip.usp.br\/site\/wp-json\/wp\/v2\/types\/page"}],"author":[{"embeddable":true,"href":"https:\/\/www.ip.usp.br\/site\/wp-json\/wp\/v2\/users\/2"}],"replies":[{"embeddable":true,"href":"https:\/\/www.ip.usp.br\/site\/wp-json\/wp\/v2\/comments?post=17531"}],"version-history":[{"count":19,"href":"https:\/\/www.ip.usp.br\/site\/wp-json\/wp\/v2\/pages\/17531\/revisions"}],"predecessor-version":[{"id":52928,"href":"https:\/\/www.ip.usp.br\/site\/wp-json\/wp\/v2\/pages\/17531\/revisions\/52928"}],"wp:attachment":[{"href":"https:\/\/www.ip.usp.br\/site\/wp-json\/wp\/v2\/media?parent=17531"}],"wp:term":[{"taxonomy":"category","embeddable":true,"href":"https:\/\/www.ip.usp.br\/site\/wp-json\/wp\/v2\/categories?post=17531"},{"taxonomy":"post_tag","embeddable":true,"href":"https:\/\/www.ip.usp.br\/site\/wp-json\/wp\/v2\/tags?post=17531"}],"curies":[{"name":"wp","href":"https:\/\/api.w.org\/{rel}","templated":true}]}}