{"id":178,"date":"2016-06-01T17:04:35","date_gmt":"2016-06-01T17:04:35","guid":{"rendered":"https:\/\/www.ip.usp.br\/site\/?page_id=178"},"modified":"2025-10-22T14:30:42","modified_gmt":"2025-10-22T17:30:42","slug":"sobre-o-ipcomunica","status":"publish","type":"page","link":"https:\/\/www.ip.usp.br\/site\/sobre-o-ipcomunica\/","title":{"rendered":"Sobre o IP Comunica"},"content":{"rendered":"<p><span style=\"font-weight: 400;\">O principal objetivo do IP Comunica \u00e9 estruturar as atividades de comunica\u00e7\u00e3o no Instituto de Psicologia de modo que a sociedade conhe\u00e7a, participe e usufrua das ofertas de ensino, pesquisa e servi\u00e7os da unidade. Tal perspectiva condiz com o compromisso da universidade em incluir a popula\u00e7\u00e3o e a m\u00eddia no debate de temas de ci\u00eancia, tecnologia e inova\u00e7\u00e3o.<\/span><\/p>\n<p><span style=\"font-weight: 400;\">O trabalho do IP Comunica vai de atividades como a assessoria de imprensa, comunica\u00e7\u00e3o interna, divulga\u00e7\u00e3o de acontecimentos das \u00e1reas acad\u00eamicas, administrativas e at\u00e9 culturais da unidade. Para as realizar o trabalho s\u00e3o utilizadas as t\u00e9cnicas dispon\u00edveis no campo da comunica\u00e7\u00e3o: produ\u00e7\u00e3o de textos e mat\u00e9rias, produ\u00e7\u00e3o edi\u00e7\u00e3o de imagens, cria\u00e7\u00e3o de v\u00eddeos, cobertura fotogr\u00e1fica, ger\u00eancia das redes sociais institucionais: <\/span><a href=\"https:\/\/issuu.com\/psicologia_usp\"><span style=\"font-weight: 400;\">Issuu<\/span><\/a><span style=\"font-weight: 400;\">, duas contas do Facebook: <\/span><a href=\"https:\/\/www.facebook.com\/IPUSP\/\"><span style=\"font-weight: 400;\">IPUSP<\/span><\/a><span style=\"font-weight: 400;\"> e <\/span><a href=\"https:\/\/www.facebook.com\/divulgacaocientificaipusp\/\"><span style=\"font-weight: 400;\">Perisc\u00f3pio<\/span><\/a><span style=\"font-weight: 400;\">, e do perfil do <\/span><a href=\"http:\/\/www.instagram.com\/ip.usp\"><span style=\"font-weight: 400;\">Instagram<\/span><\/a><span style=\"font-weight: 400;\">; al\u00e9m dos tr\u00eas sites do IP: a home <\/span><a href=\"http:\/\/www.ip.usp.br\"><span style=\"font-weight: 400;\">www.ip.usp.br<\/span><\/a><span style=\"font-weight: 400;\">, o <\/span><a href=\"https:\/\/sites.usp.br\/psicousp\/\"><span style=\"font-weight: 400;\">Perisc\u00f3pio: Portal de Divulga\u00e7\u00e3o Cient\u00edfica do IPUSP<\/span><\/a><span style=\"font-weight: 400;\">, e o <\/span><a href=\"https:\/\/50anos.ip.usp.br\"><span style=\"font-weight: 400;\">IPUSP 50 anos<\/span><\/a><span style=\"font-weight: 400;\">.<\/span><\/p>\n<p><span style=\"font-weight: 400;\">Em conson\u00e2ncia com a evolu\u00e7\u00e3o do Instituto de Psicologia e sua miss\u00e3o de promover a intera\u00e7\u00e3o com a sociedade, o IP Comunica refor\u00e7a o compromisso de ampliar o alcance das atividades acad\u00eamicas, administrativas, culturais e de pesquisa.<\/span><\/p>\n","protected":false},"excerpt":{"rendered":"<p>O principal objetivo do IP Comunica \u00e9 estruturar as atividades de comunica\u00e7\u00e3o no Instituto de Psicologia de modo que a sociedade conhe\u00e7a, participe e usufrua das ofertas de ensino, pesquisa e servi\u00e7os da unidade. Tal perspectiva condiz com o compromisso da universidade em incluir a popula\u00e7\u00e3o e a m\u00eddia no debate de temas de ci\u00eancia, [&hellip;]<\/p>\n","protected":false},"author":2,"featured_media":0,"parent":0,"menu_order":0,"comment_status":"closed","ping_status":"closed","template":"","meta":{"_acf_changed":false,"footnotes":""},"categories":[396],"tags":[],"class_list":["post-178","page","type-page","status-publish","hentry","category-ip-comunica"],"acf":[],"jetpack_sharing_enabled":true,"_links":{"self":[{"href":"https:\/\/www.ip.usp.br\/site\/wp-json\/wp\/v2\/pages\/178","targetHints":{"allow":["GET"]}}],"collection":[{"href":"https:\/\/www.ip.usp.br\/site\/wp-json\/wp\/v2\/pages"}],"about":[{"href":"https:\/\/www.ip.usp.br\/site\/wp-json\/wp\/v2\/types\/page"}],"author":[{"embeddable":true,"href":"https:\/\/www.ip.usp.br\/site\/wp-json\/wp\/v2\/users\/2"}],"replies":[{"embeddable":true,"href":"https:\/\/www.ip.usp.br\/site\/wp-json\/wp\/v2\/comments?post=178"}],"version-history":[{"count":10,"href":"https:\/\/www.ip.usp.br\/site\/wp-json\/wp\/v2\/pages\/178\/revisions"}],"predecessor-version":[{"id":52922,"href":"https:\/\/www.ip.usp.br\/site\/wp-json\/wp\/v2\/pages\/178\/revisions\/52922"}],"wp:attachment":[{"href":"https:\/\/www.ip.usp.br\/site\/wp-json\/wp\/v2\/media?parent=178"}],"wp:term":[{"taxonomy":"category","embeddable":true,"href":"https:\/\/www.ip.usp.br\/site\/wp-json\/wp\/v2\/categories?post=178"},{"taxonomy":"post_tag","embeddable":true,"href":"https:\/\/www.ip.usp.br\/site\/wp-json\/wp\/v2\/tags?post=178"}],"curies":[{"name":"wp","href":"https:\/\/api.w.org\/{rel}","templated":true}]}}