{"id":18330,"date":"2018-02-01T16:01:45","date_gmt":"2018-02-01T19:01:45","guid":{"rendered":"https:\/\/www.ip.usp.br\/site\/?page_id=18330"},"modified":"2018-02-01T16:02:54","modified_gmt":"2018-02-01T19:02:54","slug":"peru","status":"publish","type":"page","link":"https:\/\/www.ip.usp.br\/site\/peru\/","title":{"rendered":"Peru"},"content":{"rendered":"<table>\n<tbody>\n<tr>\n<td><strong>Projeto: Conv\u00eanio Acad\u00eamico Internacional entre o Instituto de Psicologia da\u00a0Universidade\u00a0de S\u00e3o Paulo (Brasil) e a Universidad Aut\u00f3noma del Peru (Peru)\u00a0<\/strong><\/td>\n<\/tr>\n<tr>\n<td><strong>Institui\u00e7\u00e3o<\/strong>: Universidad Aut\u00f3noma del Peru<\/td>\n<\/tr>\n<tr>\n<td><b>Site:\u00a0<\/b><a href=\"http:\/\/www.autonoma.pe\/2013\/\">http:\/\/www.autonoma.pe\/2013\/<\/a><\/td>\n<\/tr>\n<tr>\n<td><strong>Coordenador USP<\/strong>:\u00a0Gerson Aparecido Yukio Tomanari<\/td>\n<\/tr>\n<tr>\n<td><strong>Vice-Coordenador USP: <\/strong>Maria In\u00eas Assump\u00e7\u00e3o Fernandes<\/td>\n<\/tr>\n<tr>\n<td><strong>Coordenador Aut\u00f3noma<\/strong>:\u00a0Jos\u00e9 Anicama Gomes<\/td>\n<\/tr>\n<tr>\n<td><strong>Modalidade:\u00a0<\/strong>Conv\u00eanio Acad\u00eamico Internacional<\/td>\n<\/tr>\n<tr>\n<td><strong>Objeto:\u00a0<\/strong>Coopera\u00e7\u00e3o Acad\u00eamica Internacional na \u00e1rea de Psicologia<\/td>\n<\/tr>\n<\/tbody>\n<\/table>\n<p>&nbsp;<\/p>\n","protected":false},"excerpt":{"rendered":"<p>Projeto: Conv\u00eanio Acad\u00eamico Internacional entre o Instituto de Psicologia da\u00a0Universidade\u00a0de S\u00e3o Paulo (Brasil) e a Universidad Aut\u00f3noma del Peru (Peru)\u00a0 Institui\u00e7\u00e3o: Universidad Aut\u00f3noma del Peru Site:\u00a0http:\/\/www.autonoma.pe\/2013\/ Coordenador USP:\u00a0Gerson Aparecido Yukio Tomanari Vice-Coordenador USP: Maria In\u00eas Assump\u00e7\u00e3o Fernandes Coordenador Aut\u00f3noma:\u00a0Jos\u00e9 Anicama Gomes Modalidade:\u00a0Conv\u00eanio Acad\u00eamico Internacional Objeto:\u00a0Coopera\u00e7\u00e3o Acad\u00eamica Internacional na \u00e1rea de Psicologia &nbsp;<\/p>\n","protected":false},"author":2,"featured_media":0,"parent":0,"menu_order":0,"comment_status":"closed","ping_status":"closed","template":"","meta":{"_acf_changed":false,"footnotes":""},"categories":[414],"tags":[],"class_list":["post-18330","page","type-page","status-publish","hentry","category-intercambio"],"acf":[],"jetpack_sharing_enabled":true,"_links":{"self":[{"href":"https:\/\/www.ip.usp.br\/site\/wp-json\/wp\/v2\/pages\/18330","targetHints":{"allow":["GET"]}}],"collection":[{"href":"https:\/\/www.ip.usp.br\/site\/wp-json\/wp\/v2\/pages"}],"about":[{"href":"https:\/\/www.ip.usp.br\/site\/wp-json\/wp\/v2\/types\/page"}],"author":[{"embeddable":true,"href":"https:\/\/www.ip.usp.br\/site\/wp-json\/wp\/v2\/users\/2"}],"replies":[{"embeddable":true,"href":"https:\/\/www.ip.usp.br\/site\/wp-json\/wp\/v2\/comments?post=18330"}],"version-history":[{"count":3,"href":"https:\/\/www.ip.usp.br\/site\/wp-json\/wp\/v2\/pages\/18330\/revisions"}],"predecessor-version":[{"id":18333,"href":"https:\/\/www.ip.usp.br\/site\/wp-json\/wp\/v2\/pages\/18330\/revisions\/18333"}],"wp:attachment":[{"href":"https:\/\/www.ip.usp.br\/site\/wp-json\/wp\/v2\/media?parent=18330"}],"wp:term":[{"taxonomy":"category","embeddable":true,"href":"https:\/\/www.ip.usp.br\/site\/wp-json\/wp\/v2\/categories?post=18330"},{"taxonomy":"post_tag","embeddable":true,"href":"https:\/\/www.ip.usp.br\/site\/wp-json\/wp\/v2\/tags?post=18330"}],"curies":[{"name":"wp","href":"https:\/\/api.w.org\/{rel}","templated":true}]}}