{"id":18570,"date":"2018-07-20T11:51:35","date_gmt":"2018-07-20T14:51:35","guid":{"rendered":"https:\/\/www.ip.usp.br\/site\/?page_id=18570"},"modified":"2018-09-10T14:14:30","modified_gmt":"2018-09-10T17:14:30","slug":"producao-docente","status":"publish","type":"page","link":"https:\/\/www.ip.usp.br\/site\/producao-docente\/","title":{"rendered":"Produ\u00e7\u00e3o Docente"},"content":{"rendered":"<p><a href=\"http:\/\/dedalus.usp.br\/F\/DXKRQ2BTRC4NPQL7C4YTUN3S5P1AA2TE9DC7RIAAIEXHGXA6BF-60012?func=find-b&amp;request=ADRIANA+MARCONDES+MACHADO&amp;find_code=WAU&amp;adjacent=N&amp;local_base=USP01&amp;x=25&amp;y=5&amp;filter_code_1=WLN&amp;filter_request_1=&amp;filter_code_2=WYR&amp;filter_request_2=&amp;filter_code_3=WYR&amp;filter_request_3=&amp;filter_code_4=WMA&amp;filter_request_4=&amp;filter_code_5=WBA&amp;filter_request_5=\" target=\"_blank\" rel=\"noopener\">Adriana Marcondes Machado<\/a><\/p>\n<p><a href=\"http:\/\/dedalus.usp.br\/F\/DXKRQ2BTRC4NPQL7C4YTUN3S5P1AA2TE9DC7RIAAIEXHGXA6BF-33334?func=find-b&amp;request=ANA+MARIA+LOFFREDO&amp;find_code=WAU&amp;adjacent=N&amp;local_base=USP01&amp;x=41&amp;y=6&amp;filter_code_1=WLN&amp;filter_request_1=&amp;filter_code_2=WYR&amp;filter_request_2=&amp;filter_code_3=WYR&amp;filter_request_3=&amp;filter_code_4=WMA&amp;filter_request_4=&amp;filter_code_5=WBA&amp;filter_request_5=\" target=\"_blank\" rel=\"noopener\">Ana Maria Loffredo<\/a><\/p>\n<p><a href=\"http:\/\/dedalus.usp.br\/F\/DXKRQ2BTRC4NPQL7C4YTUN3S5P1AA2TE9DC7RIAAIEXHGXA6BF-30255?func=find-b&amp;request=AUDREY+SETTON+LOPES+DE+SOUZA&amp;find_code=WAU&amp;adjacent=N&amp;local_base=USP01&amp;x=22&amp;y=9&amp;filter_code_1=WLN&amp;filter_request_1=&amp;filter_code_2=WYR&amp;filter_request_2=&amp;filter_code_3=WYR&amp;filter_request_3=&amp;filter_code_4=WMA&amp;filter_request_4=&amp;filter_code_5=WBA&amp;filter_request_5=\" target=\"_blank\" rel=\"noopener\">Audrey Setton Lopes de Souza<\/a><\/p>\n<p><a href=\"http:\/\/dedalus.usp.br\/F\/FGMRMD5ENKF4VSIIU2SABPEP6PIFIYKIYR8IURJIPXNK437P59-16219?func=find-b&amp;request=EDA+MARCONI+CUST%C3%93DIO&amp;find_code=WAU&amp;adjacent=N&amp;local_base=USP01&amp;x=57&amp;y=3&amp;filter_code_1=WLN&amp;filter_request_1=&amp;filter_code_2=WYR&amp;filter_request_2=&amp;filter_code_3=WYR&amp;filter_request_3=&amp;filter_code_4=WMA&amp;filter_request_4=&amp;filter_code_5=WBA&amp;filter_request_5=\" target=\"_blank\" rel=\"noopener\">Eda Marconi Cust\u00f3dio<\/a><\/p>\n<p><a href=\"http:\/\/dedalus.usp.br\/F\/FGMRMD5ENKF4VSIIU2SABPEP6PIFIYKIYR8IURJIPXNK437P59-32547?func=find-b&amp;request=FRAULEIN+VIDIGAL+DE+PAULA&amp;find_code=WAU&amp;adjacent=N&amp;local_base=USP01&amp;x=19&amp;y=10&amp;filter_code_1=WLN&amp;filter_request_1=&amp;filter_code_2=WYR&amp;filter_request_2=&amp;filter_code_3=WYR&amp;filter_request_3=&amp;filter_code_4=WMA&amp;filter_request_4=&amp;filter_code_5=WBA&amp;filter_request_5=\" target=\"_blank\" rel=\"noopener\">Fraulein Vidigal de Paula<\/a><\/p>\n<p><a href=\"http:\/\/dedalus.usp.br\/F\/FGMRMD5ENKF4VSIIU2SABPEP6PIFIYKIYR8IURJIPXNK437P59-36092?func=find-b&amp;request=HELENA+RINALDI+ROSA&amp;find_code=WAU&amp;adjacent=N&amp;local_base=USP01&amp;x=4&amp;y=11&amp;filter_code_1=WLN&amp;filter_request_1=&amp;filter_code_2=WYR&amp;filter_request_2=&amp;filter_code_3=WYR&amp;filter_request_3=&amp;filter_code_4=WMA&amp;filter_request_4=&amp;filter_code_5=WBA&amp;filter_request_5=\" target=\"_blank\" rel=\"noopener\">Helena Rinaldi Rosa<\/a><\/p>\n<p><a href=\"http:\/\/dedalus.usp.br\/F\/FGMRMD5ENKF4VSIIU2SABPEP6PIFIYKIYR8IURJIPXNK437P59-44617?func=find-b&amp;request=HENRIETTE+TOGNETTI+PENHA+MORATO&amp;find_code=WAU&amp;adjacent=N&amp;local_base=USP01&amp;x=54&amp;y=11&amp;filter_code_1=WLN&amp;filter_request_1=&amp;filter_code_2=WYR&amp;filter_request_2=&amp;filter_code_3=WYR&amp;filter_request_3=&amp;filter_code_4=WMA&amp;filter_request_4=&amp;filter_code_5=WBA&amp;filter_request_5=\" target=\"_blank\" rel=\"noopener\">Henriette Tognetti Penha Morato<\/a><\/p>\n<p><a href=\"http:\/\/dedalus.usp.br\/F\/FGMRMD5ENKF4VSIIU2SABPEP6PIFIYKIYR8IURJIPXNK437P59-50281?func=find-b&amp;request=IRA%C3%8D+CRISTINA+BOCCATO+ALVES&amp;find_code=WAU&amp;adjacent=N&amp;local_base=USP01&amp;x=48&amp;y=8&amp;filter_code_1=WLN&amp;filter_request_1=&amp;filter_code_2=WYR&amp;filter_request_2=&amp;filter_code_3=WYR&amp;filter_request_3=&amp;filter_code_4=WMA&amp;filter_request_4=&amp;filter_code_5=WBA&amp;filter_request_5=\" target=\"_blank\" rel=\"noopener\">Ira\u00ed Cristina Boccato Alves<\/a><\/p>\n<p><a href=\"http:\/\/dedalus.usp.br\/F\/GJHBSKQKP3T5H8SD87SI86TXYCHNID6TUKXILMC486E279IY54-02646?func=find-b&amp;request=JOS%C3%89+LEON+CROCHIK&amp;find_code=WRD&amp;adjacent=N&amp;local_base=USP01&amp;x=32&amp;y=7&amp;filter_code_1=WLN&amp;filter_request_1=&amp;filter_code_2=WYR&amp;filter_request_2=&amp;filter_code_3=WYR&amp;filter_request_3=&amp;filter_code_4=WMA&amp;filter_request_4=&amp;filter_code_5=WBA&amp;filter_request_5=\" target=\"_blank\" rel=\"noopener\">Jos\u00e9 Leon Crochik<\/a><\/p>\n<p><a href=\"http:\/\/dedalus.usp.br\/F\/FGMRMD5ENKF4VSIIU2SABPEP6PIFIYKIYR8IURJIPXNK437P59-63042?func=find-b&amp;request=LAURA+VILLARES+DE+FREITAS&amp;find_code=WAU&amp;adjacent=N&amp;local_base=USP01&amp;x=28&amp;y=18&amp;filter_code_1=WLN&amp;filter_request_1=&amp;filter_code_2=WYR&amp;filter_request_2=&amp;filter_code_3=WYR&amp;filter_request_3=&amp;filter_code_4=WMA&amp;filter_request_4=&amp;filter_code_5=WBA&amp;filter_request_5=\" target=\"_blank\" rel=\"noopener\">Laura Villares de Freitas<\/a><\/p>\n<p><a href=\"http:\/\/dedalus.usp.br\/F\/FGMRMD5ENKF4VSIIU2SABPEP6PIFIYKIYR8IURJIPXNK437P59-68594?func=find-b&amp;request=LEOPOLDO+FULG%C3%8ANCIO&amp;find_code=WAU&amp;adjacent=N&amp;local_base=USP01&amp;x=17&amp;y=13&amp;filter_code_1=WLN&amp;filter_request_1=&amp;filter_code_2=WYR&amp;filter_request_2=&amp;filter_code_3=WYR&amp;filter_request_3=&amp;filter_code_4=WMA&amp;filter_request_4=&amp;filter_code_5=WBA&amp;filter_request_5=\" target=\"_blank\" rel=\"noopener\">Leopoldo Fulgencio<\/a><\/p>\n<p><a href=\"http:\/\/dedalus.usp.br\/F\/FGMRMD5ENKF4VSIIU2SABPEP6PIFIYKIYR8IURJIPXNK437P59-69682?func=find-b&amp;request=LINEU+NORI%C3%93+KOHATSU&amp;find_code=WAU&amp;adjacent=N&amp;local_base=USP01&amp;x=61&amp;y=9&amp;filter_code_1=WLN&amp;filter_request_1=&amp;filter_code_2=WYR&amp;filter_request_2=&amp;filter_code_3=WYR&amp;filter_request_3=&amp;filter_code_4=WMA&amp;filter_request_4=&amp;filter_code_5=WBA&amp;filter_request_5=\" target=\"_blank\" rel=\"noopener\">Lineu N\u00f3rio Kohatsu<\/a><\/p>\n<p><a href=\"http:\/\/dedalus.usp.br\/F\/FGMRMD5ENKF4VSIIU2SABPEP6PIFIYKIYR8IURJIPXNK437P59-00279?func=find-b&amp;request=LUCIANA+MARIA+CAETANO&amp;find_code=WAU&amp;adjacent=N&amp;local_base=USP01&amp;x=41&amp;y=12&amp;filter_code_1=WLN&amp;filter_request_1=&amp;filter_code_2=WYR&amp;filter_request_2=&amp;filter_code_3=WYR&amp;filter_request_3=&amp;filter_code_4=WMA&amp;filter_request_4=&amp;filter_code_5=WBA&amp;filter_request_5=\" target=\"_blank\" rel=\"noopener\">Luciana Maria Caetano<\/a><\/p>\n<p><a href=\"http:\/\/dedalus.usp.br\/F\/FGMRMD5ENKF4VSIIU2SABPEP6PIFIYKIYR8IURJIPXNK437P59-55642?func=find-b&amp;request=MARIA+CRISTINA+MACHADO+KUPFER&amp;find_code=WAU&amp;adjacent=N&amp;local_base=USP01&amp;x=38&amp;y=11&amp;filter_code_1=WLN&amp;filter_request_1=&amp;filter_code_2=WYR&amp;filter_request_2=&amp;filter_code_3=WYR&amp;filter_request_3=&amp;filter_code_4=WMA&amp;filter_request_4=&amp;filter_code_5=WBA&amp;filter_request_5=\" target=\"_blank\" rel=\"noopener\">Maria Cristina Machado Kupfer<\/a><\/p>\n<p><a href=\"http:\/\/dedalus.usp.br\/F\/FGMRMD5ENKF4VSIIU2SABPEP6PIFIYKIYR8IURJIPXNK437P59-69910?func=find-b&amp;request=MARIA+ISABEL+DA+SILVA+LEME&amp;find_code=WAU&amp;adjacent=N&amp;local_base=USP01&amp;x=62&amp;y=8&amp;filter_code_1=WLN&amp;filter_request_1=&amp;filter_code_2=WYR&amp;filter_request_2=&amp;filter_code_3=WYR&amp;filter_request_3=&amp;filter_code_4=WMA&amp;filter_request_4=&amp;filter_code_5=WBA&amp;filter_request_5=\" target=\"_blank\" rel=\"noopener\">Maria Isabel da Silva Leme<\/a><\/p>\n<p><a href=\"http:\/\/dedalus.usp.br\/F\/FGMRMD5ENKF4VSIIU2SABPEP6PIFIYKIYR8IURJIPXNK437P59-46151?func=find-b&amp;request=MARIA+J%C3%9ALIA+KOV%C3%81CS&amp;find_code=WAU&amp;adjacent=N&amp;local_base=IP&amp;x=9&amp;y=10&amp;filter_code_1=WLN&amp;filter_request_1=&amp;filter_code_2=WYR&amp;filter_request_2=&amp;filter_code_3=WYR&amp;filter_request_3=&amp;filter_code_4=WMA&amp;filter_request_4=&amp;filter_code_5=WBA&amp;filter_request_5=\" target=\"_blank\" rel=\"noopener\">Maria J\u00falia Kov\u00e1cs<\/a><\/p>\n<p><a href=\"http:\/\/dedalus.usp.br\/F\/FGMRMD5ENKF4VSIIU2SABPEP6PIFIYKIYR8IURJIPXNK437P59-60287?func=find-b&amp;request=MARIA+LUISA+SANDOVAL+SCHMIDT&amp;find_code=WAU&amp;adjacent=N&amp;local_base=USP01&amp;x=55&amp;y=5&amp;filter_code_1=WLN&amp;filter_request_1=&amp;filter_code_2=WYR&amp;filter_request_2=&amp;filter_code_3=WYR&amp;filter_request_3=&amp;filter_code_4=WMA&amp;filter_request_4=&amp;filter_code_5=WBA&amp;filter_request_5=\" target=\"_blank\" rel=\"noopener\">Maria Luisa Sandoval Schmidt<\/a><\/p>\n<p><a href=\"http:\/\/dedalus.usp.br\/F\/FGMRMD5ENKF4VSIIU2SABPEP6PIFIYKIYR8IURJIPXNK437P59-05190?func=find-b&amp;request=MARIA+THEREZA+COSTA+COELHO+DE+SOUZA&amp;find_code=WAU&amp;adjacent=N&amp;local_base=USP01&amp;x=36&amp;y=13&amp;filter_code_1=WLN&amp;filter_request_1=&amp;filter_code_2=WYR&amp;filter_request_2=&amp;filter_code_3=WYR&amp;filter_request_3=&amp;filter_code_4=WMA&amp;filter_request_4=&amp;filter_code_5=WBA&amp;filter_request_5=\" target=\"_blank\" rel=\"noopener\">Maria Thereza Costa Coelho de Souza<\/a><\/p>\n<p><a href=\"http:\/\/dedalus.usp.br\/F\/FGMRMD5ENKF4VSIIU2SABPEP6PIFIYKIYR8IURJIPXNK437P59-15571?func=find-b&amp;request=MARIE+CLAIRE+SEKKEL&amp;find_code=WAU&amp;adjacent=N&amp;local_base=USP01&amp;x=19&amp;y=3&amp;filter_code_1=WLN&amp;filter_request_1=&amp;filter_code_2=WYR&amp;filter_request_2=&amp;filter_code_3=WYR&amp;filter_request_3=&amp;filter_code_4=WMA&amp;filter_request_4=&amp;filter_code_5=WBA&amp;filter_request_5=\" target=\"_blank\" rel=\"noopener\">Marie Claire Sekkel<\/a><\/p>\n<p><a href=\"http:\/\/dedalus.usp.br\/F\/FGMRMD5ENKF4VSIIU2SABPEP6PIFIYKIYR8IURJIPXNK437P59-72002?func=find-b&amp;request=MARILENE+PROEN%C3%87A+REBELLO+DE+SOUZA&amp;find_code=WAU&amp;adjacent=N&amp;local_base=USP01&amp;x=34&amp;y=10&amp;filter_code_1=WLN&amp;filter_request_1=&amp;filter_code_2=WYR&amp;filter_request_2=&amp;filter_code_3=WYR&amp;filter_request_3=&amp;filter_code_4=WMA&amp;filter_request_4=&amp;filter_code_5=WBA&amp;filter_request_5=\" target=\"_blank\" rel=\"noopener\">Marilene Proen\u00e7a Rebello de Souza<\/a><\/p>\n<p><a href=\"http:\/\/dedalus.usp.br\/F\/FGMRMD5ENKF4VSIIU2SABPEP6PIFIYKIYR8IURJIPXNK437P59-72536?func=find-b&amp;request=MARLENE+GUIRADO&amp;find_code=WAU&amp;adjacent=N&amp;local_base=USP01&amp;x=57&amp;y=4&amp;filter_code_1=WLN&amp;filter_request_1=&amp;filter_code_2=WYR&amp;filter_request_2=&amp;filter_code_3=WYR&amp;filter_request_3=&amp;filter_code_4=WMA&amp;filter_request_4=&amp;filter_code_5=WBA&amp;filter_request_5=\" target=\"_blank\" rel=\"noopener\">Marlene Guirado<\/a><\/p>\n<p><a href=\"http:\/\/dedalus.usp.br\/F\/UV6NIENBXNP3QV542MN19QD17YSLLIQVBUNQBVEV3VD68C3P59-36093?func=find-b&amp;request=PAULO+CESAR+ENDO&amp;find_code=WAU&amp;adjacent=N&amp;local_base=IP&amp;x=46&amp;y=10&amp;filter_code_1=WLN&amp;filter_request_1=&amp;filter_code_2=WYR&amp;filter_request_2=&amp;filter_code_3=WYR&amp;filter_request_3=&amp;filter_code_4=WMA&amp;filter_request_4=&amp;filter_code_5=WBA&amp;filter_request_5=\" target=\"_blank\" rel=\"noopener\">Paulo Cesar Endo<\/a><\/p>\n<p><a href=\"http:\/\/dedalus.usp.br\/F\/UV6NIENBXNP3QV542MN19QD17YSLLIQVBUNQBVEV3VD68C3P59-48030?func=find-b&amp;request=PEDRO+FERNANDO+DA+SILVA&amp;find_code=WAU&amp;adjacent=N&amp;local_base=IP&amp;x=31&amp;y=14&amp;filter_code_1=WLN&amp;filter_request_1=&amp;filter_code_2=WYR&amp;filter_request_2=&amp;filter_code_3=WYR&amp;filter_request_3=&amp;filter_code_4=WMA&amp;filter_request_4=&amp;filter_code_5=WBA&amp;filter_request_5=\" target=\"_blank\" rel=\"noopener\">Pedro Fernando da Silva<\/a><\/p>\n<p><a href=\"http:\/\/dedalus.usp.br\/F\/UV6NIENBXNP3QV542MN19QD17YSLLIQVBUNQBVEV3VD68C3P59-05470?func=find-b&amp;request=ROG%C3%89RIO+LERNER&amp;find_code=WAU&amp;adjacent=N&amp;local_base=IP&amp;x=45&amp;y=13&amp;filter_code_1=WLN&amp;filter_request_1=&amp;filter_code_2=WYR&amp;filter_request_2=&amp;filter_code_3=WYR&amp;filter_request_3=&amp;filter_code_4=WMA&amp;filter_request_4=&amp;filter_code_5=WBA&amp;filter_request_5=\" target=\"_blank\" rel=\"noopener\">Rog\u00e9rio Lerner<\/a><\/p>\n<p><a href=\"http:\/\/dedalus.usp.br\/F\/ITFKAFL62GSR9RTD4B663H81HJAKI9JNJKV4TRTK5JPXXLS4TA-09221?func=find-b&amp;request=Ronilda+Ribeiro&amp;find_code=WAU&amp;adjacent=N&amp;local_base=USP01&amp;filter_code_1=WLN&amp;filter_request_1=&amp;filter_code_2=WYR&amp;filter_request_2=&amp;filter_code_3=WYR&amp;filter_request_3=&amp;filter_code_4=WMA&amp;filter_request_4=&amp;filter_code_5=WBA&amp;filter_request_5=&amp;x=52&amp;y=5\" target=\"_blank\" rel=\"noopener\">Ronilda Ribeiro<\/a><\/p>\n","protected":false},"excerpt":{"rendered":"<p>Adriana Marcondes Machado Ana Maria Loffredo Audrey Setton Lopes de Souza Eda Marconi Cust\u00f3dio Fraulein Vidigal de Paula Helena Rinaldi Rosa Henriette Tognetti Penha Morato Ira\u00ed Cristina Boccato Alves Jos\u00e9 Leon Crochik Laura Villares de Freitas Leopoldo Fulgencio Lineu N\u00f3rio Kohatsu Luciana Maria Caetano Maria Cristina Machado Kupfer Maria Isabel da Silva Leme Maria J\u00falia [&hellip;]<\/p>\n","protected":false},"author":14,"featured_media":0,"parent":0,"menu_order":0,"comment_status":"closed","ping_status":"closed","template":"","meta":{"_acf_changed":false,"footnotes":""},"categories":[15,141],"tags":[],"class_list":["post-18570","page","type-page","status-publish","hentry","category-pos-graduacao","category-pos-graduacao-ensino-programa"],"acf":[],"jetpack_sharing_enabled":true,"_links":{"self":[{"href":"https:\/\/www.ip.usp.br\/site\/wp-json\/wp\/v2\/pages\/18570","targetHints":{"allow":["GET"]}}],"collection":[{"href":"https:\/\/www.ip.usp.br\/site\/wp-json\/wp\/v2\/pages"}],"about":[{"href":"https:\/\/www.ip.usp.br\/site\/wp-json\/wp\/v2\/types\/page"}],"author":[{"embeddable":true,"href":"https:\/\/www.ip.usp.br\/site\/wp-json\/wp\/v2\/users\/14"}],"replies":[{"embeddable":true,"href":"https:\/\/www.ip.usp.br\/site\/wp-json\/wp\/v2\/comments?post=18570"}],"version-history":[{"count":9,"href":"https:\/\/www.ip.usp.br\/site\/wp-json\/wp\/v2\/pages\/18570\/revisions"}],"predecessor-version":[{"id":23963,"href":"https:\/\/www.ip.usp.br\/site\/wp-json\/wp\/v2\/pages\/18570\/revisions\/23963"}],"wp:attachment":[{"href":"https:\/\/www.ip.usp.br\/site\/wp-json\/wp\/v2\/media?parent=18570"}],"wp:term":[{"taxonomy":"category","embeddable":true,"href":"https:\/\/www.ip.usp.br\/site\/wp-json\/wp\/v2\/categories?post=18570"},{"taxonomy":"post_tag","embeddable":true,"href":"https:\/\/www.ip.usp.br\/site\/wp-json\/wp\/v2\/tags?post=18570"}],"curies":[{"name":"wp","href":"https:\/\/api.w.org\/{rel}","templated":true}]}}