{"id":19776,"date":"2018-08-13T16:15:48","date_gmt":"2018-08-13T19:15:48","guid":{"rendered":"https:\/\/www.ip.usp.br\/site\/?page_id=19776"},"modified":"2024-02-22T12:00:01","modified_gmt":"2024-02-22T15:00:01","slug":"comissoes-3","status":"publish","type":"page","link":"https:\/\/www.ip.usp.br\/site\/comissoes-3\/","title":{"rendered":"Comiss\u00f5es"},"content":{"rendered":"<p><a href=\"https:\/\/www.ip.usp.br\/site\/comissao-de-graduacao\/\">Comiss\u00e3o de Gradua\u00e7\u00e3o<\/a><\/p>\n<p><a href=\"https:\/\/www.ip.usp.br\/site\/comissao-de-coordenacao-do-curso-de-licenciatura-em-psicologia-coc-licenciatura\/\">Comiss\u00e3o de Coordena\u00e7\u00e3o do Curso de Licenciatura em Psicologia &#8211; CoC &#8211; Licenciatura<\/a><\/p>\n<p><a href=\"https:\/\/www.ip.usp.br\/site\/conselho-academico\/\">Conselho Acad\u00eamico<\/a><\/p>\n","protected":false},"excerpt":{"rendered":"<p>Comiss\u00e3o de Gradua\u00e7\u00e3o Comiss\u00e3o de Coordena\u00e7\u00e3o do Curso de Licenciatura em Psicologia &#8211; CoC &#8211; Licenciatura Conselho Acad\u00eamico<\/p>\n","protected":false},"author":5,"featured_media":0,"parent":0,"menu_order":0,"comment_status":"closed","ping_status":"closed","template":"","meta":{"_acf_changed":false,"footnotes":""},"categories":[398],"tags":[],"class_list":["post-19776","page","type-page","status-publish","hentry","category-graduacao"],"acf":[],"jetpack_sharing_enabled":true,"_links":{"self":[{"href":"https:\/\/www.ip.usp.br\/site\/wp-json\/wp\/v2\/pages\/19776","targetHints":{"allow":["GET"]}}],"collection":[{"href":"https:\/\/www.ip.usp.br\/site\/wp-json\/wp\/v2\/pages"}],"about":[{"href":"https:\/\/www.ip.usp.br\/site\/wp-json\/wp\/v2\/types\/page"}],"author":[{"embeddable":true,"href":"https:\/\/www.ip.usp.br\/site\/wp-json\/wp\/v2\/users\/5"}],"replies":[{"embeddable":true,"href":"https:\/\/www.ip.usp.br\/site\/wp-json\/wp\/v2\/comments?post=19776"}],"version-history":[{"count":3,"href":"https:\/\/www.ip.usp.br\/site\/wp-json\/wp\/v2\/pages\/19776\/revisions"}],"predecessor-version":[{"id":45953,"href":"https:\/\/www.ip.usp.br\/site\/wp-json\/wp\/v2\/pages\/19776\/revisions\/45953"}],"wp:attachment":[{"href":"https:\/\/www.ip.usp.br\/site\/wp-json\/wp\/v2\/media?parent=19776"}],"wp:term":[{"taxonomy":"category","embeddable":true,"href":"https:\/\/www.ip.usp.br\/site\/wp-json\/wp\/v2\/categories?post=19776"},{"taxonomy":"post_tag","embeddable":true,"href":"https:\/\/www.ip.usp.br\/site\/wp-json\/wp\/v2\/tags?post=19776"}],"curies":[{"name":"wp","href":"https:\/\/api.w.org\/{rel}","templated":true}]}}