{"id":1997,"date":"2010-09-08T18:51:39","date_gmt":"2010-09-08T18:51:39","guid":{"rendered":"https:\/\/www.ip.usp.br\/site\/?p=1997"},"modified":"2018-09-10T15:07:32","modified_gmt":"2018-09-10T18:07:32","slug":"linha-editorial","status":"publish","type":"page","link":"https:\/\/www.ip.usp.br\/site\/linha-editorial\/","title":{"rendered":"Linha Editorial"},"content":{"rendered":"<table style=\"border-collapse: collapse; width: 100%;\" border=\"0\">\n<tbody>\n<tr>\n<td style=\"width: 25.1269%;\"><img decoding=\"async\" class=\"alignnone wp-image-23906 size-full\" src=\"https:\/\/www.ip.usp.br\/site\/wp-content\/uploads\/2018\/09\/logo.png\" alt=\"\" width=\"100\" height=\"182\" \/><\/td>\n<td style=\"width: 50%;\">A Revista TransForma\u00e7\u00f5es em Psicologia \u00e9 uma publica\u00e7\u00e3o semestral criada por estudantes de Psicologia, um espa\u00e7o de discuss\u00e3o e reflex\u00e3o sobre temas relacionados \u00e0 pesquisa e \u00e0 atua\u00e7\u00e3o na sua interface com a forma\u00e7\u00e3o.<\/p>\n<p>A iniciativa de cria\u00e7\u00e3o desta revista parte do pressuposto de que a forma\u00e7\u00e3o em Psicologia, bem como as produ\u00e7\u00f5es cient\u00edficas atuais, est\u00e1 inserida em quest\u00f5es pol\u00edticas, econ\u00f4micas e culturais da contemporaneidade. Entendemos, contudo, que este contexto encontra-se, cada vez mais, orientado pelo produtivismo, afastando a forma\u00e7\u00e3o da esfera cr\u00edtica.<\/p>\n<p>Como meio de posicionar-se criticamente, a revista destina-se a ser um ve\u00edculo de difus\u00e3o cient\u00edfica, norteada pela reflex\u00e3o cr\u00edtica sobre a pesquisa e o ensino de Psicologia.Seu objetivo \u00e9 divulgar textos que problematizem a realiza\u00e7\u00e3o da pr\u00e1tica cient\u00edfica e caracterizem sua import\u00e2ncia no campo da forma\u00e7\u00e3o.<\/p>\n<p>Com base no apresentado, a Revista TransForma\u00e7\u00f5es em Psicologia publica ensaios, artigos de reflex\u00e3o e relatos de pesquisa, bem como tradu\u00e7\u00f5es e resenhas, escritos por estudantes da gradua\u00e7\u00e3o e da p\u00f3s-gradua\u00e7\u00e3o em Psicologia.<\/p>\n<p>Aspira, nesse sentido, a consolidar um espa\u00e7o de reflex\u00f5es e di\u00e1logos j\u00e1 realizados pelos estudantes, mas que nem sempre s\u00e3o absorvidos pelas revistas cient\u00edficas existentes. Pretende, tamb\u00e9m, operar como um meio facilitador deste di\u00e1logo entre os estudantes das diversas universidades e centros de pesquisa existentes.<\/td>\n<\/tr>\n<\/tbody>\n<\/table>\n","protected":false},"excerpt":{"rendered":"<p>A Revista TransForma\u00e7\u00f5es em Psicologia \u00e9 uma publica\u00e7\u00e3o semestral criada por estudantes de Psicologia, um espa\u00e7o de discuss\u00e3o e reflex\u00e3o sobre temas relacionados \u00e0 pesquisa e \u00e0 atua\u00e7\u00e3o na sua interface com a forma\u00e7\u00e3o. A iniciativa de cria\u00e7\u00e3o desta revista parte do pressuposto de que a forma\u00e7\u00e3o em Psicologia, bem como as produ\u00e7\u00f5es cient\u00edficas atuais, [&hellip;]<\/p>\n","protected":false},"author":2,"featured_media":0,"parent":0,"menu_order":42,"comment_status":"open","ping_status":"open","template":"","meta":{"_acf_changed":false,"footnotes":""},"categories":[13,279],"tags":[],"class_list":["post-1997","page","type-page","status-publish","hentry","category-publicacoes","category-revista-transformacoes"],"acf":[],"jetpack_sharing_enabled":true,"_links":{"self":[{"href":"https:\/\/www.ip.usp.br\/site\/wp-json\/wp\/v2\/pages\/1997","targetHints":{"allow":["GET"]}}],"collection":[{"href":"https:\/\/www.ip.usp.br\/site\/wp-json\/wp\/v2\/pages"}],"about":[{"href":"https:\/\/www.ip.usp.br\/site\/wp-json\/wp\/v2\/types\/page"}],"author":[{"embeddable":true,"href":"https:\/\/www.ip.usp.br\/site\/wp-json\/wp\/v2\/users\/2"}],"replies":[{"embeddable":true,"href":"https:\/\/www.ip.usp.br\/site\/wp-json\/wp\/v2\/comments?post=1997"}],"version-history":[{"count":4,"href":"https:\/\/www.ip.usp.br\/site\/wp-json\/wp\/v2\/pages\/1997\/revisions"}],"predecessor-version":[{"id":23955,"href":"https:\/\/www.ip.usp.br\/site\/wp-json\/wp\/v2\/pages\/1997\/revisions\/23955"}],"wp:attachment":[{"href":"https:\/\/www.ip.usp.br\/site\/wp-json\/wp\/v2\/media?parent=1997"}],"wp:term":[{"taxonomy":"category","embeddable":true,"href":"https:\/\/www.ip.usp.br\/site\/wp-json\/wp\/v2\/categories?post=1997"},{"taxonomy":"post_tag","embeddable":true,"href":"https:\/\/www.ip.usp.br\/site\/wp-json\/wp\/v2\/tags?post=1997"}],"curies":[{"name":"wp","href":"https:\/\/api.w.org\/{rel}","templated":true}]}}