{"id":1999,"date":"2010-09-08T18:52:39","date_gmt":"2010-09-08T18:52:39","guid":{"rendered":"https:\/\/www.ip.usp.br\/site\/?p=1999"},"modified":"2018-09-10T15:13:18","modified_gmt":"2018-09-10T18:13:18","slug":"como-enviar","status":"publish","type":"page","link":"https:\/\/www.ip.usp.br\/site\/como-enviar\/","title":{"rendered":"Como Enviar"},"content":{"rendered":"<table style=\"border-collapse: collapse; width: 100%;\" border=\"0\">\n<tbody>\n<tr>\n<td style=\"width: 25.1269%;\"><img decoding=\"async\" class=\"alignnone wp-image-23906 size-full\" src=\"https:\/\/www.ip.usp.br\/site\/wp-content\/uploads\/2018\/09\/logo.png\" alt=\"\" width=\"100\" height=\"182\" \/><\/td>\n<td style=\"width: 50%;\">A revista TransForma\u00e7\u00f5es em Psicologia publica ensaios, artigos de reflex\u00e3o e relatos de pesquisa, bem como tradu\u00e7\u00f5es e resenhas, escritos por estudantes de gradua\u00e7\u00e3o e da p\u00f3s-gradua\u00e7\u00e3o em Psicologia.<\/p>\n<p>Os manuscritos, bem como quaisquer outro material referente \u00e0 publica\u00e7\u00e3o devem ser enviados para o email: <a href=\"mailto:revistatransformacoes@gmail.com\">revistatransformacoes@gmail.com<\/a>. Certifique-se de ler as normas para publica\u00e7\u00e3o.<\/p>\n<p><a href=\"https:\/\/www.ip.usp.br\/site\/wp-content\/uploads\/2018\/09\/normas_publicacao.pdf\" target=\"_blank\" rel=\"noopener\">Clique aqui<\/a> para o download das normas de publica\u00e7\u00e3o.<\/td>\n<\/tr>\n<\/tbody>\n<\/table>\n","protected":false},"excerpt":{"rendered":"<p>A revista TransForma\u00e7\u00f5es em Psicologia publica ensaios, artigos de reflex\u00e3o e relatos de pesquisa, bem como tradu\u00e7\u00f5es e resenhas, escritos por estudantes de gradua\u00e7\u00e3o e da p\u00f3s-gradua\u00e7\u00e3o em Psicologia. Os manuscritos, bem como quaisquer outro material referente \u00e0 publica\u00e7\u00e3o devem ser enviados para o email: revistatransformacoes@gmail.com. Certifique-se de ler as normas para publica\u00e7\u00e3o. Clique aqui [&hellip;]<\/p>\n","protected":false},"author":2,"featured_media":0,"parent":0,"menu_order":40,"comment_status":"open","ping_status":"open","template":"","meta":{"_acf_changed":false,"footnotes":""},"categories":[13,279],"tags":[],"class_list":["post-1999","page","type-page","status-publish","hentry","category-publicacoes","category-revista-transformacoes"],"acf":[],"jetpack_sharing_enabled":true,"_links":{"self":[{"href":"https:\/\/www.ip.usp.br\/site\/wp-json\/wp\/v2\/pages\/1999","targetHints":{"allow":["GET"]}}],"collection":[{"href":"https:\/\/www.ip.usp.br\/site\/wp-json\/wp\/v2\/pages"}],"about":[{"href":"https:\/\/www.ip.usp.br\/site\/wp-json\/wp\/v2\/types\/page"}],"author":[{"embeddable":true,"href":"https:\/\/www.ip.usp.br\/site\/wp-json\/wp\/v2\/users\/2"}],"replies":[{"embeddable":true,"href":"https:\/\/www.ip.usp.br\/site\/wp-json\/wp\/v2\/comments?post=1999"}],"version-history":[{"count":5,"href":"https:\/\/www.ip.usp.br\/site\/wp-json\/wp\/v2\/pages\/1999\/revisions"}],"predecessor-version":[{"id":24003,"href":"https:\/\/www.ip.usp.br\/site\/wp-json\/wp\/v2\/pages\/1999\/revisions\/24003"}],"wp:attachment":[{"href":"https:\/\/www.ip.usp.br\/site\/wp-json\/wp\/v2\/media?parent=1999"}],"wp:term":[{"taxonomy":"category","embeddable":true,"href":"https:\/\/www.ip.usp.br\/site\/wp-json\/wp\/v2\/categories?post=1999"},{"taxonomy":"post_tag","embeddable":true,"href":"https:\/\/www.ip.usp.br\/site\/wp-json\/wp\/v2\/tags?post=1999"}],"curies":[{"name":"wp","href":"https:\/\/api.w.org\/{rel}","templated":true}]}}