{"id":20884,"date":"2018-08-21T10:19:11","date_gmt":"2018-08-21T13:19:11","guid":{"rendered":"https:\/\/www.ip.usp.br\/site\/?page_id=20884"},"modified":"2024-09-04T16:58:04","modified_gmt":"2024-09-04T19:58:04","slug":"outros-programas","status":"publish","type":"page","link":"https:\/\/www.ip.usp.br\/site\/outros-programas\/","title":{"rendered":"Outros Programas"},"content":{"rendered":"<p><a href=\"http:\/\/www.cienciasemfronteiras.gov.br\/web\/csf\/home\" target=\"_blank\" rel=\"noopener\">Ci\u00eancia sem fronteiras<\/a><\/p>\n<p><a href=\"http:\/\/www.usp.br\/internationaloffice\/index.php\/destaques\/cofecub-2018\/\" target=\"_blank\" rel=\"noopener\">Comit\u00e9 Fran\u00e7ais d\u00b4Evaluation de la Coop\u00e9ration Universitaire avec le Br\u00e9sil (COFECUB)<\/a><\/p>\n<p><a href=\"https:\/\/www.ip.usp.br\/site\/programa-unificado-de-bolsas-de-estudo-para-apoio-a-formacao-de-estudantes-de-graduacao-pub-usp\/\">Programa Unificado de Bolsas &#8211; PUB<\/a><\/p>\n<p><a href=\"http:\/\/www.prg.usp.br\/?p=19742\" target=\"_blank\" rel=\"noopener\">Programa Santander Universidades \/ USP<\/a><\/p>\n<p><a href=\"http:\/\/www.prg.usp.br\/?page_id=399\" target=\"_blank\" rel=\"noopener\">Programa de Est\u00edmulo ao Ensino de Gradua\u00e7\u00e3o (PEEG)<\/a><\/p>\n","protected":false},"excerpt":{"rendered":"<p>Ci\u00eancia sem fronteiras Comit\u00e9 Fran\u00e7ais d\u00b4Evaluation de la Coop\u00e9ration Universitaire avec le Br\u00e9sil (COFECUB) Programa Unificado de Bolsas &#8211; PUB Programa Santander Universidades \/ USP Programa de Est\u00edmulo ao Ensino de Gradua\u00e7\u00e3o (PEEG)<\/p>\n","protected":false},"author":5,"featured_media":0,"parent":0,"menu_order":0,"comment_status":"closed","ping_status":"closed","template":"","meta":{"_acf_changed":false,"footnotes":""},"categories":[515],"tags":[],"class_list":["post-20884","page","type-page","status-publish","hentry","category-pesquisa"],"acf":[],"jetpack_sharing_enabled":true,"_links":{"self":[{"href":"https:\/\/www.ip.usp.br\/site\/wp-json\/wp\/v2\/pages\/20884","targetHints":{"allow":["GET"]}}],"collection":[{"href":"https:\/\/www.ip.usp.br\/site\/wp-json\/wp\/v2\/pages"}],"about":[{"href":"https:\/\/www.ip.usp.br\/site\/wp-json\/wp\/v2\/types\/page"}],"author":[{"embeddable":true,"href":"https:\/\/www.ip.usp.br\/site\/wp-json\/wp\/v2\/users\/5"}],"replies":[{"embeddable":true,"href":"https:\/\/www.ip.usp.br\/site\/wp-json\/wp\/v2\/comments?post=20884"}],"version-history":[{"count":5,"href":"https:\/\/www.ip.usp.br\/site\/wp-json\/wp\/v2\/pages\/20884\/revisions"}],"predecessor-version":[{"id":48236,"href":"https:\/\/www.ip.usp.br\/site\/wp-json\/wp\/v2\/pages\/20884\/revisions\/48236"}],"wp:attachment":[{"href":"https:\/\/www.ip.usp.br\/site\/wp-json\/wp\/v2\/media?parent=20884"}],"wp:term":[{"taxonomy":"category","embeddable":true,"href":"https:\/\/www.ip.usp.br\/site\/wp-json\/wp\/v2\/categories?post=20884"},{"taxonomy":"post_tag","embeddable":true,"href":"https:\/\/www.ip.usp.br\/site\/wp-json\/wp\/v2\/tags?post=20884"}],"curies":[{"name":"wp","href":"https:\/\/api.w.org\/{rel}","templated":true}]}}