{"id":20910,"date":"2018-08-21T10:42:46","date_gmt":"2018-08-21T13:42:46","guid":{"rendered":"https:\/\/www.ip.usp.br\/site\/?page_id=20910"},"modified":"2023-05-16T16:08:10","modified_gmt":"2023-05-16T19:08:10","slug":"comissoes-4","status":"publish","type":"page","link":"https:\/\/www.ip.usp.br\/site\/comissoes-4\/","title":{"rendered":"Comiss\u00f5es"},"content":{"rendered":"<p><a href=\"https:\/\/www.ip.usp.br\/site\/membros-7\/\">Comiss\u00e3o de Pesquisa e Inova\u00e7\u00e3o (Copesqip)<\/a><\/p>\n<p><a href=\"https:\/\/www.ip.usp.br\/site\/comissao-de-etica-no-uso-de-animais-ceua\/\">Comit\u00ea de \u00c9tica no Uso de Animais (CEUA)<\/a><\/p>\n<p><a href=\"https:\/\/www.ip.usp.br\/site\/comite-de-etica-em-pesquisa-com-seres-humanos-ceph\/\">Comit\u00ea de \u00c9tica em Pesquisa com Seres Humanos (CEP)<\/a><\/p>\n<p>&nbsp;<\/p>\n","protected":false},"excerpt":{"rendered":"<p>Comiss\u00e3o de Pesquisa e Inova\u00e7\u00e3o (Copesqip) Comit\u00ea de \u00c9tica no Uso de Animais (CEUA) Comit\u00ea de \u00c9tica em Pesquisa com Seres Humanos (CEP) &nbsp;<\/p>\n","protected":false},"author":5,"featured_media":0,"parent":0,"menu_order":0,"comment_status":"closed","ping_status":"closed","template":"","meta":{"_acf_changed":false,"footnotes":""},"categories":[515],"tags":[],"class_list":["post-20910","page","type-page","status-publish","hentry","category-pesquisa"],"acf":[],"jetpack_sharing_enabled":true,"_links":{"self":[{"href":"https:\/\/www.ip.usp.br\/site\/wp-json\/wp\/v2\/pages\/20910","targetHints":{"allow":["GET"]}}],"collection":[{"href":"https:\/\/www.ip.usp.br\/site\/wp-json\/wp\/v2\/pages"}],"about":[{"href":"https:\/\/www.ip.usp.br\/site\/wp-json\/wp\/v2\/types\/page"}],"author":[{"embeddable":true,"href":"https:\/\/www.ip.usp.br\/site\/wp-json\/wp\/v2\/users\/5"}],"replies":[{"embeddable":true,"href":"https:\/\/www.ip.usp.br\/site\/wp-json\/wp\/v2\/comments?post=20910"}],"version-history":[{"count":9,"href":"https:\/\/www.ip.usp.br\/site\/wp-json\/wp\/v2\/pages\/20910\/revisions"}],"predecessor-version":[{"id":43198,"href":"https:\/\/www.ip.usp.br\/site\/wp-json\/wp\/v2\/pages\/20910\/revisions\/43198"}],"wp:attachment":[{"href":"https:\/\/www.ip.usp.br\/site\/wp-json\/wp\/v2\/media?parent=20910"}],"wp:term":[{"taxonomy":"category","embeddable":true,"href":"https:\/\/www.ip.usp.br\/site\/wp-json\/wp\/v2\/categories?post=20910"},{"taxonomy":"post_tag","embeddable":true,"href":"https:\/\/www.ip.usp.br\/site\/wp-json\/wp\/v2\/tags?post=20910"}],"curies":[{"name":"wp","href":"https:\/\/api.w.org\/{rel}","templated":true}]}}