{"id":20976,"date":"2018-08-21T13:40:36","date_gmt":"2018-08-21T16:40:36","guid":{"rendered":"https:\/\/www.ip.usp.br\/site\/?page_id=20976"},"modified":"2018-08-21T13:40:36","modified_gmt":"2018-08-21T16:40:36","slug":"linhas-de-acao","status":"publish","type":"page","link":"https:\/\/www.ip.usp.br\/site\/linhas-de-acao\/","title":{"rendered":"Linhas de a\u00e7\u00e3o"},"content":{"rendered":"<p>Busca de desenvolvimentos Te\u00f3ricos em Cr\u00edtica Social e Teoria Cr\u00edtica e Teorias Hist\u00f3rico culturais sobre educa\u00e7\u00e3o, territorialidades, mem\u00f3ria, lutas por direitos humanos e sua efetividade.<\/p>\n<p>Fomentar o compartilhamento de saberes por meio da comunica\u00e7\u00e3o social e cient\u00edfica, visando ampliar o di\u00e1logo com a sociedade, por meio de trocas com pr\u00e1ticas locais de luta por direitos e resolu\u00e7\u00e3o de conflitos.<\/p>\n","protected":false},"excerpt":{"rendered":"<p>Busca de desenvolvimentos Te\u00f3ricos em Cr\u00edtica Social e Teoria Cr\u00edtica e Teorias Hist\u00f3rico culturais sobre educa\u00e7\u00e3o, territorialidades, mem\u00f3ria, lutas por direitos humanos e sua efetividade. Fomentar o compartilhamento de saberes por meio da comunica\u00e7\u00e3o social e cient\u00edfica, visando ampliar o di\u00e1logo com a sociedade, por meio de trocas com pr\u00e1ticas locais de luta por direitos [&hellip;]<\/p>\n","protected":false},"author":5,"featured_media":0,"parent":0,"menu_order":0,"comment_status":"closed","ping_status":"closed","template":"","meta":{"_acf_changed":false,"footnotes":""},"categories":[484,401],"tags":[],"class_list":["post-20976","page","type-page","status-publish","hentry","category-departamento-de-psicologia-social-e-do-trabalho","category-laboratorios-2"],"acf":[],"jetpack_sharing_enabled":true,"_links":{"self":[{"href":"https:\/\/www.ip.usp.br\/site\/wp-json\/wp\/v2\/pages\/20976","targetHints":{"allow":["GET"]}}],"collection":[{"href":"https:\/\/www.ip.usp.br\/site\/wp-json\/wp\/v2\/pages"}],"about":[{"href":"https:\/\/www.ip.usp.br\/site\/wp-json\/wp\/v2\/types\/page"}],"author":[{"embeddable":true,"href":"https:\/\/www.ip.usp.br\/site\/wp-json\/wp\/v2\/users\/5"}],"replies":[{"embeddable":true,"href":"https:\/\/www.ip.usp.br\/site\/wp-json\/wp\/v2\/comments?post=20976"}],"version-history":[{"count":1,"href":"https:\/\/www.ip.usp.br\/site\/wp-json\/wp\/v2\/pages\/20976\/revisions"}],"predecessor-version":[{"id":20977,"href":"https:\/\/www.ip.usp.br\/site\/wp-json\/wp\/v2\/pages\/20976\/revisions\/20977"}],"wp:attachment":[{"href":"https:\/\/www.ip.usp.br\/site\/wp-json\/wp\/v2\/media?parent=20976"}],"wp:term":[{"taxonomy":"category","embeddable":true,"href":"https:\/\/www.ip.usp.br\/site\/wp-json\/wp\/v2\/categories?post=20976"},{"taxonomy":"post_tag","embeddable":true,"href":"https:\/\/www.ip.usp.br\/site\/wp-json\/wp\/v2\/tags?post=20976"}],"curies":[{"name":"wp","href":"https:\/\/api.w.org\/{rel}","templated":true}]}}