{"id":21050,"date":"2018-08-21T17:02:35","date_gmt":"2018-08-21T20:02:35","guid":{"rendered":"https:\/\/www.ip.usp.br\/site\/?page_id=21050"},"modified":"2018-08-22T10:38:21","modified_gmt":"2018-08-22T13:38:21","slug":"historico-10","status":"publish","type":"page","link":"https:\/\/www.ip.usp.br\/site\/historico-10\/","title":{"rendered":"Hist\u00f3rico"},"content":{"rendered":"<table style=\"border-collapse: collapse; width: 100%;\" border=\"0\">\n<tbody>\n<tr>\n<td style=\"width: 93.7455%;\"><\/td>\n<td style=\"width: 2.30239%;\"><a href=\"https:\/\/www.ip.usp.br\/site\/historico-10\/\"><img decoding=\"async\" class=\"alignnone size-full wp-image-19624\" src=\"https:\/\/www.ip.usp.br\/site\/wp-content\/uploads\/2018\/08\/br.gif\" alt=\"\" width=\"20\" height=\"14\" \/><\/a><\/td>\n<td style=\"width: 2.15732%;\"><a href=\"https:\/\/www.ip.usp.br\/site\/historico-19\/\"><img decoding=\"async\" class=\"alignnone size-full wp-image-19623\" src=\"https:\/\/www.ip.usp.br\/site\/wp-content\/uploads\/2018\/08\/es.gif\" alt=\"\" width=\"20\" height=\"14\" \/><\/a><\/td>\n<td style=\"width: 1.79478%;\"><a href=\"https:\/\/www.ip.usp.br\/site\/brief-history\/\"><img decoding=\"async\" class=\"alignnone size-full wp-image-19626\" src=\"https:\/\/www.ip.usp.br\/site\/wp-content\/uploads\/2018\/08\/us.gif\" alt=\"\" width=\"20\" height=\"14\" \/><\/a><\/td>\n<\/tr>\n<\/tbody>\n<\/table>\n<p>&nbsp;<\/p>\n<p>O Departamento de Psicologia Cl\u00ednica tem sua origem com o trabalho do Prof. Dr. Durval Marcondes, que organizou em 1938, o primeiro servi\u00e7o de atendimento psicol\u00f3gico de crian\u00e7a na Am\u00e9rica do Sul, na Se\u00e7\u00e3o de Higiene Mental da Diretoria de Sa\u00fade do Escolar da Secretaria da Educa\u00e7\u00e3o. Esse servi\u00e7o funcionava como uma cl\u00ednica de orienta\u00e7\u00e3o infantil, localizada na Avenida Ipiranga, onde hoje se situa o Hotel Hilton. Nos anos 50, o trabalho desenvolvido por Durval Marcondes firmou-se como Servi\u00e7o de Higiene Mental. Virginia Bicudo, com sua experi\u00eancia no junto ao servi\u00e7o de visitadoras psiqui\u00e1tricas chefiava a cl\u00ednica.<\/p>\n<p>Em 1958, Durval Marcondes foi convidado por Annita Cabral, professora do Curso de Filosofia para que se organizasse com An\u00edbal Silveira e C\u00edcero Christiano o Curso de Especializa\u00e7\u00e3o em Psicologia Cl\u00ednica da Cadeira de Psicologia da Faculdade de Filosofia Letras e Ci\u00eancias HUmanas da USP. Durval Marcondes passa a dirigir o setor de Cl\u00ednica, que se tornou disciplina aut\u00f4noma, ainda que ligada, quanto ao custeio, da cadeira de Psicologia Social e Experimental. Annita Cabral, ao lado de Durval Marcondes, Virginia Bicudo, Lygia Alcantar do Amaral, An\u00edbal da Silveira, delinearam conceito fundador do Curso de Psicologia.<\/p>\n<p>Organizado desde seu in\u00edcio de forma a envolver aulas te\u00f3ricas e pr\u00e1ticas, ele se distinguiu pelo fato de facultar aos alunos a experi\u00eancia na trabalho psicoterap\u00eautico. Quando o curso de psicologia foi criado pela lei Estadual n. 3862 de 28\/05\/1957 com n\u00edvel de Bacharelado e Licenciatura e quando da regulamenta\u00e7\u00e3o da profiss\u00e3o de Psic\u00f3logo em 27\/08\/1962, j\u00e1 havia um trabalho consolidado de forma\u00e7\u00e3o cl\u00ednica e te\u00f3rica promovido pela cl\u00ednica conduzida por Durval Marcondes.<\/p>\n<p>Localizada, inicialmente, na Rua Jaguaribe, trabalhavam na nessa cl\u00ednica, al\u00e9m de Durval Marcondes, Judith Andreucci, Virginia Bicudo, An\u00edbal Silveira, Laerte Moura Ferr\u00e3o, Lydia Luciana Rocha, Lygia Alc\u00e2ntara. Em 19 de agosto de 1968, este grupo, ligado \u00e0 Sociedade Brasileira de Psican\u00e1lise, originou o Departamento de Psicologia Cl\u00ednica do Instituto de Psicologia da USP (1970).<\/p>\n<p style=\"text-align: right;\">\n","protected":false},"excerpt":{"rendered":"<p>&nbsp; O Departamento de Psicologia Cl\u00ednica tem sua origem com o trabalho do Prof. Dr. Durval Marcondes, que organizou em 1938, o primeiro servi\u00e7o de atendimento psicol\u00f3gico de crian\u00e7a na Am\u00e9rica do Sul, na Se\u00e7\u00e3o de Higiene Mental da Diretoria de Sa\u00fade do Escolar da Secretaria da Educa\u00e7\u00e3o. Esse servi\u00e7o funcionava como uma cl\u00ednica de [&hellip;]<\/p>\n","protected":false},"author":14,"featured_media":0,"parent":0,"menu_order":0,"comment_status":"closed","ping_status":"closed","template":"","meta":{"_acf_changed":false,"footnotes":""},"categories":[480],"tags":[],"class_list":["post-21050","page","type-page","status-publish","hentry","category-departamento-de-psicologia-clinica"],"acf":[],"jetpack_sharing_enabled":true,"_links":{"self":[{"href":"https:\/\/www.ip.usp.br\/site\/wp-json\/wp\/v2\/pages\/21050","targetHints":{"allow":["GET"]}}],"collection":[{"href":"https:\/\/www.ip.usp.br\/site\/wp-json\/wp\/v2\/pages"}],"about":[{"href":"https:\/\/www.ip.usp.br\/site\/wp-json\/wp\/v2\/types\/page"}],"author":[{"embeddable":true,"href":"https:\/\/www.ip.usp.br\/site\/wp-json\/wp\/v2\/users\/14"}],"replies":[{"embeddable":true,"href":"https:\/\/www.ip.usp.br\/site\/wp-json\/wp\/v2\/comments?post=21050"}],"version-history":[{"count":7,"href":"https:\/\/www.ip.usp.br\/site\/wp-json\/wp\/v2\/pages\/21050\/revisions"}],"predecessor-version":[{"id":21126,"href":"https:\/\/www.ip.usp.br\/site\/wp-json\/wp\/v2\/pages\/21050\/revisions\/21126"}],"wp:attachment":[{"href":"https:\/\/www.ip.usp.br\/site\/wp-json\/wp\/v2\/media?parent=21050"}],"wp:term":[{"taxonomy":"category","embeddable":true,"href":"https:\/\/www.ip.usp.br\/site\/wp-json\/wp\/v2\/categories?post=21050"},{"taxonomy":"post_tag","embeddable":true,"href":"https:\/\/www.ip.usp.br\/site\/wp-json\/wp\/v2\/tags?post=21050"}],"curies":[{"name":"wp","href":"https:\/\/api.w.org\/{rel}","templated":true}]}}