{"id":21053,"date":"2018-08-21T17:05:04","date_gmt":"2018-08-21T20:05:04","guid":{"rendered":"https:\/\/www.ip.usp.br\/site\/?page_id=21053"},"modified":"2018-09-05T10:53:21","modified_gmt":"2018-09-05T13:53:21","slug":"historico-19","status":"publish","type":"page","link":"https:\/\/www.ip.usp.br\/site\/historico-19\/","title":{"rendered":"Hist\u00f3rico"},"content":{"rendered":"<table style=\"border-collapse: collapse;width: 100%\" border=\"0\">\n<tbody>\n<tr>\n<td style=\"width: 93.7455%\"><\/td>\n<td style=\"width: 2.30239%\"><a href=\"https:\/\/www.ip.usp.br\/site\/historico-10\/\"><img decoding=\"async\" class=\"alignnone size-full wp-image-19624\" src=\"https:\/\/www.ip.usp.br\/site\/wp-content\/uploads\/2018\/08\/br.gif\" alt=\"\" width=\"20\" height=\"14\" \/><\/a><\/td>\n<td style=\"width: 2.15732%\"><a href=\"https:\/\/www.ip.usp.br\/site\/historico-19\/\"><img decoding=\"async\" class=\"alignnone size-full wp-image-19623\" src=\"https:\/\/www.ip.usp.br\/site\/wp-content\/uploads\/2018\/08\/es.gif\" alt=\"\" width=\"20\" height=\"14\" \/><\/a><\/td>\n<td style=\"width: 1.79478%\"><a href=\"https:\/\/www.ip.usp.br\/site\/brief-history\/\"><img decoding=\"async\" class=\"alignnone size-full wp-image-19626\" src=\"https:\/\/www.ip.usp.br\/site\/wp-content\/uploads\/2018\/08\/us.gif\" alt=\"\" width=\"20\" height=\"14\" \/><\/a><\/td>\n<\/tr>\n<\/tbody>\n<\/table>\n<p>&nbsp;<\/p>\n<p>El Departamento de Psicolog\u00eda Cl\u00ednica tiene su origen con el trabajo del Profesor Dr. Durval Marcondes que en 1938 organiz\u00f3 el primer servicio de atenci\u00f3n psicol\u00f3gica del ni\u00f1o en Am\u00e9rica del Sur en la Secci\u00f3n de Higiene Mental de la Direcci\u00f3n de Salud del Escolar de la Secretar\u00eda de Educaci\u00f3n. Ese servicio funcionaba como una cl\u00ednica de orientaci\u00f3n infantil. El servicio estaba en la Avenida Ipiranga, donde hoy se encuentra el Hotel Hilton. En esa cl\u00ednica estaba el servicio de visitadoras psiqui\u00e1tricas que era dirigido por Virginia Bicudo formada en Ciencias Sociales.<\/p>\n<p>En los a\u00f1os 1950 el trabajo desarrollado por Durval Marcondes se afirm\u00f3 en el campo sociocultural. En el servicio de Higiene mental hubo presi\u00f3n para que los t\u00e9cnicos del servicio cursaran Filosof\u00eda. Virginia Bicudo orientaba sus auxiliares para que cursaran Filosof\u00eda, porque cre\u00eda que la formaci\u00f3n en Ciencias Humanas preparaba mejor a las personas para tratar la mente humana. Durval Marcondes fue invitado por Annita Cabral, profesora del curso de Filosof\u00eda, para que con An\u00edbal Silveira y C\u00edcero Christiano organizasen el curso de Especializaci\u00f3n en Psicolog\u00eda Cl\u00ednica de la C\u00e1tedra de Psicolog\u00eda de la FFCL en la Universidad de San Pablo, lo que ocurri\u00f3 en 1958. En ese a\u00f1o fue contratado el Dr. Durval Marcondes para dirigir el sector de cl\u00ednica, que se convirti\u00f3 en asignatura aut\u00f3noma, aunque fuese dependiente en las cuestiones de fondos de la C\u00e1tedra de Psicolog\u00eda Social y Experimental.<\/p>\n<p>Annita Cabral, Durval Marcondes, Virginia Bicudo, Lygia Alc\u00e2ntara do Amaral y An\u00edbal da Silveira poco a poco fueron dise\u00f1ando el curso de Psicolog\u00eda. Inicialmente el curso se organiz\u00f3 con clases te\u00f3ricas y una parte pr\u00e1ctica. Ya en aquella \u00e9poca hab\u00eda inter\u00e9s en que hubiese un trabajo terap\u00e9utico con los alumnos.<\/p>\n<p>El curso de Psicolog\u00eda fue creado por la Ley Estatal N\u00b0 3862 del 28\/05\/1957 con nivel de bachillerato y licenciatura. La regulaci\u00f3n de la profesi\u00f3n de psic\u00f3logo ocurri\u00f3 el 27 de agosto de 1962.<\/p>\n<p>Con la iniciativa del Dr. Durval Marcondes se estableci\u00f3 la Cl\u00ednica Psicol\u00f3gica del Curso de Psicolog\u00eda que en el comienzo se dictaba en la calle Jaguaribe. En esa cl\u00ednica trabajaban Durval Marcondes, Judith Andreucci, Virginia Bicudo, An\u00edbal Silveira, Laerte Moura Frr\u00e3o, Lydia Luciana Rocha y Lygia Alc\u00e2ntara, donde se origin\u00f3 el Departamento de Psicolog\u00eda Cl\u00ednica el 19 de agosto de 1968 siendo luego integrado al Departamento \u00danico de Psicolog\u00eda. En 1970 surge el Departamento de Psicolog\u00eda Cl\u00ednica.<\/p>\n","protected":false},"excerpt":{"rendered":"<p>&nbsp; El Departamento de Psicolog\u00eda Cl\u00ednica tiene su origen con el trabajo del Profesor Dr. Durval Marcondes que en 1938 organiz\u00f3 el primer servicio de atenci\u00f3n psicol\u00f3gica del ni\u00f1o en Am\u00e9rica del Sur en la Secci\u00f3n de Higiene Mental de la Direcci\u00f3n de Salud del Escolar de la Secretar\u00eda de Educaci\u00f3n. Ese servicio funcionaba como [&hellip;]<\/p>\n","protected":false},"author":14,"featured_media":0,"parent":0,"menu_order":0,"comment_status":"closed","ping_status":"closed","template":"","meta":{"_acf_changed":false,"footnotes":""},"categories":[524],"tags":[],"class_list":["post-21053","page","type-page","status-publish","hentry","category-departamento-de-psicologia-clinica-2"],"acf":[],"jetpack_sharing_enabled":true,"_links":{"self":[{"href":"https:\/\/www.ip.usp.br\/site\/wp-json\/wp\/v2\/pages\/21053","targetHints":{"allow":["GET"]}}],"collection":[{"href":"https:\/\/www.ip.usp.br\/site\/wp-json\/wp\/v2\/pages"}],"about":[{"href":"https:\/\/www.ip.usp.br\/site\/wp-json\/wp\/v2\/types\/page"}],"author":[{"embeddable":true,"href":"https:\/\/www.ip.usp.br\/site\/wp-json\/wp\/v2\/users\/14"}],"replies":[{"embeddable":true,"href":"https:\/\/www.ip.usp.br\/site\/wp-json\/wp\/v2\/comments?post=21053"}],"version-history":[{"count":5,"href":"https:\/\/www.ip.usp.br\/site\/wp-json\/wp\/v2\/pages\/21053\/revisions"}],"predecessor-version":[{"id":23569,"href":"https:\/\/www.ip.usp.br\/site\/wp-json\/wp\/v2\/pages\/21053\/revisions\/23569"}],"wp:attachment":[{"href":"https:\/\/www.ip.usp.br\/site\/wp-json\/wp\/v2\/media?parent=21053"}],"wp:term":[{"taxonomy":"category","embeddable":true,"href":"https:\/\/www.ip.usp.br\/site\/wp-json\/wp\/v2\/categories?post=21053"},{"taxonomy":"post_tag","embeddable":true,"href":"https:\/\/www.ip.usp.br\/site\/wp-json\/wp\/v2\/tags?post=21053"}],"curies":[{"name":"wp","href":"https:\/\/api.w.org\/{rel}","templated":true}]}}