{"id":21138,"date":"2018-08-22T11:09:51","date_gmt":"2018-08-22T14:09:51","guid":{"rendered":"https:\/\/www.ip.usp.br\/site\/?page_id=21138"},"modified":"2023-05-16T16:08:55","modified_gmt":"2023-05-16T19:08:55","slug":"pos-doutorado-11","status":"publish","type":"page","link":"https:\/\/www.ip.usp.br\/site\/pos-doutorado-11\/","title":{"rendered":"P\u00f3s-Doutorado"},"content":{"rendered":"<table style=\"border-collapse: collapse; width: 100%;\" border=\"0\">\n<tbody>\n<tr>\n<td style=\"width: 93.7455%;\"><\/td>\n<td style=\"width: 2.30239%;\"><a href=\"https:\/\/www.ip.usp.br\/site\/pos-doutorado-11\/\"><img decoding=\"async\" class=\"alignnone size-full wp-image-19624\" src=\"https:\/\/www.ip.usp.br\/site\/wp-content\/uploads\/2018\/08\/br.gif\" alt=\"\" width=\"20\" height=\"14\" \/><\/a><\/td>\n<td style=\"width: 2.15732%;\"><a href=\"https:\/\/www.ip.usp.br\/site\/pos-doutorado-10\/\"><img decoding=\"async\" class=\"alignnone size-full wp-image-19623\" src=\"https:\/\/www.ip.usp.br\/site\/wp-content\/uploads\/2018\/08\/es.gif\" alt=\"\" width=\"20\" height=\"14\" \/><\/a><\/td>\n<td style=\"width: 1.79478%;\"><a href=\"https:\/\/www.ip.usp.br\/site\/post-doctoral-programs\/\"><img decoding=\"async\" class=\"alignnone size-full wp-image-19626\" src=\"https:\/\/www.ip.usp.br\/site\/wp-content\/uploads\/2018\/08\/us.gif\" alt=\"\" width=\"20\" height=\"14\" \/><\/a><\/td>\n<\/tr>\n<\/tbody>\n<\/table>\n<p>Informa\u00e7\u00f5es aos INTERESSADOS NO PROGRAMA DE P\u00d3S-DOUTORADO (P\u00f3s-Doc)<\/p>\n<p>Acesse o link:\u00a0\u00a0<a href=\"https:\/\/www.ip.usp.br\/portal\/index.php?option=com_content&amp;view=article&amp;id=3094%253Acomissao-de-pesquisa-cpq-pos-doutorado&amp;catid=143%253Acolegiados-x-comissao-de-pesquisa-cpq&amp;Itemid=53&amp;lang=pt\" target=\"_blank\" rel=\"noopener\">AQUI<\/a><\/p>\n<p>As informa\u00e7\u00f5es devem ser obtidas com a Comiss\u00e3o de Pesquisa e Inova\u00e7\u00e3o: +55 (11) 3091-1660<br \/>\nVisite:\u00a0<a href=\"http:\/\/www.usp.br\/prp\/pagina.php?menu=3&amp;pagina=30\" target=\"_blank\" rel=\"noopener\">Pr\u00f3-Reitoria de Pesquisa<\/a><\/p>\n","protected":false},"excerpt":{"rendered":"<p>Informa\u00e7\u00f5es aos INTERESSADOS NO PROGRAMA DE P\u00d3S-DOUTORADO (P\u00f3s-Doc) Acesse o link:\u00a0\u00a0AQUI As informa\u00e7\u00f5es devem ser obtidas com a Comiss\u00e3o de Pesquisa e Inova\u00e7\u00e3o: +55 (11) 3091-1660 Visite:\u00a0Pr\u00f3-Reitoria de Pesquisa<\/p>\n","protected":false},"author":14,"featured_media":0,"parent":0,"menu_order":0,"comment_status":"closed","ping_status":"closed","template":"","meta":{"_acf_changed":false,"footnotes":""},"categories":[480],"tags":[],"class_list":["post-21138","page","type-page","status-publish","hentry","category-departamento-de-psicologia-clinica"],"acf":[],"jetpack_sharing_enabled":true,"_links":{"self":[{"href":"https:\/\/www.ip.usp.br\/site\/wp-json\/wp\/v2\/pages\/21138","targetHints":{"allow":["GET"]}}],"collection":[{"href":"https:\/\/www.ip.usp.br\/site\/wp-json\/wp\/v2\/pages"}],"about":[{"href":"https:\/\/www.ip.usp.br\/site\/wp-json\/wp\/v2\/types\/page"}],"author":[{"embeddable":true,"href":"https:\/\/www.ip.usp.br\/site\/wp-json\/wp\/v2\/users\/14"}],"replies":[{"embeddable":true,"href":"https:\/\/www.ip.usp.br\/site\/wp-json\/wp\/v2\/comments?post=21138"}],"version-history":[{"count":4,"href":"https:\/\/www.ip.usp.br\/site\/wp-json\/wp\/v2\/pages\/21138\/revisions"}],"predecessor-version":[{"id":43199,"href":"https:\/\/www.ip.usp.br\/site\/wp-json\/wp\/v2\/pages\/21138\/revisions\/43199"}],"wp:attachment":[{"href":"https:\/\/www.ip.usp.br\/site\/wp-json\/wp\/v2\/media?parent=21138"}],"wp:term":[{"taxonomy":"category","embeddable":true,"href":"https:\/\/www.ip.usp.br\/site\/wp-json\/wp\/v2\/categories?post=21138"},{"taxonomy":"post_tag","embeddable":true,"href":"https:\/\/www.ip.usp.br\/site\/wp-json\/wp\/v2\/tags?post=21138"}],"curies":[{"name":"wp","href":"https:\/\/api.w.org\/{rel}","templated":true}]}}