{"id":21238,"date":"2018-08-22T15:16:33","date_gmt":"2018-08-22T18:16:33","guid":{"rendered":"https:\/\/www.ip.usp.br\/site\/?page_id=21238"},"modified":"2018-09-05T17:29:45","modified_gmt":"2018-09-05T20:29:45","slug":"faculty","status":"publish","type":"page","link":"https:\/\/www.ip.usp.br\/site\/faculty\/","title":{"rendered":"Faculty"},"content":{"rendered":"<table style=\"border-collapse: collapse;width: 100%\" border=\"0\">\n<tbody>\n<tr>\n<td style=\"width: 93.7455%\"><\/td>\n<td style=\"width: 2.30239%\"><a href=\"https:\/\/www.ip.usp.br\/site\/docentes-psc\/\"><img decoding=\"async\" class=\"alignnone size-full wp-image-19624\" src=\"https:\/\/www.ip.usp.br\/site\/wp-content\/uploads\/2018\/08\/br.gif\" alt=\"\" width=\"20\" height=\"14\" \/><\/a><\/td>\n<td style=\"width: 2.15732%\"><a href=\"https:\/\/www.ip.usp.br\/site\/docentes-psc\/\"><img decoding=\"async\" class=\"alignnone size-full wp-image-19623\" src=\"https:\/\/www.ip.usp.br\/site\/wp-content\/uploads\/2018\/08\/es.gif\" alt=\"\" width=\"20\" height=\"14\" \/><\/a><\/td>\n<td style=\"width: 1.79478%\"><a href=\"https:\/\/www.ip.usp.br\/site\/faculty\/\"><img decoding=\"async\" class=\"alignnone size-full wp-image-19626\" src=\"https:\/\/www.ip.usp.br\/site\/wp-content\/uploads\/2018\/08\/us.gif\" alt=\"\" width=\"20\" height=\"14\" \/><\/a><\/td>\n<\/tr>\n<\/tbody>\n<\/table>\n<p>&nbsp;<\/p>\n<ul style=\"list-style-type: square\">\n<li style=\"list-style-type: none\">\n<ul style=\"list-style-type: square\">\n<li><a href=\"https:\/\/www.ip.usp.br\/site\/ana-maria-ing\/\">Ana Maria de Barros Aguirre<\/a><\/li>\n<li>Andr\u00e9s Eduardo Aguirre Ant\u00fanez<\/li>\n<li><a href=\"https:\/\/www.ip.usp.br\/site\/avelino-ing\/\">Avelino Luiz Rodrigues<\/a><\/li>\n<li><a href=\"https:\/\/www.ip.usp.br\/site\/christian-ing\/\">Christian Ingo Lenz Dunker<\/a><\/li>\n<li><a href=\"https:\/\/www.ip.usp.br\/site\/daniel-ing\/\">Daniel Kupermann<\/a><\/li>\n<li><a href=\"https:\/\/www.ip.usp.br\/site\/edwiges-ing\/\">Edwiges Ferreira de Mattos Silvares<\/a><\/li>\n<li><a href=\"https:\/\/www.ip.usp.br\/site\/eliana-ing\/\">Eliana Herzberg<\/a><\/li>\n<li><a href=\"https:\/\/www.ip.usp.br\/site\/elisa-ing\">Elisa Maria Parahyba Campos<\/a><\/li>\n<li><a href=\"https:\/\/www.ip.usp.br\/site\/eva-maria-ing\/\">Eva Maria Migliavacca<\/a><\/li>\n<li><a href=\"https:\/\/www.ip.usp.br\/site\/francisco-ing\">Francisco Baptista Assump\u00e7\u00e3o Junior<\/a><\/li>\n<li><a href=\"https:\/\/www.ip.usp.br\/site\/gilberto-ing\/\">Gilberto Safra<\/a><\/li>\n<li><a href=\"https:\/\/www.ip.usp.br\/site\/helena-ing\/\">Helena Maria Sampaio Bicalho<\/a><\/li>\n<li><a href=\"https:\/\/www.ip.usp.br\/site\/isabel-ing\">Isabel Cristina Gomes<\/a><\/li>\n<li><a href=\"https:\/\/www.ip.usp.br\/site\/ivonise-ing\/\">Ivonise Fernandes da Motta<\/a><\/li>\n<li><a href=\"https:\/\/www.ip.usp.br\/site\/jose-ing\/\">Jos\u00e9 Tolentino Rosa<\/a><\/li>\n<li><a href=\"https:\/\/www.ip.usp.br\/site\/kayoko-ing\/\">Kayoko Yamamoto<\/a><\/li>\n<li><a href=\"https:\/\/www.ip.usp.br\/site\/leia-ing\/\">L\u00e9ia Priszkulnik<\/a><\/li>\n<li><a href=\"https:\/\/www.ip.usp.br\/site\/leila-ing\/\">Leila Salom\u00e3o de La Plata Cury Tardivo<\/a><\/li>\n<li><a href=\"https:\/\/www.ip.usp.br\/site\/lilian-ing\/\">Lilian Meyer Fraz\u00e3o<\/a><\/li>\n<li><a href=\"https:\/\/www.ip.usp.br\/site\/marcia-ing\/\">Marcia Helena da Silva Melo Bertolla<\/a><\/li>\n<li><a href=\"https:\/\/www.ip.usp.br\/site\/abigail-ing\/\">Maria Abigail de Souza<\/a><\/li>\n<li><a href=\"https:\/\/www.ip.usp.br\/site\/livia-ing\/\">Maria Livia Tourinho Moretto<\/a><\/li>\n<li><a href=\"https:\/\/www.ip.usp.br\/site\/miriam-ing\/\">Miriam Debieux Rosa<\/a><\/li>\n<li><a href=\"https:\/\/www.ip.usp.br\/site\/sonia-ing\/\">S\u00f4nia Beatriz Meyer<\/a><\/li>\n<\/ul>\n<\/li>\n<\/ul>\n<p><strong>Senior Collaborators<\/strong><\/p>\n<ul style=\"list-style-type: square\">\n<li style=\"list-style-type: none\">\n<ul style=\"list-style-type: square\">\n<li><a href=\"https:\/\/www.ip.usp.br\/site\/jussara-ing\/\">Jussara Falek Brauer<\/a> (<em>in memoriam<\/em>)<\/li>\n<li><a href=\"https:\/\/www.ip.usp.br\/site\/maria-lucia-ing\/\">Maria L\u00facia de Ara\u00fajo Andrade<\/a><\/li>\n<li><a href=\"https:\/\/www.ip.usp.br\/site\/vera-ing\/\">Vera Stela Telles<\/a><\/li>\n<li>T\u00e2nia Maria Jos\u00e9 Aiello Vaisberg<\/li>\n<\/ul>\n<\/li>\n<\/ul>\n<p><strong>Collaborated with us<\/strong><\/p>\n<ul style=\"list-style-type: square\">\n<li>Alejandro Leon Klein Caballero (jun\/2009 a jul\/2010)<\/li>\n<li>Andr\u00e9 Jacquemin<\/li>\n<li>Elizabeth Batista Pinto Wiesse<\/li>\n<li>Elsa Lima Gon\u00e7alves Antunha<\/li>\n<li>Helena Moreira e Silva Carmo<\/li>\n<li>Lydia Luciana Rocha<\/li>\n<li>Luiz Carlos Nogueira (in memoriam)<\/li>\n<li>Maria Am\u00e9lia Martins de Castro Alvares<\/li>\n<li>Maria Helena Raimo Caldas de Oliveira<\/li>\n<li>Odette Louren\u00e7\u00e3o van Kolck<\/li>\n<li>Ryad Simon<\/li>\n<li>Therezinha Moreira Leite<\/li>\n<li>Walter Trinca<\/li>\n<li>Wagner Rocha Fiori\u00a0(in memoriam)<\/li>\n<\/ul>\n","protected":false},"excerpt":{"rendered":"<p>&nbsp; Ana Maria de Barros Aguirre Andr\u00e9s Eduardo Aguirre Ant\u00fanez Avelino Luiz Rodrigues Christian Ingo Lenz Dunker Daniel Kupermann Edwiges Ferreira de Mattos Silvares Eliana Herzberg Elisa Maria Parahyba Campos Eva Maria Migliavacca Francisco Baptista Assump\u00e7\u00e3o Junior Gilberto Safra Helena Maria Sampaio Bicalho Isabel Cristina Gomes Ivonise Fernandes da Motta Jos\u00e9 Tolentino Rosa Kayoko Yamamoto [&hellip;]<\/p>\n","protected":false},"author":14,"featured_media":0,"parent":0,"menu_order":0,"comment_status":"closed","ping_status":"closed","template":"","meta":{"_acf_changed":false,"footnotes":""},"categories":[523],"tags":[],"class_list":["post-21238","page","type-page","status-publish","hentry","category-department-of-clinical-psychology"],"acf":[],"jetpack_sharing_enabled":true,"_links":{"self":[{"href":"https:\/\/www.ip.usp.br\/site\/wp-json\/wp\/v2\/pages\/21238","targetHints":{"allow":["GET"]}}],"collection":[{"href":"https:\/\/www.ip.usp.br\/site\/wp-json\/wp\/v2\/pages"}],"about":[{"href":"https:\/\/www.ip.usp.br\/site\/wp-json\/wp\/v2\/types\/page"}],"author":[{"embeddable":true,"href":"https:\/\/www.ip.usp.br\/site\/wp-json\/wp\/v2\/users\/14"}],"replies":[{"embeddable":true,"href":"https:\/\/www.ip.usp.br\/site\/wp-json\/wp\/v2\/comments?post=21238"}],"version-history":[{"count":9,"href":"https:\/\/www.ip.usp.br\/site\/wp-json\/wp\/v2\/pages\/21238\/revisions"}],"predecessor-version":[{"id":23723,"href":"https:\/\/www.ip.usp.br\/site\/wp-json\/wp\/v2\/pages\/21238\/revisions\/23723"}],"wp:attachment":[{"href":"https:\/\/www.ip.usp.br\/site\/wp-json\/wp\/v2\/media?parent=21238"}],"wp:term":[{"taxonomy":"category","embeddable":true,"href":"https:\/\/www.ip.usp.br\/site\/wp-json\/wp\/v2\/categories?post=21238"},{"taxonomy":"post_tag","embeddable":true,"href":"https:\/\/www.ip.usp.br\/site\/wp-json\/wp\/v2\/tags?post=21238"}],"curies":[{"name":"wp","href":"https:\/\/api.w.org\/{rel}","templated":true}]}}