{"id":21244,"date":"2018-08-22T15:22:51","date_gmt":"2018-08-22T18:22:51","guid":{"rendered":"https:\/\/www.ip.usp.br\/site\/?page_id=21244"},"modified":"2018-09-03T16:04:24","modified_gmt":"2018-09-03T19:04:24","slug":"producao-docente-2","status":"publish","type":"page","link":"https:\/\/www.ip.usp.br\/site\/producao-docente-2\/","title":{"rendered":"Produ\u00e7\u00e3o docente"},"content":{"rendered":"<div>\n<table style=\"border-collapse: collapse; width: 100%;\" border=\"0\">\n<tbody>\n<tr>\n<td style=\"width: 93.7455%;\"><\/td>\n<td style=\"width: 2.30239%;\"><a href=\"https:\/\/www.ip.usp.br\/site\/historico-psc\/\"><img decoding=\"async\" class=\"alignnone size-full wp-image-19624\" src=\"https:\/\/www.ip.usp.br\/site\/wp-content\/uploads\/2018\/08\/br.gif\" alt=\"\" width=\"20\" height=\"14\" \/><\/a><\/td>\n<td style=\"width: 2.15732%;\"><a href=\"https:\/\/www.ip.usp.br\/site\/historia\/\"><img decoding=\"async\" class=\"alignnone size-full wp-image-19623\" src=\"https:\/\/www.ip.usp.br\/site\/wp-content\/uploads\/2018\/08\/es.gif\" alt=\"\" width=\"20\" height=\"14\" \/><\/a><\/td>\n<td style=\"width: 1.79478%;\"><a href=\"https:\/\/www.ip.usp.br\/site\/historic\/\"><img decoding=\"async\" class=\"alignnone size-full wp-image-19626\" src=\"https:\/\/www.ip.usp.br\/site\/wp-content\/uploads\/2018\/08\/us.gif\" alt=\"\" width=\"20\" height=\"14\" \/><\/a><\/td>\n<\/tr>\n<\/tbody>\n<\/table>\n<\/div>\n<p><a href=\"http:\/\/dedalus.usp.br\/F\/DXKRQ2BTRC4NPQL7C4YTUN3S5P1AA2TE9DC7RIAAIEXHGXA6BF-20538?func=find-b&amp;request=ANA+MARIA+DE+BARROS+AGUIRRE&amp;find_code=WAU&amp;adjacent=N&amp;local_base=USP01&amp;x=40&amp;y=10&amp;filter_code_1=WLN&amp;filter_request_1=&amp;filter_code_2=WYR&amp;filter_request_2=&amp;filter_code_3=WYR&amp;filter_request_3=&amp;filter_code_4=WMA&amp;filter_request_4=&amp;filter_code_5=WBA&amp;filter_request_5=\" target=\"_blank\" rel=\"noopener\">Ana Maria de Barros Aguirre<\/a><\/p>\n<p><a href=\"http:\/\/dedalus.usp.br\/F\/DXKRQ2BTRC4NPQL7C4YTUN3S5P1AA2TE9DC7RIAAIEXHGXA6BF-33859?func=find-b&amp;request=ANDR%C3%89S+EDUARDO+AGUIRRE+ANT%C3%9ANEZ&amp;find_code=WAU&amp;adjacent=N&amp;local_base=USP01&amp;x=53&amp;y=8&amp;filter_code_1=WLN&amp;filter_request_1=&amp;filter_code_2=WYR&amp;filter_request_2=&amp;filter_code_3=WYR&amp;filter_request_3=&amp;filter_code_4=WMA&amp;filter_request_4=&amp;filter_code_5=WBA&amp;filter_request_5=\" target=\"_blank\" rel=\"noopener\">Andr\u00e9s Eduardo Aguirre Ant\u00fanez<\/a><\/p>\n<p><a href=\"http:\/\/dedalus.usp.br\/F\/DXKRQ2BTRC4NPQL7C4YTUN3S5P1AA2TE9DC7RIAAIEXHGXA6BF-42396?func=find-b&amp;request=AVELINO+LUIZ+RODRIGUES&amp;find_code=WAU&amp;adjacent=N&amp;local_base=USP01&amp;x=16&amp;y=15&amp;filter_code_1=WLN&amp;filter_request_1=&amp;filter_code_2=WYR&amp;filter_request_2=&amp;filter_code_3=WYR&amp;filter_request_3=&amp;filter_code_4=WMA&amp;filter_request_4=&amp;filter_code_5=WBA&amp;filter_request_5=\" target=\"_blank\" rel=\"noopener\">Avelino Luiz Rodrigues<\/a><\/p>\n<p><a href=\"http:\/\/dedalus.usp.br\/F\/FGMRMD5ENKF4VSIIU2SABPEP6PIFIYKIYR8IURJIPXNK437P59-10476?func=find-b&amp;request=CHRISTIAN+INGO+LENZ+DUNKER&amp;find_code=WAU&amp;adjacent=N&amp;local_base=USP01&amp;x=34&amp;y=11&amp;filter_code_1=WLN&amp;filter_request_1=&amp;filter_code_2=WYR&amp;filter_request_2=&amp;filter_code_3=WYR&amp;filter_request_3=&amp;filter_code_4=WMA&amp;filter_request_4=&amp;filter_code_5=WBA&amp;filter_request_5=\" target=\"_blank\" rel=\"noopener\">Christian Ingo Lenz Dunker<\/a><\/p>\n<p><a href=\"http:\/\/dedalus.usp.br\/F\/FGMRMD5ENKF4VSIIU2SABPEP6PIFIYKIYR8IURJIPXNK437P59-45092?func=find-b&amp;request=CLAUDIA+KAMI+BASTOS+OSHIRO&amp;find_code=WAU&amp;adjacent=N&amp;local_base=USP01&amp;x=49&amp;y=9&amp;filter_code_1=WLN&amp;filter_request_1=&amp;filter_code_2=WYR&amp;filter_request_2=&amp;filter_code_3=WYR&amp;filter_request_3=&amp;filter_code_4=WMA&amp;filter_request_4=&amp;filter_code_5=WBA&amp;filter_request_5=\" target=\"_blank\" rel=\"noopener\">Claudia Kami Bastos Oshiro<\/a><\/p>\n<p><a href=\"http:\/\/dedalus.usp.br\/F\/FGMRMD5ENKF4VSIIU2SABPEP6PIFIYKIYR8IURJIPXNK437P59-52696?func=find-b&amp;request=DANIEL+KUPERMANN&amp;find_code=WAU&amp;adjacent=N&amp;local_base=USP01&amp;x=20&amp;y=12&amp;filter_code_1=WLN&amp;filter_request_1=&amp;filter_code_2=WYR&amp;filter_request_2=&amp;filter_code_3=WYR&amp;filter_request_3=&amp;filter_code_4=WMA&amp;filter_request_4=&amp;filter_code_5=WBA&amp;filter_request_5=\" target=\"_blank\" rel=\"noopener\">Daniel Kupermann<\/a><\/p>\n<p><a href=\"http:\/\/dedalus.usp.br\/F\/FGMRMD5ENKF4VSIIU2SABPEP6PIFIYKIYR8IURJIPXNK437P59-13253?func=find-b&amp;request=ELIANA+HERZBERG&amp;find_code=WAU&amp;adjacent=N&amp;local_base=USP01&amp;x=7&amp;y=12&amp;filter_code_1=WLN&amp;filter_request_1=&amp;filter_code_2=WYR&amp;filter_request_2=&amp;filter_code_3=WYR&amp;filter_request_3=&amp;filter_code_4=WMA&amp;filter_request_4=&amp;filter_code_5=WBA&amp;filter_request_5=\" target=\"_blank\" rel=\"noopener\">Eliana Herzberg<\/a><\/p>\n<p><a href=\"http:\/\/dedalus.usp.br\/F\/FGMRMD5ENKF4VSIIU2SABPEP6PIFIYKIYR8IURJIPXNK437P59-18453?func=find-b&amp;request=EVA+MARIA+MIGLIAVACCA&amp;find_code=WAU&amp;adjacent=N&amp;local_base=USP01&amp;x=37&amp;y=9&amp;filter_code_1=WLN&amp;filter_request_1=&amp;filter_code_2=WYR&amp;filter_request_2=&amp;filter_code_3=WYR&amp;filter_request_3=&amp;filter_code_4=WMA&amp;filter_request_4=&amp;filter_code_5=WBA&amp;filter_request_5=\" target=\"_blank\" rel=\"noopener\">Eva Maria Migliavacca<\/a><\/p>\n<p><a href=\"http:\/\/dedalus.usp.br\/F\/FGMRMD5ENKF4VSIIU2SABPEP6PIFIYKIYR8IURJIPXNK437P59-24997?func=find-b&amp;request=FRANCISCO+BAPTISTA+ASSUMP%C3%87%C3%83O+JUNIOR&amp;find_code=WAU&amp;adjacent=N&amp;local_base=USP01&amp;x=40&amp;y=7&amp;filter_code_1=WLN&amp;filter_request_1=&amp;filter_code_2=WYR&amp;filter_request_2=&amp;filter_code_3=WYR&amp;filter_request_3=&amp;filter_code_4=WMA&amp;filter_request_4=&amp;filter_code_5=WBA&amp;filter_request_5=\" target=\"_blank\" rel=\"noopener\">Francisco Baptista Assump\u00e7\u00e3o Junior<\/a><\/p>\n<p><a href=\"http:\/\/dedalus.usp.br\/F\/FGMRMD5ENKF4VSIIU2SABPEP6PIFIYKIYR8IURJIPXNK437P59-57521?func=find-b&amp;request=GILBERTO+SAFRA&amp;find_code=WAU&amp;adjacent=N&amp;local_base=USP01&amp;x=24&amp;y=10&amp;filter_code_1=WLN&amp;filter_request_1=&amp;filter_code_2=WYR&amp;filter_request_2=&amp;filter_code_3=WYR&amp;filter_request_3=&amp;filter_code_4=WMA&amp;filter_request_4=&amp;filter_code_5=WBA&amp;filter_request_5=\" target=\"_blank\" rel=\"noopener\">Gilberto Safra<\/a><\/p>\n<p><a href=\"http:\/\/dedalus.usp.br\/F\/FGMRMD5ENKF4VSIIU2SABPEP6PIFIYKIYR8IURJIPXNK437P59-68158?func=find-b&amp;request=HELENA+MARIA+SAMPAIO+BICALHO&amp;find_code=WAU&amp;adjacent=N&amp;local_base=USP01&amp;x=35&amp;y=10&amp;filter_code_1=WLN&amp;filter_request_1=&amp;filter_code_2=WYR&amp;filter_request_2=&amp;filter_code_3=WYR&amp;filter_request_3=&amp;filter_code_4=WMA&amp;filter_request_4=&amp;filter_code_5=WBA&amp;filter_request_5=\" target=\"_blank\" rel=\"noopener\">Helena Maria Sampaio Bicalho<\/a><\/p>\n<p><a href=\"http:\/\/dedalus.usp.br\/F\/FGMRMD5ENKF4VSIIU2SABPEP6PIFIYKIYR8IURJIPXNK437P59-51885?func=find-b&amp;request=ISABEL+CRISTINA+GOMES&amp;find_code=WAU&amp;adjacent=N&amp;local_base=USP01&amp;x=18&amp;y=7&amp;filter_code_1=WLN&amp;filter_request_1=&amp;filter_code_2=WYR&amp;filter_request_2=&amp;filter_code_3=WYR&amp;filter_request_3=&amp;filter_code_4=WMA&amp;filter_request_4=&amp;filter_code_5=WBA&amp;filter_request_5=\" target=\"_blank\" rel=\"noopener\">Isabel Cristina Gomes<\/a><\/p>\n<p><a href=\"http:\/\/dedalus.usp.br\/F\/FGMRMD5ENKF4VSIIU2SABPEP6PIFIYKIYR8IURJIPXNK437P59-54357?func=find-b&amp;request=IVONISE+FERNANDES+DA+MOTTA&amp;find_code=WAU&amp;adjacent=N&amp;local_base=USP01&amp;x=39&amp;y=6&amp;filter_code_1=WLN&amp;filter_request_1=&amp;filter_code_2=WYR&amp;filter_request_2=&amp;filter_code_3=WYR&amp;filter_request_3=&amp;filter_code_4=WMA&amp;filter_request_4=&amp;filter_code_5=WBA&amp;filter_request_5=\" target=\"_blank\" rel=\"noopener\">Ivonise Fernandes da Motta<\/a><\/p>\n<p><a href=\"http:\/\/dedalus.usp.br\/F\/GJHBSKQKP3T5H8SD87SI86TXYCHNID6TUKXILMC486E279IY54-13873?func=find-b&amp;request=JOS%C3%89+TOLENTINO+ROSA&amp;find_code=WRD&amp;adjacent=N&amp;local_base=USP01&amp;x=15&amp;y=6&amp;filter_code_1=WLN&amp;filter_request_1=&amp;filter_code_2=WYR&amp;filter_request_2=&amp;filter_code_3=WYR&amp;filter_request_3=&amp;filter_code_4=WMA&amp;filter_request_4=&amp;filter_code_5=WBA&amp;filter_request_5=\" target=\"_blank\" rel=\"noopener\">Jos\u00e9 Tolentino Rosa<\/a><\/p>\n<p><a href=\"http:\/\/dedalus.usp.br\/F\/FGMRMD5ENKF4VSIIU2SABPEP6PIFIYKIYR8IURJIPXNK437P59-27788?func=find-b&amp;request=KAYOKO+YAMAMOTO&amp;find_code=WAU&amp;adjacent=N&amp;local_base=USP01&amp;x=48&amp;y=3&amp;filter_code_1=WLN&amp;filter_request_1=&amp;filter_code_2=WYR&amp;filter_request_2=&amp;filter_code_3=WYR&amp;filter_request_3=&amp;filter_code_4=WMA&amp;filter_request_4=&amp;filter_code_5=WBA&amp;filter_request_5=\" target=\"_blank\" rel=\"noopener\">Kayoko Yamamoto<\/a><\/p>\n<p><a href=\"http:\/\/dedalus.usp.br\/F\/FGMRMD5ENKF4VSIIU2SABPEP6PIFIYKIYR8IURJIPXNK437P59-41027?func=find-b&amp;request=L%C3%89IA+PRISZKULNIK&amp;find_code=WAU&amp;adjacent=N&amp;local_base=USP01&amp;x=57&amp;y=6&amp;filter_code_1=WLN&amp;filter_request_1=&amp;filter_code_2=WYR&amp;filter_request_2=&amp;filter_code_3=WYR&amp;filter_request_3=&amp;filter_code_4=WMA&amp;filter_request_4=&amp;filter_code_5=WBA&amp;filter_request_5=\" target=\"_blank\" rel=\"noopener\">L\u00e9ia Priszkulnik<\/a><\/p>\n<p><a href=\"http:\/\/dedalus.usp.br\/F\/FGMRMD5ENKF4VSIIU2SABPEP6PIFIYKIYR8IURJIPXNK437P59-66422?func=find-b&amp;request=LEILA+SALOM%C3%83O+DE+LA+PLATA+CURY+TARDIVO&amp;find_code=WAU&amp;adjacent=N&amp;local_base=USP01&amp;x=48&amp;y=16&amp;filter_code_1=WLN&amp;filter_request_1=&amp;filter_code_2=WYR&amp;filter_request_2=&amp;filter_code_3=WYR&amp;filter_request_3=&amp;filter_code_4=WMA&amp;filter_request_4=&amp;filter_code_5=WBA&amp;filter_request_5=\" target=\"_blank\" rel=\"noopener\">Leila Salom\u00e3o de la Plata Cury Tardivo<\/a><\/p>\n<p><a href=\"http:\/\/dedalus.usp.br\/F\/FGMRMD5ENKF4VSIIU2SABPEP6PIFIYKIYR8IURJIPXNK437P59-69431?func=find-b&amp;request=LILIAN+MEYER+FRAZ%C3%83O&amp;find_code=WAU&amp;adjacent=N&amp;local_base=USP01&amp;x=47&amp;y=16&amp;filter_code_1=WLN&amp;filter_request_1=&amp;filter_code_2=WYR&amp;filter_request_2=&amp;filter_code_3=WYR&amp;filter_request_3=&amp;filter_code_4=WMA&amp;filter_request_4=&amp;filter_code_5=WBA&amp;filter_request_5=\" target=\"_blank\" rel=\"noopener\">Lilian Meyer Fraz\u00e3o<\/a><\/p>\n<p><a href=\"http:\/\/dedalus.usp.br\/F\/FGMRMD5ENKF4VSIIU2SABPEP6PIFIYKIYR8IURJIPXNK437P59-37761?func=find-b&amp;request=MARCIA+HELENA+DA+SILVA+MELO+BERTOLLA&amp;find_code=WAU&amp;adjacent=N&amp;local_base=USP01&amp;x=18&amp;y=6&amp;filter_code_1=WLN&amp;filter_request_1=&amp;filter_code_2=WYR&amp;filter_request_2=&amp;filter_code_3=WYR&amp;filter_request_3=&amp;filter_code_4=WMA&amp;filter_request_4=&amp;filter_code_5=WBA&amp;filter_request_5=\" target=\"_blank\" rel=\"noopener\">Marcia Helena da Silva Melo Bertolla<\/a><\/p>\n<p><a href=\"http:\/\/dedalus.usp.br\/F\/FGMRMD5ENKF4VSIIU2SABPEP6PIFIYKIYR8IURJIPXNK437P59-39079?func=find-b&amp;request=MARIA+ABIGAIL+DE+SOUZA&amp;find_code=WAU&amp;adjacent=N&amp;local_base=USP01&amp;x=62&amp;y=15&amp;filter_code_1=WLN&amp;filter_request_1=&amp;filter_code_2=WYR&amp;filter_request_2=&amp;filter_code_3=WYR&amp;filter_request_3=&amp;filter_code_4=WMA&amp;filter_request_4=&amp;filter_code_5=WBA&amp;filter_request_5=\" target=\"_blank\" rel=\"noopener\">Maria Abigail de Souza<\/a><\/p>\n<p><a href=\"http:\/\/dedalus.usp.br\/F\/FGMRMD5ENKF4VSIIU2SABPEP6PIFIYKIYR8IURJIPXNK437P59-47058?func=find-b&amp;request=MARIA+LIVIA+TOURINHO+MORETTO&amp;find_code=WAU&amp;adjacent=N&amp;local_base=IP&amp;x=50&amp;y=11&amp;filter_code_1=WLN&amp;filter_request_1=&amp;filter_code_2=WYR&amp;filter_request_2=&amp;filter_code_3=WYR&amp;filter_request_3=&amp;filter_code_4=WMA&amp;filter_request_4=&amp;filter_code_5=WBA&amp;filter_request_5=\" target=\"_blank\" rel=\"noopener\">Maria Livia Tourinho Moretto<\/a><\/p>\n<p><a href=\"http:\/\/dedalus.usp.br\/F\/FGMRMD5ENKF4VSIIU2SABPEP6PIFIYKIYR8IURJIPXNK437P59-25154?func=find-b&amp;request=MARIA+L%C3%9ACIA+ARA%C3%9AJO+ANDRADE&amp;find_code=WAU&amp;adjacent=N&amp;local_base=IP&amp;x=17&amp;y=8&amp;filter_code_1=WLN&amp;filter_request_1=&amp;filter_code_2=WYR&amp;filter_request_2=&amp;filter_code_3=WYR&amp;filter_request_3=&amp;filter_code_4=WMA&amp;filter_request_4=&amp;filter_code_5=WBA&amp;filter_request_5=\" target=\"_blank\" rel=\"noopener\">Maria L\u00facia Ara\u00fajo Andrade<\/a><\/p>\n<p><a href=\"http:\/\/dedalus.usp.br\/F\/FGMRMD5ENKF4VSIIU2SABPEP6PIFIYKIYR8IURJIPXNK437P59-09924?func=find-b&amp;request=MARINA+FERREIRA+DA+ROSA+RIBEIRO&amp;find_code=WAU&amp;adjacent=N&amp;local_base=USP01&amp;x=6&amp;y=7&amp;filter_code_1=WLN&amp;filter_request_1=&amp;filter_code_2=WYR&amp;filter_request_2=&amp;filter_code_3=WYR&amp;filter_request_3=&amp;filter_code_4=WMA&amp;filter_request_4=&amp;filter_code_5=WBA&amp;filter_request_5=\" target=\"_blank\" rel=\"noopener\">Marina Ferreira da Rosa Ribeiro<\/a><\/p>\n<p><a href=\"http:\/\/dedalus.usp.br\/F\/FGMRMD5ENKF4VSIIU2SABPEP6PIFIYKIYR8IURJIPXNK437P59-22726?func=find-b&amp;request=MIRIAM+DEBIEUX+ROSA&amp;find_code=WAU&amp;adjacent=N&amp;local_base=USP01&amp;x=36&amp;y=6&amp;filter_code_1=WLN&amp;filter_request_1=&amp;filter_code_2=WYR&amp;filter_request_2=&amp;filter_code_3=WYR&amp;filter_request_3=&amp;filter_code_4=WMA&amp;filter_request_4=&amp;filter_code_5=WBA&amp;filter_request_5=\" target=\"_blank\" rel=\"noopener\">Miriam Debieux Rosa<\/a><\/p>\n<p><a href=\"http:\/\/dedalus.usp.br\/F\/UV6NIENBXNP3QV542MN19QD17YSLLIQVBUNQBVEV3VD68C3P59-07150?func=find-b&amp;request=RYAD+SIMON&amp;find_code=WAU&amp;adjacent=N&amp;local_base=IP&amp;x=52&amp;y=7&amp;filter_code_1=WLN&amp;filter_request_1=&amp;filter_code_2=WYR&amp;filter_request_2=&amp;filter_code_3=WYR&amp;filter_request_3=&amp;filter_code_4=WMA&amp;filter_request_4=&amp;filter_code_5=WBA&amp;filter_request_5=\" target=\"_blank\" rel=\"noopener\">Ryad Simon<\/a><\/p>\n<p><a href=\"http:\/\/dedalus.usp.br\/F\/UV6NIENBXNP3QV542MN19QD17YSLLIQVBUNQBVEV3VD68C3P59-61143?func=find-b&amp;request=SONIA+BEATRIZ+MEYER&amp;find_code=WAU&amp;adjacent=N&amp;local_base=IP&amp;x=34&amp;y=11&amp;filter_code_1=WLN&amp;filter_request_1=&amp;filter_code_2=WYR&amp;filter_request_2=&amp;filter_code_3=WYR&amp;filter_request_3=&amp;filter_code_4=WMA&amp;filter_request_4=&amp;filter_code_5=WBA&amp;filter_request_5=\" target=\"_blank\" rel=\"noopener\">Sonia Beatriz Meyer<\/a><\/p>\n<h3>Colaboradores S\u00eanior<\/h3>\n<p><a href=\"http:\/\/dedalus.usp.br\/F\/FGMRMD5ENKF4VSIIU2SABPEP6PIFIYKIYR8IURJIPXNK437P59-03579?func=find-b&amp;request=EDWIGES+FERREIRA+DE+MATTOS+SILVARES&amp;find_code=WAU&amp;adjacent=N&amp;local_base=USP01&amp;x=46&amp;y=6&amp;filter_code_1=WLN&amp;filter_request_1=&amp;filter_code_2=WYR&amp;filter_request_2=&amp;filter_code_3=WYR&amp;filter_request_3=&amp;filter_code_4=WMA&amp;filter_request_4=&amp;filter_code_5=WBA&amp;filter_request_5=\" target=\"_blank\" rel=\"noopener\">Edwiges Ferreira de Mattos Silvares<\/a><\/p>\n<p><a href=\"http:\/\/dedalus.usp.br\/F\/FGMRMD5ENKF4VSIIU2SABPEP6PIFIYKIYR8IURJIPXNK437P59-15156?func=find-b&amp;request=ELISA+MARIA+PARAHYBA+CAMPOS&amp;find_code=WAU&amp;adjacent=N&amp;local_base=USP01&amp;x=34&amp;y=13&amp;filter_code_1=WLN&amp;filter_request_1=&amp;filter_code_2=WYR&amp;filter_request_2=&amp;filter_code_3=WYR&amp;filter_request_3=&amp;filter_code_4=WMA&amp;filter_request_4=&amp;filter_code_5=WBA&amp;filter_request_5=\" target=\"_blank\" rel=\"noopener\">Elisa Maria Parahyba Campos<\/a><\/p>\n<p><a href=\"http:\/\/dedalus.usp.br\/F\/UV6NIENBXNP3QV542MN19QD17YSLLIQVBUNQBVEV3VD68C3P59-63161?func=find-b&amp;request=TANIA+MARIA+JOS%C3%89+AIELLO+VAISBERG&amp;find_code=WAU&amp;adjacent=N&amp;local_base=IP&amp;x=19&amp;y=9&amp;filter_code_1=WLN&amp;filter_request_1=&amp;filter_code_2=WYR&amp;filter_request_2=&amp;filter_code_3=WYR&amp;filter_request_3=&amp;filter_code_4=WMA&amp;filter_request_4=&amp;filter_code_5=WBA&amp;filter_request_5=\" target=\"_blank\" rel=\"noopener\">Tania Maria Jos\u00e9 Aiello Vaisberg<\/a><\/p>\n<p><a href=\"http:\/\/dedalus.usp.br\/F\/UV6NIENBXNP3QV542MN19QD17YSLLIQVBUNQBVEV3VD68C3P59-17229?func=find-b&amp;request=VERA+STELA+TELLES&amp;find_code=WAU&amp;adjacent=N&amp;local_base=IP&amp;x=54&amp;y=15&amp;filter_code_1=WLN&amp;filter_request_1=&amp;filter_code_2=WYR&amp;filter_request_2=&amp;filter_code_3=WYR&amp;filter_request_3=&amp;filter_code_4=WMA&amp;filter_request_4=&amp;filter_code_5=WBA&amp;filter_request_5=\" target=\"_blank\" rel=\"noopener\">Vera Stela Telles<\/a><\/p>\n","protected":false},"excerpt":{"rendered":"<p>Ana Maria de Barros Aguirre Andr\u00e9s Eduardo Aguirre Ant\u00fanez Avelino Luiz Rodrigues Christian Ingo Lenz Dunker Claudia Kami Bastos Oshiro Daniel Kupermann Eliana Herzberg Eva Maria Migliavacca Francisco Baptista Assump\u00e7\u00e3o Junior Gilberto Safra Helena Maria Sampaio Bicalho Isabel Cristina Gomes Ivonise Fernandes da Motta Jos\u00e9 Tolentino Rosa Kayoko Yamamoto L\u00e9ia Priszkulnik Leila Salom\u00e3o de la [&hellip;]<\/p>\n","protected":false},"author":5,"featured_media":0,"parent":0,"menu_order":0,"comment_status":"closed","ping_status":"closed","template":"","meta":{"_acf_changed":false,"footnotes":""},"categories":[15,144],"tags":[],"class_list":["post-21244","page","type-page","status-publish","hentry","category-pos-graduacao","category-pos-graduacao-ensino-programa-psc"],"acf":[],"jetpack_sharing_enabled":true,"_links":{"self":[{"href":"https:\/\/www.ip.usp.br\/site\/wp-json\/wp\/v2\/pages\/21244","targetHints":{"allow":["GET"]}}],"collection":[{"href":"https:\/\/www.ip.usp.br\/site\/wp-json\/wp\/v2\/pages"}],"about":[{"href":"https:\/\/www.ip.usp.br\/site\/wp-json\/wp\/v2\/types\/page"}],"author":[{"embeddable":true,"href":"https:\/\/www.ip.usp.br\/site\/wp-json\/wp\/v2\/users\/5"}],"replies":[{"embeddable":true,"href":"https:\/\/www.ip.usp.br\/site\/wp-json\/wp\/v2\/comments?post=21244"}],"version-history":[{"count":5,"href":"https:\/\/www.ip.usp.br\/site\/wp-json\/wp\/v2\/pages\/21244\/revisions"}],"predecessor-version":[{"id":22895,"href":"https:\/\/www.ip.usp.br\/site\/wp-json\/wp\/v2\/pages\/21244\/revisions\/22895"}],"wp:attachment":[{"href":"https:\/\/www.ip.usp.br\/site\/wp-json\/wp\/v2\/media?parent=21244"}],"wp:term":[{"taxonomy":"category","embeddable":true,"href":"https:\/\/www.ip.usp.br\/site\/wp-json\/wp\/v2\/categories?post=21244"},{"taxonomy":"post_tag","embeddable":true,"href":"https:\/\/www.ip.usp.br\/site\/wp-json\/wp\/v2\/tags?post=21244"}],"curies":[{"name":"wp","href":"https:\/\/api.w.org\/{rel}","templated":true}]}}