{"id":21364,"date":"2018-08-23T09:40:08","date_gmt":"2018-08-23T12:40:08","guid":{"rendered":"https:\/\/www.ip.usp.br\/site\/?page_id=21364"},"modified":"2025-06-17T06:49:01","modified_gmt":"2025-06-17T09:49:01","slug":"projeto-de-pesquisa","status":"publish","type":"page","link":"https:\/\/www.ip.usp.br\/site\/projeto-de-pesquisa\/","title":{"rendered":"Projeto de Pesquisa"},"content":{"rendered":"<p><strong>Sugest\u00e3o de Roteiro para Elabora\u00e7\u00e3o do Projeto de Pesquisa<\/strong><\/p>\n<p>O Projeto de Pesquisa dever\u00e1 ser apresentado de maneira clara e resumida ocupando, no m\u00e1ximo, 20 p\u00e1ginas digitadas em espa\u00e7o duplo.<\/p>\n<p>Dever\u00e1 apresentar:<\/p>\n<p>O Projeto de Pesquisa dever\u00e1 ser apresentado de forma clara e resumida.<br \/>\nESTRUTURA B\u00c1SICA (fonte arial 12 para texto; espa\u00e7o duplo entre linhas; at\u00e9 20 p\u00e1ginas contando com a capa).<br \/>\nT\u00edtulo;<br \/>\nResumo;<br \/>\nIntrodu\u00e7\u00e3o (problem\u00e1tica), contemplando a bibliografia fundamental do projeto (estado da arte a respeito do tema) e os principais autores que j\u00e1 trataram do assunto; Justificativa;<br \/>\nObjetivos;<br \/>\nM\u00e9todo;<br \/>\nForma de an\u00e1lise dos resultados;<br \/>\nAn\u00e1lise dos aspectos \u00e9ticos;<br \/>\nPlano de Trabalho e Cronograma de sua execu\u00e7\u00e3o;<br \/>\nRefer\u00eancias Bibliogr\u00e1ficas.<\/p>\n<p>Na \u00faltima p\u00e1gina deve-se indicar explicitamente a linha de pesquisa do Programa na qual o Projeto est\u00e1 inserido e, se houver, o(a) orientador(a) pretendido(a).<\/p>\n<p>Nota: Na avalia\u00e7\u00e3o do Projeto de Pesquisa ser\u00e3o avaliados a apresenta\u00e7\u00e3o (i) da justificativa e relev\u00e2ncia do problema de pesquisa apresentado para a comunidade cient\u00edfica, (ii) de fundamenta\u00e7\u00e3o te\u00f3rica para abordar o tema escolhido; (iii) dos objetivos de modo claro e fact\u00edvel, (iv) do m\u00e9todo e viabilidade do mesmo, (v) dos procedimentos para an\u00e1lise de resultados e (vi) da capacidade de organizar as ideias com clareza, objetividade e perspectiva cr\u00edtica: reda\u00e7\u00e3o e linguagem.<\/p>\n","protected":false},"excerpt":{"rendered":"<p>Sugest\u00e3o de Roteiro para Elabora\u00e7\u00e3o do Projeto de Pesquisa O Projeto de Pesquisa dever\u00e1 ser apresentado de maneira clara e resumida ocupando, no m\u00e1ximo, 20 p\u00e1ginas digitadas em espa\u00e7o duplo. Dever\u00e1 apresentar: O Projeto de Pesquisa dever\u00e1 ser apresentado de forma clara e resumida. ESTRUTURA B\u00c1SICA (fonte arial 12 para texto; espa\u00e7o duplo entre linhas; [&hellip;]<\/p>\n","protected":false},"author":5,"featured_media":0,"parent":0,"menu_order":0,"comment_status":"closed","ping_status":"closed","template":"","meta":{"_acf_changed":false,"footnotes":""},"categories":[15,144],"tags":[],"class_list":["post-21364","page","type-page","status-publish","hentry","category-pos-graduacao","category-pos-graduacao-ensino-programa-psc"],"acf":[],"jetpack_sharing_enabled":true,"_links":{"self":[{"href":"https:\/\/www.ip.usp.br\/site\/wp-json\/wp\/v2\/pages\/21364","targetHints":{"allow":["GET"]}}],"collection":[{"href":"https:\/\/www.ip.usp.br\/site\/wp-json\/wp\/v2\/pages"}],"about":[{"href":"https:\/\/www.ip.usp.br\/site\/wp-json\/wp\/v2\/types\/page"}],"author":[{"embeddable":true,"href":"https:\/\/www.ip.usp.br\/site\/wp-json\/wp\/v2\/users\/5"}],"replies":[{"embeddable":true,"href":"https:\/\/www.ip.usp.br\/site\/wp-json\/wp\/v2\/comments?post=21364"}],"version-history":[{"count":3,"href":"https:\/\/www.ip.usp.br\/site\/wp-json\/wp\/v2\/pages\/21364\/revisions"}],"predecessor-version":[{"id":52335,"href":"https:\/\/www.ip.usp.br\/site\/wp-json\/wp\/v2\/pages\/21364\/revisions\/52335"}],"wp:attachment":[{"href":"https:\/\/www.ip.usp.br\/site\/wp-json\/wp\/v2\/media?parent=21364"}],"wp:term":[{"taxonomy":"category","embeddable":true,"href":"https:\/\/www.ip.usp.br\/site\/wp-json\/wp\/v2\/categories?post=21364"},{"taxonomy":"post_tag","embeddable":true,"href":"https:\/\/www.ip.usp.br\/site\/wp-json\/wp\/v2\/tags?post=21364"}],"curies":[{"name":"wp","href":"https:\/\/api.w.org\/{rel}","templated":true}]}}