{"id":21380,"date":"2018-08-23T10:11:58","date_gmt":"2018-08-23T13:11:58","guid":{"rendered":"https:\/\/www.ip.usp.br\/site\/?page_id=21380"},"modified":"2018-08-23T10:12:24","modified_gmt":"2018-08-23T13:12:24","slug":"matricula-2","status":"publish","type":"page","link":"https:\/\/www.ip.usp.br\/site\/matricula-2\/","title":{"rendered":"Matr\u00edcula"},"content":{"rendered":"<p>O estudante de P\u00f3s-Gradua\u00e7\u00e3o deve efetuar a matr\u00edcula regularmente, em cada per\u00edodo letivo, nas \u00e9pocas e prazos fixados pelos \u00f3rg\u00e3os centrais da USP, em todas as fases de seus estudos, at\u00e9 a obten\u00e7\u00e3o do t\u00edtulo de Mestre ou de Doutor.<\/p>\n<p>N\u00e3o \u00e9 permitida a matr\u00edcula simult\u00e2nea em mais de um curso de Mestrado ou de Doutorado na Universidade de S\u00e3o Paulo.<\/p>\n<p>O aluno participante de conv\u00eanio celebrado pela USP, atuando em atividades de P\u00f3s-Gradua\u00e7\u00e3o, por per\u00edodo igual ou superior a tr\u00eas meses, sob supervis\u00e3o de orientador credenciado em Programa de P\u00f3s-Gradua\u00e7\u00e3o da USP, pode ser matriculado como aluno regular no Programa ou \u00e1rea de concentra\u00e7\u00e3o na qual o orientador est\u00e1 credenciado.<\/p>\n<p>\u2013 A matr\u00edcula do aluno na P\u00f3s-Gradua\u00e7\u00e3o \u00e9 efetivada pela PRPG e ter\u00e1 validade durante o per\u00edodo de perman\u00eancia na USP.<\/p>\n<p>\u2013 O estudante nestas condi\u00e7\u00f5es estar\u00e1 sujeito \u00e0s normas e regulamentos gerais do Curso e Programa de origem.<\/p>\n<p>Apresentar a seguinte documenta\u00e7\u00e3o:<\/p>\n<p>a. Formul\u00e1rio de matr\u00edcula assinado pelo orientador (retirado ap\u00f3s aprova\u00e7\u00e3o na entrevista).<\/p>\n<p>b. Apresenta\u00e7\u00e3o do Diploma de Gradua\u00e7\u00e3o e\/ou Ata de defesa do Mestrado realizados at\u00e9 o dia 1 de fevereiro do ano em que o candidato se inscrever. O n\u00e3o cumprimento desses requisitos pelo candidato implicar\u00e1 em n\u00e3o homologa\u00e7\u00e3o de sua matr\u00edcula e perda da vaga.<\/p>\n<p>Matr\u00edcula por procura\u00e7\u00e3o: Os formul\u00e1rios t\u00eam que ser obrigatoriamente assinados pelo candidato ou por seu procurador. A procura\u00e7\u00e3o n\u00e3o precisa ser reconhecida em cart\u00f3rio, desde que o procurador apresente o RG original no ato da inscri\u00e7\u00e3o e a documenta\u00e7\u00e3o completa solicitada.<\/p>\n<p>* Se for estrangeiro apresentar profici\u00eancia em L\u00edngua Portuguesa.<\/p>\n","protected":false},"excerpt":{"rendered":"<p>O estudante de P\u00f3s-Gradua\u00e7\u00e3o deve efetuar a matr\u00edcula regularmente, em cada per\u00edodo letivo, nas \u00e9pocas e prazos fixados pelos \u00f3rg\u00e3os centrais da USP, em todas as fases de seus estudos, at\u00e9 a obten\u00e7\u00e3o do t\u00edtulo de Mestre ou de Doutor. N\u00e3o \u00e9 permitida a matr\u00edcula simult\u00e2nea em mais de um curso de Mestrado ou de [&hellip;]<\/p>\n","protected":false},"author":5,"featured_media":0,"parent":0,"menu_order":0,"comment_status":"closed","ping_status":"closed","template":"","meta":{"_acf_changed":false,"footnotes":""},"categories":[15,144],"tags":[],"class_list":["post-21380","page","type-page","status-publish","hentry","category-pos-graduacao","category-pos-graduacao-ensino-programa-psc"],"acf":[],"jetpack_sharing_enabled":true,"_links":{"self":[{"href":"https:\/\/www.ip.usp.br\/site\/wp-json\/wp\/v2\/pages\/21380","targetHints":{"allow":["GET"]}}],"collection":[{"href":"https:\/\/www.ip.usp.br\/site\/wp-json\/wp\/v2\/pages"}],"about":[{"href":"https:\/\/www.ip.usp.br\/site\/wp-json\/wp\/v2\/types\/page"}],"author":[{"embeddable":true,"href":"https:\/\/www.ip.usp.br\/site\/wp-json\/wp\/v2\/users\/5"}],"replies":[{"embeddable":true,"href":"https:\/\/www.ip.usp.br\/site\/wp-json\/wp\/v2\/comments?post=21380"}],"version-history":[{"count":1,"href":"https:\/\/www.ip.usp.br\/site\/wp-json\/wp\/v2\/pages\/21380\/revisions"}],"predecessor-version":[{"id":21381,"href":"https:\/\/www.ip.usp.br\/site\/wp-json\/wp\/v2\/pages\/21380\/revisions\/21381"}],"wp:attachment":[{"href":"https:\/\/www.ip.usp.br\/site\/wp-json\/wp\/v2\/media?parent=21380"}],"wp:term":[{"taxonomy":"category","embeddable":true,"href":"https:\/\/www.ip.usp.br\/site\/wp-json\/wp\/v2\/categories?post=21380"},{"taxonomy":"post_tag","embeddable":true,"href":"https:\/\/www.ip.usp.br\/site\/wp-json\/wp\/v2\/tags?post=21380"}],"curies":[{"name":"wp","href":"https:\/\/api.w.org\/{rel}","templated":true}]}}