{"id":21395,"date":"2018-08-23T10:34:52","date_gmt":"2018-08-23T13:34:52","guid":{"rendered":"https:\/\/www.ip.usp.br\/site\/?page_id=21395"},"modified":"2018-09-18T16:02:32","modified_gmt":"2018-09-18T19:02:32","slug":"ex-alunos-do-programa","status":"publish","type":"page","link":"https:\/\/www.ip.usp.br\/site\/ex-alunos-do-programa\/","title":{"rendered":"Ex-alunos do programa"},"content":{"rendered":"<div>\n<table style=\"border-collapse: collapse; width: 100%;\" border=\"0\">\n<tbody>\n<tr>\n<td style=\"width: 93.7455%;\"><\/td>\n<td style=\"width: 2.30239%;\"><a href=\"https:\/\/www.ip.usp.br\/site\/ex-alunos-do-programa\/\"><img decoding=\"async\" class=\"alignnone size-full wp-image-19624\" src=\"https:\/\/www.ip.usp.br\/site\/wp-content\/uploads\/2018\/08\/br.gif\" alt=\"\" width=\"20\" height=\"14\" \/><\/a><\/td>\n<td style=\"width: 2.15732%;\"><a href=\"https:\/\/www.ip.usp.br\/site\/ex-alunos-8\/\"><img decoding=\"async\" class=\"alignnone size-full wp-image-19623\" src=\"https:\/\/www.ip.usp.br\/site\/wp-content\/uploads\/2018\/08\/es.gif\" alt=\"\" width=\"20\" height=\"14\" \/><\/a><\/td>\n<td style=\"width: 1.79478%;\"><a href=\"https:\/\/www.ip.usp.br\/site\/former-students\/\"><img decoding=\"async\" class=\"alignnone size-full wp-image-19626\" src=\"https:\/\/www.ip.usp.br\/site\/wp-content\/uploads\/2018\/08\/us.gif\" alt=\"\" width=\"20\" height=\"14\" \/><\/a><\/td>\n<\/tr>\n<\/tbody>\n<\/table>\n<\/div>\n<p>Desde o ano de 1979 at\u00e9 13 de setembro de 2018, o Programa de P\u00f3s-Gradua\u00e7\u00e3o em Psicologia Cl\u00ednica titulou: 9 Doutorados Diretos, 289 Doutores e 464 Mestres<\/p>\n<p>Doutorado Direto (<a href=\"https:\/\/www.ip.usp.br\/site\/wp-content\/uploads\/2018\/09\/Doutorado-Direto.pdf\" target=\"_blank\" rel=\"noopener\">Clique aqui para ver a lista<\/a>)<br \/>\nDoutorado (<a href=\"https:\/\/www.ip.usp.br\/site\/wp-content\/uploads\/2018\/09\/Doutorado.pdf\" target=\"_blank\" rel=\"noopener\">clique aqui para ver a lista<\/a>)<br \/>\nMestrado (<a href=\"https:\/\/www.ip.usp.br\/site\/wp-content\/uploads\/2018\/09\/Mestrado.pdf\" target=\"_blank\" rel=\"noopener\">Clique aqui para ver a lista<\/a>)<\/p>\n<p>Clica, por-exemplo: Doutorado Direto. Na lista em pdf encontrar\u00e1 os egressos com t\u00edtulo da tese, orientador e data da defesa, por\u00e9m ao clicar no nome do egresso, ter\u00e1 acesso a tese em pdf na Biblioteca Digital.<\/p>\n<p>Obs: Apenas ap\u00f3s 2008 vigorou a obrigatoriedade em postar a tese\/disserta\u00e7\u00e3o on-line.<\/p>\n<p>Total de teses de doutorado: 289<\/p>\n<p>Total de teses de doutorado direto: 9<\/p>\n<p>Total de disserta\u00e7\u00f5es de mestrado: 464<\/p>\n","protected":false},"excerpt":{"rendered":"<p>Desde o ano de 1979 at\u00e9 13 de setembro de 2018, o Programa de P\u00f3s-Gradua\u00e7\u00e3o em Psicologia Cl\u00ednica titulou: 9 Doutorados Diretos, 289 Doutores e 464 Mestres Doutorado Direto (Clique aqui para ver a lista) Doutorado (clique aqui para ver a lista) Mestrado (Clique aqui para ver a lista) Clica, por-exemplo: Doutorado Direto. Na lista [&hellip;]<\/p>\n","protected":false},"author":5,"featured_media":0,"parent":0,"menu_order":0,"comment_status":"closed","ping_status":"closed","template":"","meta":{"_acf_changed":false,"footnotes":""},"categories":[15,144],"tags":[],"class_list":["post-21395","page","type-page","status-publish","hentry","category-pos-graduacao","category-pos-graduacao-ensino-programa-psc"],"acf":[],"jetpack_sharing_enabled":true,"_links":{"self":[{"href":"https:\/\/www.ip.usp.br\/site\/wp-json\/wp\/v2\/pages\/21395","targetHints":{"allow":["GET"]}}],"collection":[{"href":"https:\/\/www.ip.usp.br\/site\/wp-json\/wp\/v2\/pages"}],"about":[{"href":"https:\/\/www.ip.usp.br\/site\/wp-json\/wp\/v2\/types\/page"}],"author":[{"embeddable":true,"href":"https:\/\/www.ip.usp.br\/site\/wp-json\/wp\/v2\/users\/5"}],"replies":[{"embeddable":true,"href":"https:\/\/www.ip.usp.br\/site\/wp-json\/wp\/v2\/comments?post=21395"}],"version-history":[{"count":9,"href":"https:\/\/www.ip.usp.br\/site\/wp-json\/wp\/v2\/pages\/21395\/revisions"}],"predecessor-version":[{"id":24977,"href":"https:\/\/www.ip.usp.br\/site\/wp-json\/wp\/v2\/pages\/21395\/revisions\/24977"}],"wp:attachment":[{"href":"https:\/\/www.ip.usp.br\/site\/wp-json\/wp\/v2\/media?parent=21395"}],"wp:term":[{"taxonomy":"category","embeddable":true,"href":"https:\/\/www.ip.usp.br\/site\/wp-json\/wp\/v2\/categories?post=21395"},{"taxonomy":"post_tag","embeddable":true,"href":"https:\/\/www.ip.usp.br\/site\/wp-json\/wp\/v2\/tags?post=21395"}],"curies":[{"name":"wp","href":"https:\/\/api.w.org\/{rel}","templated":true}]}}