{"id":21424,"date":"2018-08-23T11:15:48","date_gmt":"2018-08-23T14:15:48","guid":{"rendered":"https:\/\/www.ip.usp.br\/site\/?page_id=21424"},"modified":"2018-08-31T11:19:37","modified_gmt":"2018-08-31T14:19:37","slug":"exame-de-qualificacao-2","status":"publish","type":"page","link":"https:\/\/www.ip.usp.br\/site\/exame-de-qualificacao-2\/","title":{"rendered":"Exame de qualifica\u00e7\u00e3o"},"content":{"rendered":"<div>\n<table style=\"border-collapse: collapse; width: 100%;\" border=\"0\">\n<tbody>\n<tr>\n<td style=\"width: 93.7455%;\"><\/td>\n<td style=\"width: 2.30239%;\"><a href=\"https:\/\/www.ip.usp.br\/site\/exame-de-qualificacao-2\/\"><img decoding=\"async\" class=\"alignnone size-full wp-image-19624\" src=\"https:\/\/www.ip.usp.br\/site\/wp-content\/uploads\/2018\/08\/br.gif\" alt=\"\" width=\"20\" height=\"14\" \/><\/a><\/td>\n<td style=\"width: 2.15732%;\"><a href=\"https:\/\/www.ip.usp.br\/site\/examen-de-calificacion\/\"><img decoding=\"async\" class=\"alignnone size-full wp-image-19623\" src=\"https:\/\/www.ip.usp.br\/site\/wp-content\/uploads\/2018\/08\/es.gif\" alt=\"\" width=\"20\" height=\"14\" \/><\/a><\/td>\n<td style=\"width: 1.79478%;\"><a href=\"https:\/\/www.ip.usp.br\/site\/qualification-exam\/\"><img decoding=\"async\" class=\"alignnone size-full wp-image-19626\" src=\"https:\/\/www.ip.usp.br\/site\/wp-content\/uploads\/2018\/08\/us.gif\" alt=\"\" width=\"20\" height=\"14\" \/><\/a><\/td>\n<\/tr>\n<\/tbody>\n<\/table>\n<\/div>\n<p>O Exame de Qualifica\u00e7\u00e3o consiste na an\u00e1lise e aprecia\u00e7\u00e3o do projeto do aluno, \u00e9 obrigat\u00f3rio para o Mestrado, o Doutorado e o Doutorado Direto, e o aluno dever\u00e1 se inscrever em at\u00e9 50 por cento do prazo m\u00e1ximo para dep\u00f3sito da disserta\u00e7\u00e3o ou tese definido no Item III destas Normas. O exame dever\u00e1 ser realizado em at\u00e9 60 (sessenta) dias ap\u00f3s a data da inscri\u00e7\u00e3o.<\/p>\n<p>O candidato dever\u00e1 depositar <strong>4 exemplares<\/strong> do seu projeto de pesquisa, aprovado por escrito pelo orientador.<\/p>\n<p>O candidato poder\u00e1 se submeter ao Exame de Qualifica\u00e7\u00e3o, ap\u00f3s integralizar as unidades de cr\u00e9dito abaixo mencionadas:<\/p>\n<p><strong>Mestrado<\/strong><br \/>\nAp\u00f3s obten\u00e7\u00e3o de 16 (dezesseis) cr\u00e9ditos em disciplinas;<\/p>\n<p>No Mestrado, o exame de qualifica\u00e7\u00e3o consistir\u00e1 de uma monografia de no m\u00ednimo quarenta e no m\u00e1ximo oitenta p\u00e1ginas e uma exposi\u00e7\u00e3o oral sobre o projeto de pesquisa.<\/p>\n<p><strong>Doutorado<\/strong><br \/>\nAp\u00f3s obten\u00e7\u00e3o de 16 (dezesseis) cr\u00e9ditos em disciplinas;<\/p>\n<p><strong>Doutorado Direto<\/strong><br \/>\nSem obten\u00e7\u00e3o do t\u00edtulo de Mestre: ap\u00f3s obten\u00e7\u00e3o de 32 (trinta e dois) cr\u00e9ditos em disciplinas.<\/p>\n<p><strong>Comiss\u00e3o Examinadora<\/strong><br \/>\nA Comiss\u00e3o Examinadora aprovada pela CCP ser\u00e1 constitu\u00edda por 3 membros com titula\u00e7\u00e3o m\u00ednima de doutor e seus suplentes.<br \/>\n1 &#8211; O orientador;<br \/>\n2 &#8211; Um membro examinador do programa ou externo;<br \/>\n3 &#8211; Externo ao Programa (pode ser da Unidade)<\/p>\n<p>No Exame de Qualifica\u00e7\u00e3o, a Comiss\u00e3o Examinadora arg\u00fcir\u00e1 sobre o projeto da disserta\u00e7\u00e3o ou da tese, a descri\u00e7\u00e3o das etapas percorridas na realiza\u00e7\u00e3o do projeto, os resultados alcan\u00e7ados e as tarefas remanescentes. A Comiss\u00e3o Examinadora facultar\u00e1 ao candidato a possibilidade de expor seu projeto durante, no m\u00e1ximo, 30 minutos. A Comiss\u00e3o Examinadora, tanto do Mestrado como do Doutorado, enviar\u00e1 \u00e0 CCP, para homologa\u00e7\u00e3o, o relat\u00f3rio de aprova\u00e7\u00e3o ou reprova\u00e7\u00e3o do candidato.<\/p>\n<p>O aluno que for reprovado no Exame de Qualifica\u00e7\u00e3o poder\u00e1 repeti-lo apenas uma vez, em prazo n\u00e3o superior a noventa dias, contados a partir da data de realiza\u00e7\u00e3o do primeiro exame.<\/p>\n<p>Na realiza\u00e7\u00e3o do Exame de Qualifica\u00e7\u00e3o poder\u00e1 haver, a crit\u00e9rio da CCP, participa\u00e7\u00e3o de apenas um membro atrav\u00e9s de v\u00eddeo-confer\u00eancia.<\/p>\n","protected":false},"excerpt":{"rendered":"<p>O Exame de Qualifica\u00e7\u00e3o consiste na an\u00e1lise e aprecia\u00e7\u00e3o do projeto do aluno, \u00e9 obrigat\u00f3rio para o Mestrado, o Doutorado e o Doutorado Direto, e o aluno dever\u00e1 se inscrever em at\u00e9 50 por cento do prazo m\u00e1ximo para dep\u00f3sito da disserta\u00e7\u00e3o ou tese definido no Item III destas Normas. O exame dever\u00e1 ser realizado [&hellip;]<\/p>\n","protected":false},"author":5,"featured_media":0,"parent":0,"menu_order":0,"comment_status":"closed","ping_status":"closed","template":"","meta":{"_acf_changed":false,"footnotes":""},"categories":[15,144],"tags":[],"class_list":["post-21424","page","type-page","status-publish","hentry","category-pos-graduacao","category-pos-graduacao-ensino-programa-psc"],"acf":[],"jetpack_sharing_enabled":true,"_links":{"self":[{"href":"https:\/\/www.ip.usp.br\/site\/wp-json\/wp\/v2\/pages\/21424","targetHints":{"allow":["GET"]}}],"collection":[{"href":"https:\/\/www.ip.usp.br\/site\/wp-json\/wp\/v2\/pages"}],"about":[{"href":"https:\/\/www.ip.usp.br\/site\/wp-json\/wp\/v2\/types\/page"}],"author":[{"embeddable":true,"href":"https:\/\/www.ip.usp.br\/site\/wp-json\/wp\/v2\/users\/5"}],"replies":[{"embeddable":true,"href":"https:\/\/www.ip.usp.br\/site\/wp-json\/wp\/v2\/comments?post=21424"}],"version-history":[{"count":3,"href":"https:\/\/www.ip.usp.br\/site\/wp-json\/wp\/v2\/pages\/21424\/revisions"}],"predecessor-version":[{"id":22518,"href":"https:\/\/www.ip.usp.br\/site\/wp-json\/wp\/v2\/pages\/21424\/revisions\/22518"}],"wp:attachment":[{"href":"https:\/\/www.ip.usp.br\/site\/wp-json\/wp\/v2\/media?parent=21424"}],"wp:term":[{"taxonomy":"category","embeddable":true,"href":"https:\/\/www.ip.usp.br\/site\/wp-json\/wp\/v2\/categories?post=21424"},{"taxonomy":"post_tag","embeddable":true,"href":"https:\/\/www.ip.usp.br\/site\/wp-json\/wp\/v2\/tags?post=21424"}],"curies":[{"name":"wp","href":"https:\/\/api.w.org\/{rel}","templated":true}]}}