{"id":21431,"date":"2018-08-23T11:27:58","date_gmt":"2018-08-23T14:27:58","guid":{"rendered":"https:\/\/www.ip.usp.br\/site\/?page_id=21431"},"modified":"2018-08-31T11:23:33","modified_gmt":"2018-08-31T14:23:33","slug":"21431-2","status":"publish","type":"page","link":"https:\/\/www.ip.usp.br\/site\/21431-2\/","title":{"rendered":"Desligamento"},"content":{"rendered":"<div>\n<table style=\"border-collapse: collapse; width: 100%;\" border=\"0\">\n<tbody>\n<tr>\n<td style=\"width: 93.7455%;\"><\/td>\n<td style=\"width: 2.30239%;\"><a href=\"https:\/\/www.ip.usp.br\/site\/21431-2\/\"><img decoding=\"async\" class=\"alignnone size-full wp-image-19624\" src=\"https:\/\/www.ip.usp.br\/site\/wp-content\/uploads\/2018\/08\/br.gif\" alt=\"\" width=\"20\" height=\"14\" \/><\/a><\/td>\n<td style=\"width: 2.15732%;\"><a href=\"https:\/\/www.ip.usp.br\/site\/del-bloqueo-de-matricula\/\"><img decoding=\"async\" class=\"alignnone size-full wp-image-19623\" src=\"https:\/\/www.ip.usp.br\/site\/wp-content\/uploads\/2018\/08\/es.gif\" alt=\"\" width=\"20\" height=\"14\" \/><\/a><\/td>\n<td style=\"width: 1.79478%;\"><a href=\"https:\/\/www.ip.usp.br\/site\/shutdown\/\"><img decoding=\"async\" class=\"alignnone size-full wp-image-19626\" src=\"https:\/\/www.ip.usp.br\/site\/wp-content\/uploads\/2018\/08\/us.gif\" alt=\"\" width=\"20\" height=\"14\" \/><\/a><\/td>\n<\/tr>\n<\/tbody>\n<\/table>\n<\/div>\n<p>O aluno matriculado no Mestrado ou Doutorado poder\u00e1 ser desligado do curso nos seguintes casos:<\/p>\n<p>I. se for reprovado duas vezes na mesma disciplina ou reprovado em tr\u00eas disciplinas distintas;<\/p>\n<p>II. se n\u00e3o efetuar a matr\u00edcula regularmente em dois per\u00edodos letivos consecutivos dentro do prazo previsto no calend\u00e1rio escolar fixado pelo CoPGr;<\/p>\n<p>III. se for reprovado pela segunda vez no exame de qualifica\u00e7\u00e3o;<\/p>\n<p>IV. se n\u00e3o cumprir as atividades ou exig\u00eancias nos prazos regimentais;<\/p>\n<p>V. a pedido do interessado.<\/p>\n<p>Par\u00e1grafo \u00fanico &#8211; A CCP poder\u00e1 estabelecer, nas normas do Programa, crit\u00e9rios para desligamento baseados em desempenho acad\u00eamico e cient\u00edfico insatisfat\u00f3rios.<\/p>\n<p>Os crit\u00e9rios para desligamento de p\u00f3s-graduando com desempenho acad\u00eamico e cient\u00edfico insatisfat\u00f3rio compreendem:<\/p>\n<p>1. Descumprimento das metas e atividades estabelecidas no cronograma do projeto de pesquisa apresentado pelo p\u00f3s-graduando e aceito pelo orientador por ocasi\u00e3o do processo seletivo de admiss\u00e3o no Programa, explicitadas em relat\u00f3rio detalhado, por escrito, do orientador \u00e0 CCP.<\/p>\n<p>2. Parecer escrito de docente externo ao Programa, acerca do descumprimento destas metas e atividades.<\/p>\n<p>3. Com base no relat\u00f3rio e no parecer caber\u00e1 \u00e0 CCP a indica\u00e7\u00e3o e \u00e0 CPG a homologa\u00e7\u00e3o do desligamento.<\/p>\n<p>O aluno desligado sem a conclus\u00e3o do Mestrado ou do Doutorado e que for novamente selecionado ter\u00e1 seu reingresso considerado como nova matr\u00edcula.<br \/>\nConsidera-se desligamento, a ocorr\u00eancia de um dos casos citados no Art. 54 do <a href=\"http:\/\/www.leginf.usp.br\/?resolucao=resolucao-no-6542-de-18-de-abril-de-2013\" target=\"_blank\" rel=\"noopener\">Regimento de P\u00f3-Gradua\u00e7\u00e3o da USP<\/a>.<\/p>\n<p>A solicita\u00e7\u00e3o de nova matr\u00edcula dever\u00e1 ser instru\u00edda com os seguintes documentos:<\/p>\n<p>I. justificativa do interessado;<\/p>\n<p>II. anu\u00eancia do orientador;<\/p>\n<p>III. plano de trabalho aprovado pelo orientador;<\/p>\n<p>IV. hist\u00f3rico escolar do antigo curso.<\/p>\n<p>A documenta\u00e7\u00e3o dever\u00e1 ser acompanhada de manifesta\u00e7\u00e3o da CCP apoiada em parecer circunstanciado, emitido por um relator por ela designado, e aprovado pela CPG.<\/p>\n<p>A nova matr\u00edcula dever\u00e1 ser efetivada pela CPG no prazo m\u00e1ximo de cento e oitenta dias contados a partir da data de reingresso. Decorrido esse prazo, a matr\u00edcula s\u00f3 poder\u00e1 ser efetivada pela CNR do CoPGr.<\/p>\n<p>O interessado, cuja solicita\u00e7\u00e3o for aprovada, ser\u00e1 considerado aluno novo.<\/p>\n<p>Conseq\u00fcentemente, dever\u00e1 cumprir todas as exig\u00eancias a que est\u00e3o sujeitos os alunos ingressantes e n\u00e3o poder\u00e1 aproveitar cr\u00e9ditos obtidos anteriormente.<\/p>\n<p>&nbsp;<\/p>\n","protected":false},"excerpt":{"rendered":"<p>O aluno matriculado no Mestrado ou Doutorado poder\u00e1 ser desligado do curso nos seguintes casos: I. se for reprovado duas vezes na mesma disciplina ou reprovado em tr\u00eas disciplinas distintas; II. se n\u00e3o efetuar a matr\u00edcula regularmente em dois per\u00edodos letivos consecutivos dentro do prazo previsto no calend\u00e1rio escolar fixado pelo CoPGr; III. se for [&hellip;]<\/p>\n","protected":false},"author":5,"featured_media":0,"parent":0,"menu_order":0,"comment_status":"closed","ping_status":"closed","template":"","meta":{"_acf_changed":false,"footnotes":""},"categories":[15,144],"tags":[],"class_list":["post-21431","page","type-page","status-publish","hentry","category-pos-graduacao","category-pos-graduacao-ensino-programa-psc"],"acf":[],"jetpack_sharing_enabled":true,"_links":{"self":[{"href":"https:\/\/www.ip.usp.br\/site\/wp-json\/wp\/v2\/pages\/21431","targetHints":{"allow":["GET"]}}],"collection":[{"href":"https:\/\/www.ip.usp.br\/site\/wp-json\/wp\/v2\/pages"}],"about":[{"href":"https:\/\/www.ip.usp.br\/site\/wp-json\/wp\/v2\/types\/page"}],"author":[{"embeddable":true,"href":"https:\/\/www.ip.usp.br\/site\/wp-json\/wp\/v2\/users\/5"}],"replies":[{"embeddable":true,"href":"https:\/\/www.ip.usp.br\/site\/wp-json\/wp\/v2\/comments?post=21431"}],"version-history":[{"count":6,"href":"https:\/\/www.ip.usp.br\/site\/wp-json\/wp\/v2\/pages\/21431\/revisions"}],"predecessor-version":[{"id":22521,"href":"https:\/\/www.ip.usp.br\/site\/wp-json\/wp\/v2\/pages\/21431\/revisions\/22521"}],"wp:attachment":[{"href":"https:\/\/www.ip.usp.br\/site\/wp-json\/wp\/v2\/media?parent=21431"}],"wp:term":[{"taxonomy":"category","embeddable":true,"href":"https:\/\/www.ip.usp.br\/site\/wp-json\/wp\/v2\/categories?post=21431"},{"taxonomy":"post_tag","embeddable":true,"href":"https:\/\/www.ip.usp.br\/site\/wp-json\/wp\/v2\/tags?post=21431"}],"curies":[{"name":"wp","href":"https:\/\/api.w.org\/{rel}","templated":true}]}}