{"id":21521,"date":"2018-08-23T15:41:52","date_gmt":"2018-08-23T18:41:52","guid":{"rendered":"https:\/\/www.ip.usp.br\/site\/?page_id=21521"},"modified":"2018-08-23T15:41:52","modified_gmt":"2018-08-23T18:41:52","slug":"research-scholarship","status":"publish","type":"page","link":"https:\/\/www.ip.usp.br\/site\/research-scholarship\/","title":{"rendered":"Research Scholarship"},"content":{"rendered":"<ul>\n<li>CAPES<\/li>\n<li>CNPq<\/li>\n<li>CCInt<\/li>\n<li>FAPESP<\/li>\n<li>Pr\u00f3-Reitoria de P\u00f3s-Gradua\u00e7\u00e3o<\/li>\n<li>Pr\u00f3-Reitoria de Cultura e Extens\u00e3o Universit\u00e1ria<\/li>\n<li>CAPES<\/li>\n<li>CNPq<\/li>\n<li>CCInt<\/li>\n<li>FAPESP<\/li>\n<li>Pro-Rector&#8217;s Office<\/li>\n<li>Pro-Rectory of Culture and University Extension<\/li>\n<\/ul>\n<p>&nbsp;<\/p>\n<p>CAPES &#8211; Coordination for the Improvement of Higher Level Personnel<\/p>\n<p>The Coordination of Improvement of Higher Education Personnel (CAPES) plays a fundamental role in the expansion and consolidation of stricto sensu postgraduate studies (master&#8217;s and doctorate) in all states of the Federation.<\/p>\n<p>CNPq: National Council for Scientific and Technological Development<br \/>\nNational Council for Scientific and Technological Development (CNPq) is an agency of the Ministry of Science and Technology (MCT) for the promotion of scientific and technological research and the training of human resources for research in the country.<\/p>\n<p>FAPESP: Foundation for Research Support of the State of S\u00e3o Paulo<br \/>\nThe Foundation for Research Support of the State of S\u00e3o Paulo is one of the main agencies promoting scientific and technological research in the country. It is linked to the Secretariat of Higher Education of the Government of the State of S\u00e3o Paulo.<br \/>\nSince 1962, with autonomy guaranteed by law, FAPESP grants research and scholarship grants in all areas of knowledge and finances other activities in support of research, exchange and dissemination of science and technology in S\u00e3o Paulo.<\/p>\n<p>CCInnt &#8211; USP<\/p>\n<p>The Executive Vice-Rectory of International Relations (VRERI) aims to formulate the internationalization policy of the institution, promote the dynamization and expansion of its international activities, advise the rector on matters within its competence, as well as the central organs and units of teaching and research in the area of \u200b\u200binternational academic cooperation.<br \/>\nAmong the duties of the office of International Relations of USP are:<br \/>\nSupport the local International Relations offices of the institution&#8217;s teaching and research units in their internationalization activities;<\/p>\n<p>To offer mobility opportunities to the USP community;<br \/>\nFoster international academic cooperation;<br \/>\nSelect, prepare and disseminate information on international cooperation programs and initiatives;<br \/>\nMaintain articulation with the Brazilian Foreign Ministry, as well as embassies, consulates, international organizations and institutions;<br \/>\nActively promote actions with the aim of giving greater visibility to USP in the international scenario.<\/p>\n","protected":false},"excerpt":{"rendered":"<p>CAPES CNPq CCInt FAPESP Pr\u00f3-Reitoria de P\u00f3s-Gradua\u00e7\u00e3o Pr\u00f3-Reitoria de Cultura e Extens\u00e3o Universit\u00e1ria CAPES CNPq CCInt FAPESP Pro-Rector&#8217;s Office Pro-Rectory of Culture and University Extension &nbsp; CAPES &#8211; Coordination for the Improvement of Higher Level Personnel The Coordination of Improvement of Higher Education Personnel (CAPES) plays a fundamental role in the expansion and consolidation of [&hellip;]<\/p>\n","protected":false},"author":5,"featured_media":0,"parent":0,"menu_order":0,"comment_status":"closed","ping_status":"closed","template":"","meta":{"_acf_changed":false,"footnotes":""},"categories":[502,505],"tags":[],"class_list":["post-21521","page","type-page","status-publish","hentry","category-post-graduate","category-post-graduate-program-clinical-psychology"],"acf":[],"jetpack_sharing_enabled":true,"_links":{"self":[{"href":"https:\/\/www.ip.usp.br\/site\/wp-json\/wp\/v2\/pages\/21521","targetHints":{"allow":["GET"]}}],"collection":[{"href":"https:\/\/www.ip.usp.br\/site\/wp-json\/wp\/v2\/pages"}],"about":[{"href":"https:\/\/www.ip.usp.br\/site\/wp-json\/wp\/v2\/types\/page"}],"author":[{"embeddable":true,"href":"https:\/\/www.ip.usp.br\/site\/wp-json\/wp\/v2\/users\/5"}],"replies":[{"embeddable":true,"href":"https:\/\/www.ip.usp.br\/site\/wp-json\/wp\/v2\/comments?post=21521"}],"version-history":[{"count":1,"href":"https:\/\/www.ip.usp.br\/site\/wp-json\/wp\/v2\/pages\/21521\/revisions"}],"predecessor-version":[{"id":21522,"href":"https:\/\/www.ip.usp.br\/site\/wp-json\/wp\/v2\/pages\/21521\/revisions\/21522"}],"wp:attachment":[{"href":"https:\/\/www.ip.usp.br\/site\/wp-json\/wp\/v2\/media?parent=21521"}],"wp:term":[{"taxonomy":"category","embeddable":true,"href":"https:\/\/www.ip.usp.br\/site\/wp-json\/wp\/v2\/categories?post=21521"},{"taxonomy":"post_tag","embeddable":true,"href":"https:\/\/www.ip.usp.br\/site\/wp-json\/wp\/v2\/tags?post=21521"}],"curies":[{"name":"wp","href":"https:\/\/api.w.org\/{rel}","templated":true}]}}