{"id":21810,"date":"2018-08-27T14:48:53","date_gmt":"2018-08-27T17:48:53","guid":{"rendered":"https:\/\/www.ip.usp.br\/site\/?page_id=21810"},"modified":"2023-07-06T08:29:40","modified_gmt":"2023-07-06T11:29:40","slug":"laboratoires","status":"publish","type":"page","link":"https:\/\/www.ip.usp.br\/site\/laboratoires\/","title":{"rendered":"Laboratoires"},"content":{"rendered":"<div>\n<table style=\"border-collapse: collapse; width: 100%;\" border=\"0\">\n<tbody>\n<tr>\n<td style=\"width: 93.7455%;\"><\/td>\n<td style=\"width: 2.30239%;\"><a href=\"https:\/\/www.ip.usp.br\/site\/laboratorios-psc-2\/\"><img decoding=\"async\" class=\"alignnone size-full wp-image-19624\" src=\"https:\/\/www.ip.usp.br\/site\/wp-content\/uploads\/2018\/08\/br.gif\" alt=\"\" width=\"20\" height=\"14\" \/><\/a><\/td>\n<td style=\"width: 2.15732%;\"><a href=\"https:\/\/www.ip.usp.br\/site\/laboratorios-89\/\"><img decoding=\"async\" class=\"alignnone size-full wp-image-19623\" src=\"https:\/\/www.ip.usp.br\/site\/wp-content\/uploads\/2018\/08\/es.gif\" alt=\"\" width=\"20\" height=\"14\" \/><\/a><\/td>\n<td style=\"width: 1.79478%;\"><a href=\"https:\/\/www.ip.usp.br\/site\/laboratoires\/\"><img decoding=\"async\" class=\"alignnone size-full wp-image-19626\" src=\"https:\/\/www.ip.usp.br\/site\/wp-content\/uploads\/2018\/08\/us.gif\" alt=\"\" width=\"20\" height=\"14\" \/><\/a><\/td>\n<\/tr>\n<\/tbody>\n<\/table>\n<\/div>\n<p>The program relies on 16 labs which aim at developing research in different segments of Clinical Psychology.<\/p>\n<p>&nbsp;<\/p>\n<p><a href=\"https:\/\/www.ip.usp.br\/site\/apresentacao-22\/\"><span style=\"font-weight: 400;\">CHRONOS Lab: Health an Oncology Humanistic Recovery Center<\/span><\/a><br \/>\n<span style=\"font-weight: 400;\">Under the coordination of Professor Avelino Luiz Rodrigues and Professor Elisa M\u00aa Parahyba Campos Rodrigues<\/span><\/p>\n<p><a href=\"https:\/\/www.ip.usp.br\/site\/laboratorio-casal-e-familia-clinica-e-estudos-psicossociais-2\/\"><span style=\"font-weight: 400;\">Couple and Family Lab: Psychosocial Studies and Clinic<\/span><\/a><span style=\"font-weight: 400;\"><br \/>\n<\/span><span style=\"font-weight: 400;\">Under the coordination of Professor Isabel Cristina Gomes<\/span><\/p>\n<p><a href=\"https:\/\/www.ip.usp.br\/site\/apresentacao-23\/\"><span style=\"font-weight: 400;\">Psychic Development and \u201cCreativity in Different Approaches of Psychotherapy\u201d Research Lab<\/span><\/a><br \/>\n<span style=\"font-weight: 400;\">Under the coordination of Professor Ivonise Fernandes da Motta<\/span><\/p>\n<p><a href=\"https:\/\/www.ip.usp.br\/site\/prevention-education-and-health-research-laboratory\/\"><span style=\"font-weight: 400;\">Prevention, Education and Health Research Laboratory<\/span><\/a><br \/>\n<span style=\"font-weight: 400;\">Under the coordination of Professor M\u00e1rcia Helena da Silva Melo<\/span><\/p>\n<p><a href=\"https:\/\/www.ip.usp.br\/site\/laboratorio-de-psicanalise-jacques-lacan-2\/\"><span style=\"font-weight: 400;\">\u201cJacques Lacan\u201d Psychoanalysis Lab<\/span><\/a><br \/>\n<span style=\"font-weight: 400;\">Under the coordination of Professor Christian Ingo Lenz Dunker\u00a0<\/span><\/p>\n<p><a href=\"https:\/\/www.ip.usp.br\/site\/laboratorio-de-saude-mental-e-psicologia-clinica-social-2\/\"><span style=\"font-weight: 400;\">Mental Health and Social-Clinical Psychology Lab<\/span><\/a><br \/>\n<span style=\"font-weight: 400;\">Under the coordination of Professor Leila Salom\u00e3o La P. C. Tardivo and the collaboration of Professor T\u00e2nia Maria Jos\u00e9 Aiello Vaisberg\u00a0<\/span><\/p>\n<p><a href=\"https:\/\/www.ip.usp.br\/site\/laboratorio-de-saude-mental-multimetodos-labsamm\/\"><span style=\"font-weight: 400;\">Multimethod Mental Health Laboratory<\/span><\/a><span style=\"font-weight: 400;\"><br \/>\n<\/span><span style=\"font-weight: 400;\">Under the coordination of Professor Andr\u00e9s Eduardo Aguirre Ant\u00fanez e Giselle Pianowski \u2013 USF<\/span><\/p>\n<p><a href=\"https:\/\/www.ip.usp.br\/site\/laboratorio-de-terapia-comportamental-2\/\"><span style=\"font-weight: 400;\">Behaviorist Therapy Lab<\/span><\/a><br \/>\n<span style=\"font-weight: 400;\">Under the coordination of Professor<\/span><span style=\"font-weight: 400;\"> Claudia Kami Bastos Oshiro Clemente<\/span><\/p>\n<p><a href=\"https:\/\/www.ip.usp.br\/site\/laboratorio-disturbios-do-desenvolvimento-pdd\/\"><span style=\"font-weight: 400;\">Developmental Disorders Lab Services<\/span><\/a><span style=\"font-weight: 400;\"><br \/>\n<\/span><span style=\"font-weight: 400;\">Under the coordination of Professor Francisco Baptista Assump\u00e7\u00e3o Junior<\/span><\/p>\n<p><a href=\"https:\/\/www.ip.usp.br\/site\/laboratorio-interinstitucional-de-estudos-da-intersubjetividade-e-psicanalise-contemporanea-lipsic\/\"><span style=\"font-weight: 400;\">Interinstitutional Laboratory of Studies of Intersubjectivity and Contemporary Psychoanalysis<\/span><\/a><br \/>\n<span style=\"font-weight: 400;\">Under the coordination of<\/span><span style=\"font-weight: 400;\"> Professor Marina Ferreira da Rosa Ribeiro, Professor Pablo de <\/span><span style=\"font-weight: 400;\">Carvalho Godoy Castanho and Professor Nelson Ernesto Coelho Junior<\/span><\/p>\n<p><a href=\"https:\/\/www.ip.usp.br\/site\/laboratorio-psicanalise-e-sociedade-2\/\"><span style=\"font-weight: 400;\">Psychoanalysis, Society and Politics Laboratory<\/span><\/a><span style=\"font-weight: 400;\"><br \/>\n<\/span><span style=\"font-weight: 400;\">Under the coordination of Professor Miriam Debieux Rosa<\/span><\/p>\n<p><a href=\"https:\/\/www.ip.usp.br\/site\/laboratorio-sujeito-e-corpo-sucor-2\/\"><span style=\"font-weight: 400;\">Subject and Body Lab<\/span><\/a><span style=\"font-weight: 400;\"><br \/>\n<\/span><span style=\"font-weight: 400;\">Under the coordination of Professor Avelino Luiz Rodrigues<\/span><\/p>\n<p><a href=\"https:\/\/www.ip.usp.br\/site\/laboratorio-interunidades-de-teoria-social-filosofia-e-psicanalise-latesfip-2\/\"><span style=\"font-weight: 400;\">Psychoanalysis, Philosophy and Social Theory INTERUNITS Lab<\/span><\/a><br \/>\n<span style=\"font-weight: 400;\">Under the coordination of Professor Christian I. L. Dunker and Professor Vladimir Pinheiro Safatle (FFLCH)<\/span><\/p>\n<p><a href=\"https:\/\/www.ip.usp.br\/site\/laboratorio-de-pesquisas-e-intervencoes-psicanaliticas-psia\/\"><span style=\"font-weight: 400;\">Research and Intervention in Psychoanalysis Lab \u2013 psiA<\/span><\/a><span style=\"font-weight: 400;\"><br \/>\n<\/span><span style=\"font-weight: 400;\">Under the coordination of Professor Daniel Kupermann<\/span><\/p>\n<p><a href=\"https:\/\/www.ip.usp.br\/site\/nucleo-de-pesquisa-e-laboratorio-prosopon\/\"><span style=\"font-weight: 400;\">Research Center and Prosopon Laboratory<\/span><\/a><br \/>\n<span style=\"font-weight: 400;\">Under the coordination of Professor Gilberto Safra and Professor Andr\u00e9s Eduardo Aguirre Ant\u00fanez<\/span><\/p>\n<p><a href=\"https:\/\/www.ip.usp.br\/site\/apresentacao-25\/\"><span style=\"font-weight: 400;\">Research Laboratory \u201cPsychoanalysis, Health and Institution\u201d<\/span><\/a><br \/>\n<span style=\"font-weight: 400;\">Under the coordination of Professor Maria L\u00edvia Tourinho Moretto<\/span><\/p>\n","protected":false},"excerpt":{"rendered":"<p>The program relies on 16 labs which aim at developing research in different segments of Clinical Psychology. &nbsp; CHRONOS Lab: Health an Oncology Humanistic Recovery Center Under the coordination of Professor Avelino Luiz Rodrigues and Professor Elisa M\u00aa Parahyba Campos Rodrigues Couple and Family Lab: Psychosocial Studies and Clinic Under the coordination of Professor Isabel [&hellip;]<\/p>\n","protected":false},"author":5,"featured_media":0,"parent":0,"menu_order":0,"comment_status":"closed","ping_status":"closed","template":"","meta":{"_acf_changed":false,"footnotes":""},"categories":[523],"tags":[],"class_list":["post-21810","page","type-page","status-publish","hentry","category-department-of-clinical-psychology"],"acf":[],"jetpack_sharing_enabled":true,"_links":{"self":[{"href":"https:\/\/www.ip.usp.br\/site\/wp-json\/wp\/v2\/pages\/21810","targetHints":{"allow":["GET"]}}],"collection":[{"href":"https:\/\/www.ip.usp.br\/site\/wp-json\/wp\/v2\/pages"}],"about":[{"href":"https:\/\/www.ip.usp.br\/site\/wp-json\/wp\/v2\/types\/page"}],"author":[{"embeddable":true,"href":"https:\/\/www.ip.usp.br\/site\/wp-json\/wp\/v2\/users\/5"}],"replies":[{"embeddable":true,"href":"https:\/\/www.ip.usp.br\/site\/wp-json\/wp\/v2\/comments?post=21810"}],"version-history":[{"count":20,"href":"https:\/\/www.ip.usp.br\/site\/wp-json\/wp\/v2\/pages\/21810\/revisions"}],"predecessor-version":[{"id":43588,"href":"https:\/\/www.ip.usp.br\/site\/wp-json\/wp\/v2\/pages\/21810\/revisions\/43588"}],"wp:attachment":[{"href":"https:\/\/www.ip.usp.br\/site\/wp-json\/wp\/v2\/media?parent=21810"}],"wp:term":[{"taxonomy":"category","embeddable":true,"href":"https:\/\/www.ip.usp.br\/site\/wp-json\/wp\/v2\/categories?post=21810"},{"taxonomy":"post_tag","embeddable":true,"href":"https:\/\/www.ip.usp.br\/site\/wp-json\/wp\/v2\/tags?post=21810"}],"curies":[{"name":"wp","href":"https:\/\/api.w.org\/{rel}","templated":true}]}}