{"id":21823,"date":"2018-08-27T15:00:53","date_gmt":"2018-08-27T18:00:53","guid":{"rendered":"https:\/\/www.ip.usp.br\/site\/?page_id=21823"},"modified":"2018-08-31T09:49:32","modified_gmt":"2018-08-31T12:49:32","slug":"objetivos-5","status":"publish","type":"page","link":"https:\/\/www.ip.usp.br\/site\/objetivos-5\/","title":{"rendered":"Objetivos"},"content":{"rendered":"<div>\n<table style=\"border-collapse: collapse; width: 100%;\" border=\"0\">\n<tbody>\n<tr>\n<td style=\"width: 93.7455%;\"><\/td>\n<td style=\"width: 2.30239%;\"><a href=\"https:\/\/www.ip.usp.br\/site\/objetivos-do-programa-2\/\"><img decoding=\"async\" class=\"alignnone wp-image-19624 size-full\" src=\"https:\/\/www.ip.usp.br\/site\/wp-content\/uploads\/2018\/08\/br.gif\" alt=\"\" width=\"20\" height=\"14\" \/><\/a><\/td>\n<td style=\"width: 2.15732%;\"><a href=\"https:\/\/www.ip.usp.br\/site\/objetivos-5\/\"><img decoding=\"async\" class=\"alignnone size-full wp-image-19623\" src=\"https:\/\/www.ip.usp.br\/site\/wp-content\/uploads\/2018\/08\/es.gif\" alt=\"\" width=\"20\" height=\"14\" \/><\/a><\/td>\n<td style=\"width: 1.79478%;\"><a href=\"https:\/\/www.ip.usp.br\/site\/objectives\/\"><img decoding=\"async\" class=\"alignnone size-full wp-image-19626\" src=\"https:\/\/www.ip.usp.br\/site\/wp-content\/uploads\/2018\/08\/us.gif\" alt=\"\" width=\"20\" height=\"14\" \/><\/a><\/td>\n<\/tr>\n<\/tbody>\n<\/table>\n<\/div>\n<p>El objetivo primordial del Programa en Psicolog\u00eda Cl\u00ednica consiste en formar investigadores y docentes de alto nivel para los cuadros universitarios y profesionales para el \u00e1rea de la Salud Mental. La prioridad b\u00e1sica es el desarrollo de investigaciones que generen y produzcan nuevos modelos de atenci\u00f3n cl\u00ednica, que atiendan a las necesidades de la poblaci\u00f3n brasile\u00f1a y los modos de subjetivaci\u00f3n resultantes de las condiciones de vida en la actualidad. Para ello, el di\u00e1logo con otras \u00e1reas del conocimiento cient\u00edfico (Ciencias Sociales, Medicina, Educaci\u00f3n, Filosof\u00eda, Arte entre otras) ha sido preponderante, tanto por ampliar la comprensi\u00f3n de las condiciones de vida del ser humano en la actualidad como por favorecer el desarrollo de nuevas de las intervenciones terap\u00e9uticas con ni\u00f1os \/ adolescentes \/ adultos en centros de salud, ambulatorios, hospitales, guarder\u00edas, cl\u00ednicas especializadas, entidades de atenci\u00f3n a portadores de deficiencias f\u00edsicas y \/ o mentales, juzgado de menores , juzgado de familia y formas de atenci\u00f3n en cl\u00ednica-escuela.<\/p>\n","protected":false},"excerpt":{"rendered":"<p>El objetivo primordial del Programa en Psicolog\u00eda Cl\u00ednica consiste en formar investigadores y docentes de alto nivel para los cuadros universitarios y profesionales para el \u00e1rea de la Salud Mental. La prioridad b\u00e1sica es el desarrollo de investigaciones que generen y produzcan nuevos modelos de atenci\u00f3n cl\u00ednica, que atiendan a las necesidades de la poblaci\u00f3n [&hellip;]<\/p>\n","protected":false},"author":5,"featured_media":0,"parent":0,"menu_order":0,"comment_status":"closed","ping_status":"closed","template":"","meta":{"_acf_changed":false,"footnotes":""},"categories":[503,504],"tags":[],"class_list":["post-21823","page","type-page","status-publish","hentry","category-posgrado","category-programa-de-posgrado-psicologia-clinica"],"acf":[],"jetpack_sharing_enabled":true,"_links":{"self":[{"href":"https:\/\/www.ip.usp.br\/site\/wp-json\/wp\/v2\/pages\/21823","targetHints":{"allow":["GET"]}}],"collection":[{"href":"https:\/\/www.ip.usp.br\/site\/wp-json\/wp\/v2\/pages"}],"about":[{"href":"https:\/\/www.ip.usp.br\/site\/wp-json\/wp\/v2\/types\/page"}],"author":[{"embeddable":true,"href":"https:\/\/www.ip.usp.br\/site\/wp-json\/wp\/v2\/users\/5"}],"replies":[{"embeddable":true,"href":"https:\/\/www.ip.usp.br\/site\/wp-json\/wp\/v2\/comments?post=21823"}],"version-history":[{"count":3,"href":"https:\/\/www.ip.usp.br\/site\/wp-json\/wp\/v2\/pages\/21823\/revisions"}],"predecessor-version":[{"id":22439,"href":"https:\/\/www.ip.usp.br\/site\/wp-json\/wp\/v2\/pages\/21823\/revisions\/22439"}],"wp:attachment":[{"href":"https:\/\/www.ip.usp.br\/site\/wp-json\/wp\/v2\/media?parent=21823"}],"wp:term":[{"taxonomy":"category","embeddable":true,"href":"https:\/\/www.ip.usp.br\/site\/wp-json\/wp\/v2\/categories?post=21823"},{"taxonomy":"post_tag","embeddable":true,"href":"https:\/\/www.ip.usp.br\/site\/wp-json\/wp\/v2\/tags?post=21823"}],"curies":[{"name":"wp","href":"https:\/\/api.w.org\/{rel}","templated":true}]}}