{"id":21828,"date":"2018-08-27T15:06:25","date_gmt":"2018-08-27T18:06:25","guid":{"rendered":"https:\/\/www.ip.usp.br\/site\/?page_id=21828"},"modified":"2023-07-11T06:21:52","modified_gmt":"2023-07-11T09:21:52","slug":"comision-coordinadora-del-programa-ccp-psc","status":"publish","type":"page","link":"https:\/\/www.ip.usp.br\/site\/comision-coordinadora-del-programa-ccp-psc\/","title":{"rendered":"Comisi\u00f3n Coordinadora del Programa (CCP-PSC)"},"content":{"rendered":"<div>\n<table style=\"border-collapse: collapse; width: 100%; height: 24px;\" border=\"0\">\n<tbody>\n<tr style=\"height: 24px;\">\n<td style=\"width: 1264.86px; height: 24px;\"><\/td>\n<td style=\"width: 24.7188px; height: 24px;\"><a href=\"https:\/\/www.ip.usp.br\/site\/comissao-de-coordenacao-do-programa-do-psc-ccp-psc\/\"><img decoding=\"async\" class=\"alignnone wp-image-19624 size-full\" src=\"https:\/\/www.ip.usp.br\/site\/wp-content\/uploads\/2018\/08\/br.gif\" alt=\"\" width=\"20\" height=\"14\" \/><\/a><\/td>\n<td style=\"width: 25.7188px; height: 24px;\"><a href=\"https:\/\/www.ip.usp.br\/site\/comision-coordinadora-del-programa-ccp-psc\/\"><img decoding=\"async\" class=\"alignnone size-full wp-image-19623\" src=\"https:\/\/www.ip.usp.br\/site\/wp-content\/uploads\/2018\/08\/es.gif\" alt=\"\" width=\"20\" height=\"14\" \/><\/a><\/td>\n<td style=\"width: 23.8438px; height: 24px;\"><a href=\"https:\/\/www.ip.usp.br\/site\/coordinator-commission-of-the-program-ccp-psc\/\"><img decoding=\"async\" class=\"alignnone wp-image-19626\" src=\"https:\/\/www.ip.usp.br\/site\/wp-content\/uploads\/2018\/08\/us.gif\" alt=\"\" width=\"20\" height=\"14\" \/><\/a><\/td>\n<td style=\"width: 23.8594px; height: 24px;\"><a href=\"https:\/\/www.ip.usp.br\/site\/commission-de-coordination-du-psc-graduate-program-ccp-psc\/\"><img loading=\"lazy\" decoding=\"async\" class=\"wp-image-36034 aligncenter\" src=\"https:\/\/www.ip.usp.br\/site\/wp-content\/uploads\/2021\/06\/france_flag.png\" alt=\"\" width=\"19\" height=\"13\" srcset=\"https:\/\/www.ip.usp.br\/site\/wp-content\/uploads\/2021\/06\/france_flag.png 275w, https:\/\/www.ip.usp.br\/site\/wp-content\/uploads\/2021\/06\/france_flag-272x182.png 272w\" sizes=\"(max-width: 19px) 100vw, 19px\" \/><\/a><\/td>\n<\/tr>\n<\/tbody>\n<\/table>\n<\/div>\n<div>\n<p>La Comisi\u00f3n Coordinadora del Programa de Posgrado en Psicolog\u00eda Cl\u00ednica est\u00e1 constituida, por el Coordinador del Programa, el Suplente de la Coordinaci\u00f3n, y dos docentes acreditados como orientadores en el Programa, y sus respectivos suplentes, todos orientadores del Programa y vinculados a la Unidad, un representante y su respectivo suplente.<\/p>\n<\/div>\n<p>&nbsp;<\/p>\n<h3>Gesti\u00f3n 08\/2022 a 08\/2024<\/h3>\n<p>&nbsp;<\/p>\n<h4>Miembros titulares<\/h4>\n<p>Prof. Titular Christian Ingo Lenz Dunker \u2013 Coordenador<br \/>\nProfa. Titular Isabel Cristina Gomes \u2013 Vice-Coordenadora<br \/>\nProf. Associado Andr\u00e9s Eduardo Aguirre Ant\u00fanez<br \/>\nProf. Associado Daniel Kupermann<br \/>\nJaquelyne Rosatto Melo \u2013 Representante de los estudiantes (Titular)<\/p>\n<p>&nbsp;<\/p>\n<h4>Miembros Suplentes<\/h4>\n<div class=\"gmail_default\">Profa. Titular Maria L\u00edvia Tourinho Moretto<br \/>\nProf. Dr. Pablo de Carvalho Godoy Castanho<br \/>\nProfa. Dra. Claudia Kami Bastos Oshiro Clemente<br \/>\nProfa. Associada M\u00e1rcia Helena da Silva Melo<\/div>\n<div class=\"gmail_default\">Tahamy Louise Duarte Pereira \u2013 Representante de los estudiantes (Suplente)<\/div>\n","protected":false},"excerpt":{"rendered":"<p>La Comisi\u00f3n Coordinadora del Programa de Posgrado en Psicolog\u00eda Cl\u00ednica est\u00e1 constituida, por el Coordinador del Programa, el Suplente de la Coordinaci\u00f3n, y dos docentes acreditados como orientadores en el Programa, y sus respectivos suplentes, todos orientadores del Programa y vinculados a la Unidad, un representante y su respectivo suplente. &nbsp; Gesti\u00f3n 08\/2022 a 08\/2024 [&hellip;]<\/p>\n","protected":false},"author":5,"featured_media":0,"parent":0,"menu_order":0,"comment_status":"closed","ping_status":"closed","template":"","meta":{"_acf_changed":false,"footnotes":""},"categories":[503,504],"tags":[],"class_list":["post-21828","page","type-page","status-publish","hentry","category-posgrado","category-programa-de-posgrado-psicologia-clinica"],"acf":[],"jetpack_sharing_enabled":true,"_links":{"self":[{"href":"https:\/\/www.ip.usp.br\/site\/wp-json\/wp\/v2\/pages\/21828","targetHints":{"allow":["GET"]}}],"collection":[{"href":"https:\/\/www.ip.usp.br\/site\/wp-json\/wp\/v2\/pages"}],"about":[{"href":"https:\/\/www.ip.usp.br\/site\/wp-json\/wp\/v2\/types\/page"}],"author":[{"embeddable":true,"href":"https:\/\/www.ip.usp.br\/site\/wp-json\/wp\/v2\/users\/5"}],"replies":[{"embeddable":true,"href":"https:\/\/www.ip.usp.br\/site\/wp-json\/wp\/v2\/comments?post=21828"}],"version-history":[{"count":15,"href":"https:\/\/www.ip.usp.br\/site\/wp-json\/wp\/v2\/pages\/21828\/revisions"}],"predecessor-version":[{"id":43633,"href":"https:\/\/www.ip.usp.br\/site\/wp-json\/wp\/v2\/pages\/21828\/revisions\/43633"}],"wp:attachment":[{"href":"https:\/\/www.ip.usp.br\/site\/wp-json\/wp\/v2\/media?parent=21828"}],"wp:term":[{"taxonomy":"category","embeddable":true,"href":"https:\/\/www.ip.usp.br\/site\/wp-json\/wp\/v2\/categories?post=21828"},{"taxonomy":"post_tag","embeddable":true,"href":"https:\/\/www.ip.usp.br\/site\/wp-json\/wp\/v2\/tags?post=21828"}],"curies":[{"name":"wp","href":"https:\/\/api.w.org\/{rel}","templated":true}]}}