{"id":21833,"date":"2018-08-27T15:22:19","date_gmt":"2018-08-27T18:22:19","guid":{"rendered":"https:\/\/www.ip.usp.br\/site\/?page_id=21833"},"modified":"2019-03-15T10:40:57","modified_gmt":"2019-03-15T13:40:57","slug":"equipo","status":"publish","type":"page","link":"https:\/\/www.ip.usp.br\/site\/equipo\/","title":{"rendered":"Equipo"},"content":{"rendered":"<table style=\"border-collapse: collapse; width: 100%;\" border=\"0\">\n<tbody>\n<tr>\n<td style=\"width: 93.7455%;\"><\/td>\n<td style=\"width: 2.30239%;\"><a href=\"https:\/\/www.ip.usp.br\/site\/contatos-2\/\"><img decoding=\"async\" class=\"alignnone size-full wp-image-19624\" src=\"https:\/\/www.ip.usp.br\/site\/wp-content\/uploads\/2018\/08\/br.gif\" alt=\"\" width=\"20\" height=\"14\" \/><\/a><\/td>\n<td style=\"width: 2.15732%;\"><a href=\"https:\/\/www.ip.usp.br\/site\/equipo\/\"><img decoding=\"async\" class=\"alignnone size-full wp-image-19623\" src=\"https:\/\/www.ip.usp.br\/site\/wp-content\/uploads\/2018\/08\/es.gif\" alt=\"\" width=\"20\" height=\"14\" \/><\/a><\/td>\n<td style=\"width: 1.79478%;\"><a href=\"https:\/\/www.ip.usp.br\/site\/staff\/\"><img decoding=\"async\" class=\"alignnone size-full wp-image-19626\" src=\"https:\/\/www.ip.usp.br\/site\/wp-content\/uploads\/2018\/08\/us.gif\" alt=\"\" width=\"20\" height=\"14\" \/><\/a><\/td>\n<\/tr>\n<\/tbody>\n<\/table>\n<p><strong>Chefe do Departamento<\/strong><br \/>\nProfa. Titular Isabel Cristina Gomes<br \/>\nVice-Chefe do Departamento<br \/>\nProf. Titular Christian Ingo Lenz Dunker<\/p>\n<p><strong>Secretaria do Departamento<\/strong> ( <a href=\"mailto:ippsc@usp.br\" target=\"_blank\" rel=\"noopener noreferrer\">ippsc@usp.br<\/a>)<br \/>\nSecretaria da Comiss\u00e3o de P\u00f3s-Gradua\u00e7\u00e3o ( <a href=\"mailto:pospsc@usp.br\" target=\"_blank\" rel=\"noopener noreferrer\">pospsc@usp.br<\/a>)<br \/>\nCamila Pascucci Perillo<br \/>\nClaudia Lima Rodrigues da Rocha<\/p>\n<p><strong>Cl\u00ednica Psicol\u00f3gica Durval Marcondes<\/strong><\/p>\n<p><strong>Coordenadora<\/strong><br \/>\nProfa. Dra. Claudia Kami Bastos Oshiro Clemente<\/p>\n<p><strong>Equipe<\/strong><br \/>\nM\u00e1rcia Aparecida Isaco de Souza &#8211; Psic\u00f3loga<\/p>\n<p><strong>Secretaria da Cl\u00ednica<\/strong>\u00a0(<a href=\"mailto:clinica@usp.br\" target=\"_blank\" rel=\"noopener noreferrer\">clinica@usp.br<\/a>)<br \/>\nMaria Luiza Dias Sacco<br \/>\nMarinete de Oliveira Lisboa Bastos<\/p>\n","protected":false},"excerpt":{"rendered":"<p>Chefe do Departamento Profa. Titular Isabel Cristina Gomes Vice-Chefe do Departamento Prof. Titular Christian Ingo Lenz Dunker Secretaria do Departamento ( ippsc@usp.br) Secretaria da Comiss\u00e3o de P\u00f3s-Gradua\u00e7\u00e3o ( pospsc@usp.br) Camila Pascucci Perillo Claudia Lima Rodrigues da Rocha Cl\u00ednica Psicol\u00f3gica Durval Marcondes Coordenadora Profa. Dra. Claudia Kami Bastos Oshiro Clemente Equipe M\u00e1rcia Aparecida Isaco de Souza [&hellip;]<\/p>\n","protected":false},"author":14,"featured_media":0,"parent":0,"menu_order":0,"comment_status":"closed","ping_status":"closed","template":"","meta":{"_acf_changed":false,"footnotes":""},"categories":[524],"tags":[],"class_list":["post-21833","page","type-page","status-publish","hentry","category-departamento-de-psicologia-clinica-2"],"acf":[],"jetpack_sharing_enabled":true,"_links":{"self":[{"href":"https:\/\/www.ip.usp.br\/site\/wp-json\/wp\/v2\/pages\/21833","targetHints":{"allow":["GET"]}}],"collection":[{"href":"https:\/\/www.ip.usp.br\/site\/wp-json\/wp\/v2\/pages"}],"about":[{"href":"https:\/\/www.ip.usp.br\/site\/wp-json\/wp\/v2\/types\/page"}],"author":[{"embeddable":true,"href":"https:\/\/www.ip.usp.br\/site\/wp-json\/wp\/v2\/users\/14"}],"replies":[{"embeddable":true,"href":"https:\/\/www.ip.usp.br\/site\/wp-json\/wp\/v2\/comments?post=21833"}],"version-history":[{"count":5,"href":"https:\/\/www.ip.usp.br\/site\/wp-json\/wp\/v2\/pages\/21833\/revisions"}],"predecessor-version":[{"id":27830,"href":"https:\/\/www.ip.usp.br\/site\/wp-json\/wp\/v2\/pages\/21833\/revisions\/27830"}],"wp:attachment":[{"href":"https:\/\/www.ip.usp.br\/site\/wp-json\/wp\/v2\/media?parent=21833"}],"wp:term":[{"taxonomy":"category","embeddable":true,"href":"https:\/\/www.ip.usp.br\/site\/wp-json\/wp\/v2\/categories?post=21833"},{"taxonomy":"post_tag","embeddable":true,"href":"https:\/\/www.ip.usp.br\/site\/wp-json\/wp\/v2\/tags?post=21833"}],"curies":[{"name":"wp","href":"https:\/\/api.w.org\/{rel}","templated":true}]}}